{"id":57845,"date":"2025-07-19T15:04:43","date_gmt":"2025-07-19T14:04:43","guid":{"rendered":"https:\/\/babylove.se\/produkt\/antikt-skotbord-med-skotbadd-till-barnrummet-natur\/"},"modified":"2026-04-08T14:03:57","modified_gmt":"2026-04-08T13:03:57","slug":"antikk-skotbord-med-skotbadd-til-barnerommet-natur","status":"publish","type":"product","link":"https:\/\/babylove.se\/no\/produkt\/antikk-skotbord-med-skotbadd-til-barnerommet-natur\/","title":{"rendered":"Antikt stellebord med stelleseng til barnerommet, natur"},"content":{"rendered":"<p>Et utrolig luksuri\u00f8st stellebord med stellepute i gustaviansk stil til barnerommet!&nbsp;<\/p>\n<p>De vakre dekorative detaljene skaper en ekstra sjarm og vil l\u00f8fte barneroms-innredningen din til himmelsk h\u00f8yder.&nbsp;<\/p>\n<p>Stellebordet har h\u00f8ye, beskyttende kanter og et avtakbart skyvebrett som kan gli til h\u00f8yre eller venstre. To romslige hyller nedenfor er perfekte for \u00e5 oppbevare bleier og annen babypleie. En myk stellepute f\u00f8lger med.&nbsp;<\/p>\n<p>Finnes i tre klassiske farger: natur, hvit og gr\u00f8nn.<\/p>\n<p><strong>M\u00e5l<\/strong>:&nbsp;<\/p>\n<ul>\n<li>Stellebord: 91 cm x 59 x 78 cm. Totalh\u00f8yde 102 cm.&nbsp;<\/li>\n<li>Stellepute: 61 x 77,5 x 11 cm.<\/li>\n<\/ul>\n<p><strong>Materiale<\/strong>:&nbsp;<\/p>\n<ul>\n<li>Stellebord: bj\u00f8rk fra \u00f8kologisk drevne skoger.<\/li>\n<li>Stellepute: 100% tykt bomullsoverdrag som kan vaskes p\u00e5 60 grader.<\/li>\n<\/ul>\n<p><em>M\u00f8belet kommer umontert men settes enkelt sammen i hjemmet.<\/em><\/p>\n","protected":false},"excerpt":{"rendered":"<p>Et utrolig luksuri\u00f8st stellebord med stellepute i gustaviansk stil til barnerommet!&nbsp; De vakre dekorative detaljene skaper en ekstra sjarm og vil l\u00f8fte barneroms-innredningen din til himmelsk h\u00f8yder.&nbsp; Stellebordet har h\u00f8ye, beskyttende kanter og et avtakbart skyvebrett som kan gli til h\u00f8yre eller venstre. To romslige hyller nedenfor er perfekte for \u00e5 oppbevare bleier og annen [&hellip;]<\/p>\n","protected":false},"featured_media":57847,"comment_status":"closed","ping_status":"open","template":"","meta":{"_acf_changed":false},"product_brand":[1632],"product_cat":[43,838,57,1633],"product_tag":[1689],"class_list":{"0":"post-57845","1":"product","2":"type-product","3":"status-publish","4":"has-post-thumbnail","6":"product_brand-suede-import","7":"product_cat-oppbevaringskurver","8":"product_cat-skap","9":"product_cat-skobadder","10":"product_cat-suede-import","11":"product_tag-bestillingsvaror","13":"first","14":"instock","15":"taxable","16":"shipping-taxable","17":"purchasable","18":"product-type-simple"},"acf":[],"yoast_head":"<!-- This site is optimized with the Yoast SEO Premium plugin v25.8 (Yoast SEO v27.2) - https:\/\/yoast.com\/product\/yoast-seo-premium-wordpress\/ -->\n<title>Antikt stellebord med stelleseng til barnerommet, natur - Babylove Norska<\/title>\n<meta name=\"robots\" content=\"noindex, follow, max-snippet:-1, max-image-preview:large, max-video-preview:-1\" \/>\n<meta property=\"og:locale\" content=\"nb_NO\" \/>\n<meta property=\"og:type\" content=\"article\" \/>\n<meta property=\"og:title\" content=\"Antikt stellebord med stelleseng til barnerommet, natur\" \/>\n<meta property=\"og:description\" content=\"Et utrolig luksuri\u00f8st stellebord med stellepute i gustaviansk stil til barnerommet!&nbsp; De vakre dekorative detaljene skaper en ekstra sjarm og vil l\u00f8fte barneroms-innredningen din til himmelsk h\u00f8yder.&nbsp; Stellebordet har h\u00f8ye, beskyttende kanter og et avtakbart skyvebrett som kan gli til h\u00f8yre eller venstre. To romslige hyller nedenfor er perfekte for \u00e5 oppbevare bleier og annen [&hellip;]\" \/>\n<meta property=\"og:url\" content=\"https:\/\/babylove.se\/no\/produkt\/antikk-skotbord-med-skotbadd-til-barnerommet-natur\/\" \/>\n<meta property=\"og:site_name\" content=\"Babylove Norska\" \/>\n<meta property=\"article:modified_time\" content=\"2026-04-08T13:03:57+00:00\" \/>\n<meta property=\"og:image\" content=\"https:\/\/babylove.se\/no\/wp-content\/uploads\/sites\/3\/2025\/07\/65b39324d0b6f.jpeg\" \/>\n\t<meta property=\"og:image:width\" content=\"501\" \/>\n\t<meta property=\"og:image:height\" content=\"752\" \/>\n\t<meta property=\"og:image:type\" content=\"image\/jpeg\" \/>\n<meta name=\"twitter:card\" content=\"summary_large_image\" \/>\n<meta name=\"twitter:label1\" content=\"Price\" \/>\n\t<meta name=\"twitter:data1\" content=\"11 499,00&nbsp;&#107;&#114;\" \/>\n\t<meta name=\"twitter:label2\" content=\"Availability\" \/>\n\t<meta name=\"twitter:data2\" content=\"In stock\" \/>\n<script type=\"application\/ld+json\" class=\"yoast-schema-graph\">{\"@context\":\"https:\/\/schema.org\",\"@graph\":[{\"@type\":\"WebPage\",\"@id\":\"https:\/\/babylove.se\/no\/produkt\/antikk-skotbord-med-skotbadd-til-barnerommet-natur\/\",\"url\":\"https:\/\/babylove.se\/no\/produkt\/antikk-skotbord-med-skotbadd-til-barnerommet-natur\/\",\"name\":\"Antikt stellebord med stelleseng til barnerommet, natur - Babylove Norska\",\"isPartOf\":{\"@id\":\"https:\/\/babylove.se\/no\/#website\"},\"primaryImageOfPage\":{\"@id\":\"https:\/\/babylove.se\/no\/produkt\/antikk-skotbord-med-skotbadd-til-barnerommet-natur\/#primaryimage\"},\"image\":{\"@id\":\"https:\/\/babylove.se\/no\/produkt\/antikk-skotbord-med-skotbadd-til-barnerommet-natur\/#primaryimage\"},\"thumbnailUrl\":\"https:\/\/babylove.se\/no\/wp-content\/uploads\/sites\/3\/2025\/07\/65b39324d0b6f.jpeg\",\"datePublished\":\"2025-07-19T14:04:43+00:00\",\"dateModified\":\"2026-04-08T13:03:57+00:00\",\"breadcrumb\":{\"@id\":\"https:\/\/babylove.se\/no\/produkt\/antikk-skotbord-med-skotbadd-til-barnerommet-natur\/#breadcrumb\"},\"inLanguage\":\"nb-NO\",\"potentialAction\":[{\"@type\":\"ReadAction\",\"target\":[\"https:\/\/babylove.se\/no\/produkt\/antikk-skotbord-med-skotbadd-til-barnerommet-natur\/\"]}]},{\"@type\":\"ImageObject\",\"inLanguage\":\"nb-NO\",\"@id\":\"https:\/\/babylove.se\/no\/produkt\/antikk-skotbord-med-skotbadd-til-barnerommet-natur\/#primaryimage\",\"url\":\"https:\/\/babylove.se\/no\/wp-content\/uploads\/sites\/3\/2025\/07\/65b39324d0b6f.jpeg\",\"contentUrl\":\"https:\/\/babylove.se\/no\/wp-content\/uploads\/sites\/3\/2025\/07\/65b39324d0b6f.jpeg\",\"width\":501,\"height\":752},{\"@type\":\"BreadcrumbList\",\"@id\":\"https:\/\/babylove.se\/no\/produkt\/antikk-skotbord-med-skotbadd-til-barnerommet-natur\/#breadcrumb\",\"itemListElement\":[{\"@type\":\"ListItem\",\"position\":1,\"name\":\"Hem\",\"item\":\"https:\/\/babylove.se\/no\/\"},{\"@type\":\"ListItem\",\"position\":2,\"name\":\"Butik\",\"item\":\"https:\/\/babylove.se\/no\/butik\/\"},{\"@type\":\"ListItem\",\"position\":3,\"name\":\"Antikt stellebord med stelleseng til barnerommet, natur\"}]},{\"@type\":\"WebSite\",\"@id\":\"https:\/\/babylove.se\/no\/#website\",\"url\":\"https:\/\/babylove.se\/no\/\",\"name\":\"Babylove Norska\",\"description\":\"\",\"potentialAction\":[{\"@type\":\"SearchAction\",\"target\":{\"@type\":\"EntryPoint\",\"urlTemplate\":\"https:\/\/babylove.se\/no\/?s={search_term_string}\"},\"query-input\":{\"@type\":\"PropertyValueSpecification\",\"valueRequired\":true,\"valueName\":\"search_term_string\"}}],\"inLanguage\":\"nb-NO\"}]}<\/script>\n<meta property=\"product:brand\" content=\"Suede import\" \/>\n<meta property=\"product:price:amount\" content=\"11499.00\" \/>\n<meta property=\"product:price:currency\" content=\"SEK\" \/>\n<meta property=\"og:availability\" content=\"instock\" \/>\n<meta property=\"product:availability\" content=\"instock\" \/>\n<meta property=\"product:retailer_item_id\" content=\"GNT004\" \/>\n<meta property=\"product:condition\" content=\"new\" \/>\n<!-- \/ Yoast SEO Premium plugin. -->","yoast_head_json":{"title":"Antikt stellebord med stelleseng til barnerommet, natur - Babylove Norska","robots":{"index":"noindex","follow":"follow","max-snippet":"max-snippet:-1","max-image-preview":"max-image-preview:large","max-video-preview":"max-video-preview:-1"},"og_locale":"nb_NO","og_type":"article","og_title":"Antikt stellebord med stelleseng til barnerommet, natur","og_description":"Et utrolig luksuri\u00f8st stellebord med stellepute i gustaviansk stil til barnerommet!&nbsp; De vakre dekorative detaljene skaper en ekstra sjarm og vil l\u00f8fte barneroms-innredningen din til himmelsk h\u00f8yder.&nbsp; Stellebordet har h\u00f8ye, beskyttende kanter og et avtakbart skyvebrett som kan gli til h\u00f8yre eller venstre. To romslige hyller nedenfor er perfekte for \u00e5 oppbevare bleier og annen [&hellip;]","og_url":"https:\/\/babylove.se\/no\/produkt\/antikk-skotbord-med-skotbadd-til-barnerommet-natur\/","og_site_name":"Babylove Norska","article_modified_time":"2026-04-08T13:03:57+00:00","og_image":[{"width":501,"height":752,"url":"https:\/\/babylove.se\/no\/wp-content\/uploads\/sites\/3\/2025\/07\/65b39324d0b6f.jpeg","type":"image\/jpeg"}],"twitter_card":"summary_large_image","twitter_misc":{"Price":"11 499,00&nbsp;&#107;&#114;","Availability":"In stock"},"schema":{"@context":"https:\/\/schema.org","@graph":[{"@type":"WebPage","@id":"https:\/\/babylove.se\/no\/produkt\/antikk-skotbord-med-skotbadd-til-barnerommet-natur\/","url":"https:\/\/babylove.se\/no\/produkt\/antikk-skotbord-med-skotbadd-til-barnerommet-natur\/","name":"Antikt stellebord med stelleseng til barnerommet, natur - Babylove Norska","isPartOf":{"@id":"https:\/\/babylove.se\/no\/#website"},"primaryImageOfPage":{"@id":"https:\/\/babylove.se\/no\/produkt\/antikk-skotbord-med-skotbadd-til-barnerommet-natur\/#primaryimage"},"image":{"@id":"https:\/\/babylove.se\/no\/produkt\/antikk-skotbord-med-skotbadd-til-barnerommet-natur\/#primaryimage"},"thumbnailUrl":"https:\/\/babylove.se\/no\/wp-content\/uploads\/sites\/3\/2025\/07\/65b39324d0b6f.jpeg","datePublished":"2025-07-19T14:04:43+00:00","dateModified":"2026-04-08T13:03:57+00:00","breadcrumb":{"@id":"https:\/\/babylove.se\/no\/produkt\/antikk-skotbord-med-skotbadd-til-barnerommet-natur\/#breadcrumb"},"inLanguage":"nb-NO","potentialAction":[{"@type":"ReadAction","target":["https:\/\/babylove.se\/no\/produkt\/antikk-skotbord-med-skotbadd-til-barnerommet-natur\/"]}]},{"@type":"ImageObject","inLanguage":"nb-NO","@id":"https:\/\/babylove.se\/no\/produkt\/antikk-skotbord-med-skotbadd-til-barnerommet-natur\/#primaryimage","url":"https:\/\/babylove.se\/no\/wp-content\/uploads\/sites\/3\/2025\/07\/65b39324d0b6f.jpeg","contentUrl":"https:\/\/babylove.se\/no\/wp-content\/uploads\/sites\/3\/2025\/07\/65b39324d0b6f.jpeg","width":501,"height":752},{"@type":"BreadcrumbList","@id":"https:\/\/babylove.se\/no\/produkt\/antikk-skotbord-med-skotbadd-til-barnerommet-natur\/#breadcrumb","itemListElement":[{"@type":"ListItem","position":1,"name":"Hem","item":"https:\/\/babylove.se\/no\/"},{"@type":"ListItem","position":2,"name":"Butik","item":"https:\/\/babylove.se\/no\/butik\/"},{"@type":"ListItem","position":3,"name":"Antikt stellebord med stelleseng til barnerommet, natur"}]},{"@type":"WebSite","@id":"https:\/\/babylove.se\/no\/#website","url":"https:\/\/babylove.se\/no\/","name":"Babylove Norska","description":"","potentialAction":[{"@type":"SearchAction","target":{"@type":"EntryPoint","urlTemplate":"https:\/\/babylove.se\/no\/?s={search_term_string}"},"query-input":{"@type":"PropertyValueSpecification","valueRequired":true,"valueName":"search_term_string"}}],"inLanguage":"nb-NO"}]},"product_brand":"Suede import","product_price_amount":"11499.00","product_price_currency":"SEK","og_availability":"instock","product_availability":"instock","product_retailer_item_id":"GNT004","product_condition":"new"},"_links":{"self":[{"href":"https:\/\/babylove.se\/no\/wp-json\/wp\/v2\/product\/57845","targetHints":{"allow":["GET"]}}],"collection":[{"href":"https:\/\/babylove.se\/no\/wp-json\/wp\/v2\/product"}],"about":[{"href":"https:\/\/babylove.se\/no\/wp-json\/wp\/v2\/types\/product"}],"replies":[{"embeddable":true,"href":"https:\/\/babylove.se\/no\/wp-json\/wp\/v2\/comments?post=57845"}],"wp:featuredmedia":[{"embeddable":true,"href":"https:\/\/babylove.se\/no\/wp-json\/wp\/v2\/media\/57847"}],"wp:attachment":[{"href":"https:\/\/babylove.se\/no\/wp-json\/wp\/v2\/media?parent=57845"}],"wp:term":[{"taxonomy":"product_brand","embeddable":true,"href":"https:\/\/babylove.se\/no\/wp-json\/wp\/v2\/product_brand?post=57845"},{"taxonomy":"product_cat","embeddable":true,"href":"https:\/\/babylove.se\/no\/wp-json\/wp\/v2\/product_cat?post=57845"},{"taxonomy":"product_tag","embeddable":true,"href":"https:\/\/babylove.se\/no\/wp-json\/wp\/v2\/product_tag?post=57845"}],"curies":[{"name":"wp","href":"https:\/\/api.w.org\/{rel}","templated":true}]}}