{"id":5792,"date":"2025-07-18T20:31:48","date_gmt":"2025-07-18T19:31:48","guid":{"rendered":"https:\/\/babylove.se\/produkt\/vit-forvaringskorg-i-sammet\/"},"modified":"2026-04-08T08:21:33","modified_gmt":"2026-04-08T07:21:33","slug":"hvit-oppbevaringskorg-i-floyel","status":"publish","type":"product","link":"https:\/\/babylove.se\/no\/produkt\/hvit-oppbevaringskorg-i-floyel\/","title":{"rendered":"Hvit oppbevaringskurv i fl\u00f8yel"},"content":{"rendered":"<p>Denne ultimate oppbevaringskurven, laget av hvit og deilig fl\u00f8yel. Du kan umulig finne en oppbevaringskurv som er like vakker som denne, hele barnerommet kommer til \u00e5 l\u00f8ftes av dette produktet. <\/p>\n<p>Oppbevaringskurven er rund og laget av deilig myk fl\u00f8yel, med tilh\u00f8rende sn\u00f8reb\u00e5nd som har fine og dekorative frynser. Oppbevaringskurven er meget praktisk, du kan bruke den til leker, kosedyrene eller hvorfor ikke som en bed\u00e5rende skittent\u00f8yskurv. <\/p>\n<p>M\u00e5l: 50 x 50 cm<\/p>\n","protected":false},"excerpt":{"rendered":"<p>Denne ultimate oppbevaringskurven, laget av hvit og deilig fl\u00f8yel. Du kan umulig finne en oppbevaringskurv som er like vakker som denne, hele barnerommet kommer til \u00e5 l\u00f8ftes av dette produktet. Oppbevaringskurven er rund og laget av deilig myk fl\u00f8yel, med tilh\u00f8rende sn\u00f8reb\u00e5nd som har fine og dekorative frynser. Oppbevaringskurven er meget praktisk, du kan bruke [&hellip;]<\/p>\n","protected":false},"featured_media":5794,"comment_status":"closed","ping_status":"closed","template":"","meta":{"_acf_changed":false},"product_brand":[197],"product_cat":[198,200,43,48],"product_tag":[],"class_list":{"0":"post-5792","1":"product","2":"type-product","3":"status-publish","4":"has-post-thumbnail","6":"product_brand-love-my-decoration","7":"product_cat-love-me-decoration","8":"product_cat-floyel","9":"product_cat-oppbevaringskurver","10":"product_cat-startside","12":"first","13":"outofstock","14":"taxable","15":"shipping-taxable","16":"purchasable","17":"product-type-simple"},"acf":[],"yoast_head":"<!-- This site is optimized with the Yoast SEO Premium plugin v25.8 (Yoast SEO v27.2) - https:\/\/yoast.com\/product\/yoast-seo-premium-wordpress\/ -->\n<title>Hvit oppbevaringskurv i fl\u00f8yel - Babylove Norska<\/title>\n<meta name=\"robots\" content=\"noindex, follow, max-snippet:-1, max-image-preview:large, max-video-preview:-1\" \/>\n<meta property=\"og:locale\" content=\"nb_NO\" \/>\n<meta property=\"og:type\" content=\"article\" \/>\n<meta property=\"og:title\" content=\"Hvit oppbevaringskurv i fl\u00f8yel\" \/>\n<meta property=\"og:description\" content=\"Denne ultimate oppbevaringskurven, laget av hvit og deilig fl\u00f8yel. Du kan umulig finne en oppbevaringskurv som er like vakker som denne, hele barnerommet kommer til \u00e5 l\u00f8ftes av dette produktet. Oppbevaringskurven er rund og laget av deilig myk fl\u00f8yel, med tilh\u00f8rende sn\u00f8reb\u00e5nd som har fine og dekorative frynser. Oppbevaringskurven er meget praktisk, du kan bruke [&hellip;]\" \/>\n<meta property=\"og:url\" content=\"https:\/\/babylove.se\/no\/produkt\/hvit-oppbevaringskorg-i-floyel\/\" \/>\n<meta property=\"og:site_name\" content=\"Babylove Norska\" \/>\n<meta property=\"article:modified_time\" content=\"2026-04-08T07:21:33+00:00\" \/>\n<meta property=\"og:image\" content=\"https:\/\/babylove.se\/no\/wp-content\/uploads\/sites\/3\/2025\/07\/5a82c912d9b33.jpeg\" \/>\n\t<meta property=\"og:image:width\" content=\"750\" \/>\n\t<meta property=\"og:image:height\" content=\"750\" \/>\n\t<meta property=\"og:image:type\" content=\"image\/jpeg\" \/>\n<meta name=\"twitter:card\" content=\"summary_large_image\" \/>\n<meta name=\"twitter:label1\" content=\"Price\" \/>\n\t<meta name=\"twitter:data1\" content=\"1 199,00&nbsp;&#107;&#114;\" \/>\n\t<meta name=\"twitter:label2\" content=\"Availability\" \/>\n\t<meta name=\"twitter:data2\" content=\"Out of stock\" \/>\n<script type=\"application\/ld+json\" class=\"yoast-schema-graph\">{\"@context\":\"https:\/\/schema.org\",\"@graph\":[{\"@type\":\"WebPage\",\"@id\":\"https:\/\/babylove.se\/no\/produkt\/hvit-oppbevaringskorg-i-floyel\/\",\"url\":\"https:\/\/babylove.se\/no\/produkt\/hvit-oppbevaringskorg-i-floyel\/\",\"name\":\"Hvit oppbevaringskurv i fl\u00f8yel - Babylove Norska\",\"isPartOf\":{\"@id\":\"https:\/\/babylove.se\/no\/#website\"},\"primaryImageOfPage\":{\"@id\":\"https:\/\/babylove.se\/no\/produkt\/hvit-oppbevaringskorg-i-floyel\/#primaryimage\"},\"image\":{\"@id\":\"https:\/\/babylove.se\/no\/produkt\/hvit-oppbevaringskorg-i-floyel\/#primaryimage\"},\"thumbnailUrl\":\"https:\/\/babylove.se\/no\/wp-content\/uploads\/sites\/3\/2025\/07\/5a82c912d9b33.jpeg\",\"datePublished\":\"2025-07-18T19:31:48+00:00\",\"dateModified\":\"2026-04-08T07:21:33+00:00\",\"breadcrumb\":{\"@id\":\"https:\/\/babylove.se\/no\/produkt\/hvit-oppbevaringskorg-i-floyel\/#breadcrumb\"},\"inLanguage\":\"nb-NO\",\"potentialAction\":[{\"@type\":\"ReadAction\",\"target\":[\"https:\/\/babylove.se\/no\/produkt\/hvit-oppbevaringskorg-i-floyel\/\"]}]},{\"@type\":\"ImageObject\",\"inLanguage\":\"nb-NO\",\"@id\":\"https:\/\/babylove.se\/no\/produkt\/hvit-oppbevaringskorg-i-floyel\/#primaryimage\",\"url\":\"https:\/\/babylove.se\/no\/wp-content\/uploads\/sites\/3\/2025\/07\/5a82c912d9b33.jpeg\",\"contentUrl\":\"https:\/\/babylove.se\/no\/wp-content\/uploads\/sites\/3\/2025\/07\/5a82c912d9b33.jpeg\",\"width\":750,\"height\":750},{\"@type\":\"BreadcrumbList\",\"@id\":\"https:\/\/babylove.se\/no\/produkt\/hvit-oppbevaringskorg-i-floyel\/#breadcrumb\",\"itemListElement\":[{\"@type\":\"ListItem\",\"position\":1,\"name\":\"Hem\",\"item\":\"https:\/\/babylove.se\/no\/\"},{\"@type\":\"ListItem\",\"position\":2,\"name\":\"Butik\",\"item\":\"https:\/\/babylove.se\/no\/butik\/\"},{\"@type\":\"ListItem\",\"position\":3,\"name\":\"Hvit oppbevaringskurv i fl\u00f8yel\"}]},{\"@type\":\"WebSite\",\"@id\":\"https:\/\/babylove.se\/no\/#website\",\"url\":\"https:\/\/babylove.se\/no\/\",\"name\":\"Babylove Norska\",\"description\":\"\",\"potentialAction\":[{\"@type\":\"SearchAction\",\"target\":{\"@type\":\"EntryPoint\",\"urlTemplate\":\"https:\/\/babylove.se\/no\/?s={search_term_string}\"},\"query-input\":{\"@type\":\"PropertyValueSpecification\",\"valueRequired\":true,\"valueName\":\"search_term_string\"}}],\"inLanguage\":\"nb-NO\"}]}<\/script>\n<meta property=\"product:brand\" content=\"Love my decoration\" \/>\n<meta property=\"product:price:amount\" content=\"1199.00\" \/>\n<meta property=\"product:price:currency\" content=\"SEK\" \/>\n<meta property=\"og:availability\" content=\"out of stock\" \/>\n<meta property=\"product:availability\" content=\"out of stock\" \/>\n<meta property=\"product:retailer_item_id\" content=\"1761\" \/>\n<meta property=\"product:condition\" content=\"new\" \/>\n<!-- \/ Yoast SEO Premium plugin. -->","yoast_head_json":{"title":"Hvit oppbevaringskurv i fl\u00f8yel - Babylove Norska","robots":{"index":"noindex","follow":"follow","max-snippet":"max-snippet:-1","max-image-preview":"max-image-preview:large","max-video-preview":"max-video-preview:-1"},"og_locale":"nb_NO","og_type":"article","og_title":"Hvit oppbevaringskurv i fl\u00f8yel","og_description":"Denne ultimate oppbevaringskurven, laget av hvit og deilig fl\u00f8yel. Du kan umulig finne en oppbevaringskurv som er like vakker som denne, hele barnerommet kommer til \u00e5 l\u00f8ftes av dette produktet. Oppbevaringskurven er rund og laget av deilig myk fl\u00f8yel, med tilh\u00f8rende sn\u00f8reb\u00e5nd som har fine og dekorative frynser. Oppbevaringskurven er meget praktisk, du kan bruke [&hellip;]","og_url":"https:\/\/babylove.se\/no\/produkt\/hvit-oppbevaringskorg-i-floyel\/","og_site_name":"Babylove Norska","article_modified_time":"2026-04-08T07:21:33+00:00","og_image":[{"width":750,"height":750,"url":"https:\/\/babylove.se\/no\/wp-content\/uploads\/sites\/3\/2025\/07\/5a82c912d9b33.jpeg","type":"image\/jpeg"}],"twitter_card":"summary_large_image","twitter_misc":{"Price":"1 199,00&nbsp;&#107;&#114;","Availability":"Out of stock"},"schema":{"@context":"https:\/\/schema.org","@graph":[{"@type":"WebPage","@id":"https:\/\/babylove.se\/no\/produkt\/hvit-oppbevaringskorg-i-floyel\/","url":"https:\/\/babylove.se\/no\/produkt\/hvit-oppbevaringskorg-i-floyel\/","name":"Hvit oppbevaringskurv i fl\u00f8yel - Babylove Norska","isPartOf":{"@id":"https:\/\/babylove.se\/no\/#website"},"primaryImageOfPage":{"@id":"https:\/\/babylove.se\/no\/produkt\/hvit-oppbevaringskorg-i-floyel\/#primaryimage"},"image":{"@id":"https:\/\/babylove.se\/no\/produkt\/hvit-oppbevaringskorg-i-floyel\/#primaryimage"},"thumbnailUrl":"https:\/\/babylove.se\/no\/wp-content\/uploads\/sites\/3\/2025\/07\/5a82c912d9b33.jpeg","datePublished":"2025-07-18T19:31:48+00:00","dateModified":"2026-04-08T07:21:33+00:00","breadcrumb":{"@id":"https:\/\/babylove.se\/no\/produkt\/hvit-oppbevaringskorg-i-floyel\/#breadcrumb"},"inLanguage":"nb-NO","potentialAction":[{"@type":"ReadAction","target":["https:\/\/babylove.se\/no\/produkt\/hvit-oppbevaringskorg-i-floyel\/"]}]},{"@type":"ImageObject","inLanguage":"nb-NO","@id":"https:\/\/babylove.se\/no\/produkt\/hvit-oppbevaringskorg-i-floyel\/#primaryimage","url":"https:\/\/babylove.se\/no\/wp-content\/uploads\/sites\/3\/2025\/07\/5a82c912d9b33.jpeg","contentUrl":"https:\/\/babylove.se\/no\/wp-content\/uploads\/sites\/3\/2025\/07\/5a82c912d9b33.jpeg","width":750,"height":750},{"@type":"BreadcrumbList","@id":"https:\/\/babylove.se\/no\/produkt\/hvit-oppbevaringskorg-i-floyel\/#breadcrumb","itemListElement":[{"@type":"ListItem","position":1,"name":"Hem","item":"https:\/\/babylove.se\/no\/"},{"@type":"ListItem","position":2,"name":"Butik","item":"https:\/\/babylove.se\/no\/butik\/"},{"@type":"ListItem","position":3,"name":"Hvit oppbevaringskurv i fl\u00f8yel"}]},{"@type":"WebSite","@id":"https:\/\/babylove.se\/no\/#website","url":"https:\/\/babylove.se\/no\/","name":"Babylove Norska","description":"","potentialAction":[{"@type":"SearchAction","target":{"@type":"EntryPoint","urlTemplate":"https:\/\/babylove.se\/no\/?s={search_term_string}"},"query-input":{"@type":"PropertyValueSpecification","valueRequired":true,"valueName":"search_term_string"}}],"inLanguage":"nb-NO"}]},"product_brand":"Love my decoration","product_price_amount":"1199.00","product_price_currency":"SEK","og_availability":"out of stock","product_availability":"out of stock","product_retailer_item_id":"1761","product_condition":"new"},"_links":{"self":[{"href":"https:\/\/babylove.se\/no\/wp-json\/wp\/v2\/product\/5792","targetHints":{"allow":["GET"]}}],"collection":[{"href":"https:\/\/babylove.se\/no\/wp-json\/wp\/v2\/product"}],"about":[{"href":"https:\/\/babylove.se\/no\/wp-json\/wp\/v2\/types\/product"}],"replies":[{"embeddable":true,"href":"https:\/\/babylove.se\/no\/wp-json\/wp\/v2\/comments?post=5792"}],"wp:featuredmedia":[{"embeddable":true,"href":"https:\/\/babylove.se\/no\/wp-json\/wp\/v2\/media\/5794"}],"wp:attachment":[{"href":"https:\/\/babylove.se\/no\/wp-json\/wp\/v2\/media?parent=5792"}],"wp:term":[{"taxonomy":"product_brand","embeddable":true,"href":"https:\/\/babylove.se\/no\/wp-json\/wp\/v2\/product_brand?post=5792"},{"taxonomy":"product_cat","embeddable":true,"href":"https:\/\/babylove.se\/no\/wp-json\/wp\/v2\/product_cat?post=5792"},{"taxonomy":"product_tag","embeddable":true,"href":"https:\/\/babylove.se\/no\/wp-json\/wp\/v2\/product_tag?post=5792"}],"curies":[{"name":"wp","href":"https:\/\/api.w.org\/{rel}","templated":true}]}}