{"id":57933,"date":"2025-07-19T15:05:54","date_gmt":"2025-07-19T14:05:54","guid":{"rendered":"https:\/\/babylove.se\/produkt\/konges-slojd-simvast-med-volanger-mizumi\/"},"modified":"2026-04-08T14:04:32","modified_gmt":"2026-04-08T13:04:32","slug":"kongens-slojd-badedrakt-med-volanger-mizumi","status":"publish","type":"product","link":"https:\/\/babylove.se\/no\/produkt\/kongens-slojd-badedrakt-med-volanger-mizumi\/","title":{"rendered":"Konges Sl\u00f8jd, sv\u00f8mmevest med volanger, Mizumi"},"content":{"rendered":"<p>Gj\u00f8r sommeren morsommere med denne vakre sv\u00f8mmejakken med volanger fra det velkjente danske merket Konges Sl\u00f8jd! <\/p>\n<p><span style=\"background-color: initial; color: var(--text-color); text-align: initial;\">Perfekt n\u00e5r barnet skal ta det f\u00f8rste dukket i bassenget. Sv\u00f8mmevesten er t<\/span><span style=\"background-color: initial; color: var(--text-color); text-align: initial;\">ilvirket av n\u00f8ye utvalgte materialer og med st\u00f8rste omhu.<\/span> <\/p>\n<p>Designet med glidel\u00e5s, borrel\u00e5sstengning og et sikkerhetsb\u00e5nd i skrittet slik at barnet ditt aldri kan gli ut av vesten. <\/p>\n<p><strong>Materiale<\/strong>: 80% neopren og 20% polyester. <\/p>\n<p><strong>St\u00f8rrelse<\/strong>: Finnes i to st\u00f8rrelser: <\/p>\n<ul>\n<li>Egnet for barn mellom 1 og 2 \u00e5r<\/li>\n<li>Egnet for barn mellom 2 og 3 \u00e5r<\/li>\n<\/ul>\n<p><em>OBS! La aldri barnet ditt v\u00e6re uten oppsyn i vannet! <em>Vesten beskytter ikke mot drukning og m\u00e5 ikke brukes som flytevest! Ikke egnet for seiling! <\/em>M\u00e5 bare b<em>rukes i vann hvor barnet n\u00e5r bunnen!<\/em><\/em> <\/p>\n<p>Designer: <a href=\"https:\/\/babylove.se\/varumarken\/konges-slojd\">Konges Sl\u00f8jd<\/a><\/p>\n","protected":false},"excerpt":{"rendered":"<p>Gj\u00f8r sommeren morsommere med denne vakre sv\u00f8mmejakken med volanger fra det velkjente danske merket Konges Sl\u00f8jd! Perfekt n\u00e5r barnet skal ta det f\u00f8rste dukket i bassenget. Sv\u00f8mmevesten er tilvirket av n\u00f8ye utvalgte materialer og med st\u00f8rste omhu. Designet med glidel\u00e5s, borrel\u00e5sstengning og et sikkerhetsb\u00e5nd i skrittet slik at barnet ditt aldri kan gli ut av [&hellip;]<\/p>\n","protected":false},"featured_media":57935,"comment_status":"closed","ping_status":"closed","template":"","meta":{"_acf_changed":false},"product_brand":[1579],"product_cat":[1545,922,60,1775,753],"product_tag":[],"class_list":{"0":"post-57933","1":"product","2":"type-product","3":"status-publish","4":"has-post-thumbnail","6":"product_brand-konges-slajd","7":"product_cat-konges-slojd","8":"product_cat-nyheter","9":"product_cat-sommer","10":"product_cat-uteleker","11":"product_cat-vannleker","12":"pa_storlek-1-2-ar","13":"pa_storlek-2-3-ar","15":"first","16":"outofstock","17":"taxable","18":"shipping-taxable","19":"purchasable","20":"product-type-variable"},"acf":[],"yoast_head":"<!-- This site is optimized with the Yoast SEO Premium plugin v25.8 (Yoast SEO v27.2) - https:\/\/yoast.com\/product\/yoast-seo-premium-wordpress\/ -->\n<title>Konges Sl\u00f8jd, sv\u00f8mmevest med volanger, Mizumi - Babylove Norska<\/title>\n<meta name=\"robots\" content=\"noindex, follow, max-snippet:-1, max-image-preview:large, max-video-preview:-1\" \/>\n<meta property=\"og:locale\" content=\"nb_NO\" \/>\n<meta property=\"og:type\" content=\"article\" \/>\n<meta property=\"og:title\" content=\"Konges Sl\u00f8jd, sv\u00f8mmevest med volanger, Mizumi\" \/>\n<meta property=\"og:description\" content=\"Gj\u00f8r sommeren morsommere med denne vakre sv\u00f8mmejakken med volanger fra det velkjente danske merket Konges Sl\u00f8jd! Perfekt n\u00e5r barnet skal ta det f\u00f8rste dukket i bassenget. Sv\u00f8mmevesten er tilvirket av n\u00f8ye utvalgte materialer og med st\u00f8rste omhu. Designet med glidel\u00e5s, borrel\u00e5sstengning og et sikkerhetsb\u00e5nd i skrittet slik at barnet ditt aldri kan gli ut av [&hellip;]\" \/>\n<meta property=\"og:url\" content=\"https:\/\/babylove.se\/no\/produkt\/kongens-slojd-badedrakt-med-volanger-mizumi\/\" \/>\n<meta property=\"og:site_name\" content=\"Babylove Norska\" \/>\n<meta property=\"article:modified_time\" content=\"2026-04-08T13:04:32+00:00\" \/>\n<meta property=\"og:image\" content=\"https:\/\/babylove.se\/no\/wp-content\/uploads\/sites\/3\/2025\/07\/65b7a60805aab.jpeg\" \/>\n\t<meta property=\"og:image:width\" content=\"614\" \/>\n\t<meta property=\"og:image:height\" content=\"614\" \/>\n\t<meta property=\"og:image:type\" content=\"image\/jpeg\" \/>\n<meta name=\"twitter:card\" content=\"summary_large_image\" \/>\n<meta name=\"twitter:label1\" content=\"Availability\" \/>\n\t<meta name=\"twitter:data1\" content=\"Out of stock\" \/>\n<script type=\"application\/ld+json\" class=\"yoast-schema-graph\">{\"@context\":\"https:\/\/schema.org\",\"@graph\":[{\"@type\":\"WebPage\",\"@id\":\"https:\/\/babylove.se\/no\/produkt\/kongens-slojd-badedrakt-med-volanger-mizumi\/\",\"url\":\"https:\/\/babylove.se\/no\/produkt\/kongens-slojd-badedrakt-med-volanger-mizumi\/\",\"name\":\"Konges Sl\u00f8jd, sv\u00f8mmevest med volanger, Mizumi - Babylove Norska\",\"isPartOf\":{\"@id\":\"https:\/\/babylove.se\/no\/#website\"},\"primaryImageOfPage\":{\"@id\":\"https:\/\/babylove.se\/no\/produkt\/kongens-slojd-badedrakt-med-volanger-mizumi\/#primaryimage\"},\"image\":{\"@id\":\"https:\/\/babylove.se\/no\/produkt\/kongens-slojd-badedrakt-med-volanger-mizumi\/#primaryimage\"},\"thumbnailUrl\":\"https:\/\/babylove.se\/no\/wp-content\/uploads\/sites\/3\/2025\/07\/65b7a60805aab.jpeg\",\"datePublished\":\"2025-07-19T14:05:54+00:00\",\"dateModified\":\"2026-04-08T13:04:32+00:00\",\"breadcrumb\":{\"@id\":\"https:\/\/babylove.se\/no\/produkt\/kongens-slojd-badedrakt-med-volanger-mizumi\/#breadcrumb\"},\"inLanguage\":\"nb-NO\",\"potentialAction\":[{\"@type\":\"ReadAction\",\"target\":[\"https:\/\/babylove.se\/no\/produkt\/kongens-slojd-badedrakt-med-volanger-mizumi\/\"]}]},{\"@type\":\"ImageObject\",\"inLanguage\":\"nb-NO\",\"@id\":\"https:\/\/babylove.se\/no\/produkt\/kongens-slojd-badedrakt-med-volanger-mizumi\/#primaryimage\",\"url\":\"https:\/\/babylove.se\/no\/wp-content\/uploads\/sites\/3\/2025\/07\/65b7a60805aab.jpeg\",\"contentUrl\":\"https:\/\/babylove.se\/no\/wp-content\/uploads\/sites\/3\/2025\/07\/65b7a60805aab.jpeg\",\"width\":614,\"height\":614},{\"@type\":\"BreadcrumbList\",\"@id\":\"https:\/\/babylove.se\/no\/produkt\/kongens-slojd-badedrakt-med-volanger-mizumi\/#breadcrumb\",\"itemListElement\":[{\"@type\":\"ListItem\",\"position\":1,\"name\":\"Hem\",\"item\":\"https:\/\/babylove.se\/no\/\"},{\"@type\":\"ListItem\",\"position\":2,\"name\":\"Butik\",\"item\":\"https:\/\/babylove.se\/no\/butik\/\"},{\"@type\":\"ListItem\",\"position\":3,\"name\":\"Konges Sl\u00f8jd, sv\u00f8mmevest med volanger, Mizumi\"}]},{\"@type\":\"WebSite\",\"@id\":\"https:\/\/babylove.se\/no\/#website\",\"url\":\"https:\/\/babylove.se\/no\/\",\"name\":\"Babylove Norska\",\"description\":\"\",\"potentialAction\":[{\"@type\":\"SearchAction\",\"target\":{\"@type\":\"EntryPoint\",\"urlTemplate\":\"https:\/\/babylove.se\/no\/?s={search_term_string}\"},\"query-input\":{\"@type\":\"PropertyValueSpecification\",\"valueRequired\":true,\"valueName\":\"search_term_string\"}}],\"inLanguage\":\"nb-NO\"}]}<\/script>\n<meta property=\"product:brand\" content=\"Konges Sl\u00c3\u00b8jd\" \/>\n<meta property=\"og:availability\" content=\"out of stock\" \/>\n<meta property=\"product:availability\" content=\"out of stock\" \/>\n<meta property=\"product:retailer_item_id\" content=\"KS100417Mizumi1-2\u00e5r\" \/>\n<meta property=\"product:condition\" content=\"new\" \/>\n<!-- \/ Yoast SEO Premium plugin. -->","yoast_head_json":{"title":"Konges Sl\u00f8jd, sv\u00f8mmevest med volanger, Mizumi - Babylove Norska","robots":{"index":"noindex","follow":"follow","max-snippet":"max-snippet:-1","max-image-preview":"max-image-preview:large","max-video-preview":"max-video-preview:-1"},"og_locale":"nb_NO","og_type":"article","og_title":"Konges Sl\u00f8jd, sv\u00f8mmevest med volanger, Mizumi","og_description":"Gj\u00f8r sommeren morsommere med denne vakre sv\u00f8mmejakken med volanger fra det velkjente danske merket Konges Sl\u00f8jd! Perfekt n\u00e5r barnet skal ta det f\u00f8rste dukket i bassenget. Sv\u00f8mmevesten er tilvirket av n\u00f8ye utvalgte materialer og med st\u00f8rste omhu. Designet med glidel\u00e5s, borrel\u00e5sstengning og et sikkerhetsb\u00e5nd i skrittet slik at barnet ditt aldri kan gli ut av [&hellip;]","og_url":"https:\/\/babylove.se\/no\/produkt\/kongens-slojd-badedrakt-med-volanger-mizumi\/","og_site_name":"Babylove Norska","article_modified_time":"2026-04-08T13:04:32+00:00","og_image":[{"width":614,"height":614,"url":"https:\/\/babylove.se\/no\/wp-content\/uploads\/sites\/3\/2025\/07\/65b7a60805aab.jpeg","type":"image\/jpeg"}],"twitter_card":"summary_large_image","twitter_misc":{"Availability":"Out of stock"},"schema":{"@context":"https:\/\/schema.org","@graph":[{"@type":"WebPage","@id":"https:\/\/babylove.se\/no\/produkt\/kongens-slojd-badedrakt-med-volanger-mizumi\/","url":"https:\/\/babylove.se\/no\/produkt\/kongens-slojd-badedrakt-med-volanger-mizumi\/","name":"Konges Sl\u00f8jd, sv\u00f8mmevest med volanger, Mizumi - Babylove Norska","isPartOf":{"@id":"https:\/\/babylove.se\/no\/#website"},"primaryImageOfPage":{"@id":"https:\/\/babylove.se\/no\/produkt\/kongens-slojd-badedrakt-med-volanger-mizumi\/#primaryimage"},"image":{"@id":"https:\/\/babylove.se\/no\/produkt\/kongens-slojd-badedrakt-med-volanger-mizumi\/#primaryimage"},"thumbnailUrl":"https:\/\/babylove.se\/no\/wp-content\/uploads\/sites\/3\/2025\/07\/65b7a60805aab.jpeg","datePublished":"2025-07-19T14:05:54+00:00","dateModified":"2026-04-08T13:04:32+00:00","breadcrumb":{"@id":"https:\/\/babylove.se\/no\/produkt\/kongens-slojd-badedrakt-med-volanger-mizumi\/#breadcrumb"},"inLanguage":"nb-NO","potentialAction":[{"@type":"ReadAction","target":["https:\/\/babylove.se\/no\/produkt\/kongens-slojd-badedrakt-med-volanger-mizumi\/"]}]},{"@type":"ImageObject","inLanguage":"nb-NO","@id":"https:\/\/babylove.se\/no\/produkt\/kongens-slojd-badedrakt-med-volanger-mizumi\/#primaryimage","url":"https:\/\/babylove.se\/no\/wp-content\/uploads\/sites\/3\/2025\/07\/65b7a60805aab.jpeg","contentUrl":"https:\/\/babylove.se\/no\/wp-content\/uploads\/sites\/3\/2025\/07\/65b7a60805aab.jpeg","width":614,"height":614},{"@type":"BreadcrumbList","@id":"https:\/\/babylove.se\/no\/produkt\/kongens-slojd-badedrakt-med-volanger-mizumi\/#breadcrumb","itemListElement":[{"@type":"ListItem","position":1,"name":"Hem","item":"https:\/\/babylove.se\/no\/"},{"@type":"ListItem","position":2,"name":"Butik","item":"https:\/\/babylove.se\/no\/butik\/"},{"@type":"ListItem","position":3,"name":"Konges Sl\u00f8jd, sv\u00f8mmevest med volanger, Mizumi"}]},{"@type":"WebSite","@id":"https:\/\/babylove.se\/no\/#website","url":"https:\/\/babylove.se\/no\/","name":"Babylove Norska","description":"","potentialAction":[{"@type":"SearchAction","target":{"@type":"EntryPoint","urlTemplate":"https:\/\/babylove.se\/no\/?s={search_term_string}"},"query-input":{"@type":"PropertyValueSpecification","valueRequired":true,"valueName":"search_term_string"}}],"inLanguage":"nb-NO"}]},"product_brand":"Konges Sl\u00c3\u00b8jd","og_availability":"out of stock","product_availability":"out of stock","product_retailer_item_id":"KS100417Mizumi1-2\u00e5r","product_condition":"new"},"_links":{"self":[{"href":"https:\/\/babylove.se\/no\/wp-json\/wp\/v2\/product\/57933","targetHints":{"allow":["GET"]}}],"collection":[{"href":"https:\/\/babylove.se\/no\/wp-json\/wp\/v2\/product"}],"about":[{"href":"https:\/\/babylove.se\/no\/wp-json\/wp\/v2\/types\/product"}],"replies":[{"embeddable":true,"href":"https:\/\/babylove.se\/no\/wp-json\/wp\/v2\/comments?post=57933"}],"wp:featuredmedia":[{"embeddable":true,"href":"https:\/\/babylove.se\/no\/wp-json\/wp\/v2\/media\/57935"}],"wp:attachment":[{"href":"https:\/\/babylove.se\/no\/wp-json\/wp\/v2\/media?parent=57933"}],"wp:term":[{"taxonomy":"product_brand","embeddable":true,"href":"https:\/\/babylove.se\/no\/wp-json\/wp\/v2\/product_brand?post=57933"},{"taxonomy":"product_cat","embeddable":true,"href":"https:\/\/babylove.se\/no\/wp-json\/wp\/v2\/product_cat?post=57933"},{"taxonomy":"product_tag","embeddable":true,"href":"https:\/\/babylove.se\/no\/wp-json\/wp\/v2\/product_tag?post=57933"}],"curies":[{"name":"wp","href":"https:\/\/api.w.org\/{rel}","templated":true}]}}