{"id":57973,"date":"2025-07-19T15:06:29","date_gmt":"2025-07-19T14:06:29","guid":{"rendered":"https:\/\/babylove.se\/produkt\/vaxasang-juniorsang-happy-vit\/"},"modified":"2026-04-08T14:04:47","modified_gmt":"2026-04-08T13:04:47","slug":"vaxasang-juniorsang-happy-hvit","status":"publish","type":"product","link":"https:\/\/babylove.se\/no\/produkt\/vaxasang-juniorsang-happy-hvit\/","title":{"rendered":"Vokseseng juniorseng Happy, hvit"},"content":{"rendered":"<p>Her er sengen med alt i ett!<\/p>\n<p>Denne fine vokseseng f\u00f8lger barnets utvikling fra f\u00f8dsel opp til skole\u00e5rene og er en perfekt investering for deg som ikke vil trenge \u00e5 lete etter nye senger n\u00e5r barna blir st\u00f8rre.<\/p>\n<p>Gitterbarnsengen kan tilpasses etter barnets utviklingsfaser, blant annet gjennom tre niv\u00e5er p\u00e5 sengbunnen. N\u00e5r barnet er stort nok til \u00e5 klatre inn og ut av sengen selv, kan man ogs\u00e5 ta bort tre spiler. Til denne sengen kan du ogs\u00e5 kj\u00f8pe en oppbevaringskasse. Perfekt for oppbevaring av senget\u00f8y!<\/p>\n<p>Anbefalt alder 0-7 \u00e5r.<\/p>\n<p>Utviklet i henhold til europeiske sikkerhetsnormer og standard EN716.&nbsp;<\/p>\n<p><strong>Tilvalg<\/strong>:<\/p>\n<ul>\n<li>Oppbevaringskasse: velg mellom uten eller med<\/li>\n<\/ul>\n<p><strong>M\u00e5l<\/strong>:<\/p>\n<ul>\n<li>Madrassm\u00e5l 140 x 70 cm<\/li>\n<li>Totalm\u00e5l gitterbarneseng 144 x 77 x 91 cm&nbsp;<\/li>\n<li>Totalm\u00e5l juniorseng 144 x 77 x 73 cm&nbsp;<\/li>\n<li>H\u00f8yde sengbunn gitterbarneseng ca 28 cm, 40 cm og 56 cm fra gulvet<\/li>\n<li>H\u00f8yde sengbunn juniorseng 27 cm fra gulvet<\/li>\n<li>Oppbevaringskasse 139 x 71 x 17 cm&nbsp;<\/li>\n<li>Madrass inng\u00e5r ikke, men ta gjerne en titt i v\u00e5rt store madrassutvalg. Vi anbefaler en skummadrass med tykkelse p\u00e5 maks 10 cm.<\/li>\n<\/ul>\n<p><strong>Materiale<\/strong>: Furu og MDF. \u00d8kologisk h\u00f8stet virke.<\/p>\n<p><em><em><em><em><em>Obs! Sengen leveres umontert og b\u00f8r settes sammen i rommet den skal brukes i.<\/em><\/em><\/em><\/em><\/em><\/p>\n","protected":false},"excerpt":{"rendered":"<p>Her er sengen med alt i ett! Denne fine vokseseng f\u00f8lger barnets utvikling fra f\u00f8dsel opp til skole\u00e5rene og er en perfekt investering for deg som ikke vil trenge \u00e5 lete etter nye senger n\u00e5r barna blir st\u00f8rre. Gitterbarnsengen kan tilpasses etter barnets utviklingsfaser, blant annet gjennom tre niv\u00e5er p\u00e5 sengbunnen. N\u00e5r barnet er stort [&hellip;]<\/p>\n","protected":false},"featured_media":57975,"comment_status":"closed","ping_status":"open","template":"","meta":{"_acf_changed":false},"product_brand":[1590],"product_cat":[269,40,1591],"product_tag":[1689],"class_list":{"0":"post-57973","1":"product","2":"type-product","3":"status-publish","4":"has-post-thumbnail","6":"product_brand-woodies","7":"product_cat-juniorsenger","8":"product_cat-soverom-barn","9":"product_cat-woodies","10":"product_tag-bestillingsvaror","11":"pa_forvaringslada-med","12":"pa_forvaringslada-utan","14":"first","15":"instock","16":"taxable","17":"shipping-taxable","18":"purchasable","19":"product-type-variable"},"acf":[],"yoast_head":"<!-- This site is optimized with the Yoast SEO Premium plugin v25.8 (Yoast SEO v27.2) - https:\/\/yoast.com\/product\/yoast-seo-premium-wordpress\/ -->\n<title>Vokseseng juniorseng Happy, hvit - Babylove Norska<\/title>\n<meta name=\"robots\" content=\"noindex, follow, max-snippet:-1, max-image-preview:large, max-video-preview:-1\" \/>\n<meta property=\"og:locale\" content=\"nb_NO\" \/>\n<meta property=\"og:type\" content=\"article\" \/>\n<meta property=\"og:title\" content=\"Vokseseng juniorseng Happy, hvit\" \/>\n<meta property=\"og:description\" content=\"Her er sengen med alt i ett! Denne fine vokseseng f\u00f8lger barnets utvikling fra f\u00f8dsel opp til skole\u00e5rene og er en perfekt investering for deg som ikke vil trenge \u00e5 lete etter nye senger n\u00e5r barna blir st\u00f8rre. Gitterbarnsengen kan tilpasses etter barnets utviklingsfaser, blant annet gjennom tre niv\u00e5er p\u00e5 sengbunnen. N\u00e5r barnet er stort [&hellip;]\" \/>\n<meta property=\"og:url\" content=\"https:\/\/babylove.se\/no\/produkt\/vaxasang-juniorsang-happy-hvit\/\" \/>\n<meta property=\"og:site_name\" content=\"Babylove Norska\" \/>\n<meta property=\"article:modified_time\" content=\"2026-04-08T13:04:47+00:00\" \/>\n<meta property=\"og:image\" content=\"https:\/\/babylove.se\/no\/wp-content\/uploads\/sites\/3\/2025\/07\/65b8dcb64dc95.jpeg\" \/>\n\t<meta property=\"og:image:width\" content=\"639\" \/>\n\t<meta property=\"og:image:height\" content=\"639\" \/>\n\t<meta property=\"og:image:type\" content=\"image\/jpeg\" \/>\n<meta name=\"twitter:card\" content=\"summary_large_image\" \/>\n<meta name=\"twitter:label1\" content=\"Availability\" \/>\n\t<meta name=\"twitter:data1\" content=\"In stock\" \/>\n<script type=\"application\/ld+json\" class=\"yoast-schema-graph\">{\"@context\":\"https:\/\/schema.org\",\"@graph\":[{\"@type\":\"WebPage\",\"@id\":\"https:\/\/babylove.se\/no\/produkt\/vaxasang-juniorsang-happy-hvit\/\",\"url\":\"https:\/\/babylove.se\/no\/produkt\/vaxasang-juniorsang-happy-hvit\/\",\"name\":\"Vokseseng juniorseng Happy, hvit - Babylove Norska\",\"isPartOf\":{\"@id\":\"https:\/\/babylove.se\/no\/#website\"},\"primaryImageOfPage\":{\"@id\":\"https:\/\/babylove.se\/no\/produkt\/vaxasang-juniorsang-happy-hvit\/#primaryimage\"},\"image\":{\"@id\":\"https:\/\/babylove.se\/no\/produkt\/vaxasang-juniorsang-happy-hvit\/#primaryimage\"},\"thumbnailUrl\":\"https:\/\/babylove.se\/no\/wp-content\/uploads\/sites\/3\/2025\/07\/65b8dcb64dc95.jpeg\",\"datePublished\":\"2025-07-19T14:06:29+00:00\",\"dateModified\":\"2026-04-08T13:04:47+00:00\",\"breadcrumb\":{\"@id\":\"https:\/\/babylove.se\/no\/produkt\/vaxasang-juniorsang-happy-hvit\/#breadcrumb\"},\"inLanguage\":\"nb-NO\",\"potentialAction\":[{\"@type\":\"ReadAction\",\"target\":[\"https:\/\/babylove.se\/no\/produkt\/vaxasang-juniorsang-happy-hvit\/\"]}]},{\"@type\":\"ImageObject\",\"inLanguage\":\"nb-NO\",\"@id\":\"https:\/\/babylove.se\/no\/produkt\/vaxasang-juniorsang-happy-hvit\/#primaryimage\",\"url\":\"https:\/\/babylove.se\/no\/wp-content\/uploads\/sites\/3\/2025\/07\/65b8dcb64dc95.jpeg\",\"contentUrl\":\"https:\/\/babylove.se\/no\/wp-content\/uploads\/sites\/3\/2025\/07\/65b8dcb64dc95.jpeg\",\"width\":639,\"height\":639},{\"@type\":\"BreadcrumbList\",\"@id\":\"https:\/\/babylove.se\/no\/produkt\/vaxasang-juniorsang-happy-hvit\/#breadcrumb\",\"itemListElement\":[{\"@type\":\"ListItem\",\"position\":1,\"name\":\"Hem\",\"item\":\"https:\/\/babylove.se\/no\/\"},{\"@type\":\"ListItem\",\"position\":2,\"name\":\"Butik\",\"item\":\"https:\/\/babylove.se\/no\/butik\/\"},{\"@type\":\"ListItem\",\"position\":3,\"name\":\"Vokseseng juniorseng Happy, hvit\"}]},{\"@type\":\"WebSite\",\"@id\":\"https:\/\/babylove.se\/no\/#website\",\"url\":\"https:\/\/babylove.se\/no\/\",\"name\":\"Babylove Norska\",\"description\":\"\",\"potentialAction\":[{\"@type\":\"SearchAction\",\"target\":{\"@type\":\"EntryPoint\",\"urlTemplate\":\"https:\/\/babylove.se\/no\/?s={search_term_string}\"},\"query-input\":{\"@type\":\"PropertyValueSpecification\",\"valueRequired\":true,\"valueName\":\"search_term_string\"}}],\"inLanguage\":\"nb-NO\"}]}<\/script>\n<meta property=\"product:brand\" content=\"Woodies\" \/>\n<meta property=\"og:availability\" content=\"instock\" \/>\n<meta property=\"product:availability\" content=\"instock\" \/>\n<meta property=\"product:retailer_item_id\" content=\"W-HAM-CB-WH\" \/>\n<meta property=\"product:condition\" content=\"new\" \/>\n<!-- \/ Yoast SEO Premium plugin. -->","yoast_head_json":{"title":"Vokseseng juniorseng Happy, hvit - Babylove Norska","robots":{"index":"noindex","follow":"follow","max-snippet":"max-snippet:-1","max-image-preview":"max-image-preview:large","max-video-preview":"max-video-preview:-1"},"og_locale":"nb_NO","og_type":"article","og_title":"Vokseseng juniorseng Happy, hvit","og_description":"Her er sengen med alt i ett! Denne fine vokseseng f\u00f8lger barnets utvikling fra f\u00f8dsel opp til skole\u00e5rene og er en perfekt investering for deg som ikke vil trenge \u00e5 lete etter nye senger n\u00e5r barna blir st\u00f8rre. Gitterbarnsengen kan tilpasses etter barnets utviklingsfaser, blant annet gjennom tre niv\u00e5er p\u00e5 sengbunnen. N\u00e5r barnet er stort [&hellip;]","og_url":"https:\/\/babylove.se\/no\/produkt\/vaxasang-juniorsang-happy-hvit\/","og_site_name":"Babylove Norska","article_modified_time":"2026-04-08T13:04:47+00:00","og_image":[{"width":639,"height":639,"url":"https:\/\/babylove.se\/no\/wp-content\/uploads\/sites\/3\/2025\/07\/65b8dcb64dc95.jpeg","type":"image\/jpeg"}],"twitter_card":"summary_large_image","twitter_misc":{"Availability":"In stock"},"schema":{"@context":"https:\/\/schema.org","@graph":[{"@type":"WebPage","@id":"https:\/\/babylove.se\/no\/produkt\/vaxasang-juniorsang-happy-hvit\/","url":"https:\/\/babylove.se\/no\/produkt\/vaxasang-juniorsang-happy-hvit\/","name":"Vokseseng juniorseng Happy, hvit - Babylove Norska","isPartOf":{"@id":"https:\/\/babylove.se\/no\/#website"},"primaryImageOfPage":{"@id":"https:\/\/babylove.se\/no\/produkt\/vaxasang-juniorsang-happy-hvit\/#primaryimage"},"image":{"@id":"https:\/\/babylove.se\/no\/produkt\/vaxasang-juniorsang-happy-hvit\/#primaryimage"},"thumbnailUrl":"https:\/\/babylove.se\/no\/wp-content\/uploads\/sites\/3\/2025\/07\/65b8dcb64dc95.jpeg","datePublished":"2025-07-19T14:06:29+00:00","dateModified":"2026-04-08T13:04:47+00:00","breadcrumb":{"@id":"https:\/\/babylove.se\/no\/produkt\/vaxasang-juniorsang-happy-hvit\/#breadcrumb"},"inLanguage":"nb-NO","potentialAction":[{"@type":"ReadAction","target":["https:\/\/babylove.se\/no\/produkt\/vaxasang-juniorsang-happy-hvit\/"]}]},{"@type":"ImageObject","inLanguage":"nb-NO","@id":"https:\/\/babylove.se\/no\/produkt\/vaxasang-juniorsang-happy-hvit\/#primaryimage","url":"https:\/\/babylove.se\/no\/wp-content\/uploads\/sites\/3\/2025\/07\/65b8dcb64dc95.jpeg","contentUrl":"https:\/\/babylove.se\/no\/wp-content\/uploads\/sites\/3\/2025\/07\/65b8dcb64dc95.jpeg","width":639,"height":639},{"@type":"BreadcrumbList","@id":"https:\/\/babylove.se\/no\/produkt\/vaxasang-juniorsang-happy-hvit\/#breadcrumb","itemListElement":[{"@type":"ListItem","position":1,"name":"Hem","item":"https:\/\/babylove.se\/no\/"},{"@type":"ListItem","position":2,"name":"Butik","item":"https:\/\/babylove.se\/no\/butik\/"},{"@type":"ListItem","position":3,"name":"Vokseseng juniorseng Happy, hvit"}]},{"@type":"WebSite","@id":"https:\/\/babylove.se\/no\/#website","url":"https:\/\/babylove.se\/no\/","name":"Babylove Norska","description":"","potentialAction":[{"@type":"SearchAction","target":{"@type":"EntryPoint","urlTemplate":"https:\/\/babylove.se\/no\/?s={search_term_string}"},"query-input":{"@type":"PropertyValueSpecification","valueRequired":true,"valueName":"search_term_string"}}],"inLanguage":"nb-NO"}]},"product_brand":"Woodies","og_availability":"instock","product_availability":"instock","product_retailer_item_id":"W-HAM-CB-WH","product_condition":"new"},"_links":{"self":[{"href":"https:\/\/babylove.se\/no\/wp-json\/wp\/v2\/product\/57973","targetHints":{"allow":["GET"]}}],"collection":[{"href":"https:\/\/babylove.se\/no\/wp-json\/wp\/v2\/product"}],"about":[{"href":"https:\/\/babylove.se\/no\/wp-json\/wp\/v2\/types\/product"}],"replies":[{"embeddable":true,"href":"https:\/\/babylove.se\/no\/wp-json\/wp\/v2\/comments?post=57973"}],"wp:featuredmedia":[{"embeddable":true,"href":"https:\/\/babylove.se\/no\/wp-json\/wp\/v2\/media\/57975"}],"wp:attachment":[{"href":"https:\/\/babylove.se\/no\/wp-json\/wp\/v2\/media?parent=57973"}],"wp:term":[{"taxonomy":"product_brand","embeddable":true,"href":"https:\/\/babylove.se\/no\/wp-json\/wp\/v2\/product_brand?post=57973"},{"taxonomy":"product_cat","embeddable":true,"href":"https:\/\/babylove.se\/no\/wp-json\/wp\/v2\/product_cat?post=57973"},{"taxonomy":"product_tag","embeddable":true,"href":"https:\/\/babylove.se\/no\/wp-json\/wp\/v2\/product_tag?post=57973"}],"curies":[{"name":"wp","href":"https:\/\/api.w.org\/{rel}","templated":true}]}}