{"id":5799,"date":"2025-07-18T20:31:48","date_gmt":"2025-07-18T19:31:48","guid":{"rendered":"https:\/\/babylove.se\/produkt\/theodor-i-bilen-draghund-traleksak-ella-frederik\/"},"modified":"2026-04-08T08:21:39","modified_gmt":"2026-04-08T07:21:39","slug":"theodor-i-bilen-draghund-traleksak-ella-frederik","status":"publish","type":"product","link":"https:\/\/babylove.se\/no\/produkt\/theodor-i-bilen-draghund-traleksak-ella-frederik\/","title":{"rendered":"Theodor i bilen, draghund treleke, Ella &#038; Frederik"},"content":{"rendered":"<p><strong>Theodor i bilen, dragleksak i tre, Ella &#038; Frederik<\/strong><\/p>\n<p>En fantastisk fin og flott treleke fra Ella &#038; Frederik, i form av en mus som f\u00f8lger med n\u00e5r barnet drar den over gulvet.<\/p>\n<p>Theodor heter den fine musen og kommer raskt til \u00e5 bli ditt barns favorittkamerat.<\/p>\n<p>Denne leken produseres i Europa i henhold til strenge normer og av h\u00f8yeste kvalitet. Lekene er trygge for barna og kan derfor brukes allerede fra tidlig alder, eller hvorfor ikke bare som en fin dekorasjon til barnerommet.<\/p>\n<p>Dragleken anbefales likevel fra tre \u00e5rs alder.<\/p>\n<p><strong>St\u00f8rrelse<\/strong>: B 10cm H13cm D14cm<\/p>\n<p>Designer: <a href=\"https:\/\/babylove.se\/varumarken\/ella-frederik\"><u>Ella &#038; Frederik<\/u><\/a><\/p>\n","protected":false},"excerpt":{"rendered":"<p>Theodor i bilen, dragleksak i tre, Ella &#038; Frederik En fantastisk fin og flott treleke fra Ella &#038; Frederik, i form av en mus som f\u00f8lger med n\u00e5r barnet drar den over gulvet. Theodor heter den fine musen og kommer raskt til \u00e5 bli ditt barns favorittkamerat. Denne leken produseres i Europa i henhold til [&hellip;]<\/p>\n","protected":false},"featured_media":5801,"comment_status":"closed","ping_status":"open","template":"","meta":{"_acf_changed":false},"product_brand":[317],"product_cat":[318,68,48,112],"product_tag":[],"class_list":{"0":"post-5799","1":"product","2":"type-product","3":"status-publish","4":"has-post-thumbnail","6":"product_brand-ella-frederik","7":"product_cat-ella-frederik","8":"product_cat-leker","9":"product_cat-startside","10":"product_cat-treleker","12":"first","13":"outofstock","14":"taxable","15":"shipping-taxable","16":"purchasable","17":"product-type-simple"},"acf":[],"yoast_head":"<!-- This site is optimized with the Yoast SEO Premium plugin v25.8 (Yoast SEO v27.2) - https:\/\/yoast.com\/product\/yoast-seo-premium-wordpress\/ -->\n<title>Theodor i bilen, draghund treleke, Ella &amp; Frederik - Babylove Norska<\/title>\n<meta name=\"robots\" content=\"noindex, follow, max-snippet:-1, max-image-preview:large, max-video-preview:-1\" \/>\n<meta property=\"og:locale\" content=\"nb_NO\" \/>\n<meta property=\"og:type\" content=\"article\" \/>\n<meta property=\"og:title\" content=\"Theodor i bilen, draghund treleke, Ella &amp; Frederik\" \/>\n<meta property=\"og:description\" content=\"Theodor i bilen, dragleksak i tre, Ella &#038; Frederik En fantastisk fin og flott treleke fra Ella &#038; Frederik, i form av en mus som f\u00f8lger med n\u00e5r barnet drar den over gulvet. Theodor heter den fine musen og kommer raskt til \u00e5 bli ditt barns favorittkamerat. Denne leken produseres i Europa i henhold til [&hellip;]\" \/>\n<meta property=\"og:url\" content=\"https:\/\/babylove.se\/no\/produkt\/theodor-i-bilen-draghund-traleksak-ella-frederik\/\" \/>\n<meta property=\"og:site_name\" content=\"Babylove Norska\" \/>\n<meta property=\"article:modified_time\" content=\"2026-04-08T07:21:39+00:00\" \/>\n<meta property=\"og:image\" content=\"https:\/\/babylove.se\/no\/wp-content\/uploads\/sites\/3\/2025\/07\/5a82d4136e7a6.jpeg\" \/>\n\t<meta property=\"og:image:width\" content=\"330\" \/>\n\t<meta property=\"og:image:height\" content=\"472\" \/>\n\t<meta property=\"og:image:type\" content=\"image\/jpeg\" \/>\n<meta name=\"twitter:card\" content=\"summary_large_image\" \/>\n<meta name=\"twitter:label1\" content=\"Price\" \/>\n\t<meta name=\"twitter:data1\" content=\"339,00&nbsp;&#107;&#114;\" \/>\n\t<meta name=\"twitter:label2\" content=\"Availability\" \/>\n\t<meta name=\"twitter:data2\" content=\"Out of stock\" \/>\n<script type=\"application\/ld+json\" class=\"yoast-schema-graph\">{\"@context\":\"https:\/\/schema.org\",\"@graph\":[{\"@type\":\"WebPage\",\"@id\":\"https:\/\/babylove.se\/no\/produkt\/theodor-i-bilen-draghund-traleksak-ella-frederik\/\",\"url\":\"https:\/\/babylove.se\/no\/produkt\/theodor-i-bilen-draghund-traleksak-ella-frederik\/\",\"name\":\"Theodor i bilen, draghund treleke, Ella & Frederik - Babylove Norska\",\"isPartOf\":{\"@id\":\"https:\/\/babylove.se\/no\/#website\"},\"primaryImageOfPage\":{\"@id\":\"https:\/\/babylove.se\/no\/produkt\/theodor-i-bilen-draghund-traleksak-ella-frederik\/#primaryimage\"},\"image\":{\"@id\":\"https:\/\/babylove.se\/no\/produkt\/theodor-i-bilen-draghund-traleksak-ella-frederik\/#primaryimage\"},\"thumbnailUrl\":\"https:\/\/babylove.se\/no\/wp-content\/uploads\/sites\/3\/2025\/07\/5a82d4136e7a6.jpeg\",\"datePublished\":\"2025-07-18T19:31:48+00:00\",\"dateModified\":\"2026-04-08T07:21:39+00:00\",\"breadcrumb\":{\"@id\":\"https:\/\/babylove.se\/no\/produkt\/theodor-i-bilen-draghund-traleksak-ella-frederik\/#breadcrumb\"},\"inLanguage\":\"nb-NO\",\"potentialAction\":[{\"@type\":\"ReadAction\",\"target\":[\"https:\/\/babylove.se\/no\/produkt\/theodor-i-bilen-draghund-traleksak-ella-frederik\/\"]}]},{\"@type\":\"ImageObject\",\"inLanguage\":\"nb-NO\",\"@id\":\"https:\/\/babylove.se\/no\/produkt\/theodor-i-bilen-draghund-traleksak-ella-frederik\/#primaryimage\",\"url\":\"https:\/\/babylove.se\/no\/wp-content\/uploads\/sites\/3\/2025\/07\/5a82d4136e7a6.jpeg\",\"contentUrl\":\"https:\/\/babylove.se\/no\/wp-content\/uploads\/sites\/3\/2025\/07\/5a82d4136e7a6.jpeg\",\"width\":330,\"height\":472},{\"@type\":\"BreadcrumbList\",\"@id\":\"https:\/\/babylove.se\/no\/produkt\/theodor-i-bilen-draghund-traleksak-ella-frederik\/#breadcrumb\",\"itemListElement\":[{\"@type\":\"ListItem\",\"position\":1,\"name\":\"Hem\",\"item\":\"https:\/\/babylove.se\/no\/\"},{\"@type\":\"ListItem\",\"position\":2,\"name\":\"Butik\",\"item\":\"https:\/\/babylove.se\/no\/butik\/\"},{\"@type\":\"ListItem\",\"position\":3,\"name\":\"Theodor i bilen, draghund treleke, Ella &#038; Frederik\"}]},{\"@type\":\"WebSite\",\"@id\":\"https:\/\/babylove.se\/no\/#website\",\"url\":\"https:\/\/babylove.se\/no\/\",\"name\":\"Babylove Norska\",\"description\":\"\",\"potentialAction\":[{\"@type\":\"SearchAction\",\"target\":{\"@type\":\"EntryPoint\",\"urlTemplate\":\"https:\/\/babylove.se\/no\/?s={search_term_string}\"},\"query-input\":{\"@type\":\"PropertyValueSpecification\",\"valueRequired\":true,\"valueName\":\"search_term_string\"}}],\"inLanguage\":\"nb-NO\"}]}<\/script>\n<meta property=\"product:brand\" content=\"Ella &amp; Frederik\" \/>\n<meta property=\"product:price:amount\" content=\"339.00\" \/>\n<meta property=\"product:price:currency\" content=\"SEK\" \/>\n<meta property=\"og:availability\" content=\"out of stock\" \/>\n<meta property=\"product:availability\" content=\"out of stock\" \/>\n<meta property=\"product:retailer_item_id\" content=\"1763\" \/>\n<meta property=\"product:condition\" content=\"new\" \/>\n<!-- \/ Yoast SEO Premium plugin. -->","yoast_head_json":{"title":"Theodor i bilen, draghund treleke, Ella & Frederik - Babylove Norska","robots":{"index":"noindex","follow":"follow","max-snippet":"max-snippet:-1","max-image-preview":"max-image-preview:large","max-video-preview":"max-video-preview:-1"},"og_locale":"nb_NO","og_type":"article","og_title":"Theodor i bilen, draghund treleke, Ella & Frederik","og_description":"Theodor i bilen, dragleksak i tre, Ella &#038; Frederik En fantastisk fin og flott treleke fra Ella &#038; Frederik, i form av en mus som f\u00f8lger med n\u00e5r barnet drar den over gulvet. Theodor heter den fine musen og kommer raskt til \u00e5 bli ditt barns favorittkamerat. Denne leken produseres i Europa i henhold til [&hellip;]","og_url":"https:\/\/babylove.se\/no\/produkt\/theodor-i-bilen-draghund-traleksak-ella-frederik\/","og_site_name":"Babylove Norska","article_modified_time":"2026-04-08T07:21:39+00:00","og_image":[{"width":330,"height":472,"url":"https:\/\/babylove.se\/no\/wp-content\/uploads\/sites\/3\/2025\/07\/5a82d4136e7a6.jpeg","type":"image\/jpeg"}],"twitter_card":"summary_large_image","twitter_misc":{"Price":"339,00&nbsp;&#107;&#114;","Availability":"Out of stock"},"schema":{"@context":"https:\/\/schema.org","@graph":[{"@type":"WebPage","@id":"https:\/\/babylove.se\/no\/produkt\/theodor-i-bilen-draghund-traleksak-ella-frederik\/","url":"https:\/\/babylove.se\/no\/produkt\/theodor-i-bilen-draghund-traleksak-ella-frederik\/","name":"Theodor i bilen, draghund treleke, Ella & Frederik - Babylove Norska","isPartOf":{"@id":"https:\/\/babylove.se\/no\/#website"},"primaryImageOfPage":{"@id":"https:\/\/babylove.se\/no\/produkt\/theodor-i-bilen-draghund-traleksak-ella-frederik\/#primaryimage"},"image":{"@id":"https:\/\/babylove.se\/no\/produkt\/theodor-i-bilen-draghund-traleksak-ella-frederik\/#primaryimage"},"thumbnailUrl":"https:\/\/babylove.se\/no\/wp-content\/uploads\/sites\/3\/2025\/07\/5a82d4136e7a6.jpeg","datePublished":"2025-07-18T19:31:48+00:00","dateModified":"2026-04-08T07:21:39+00:00","breadcrumb":{"@id":"https:\/\/babylove.se\/no\/produkt\/theodor-i-bilen-draghund-traleksak-ella-frederik\/#breadcrumb"},"inLanguage":"nb-NO","potentialAction":[{"@type":"ReadAction","target":["https:\/\/babylove.se\/no\/produkt\/theodor-i-bilen-draghund-traleksak-ella-frederik\/"]}]},{"@type":"ImageObject","inLanguage":"nb-NO","@id":"https:\/\/babylove.se\/no\/produkt\/theodor-i-bilen-draghund-traleksak-ella-frederik\/#primaryimage","url":"https:\/\/babylove.se\/no\/wp-content\/uploads\/sites\/3\/2025\/07\/5a82d4136e7a6.jpeg","contentUrl":"https:\/\/babylove.se\/no\/wp-content\/uploads\/sites\/3\/2025\/07\/5a82d4136e7a6.jpeg","width":330,"height":472},{"@type":"BreadcrumbList","@id":"https:\/\/babylove.se\/no\/produkt\/theodor-i-bilen-draghund-traleksak-ella-frederik\/#breadcrumb","itemListElement":[{"@type":"ListItem","position":1,"name":"Hem","item":"https:\/\/babylove.se\/no\/"},{"@type":"ListItem","position":2,"name":"Butik","item":"https:\/\/babylove.se\/no\/butik\/"},{"@type":"ListItem","position":3,"name":"Theodor i bilen, draghund treleke, Ella &#038; Frederik"}]},{"@type":"WebSite","@id":"https:\/\/babylove.se\/no\/#website","url":"https:\/\/babylove.se\/no\/","name":"Babylove Norska","description":"","potentialAction":[{"@type":"SearchAction","target":{"@type":"EntryPoint","urlTemplate":"https:\/\/babylove.se\/no\/?s={search_term_string}"},"query-input":{"@type":"PropertyValueSpecification","valueRequired":true,"valueName":"search_term_string"}}],"inLanguage":"nb-NO"}]},"product_brand":"Ella &amp; Frederik","product_price_amount":"339.00","product_price_currency":"SEK","og_availability":"out of stock","product_availability":"out of stock","product_retailer_item_id":"1763","product_condition":"new"},"_links":{"self":[{"href":"https:\/\/babylove.se\/no\/wp-json\/wp\/v2\/product\/5799","targetHints":{"allow":["GET"]}}],"collection":[{"href":"https:\/\/babylove.se\/no\/wp-json\/wp\/v2\/product"}],"about":[{"href":"https:\/\/babylove.se\/no\/wp-json\/wp\/v2\/types\/product"}],"replies":[{"embeddable":true,"href":"https:\/\/babylove.se\/no\/wp-json\/wp\/v2\/comments?post=5799"}],"wp:featuredmedia":[{"embeddable":true,"href":"https:\/\/babylove.se\/no\/wp-json\/wp\/v2\/media\/5801"}],"wp:attachment":[{"href":"https:\/\/babylove.se\/no\/wp-json\/wp\/v2\/media?parent=5799"}],"wp:term":[{"taxonomy":"product_brand","embeddable":true,"href":"https:\/\/babylove.se\/no\/wp-json\/wp\/v2\/product_brand?post=5799"},{"taxonomy":"product_cat","embeddable":true,"href":"https:\/\/babylove.se\/no\/wp-json\/wp\/v2\/product_cat?post=5799"},{"taxonomy":"product_tag","embeddable":true,"href":"https:\/\/babylove.se\/no\/wp-json\/wp\/v2\/product_tag?post=5799"}],"curies":[{"name":"wp","href":"https:\/\/api.w.org\/{rel}","templated":true}]}}