{"id":58340,"date":"2025-07-19T15:11:20","date_gmt":"2025-07-19T14:11:20","guid":{"rendered":"https:\/\/babylove.se\/produkt\/jollein-lekmatta-dreamy-mouse\/"},"modified":"2026-04-08T14:07:29","modified_gmt":"2026-04-08T13:07:29","slug":"jollein-lekematte-dreamy-mouse","status":"publish","type":"product","link":"https:\/\/babylove.se\/no\/produkt\/jollein-lekematte-dreamy-mouse\/","title":{"rendered":"Jollein, lekematte Dreamy Mouse"},"content":{"rendered":"<p>S\u00f8t dobbeltsidig lekematte fra Jollein!<\/p>\n<p>Matten kan brukes p\u00e5 begge sidene og den passer for b\u00e5de spedbarn og litt st\u00f8rre barn. Den ene siden er laget av elastisk bomull med vakkert trykk og den andre siden er laget av det mykeste fleecestoffet.<\/p>\n<p><strong>M\u00e5l<\/strong>: 95 x 75 cm. Tykkelse 5 cm.<\/p>\n<p><strong>Materiale<\/strong>: 100 % OEKO-TEX bomull.<\/p>\n<p>Designer: <a href=\"https:\/\/babylove.se\/varumarken\/jollein\">Jollein<\/a><\/p>\n","protected":false},"excerpt":{"rendered":"<p>S\u00f8t dobbeltsidig lekematte fra Jollein! Matten kan brukes p\u00e5 begge sidene og den passer for b\u00e5de spedbarn og litt st\u00f8rre barn. Den ene siden er laget av elastisk bomull med vakkert trykk og den andre siden er laget av det mykeste fleecestoffet. M\u00e5l: 95 x 75 cm. Tykkelse 5 cm. Materiale: 100 % OEKO-TEX bomull. [&hellip;]<\/p>\n","protected":false},"featured_media":58342,"comment_status":"closed","ping_status":"open","template":"","meta":{"_acf_changed":false},"product_brand":[810],"product_cat":[811,52,922,135],"product_tag":[1709],"class_list":{"0":"post-58340","1":"product","2":"type-product","3":"status-publish","4":"has-post-thumbnail","6":"product_brand-jollein","7":"product_cat-jollein","8":"product_cat-lekematter","9":"product_cat-nyheter","10":"product_cat-tepper","11":"product_tag-utforsalg","13":"first","14":"instock","15":"taxable","16":"shipping-taxable","17":"purchasable","18":"product-type-simple"},"acf":[],"yoast_head":"<!-- This site is optimized with the Yoast SEO Premium plugin v25.8 (Yoast SEO v27.2) - https:\/\/yoast.com\/product\/yoast-seo-premium-wordpress\/ -->\n<title>Jollein, lekematte Dreamy Mouse - Babylove Norska<\/title>\n<meta name=\"description\" content=\"En vacker lekmatta, helt gjord i bomull f\u00f6r s\u00e5v\u00e4l sp\u00e4dbarn som lite st\u00f6rre barn. Den optimala lekmattan med fina gator och v\u00e4gar - skickas inom 24h !\" \/>\n<meta name=\"robots\" content=\"noindex, follow, max-snippet:-1, max-image-preview:large, max-video-preview:-1\" \/>\n<meta property=\"og:locale\" content=\"nb_NO\" \/>\n<meta property=\"og:type\" content=\"article\" \/>\n<meta property=\"og:title\" content=\"Jollein, lekematte Dreamy Mouse\" \/>\n<meta property=\"og:description\" content=\"En vacker lekmatta, helt gjord i bomull f\u00f6r s\u00e5v\u00e4l sp\u00e4dbarn som lite st\u00f6rre barn. Den optimala lekmattan med fina gator och v\u00e4gar - skickas inom 24h !\" \/>\n<meta property=\"og:url\" content=\"https:\/\/babylove.se\/no\/produkt\/jollein-lekematte-dreamy-mouse\/\" \/>\n<meta property=\"og:site_name\" content=\"Babylove Norska\" \/>\n<meta property=\"article:modified_time\" content=\"2026-04-08T13:07:29+00:00\" \/>\n<meta property=\"og:image\" content=\"https:\/\/babylove.se\/no\/wp-content\/uploads\/sites\/3\/2025\/07\/65c60436e23b0.jpeg\" \/>\n\t<meta property=\"og:image:width\" content=\"982\" \/>\n\t<meta property=\"og:image:height\" content=\"770\" \/>\n\t<meta property=\"og:image:type\" content=\"image\/jpeg\" \/>\n<meta name=\"twitter:card\" content=\"summary_large_image\" \/>\n<meta name=\"twitter:label1\" content=\"Price\" \/>\n\t<meta name=\"twitter:data1\" content=\"699,00&nbsp;&#107;&#114;\" \/>\n\t<meta name=\"twitter:label2\" content=\"Availability\" \/>\n\t<meta name=\"twitter:data2\" content=\"In stock\" \/>\n<script type=\"application\/ld+json\" class=\"yoast-schema-graph\">{\"@context\":\"https:\/\/schema.org\",\"@graph\":[{\"@type\":\"WebPage\",\"@id\":\"https:\/\/babylove.se\/no\/produkt\/jollein-lekematte-dreamy-mouse\/\",\"url\":\"https:\/\/babylove.se\/no\/produkt\/jollein-lekematte-dreamy-mouse\/\",\"name\":\"Jollein, lekematte Dreamy Mouse - Babylove Norska\",\"isPartOf\":{\"@id\":\"https:\/\/babylove.se\/no\/#website\"},\"primaryImageOfPage\":{\"@id\":\"https:\/\/babylove.se\/no\/produkt\/jollein-lekematte-dreamy-mouse\/#primaryimage\"},\"image\":{\"@id\":\"https:\/\/babylove.se\/no\/produkt\/jollein-lekematte-dreamy-mouse\/#primaryimage\"},\"thumbnailUrl\":\"https:\/\/babylove.se\/no\/wp-content\/uploads\/sites\/3\/2025\/07\/65c60436e23b0.jpeg\",\"datePublished\":\"2025-07-19T14:11:20+00:00\",\"dateModified\":\"2026-04-08T13:07:29+00:00\",\"description\":\"En vacker lekmatta, helt gjord i bomull f\u00f6r s\u00e5v\u00e4l sp\u00e4dbarn som lite st\u00f6rre barn. Den optimala lekmattan med fina gator och v\u00e4gar - skickas inom 24h !\",\"breadcrumb\":{\"@id\":\"https:\/\/babylove.se\/no\/produkt\/jollein-lekematte-dreamy-mouse\/#breadcrumb\"},\"inLanguage\":\"nb-NO\",\"potentialAction\":[{\"@type\":\"ReadAction\",\"target\":[\"https:\/\/babylove.se\/no\/produkt\/jollein-lekematte-dreamy-mouse\/\"]}]},{\"@type\":\"ImageObject\",\"inLanguage\":\"nb-NO\",\"@id\":\"https:\/\/babylove.se\/no\/produkt\/jollein-lekematte-dreamy-mouse\/#primaryimage\",\"url\":\"https:\/\/babylove.se\/no\/wp-content\/uploads\/sites\/3\/2025\/07\/65c60436e23b0.jpeg\",\"contentUrl\":\"https:\/\/babylove.se\/no\/wp-content\/uploads\/sites\/3\/2025\/07\/65c60436e23b0.jpeg\",\"width\":982,\"height\":770},{\"@type\":\"BreadcrumbList\",\"@id\":\"https:\/\/babylove.se\/no\/produkt\/jollein-lekematte-dreamy-mouse\/#breadcrumb\",\"itemListElement\":[{\"@type\":\"ListItem\",\"position\":1,\"name\":\"Hem\",\"item\":\"https:\/\/babylove.se\/no\/\"},{\"@type\":\"ListItem\",\"position\":2,\"name\":\"Butik\",\"item\":\"https:\/\/babylove.se\/no\/butik\/\"},{\"@type\":\"ListItem\",\"position\":3,\"name\":\"Jollein, lekematte Dreamy Mouse\"}]},{\"@type\":\"WebSite\",\"@id\":\"https:\/\/babylove.se\/no\/#website\",\"url\":\"https:\/\/babylove.se\/no\/\",\"name\":\"Babylove Norska\",\"description\":\"\",\"potentialAction\":[{\"@type\":\"SearchAction\",\"target\":{\"@type\":\"EntryPoint\",\"urlTemplate\":\"https:\/\/babylove.se\/no\/?s={search_term_string}\"},\"query-input\":{\"@type\":\"PropertyValueSpecification\",\"valueRequired\":true,\"valueName\":\"search_term_string\"}}],\"inLanguage\":\"nb-NO\"}]}<\/script>\n<meta property=\"product:brand\" content=\"Jollein\" \/>\n<meta property=\"product:price:amount\" content=\"699.00\" \/>\n<meta property=\"product:price:currency\" content=\"SEK\" \/>\n<meta property=\"og:availability\" content=\"instock\" \/>\n<meta property=\"product:availability\" content=\"instock\" \/>\n<meta property=\"product:retailer_item_id\" content=\"017-512-67056\" \/>\n<meta property=\"product:condition\" content=\"new\" \/>\n<!-- \/ Yoast SEO Premium plugin. -->","yoast_head_json":{"title":"Jollein, lekematte Dreamy Mouse - Babylove Norska","description":"En vacker lekmatta, helt gjord i bomull f\u00f6r s\u00e5v\u00e4l sp\u00e4dbarn som lite st\u00f6rre barn. Den optimala lekmattan med fina gator och v\u00e4gar - skickas inom 24h !","robots":{"index":"noindex","follow":"follow","max-snippet":"max-snippet:-1","max-image-preview":"max-image-preview:large","max-video-preview":"max-video-preview:-1"},"og_locale":"nb_NO","og_type":"article","og_title":"Jollein, lekematte Dreamy Mouse","og_description":"En vacker lekmatta, helt gjord i bomull f\u00f6r s\u00e5v\u00e4l sp\u00e4dbarn som lite st\u00f6rre barn. Den optimala lekmattan med fina gator och v\u00e4gar - skickas inom 24h !","og_url":"https:\/\/babylove.se\/no\/produkt\/jollein-lekematte-dreamy-mouse\/","og_site_name":"Babylove Norska","article_modified_time":"2026-04-08T13:07:29+00:00","og_image":[{"width":982,"height":770,"url":"https:\/\/babylove.se\/no\/wp-content\/uploads\/sites\/3\/2025\/07\/65c60436e23b0.jpeg","type":"image\/jpeg"}],"twitter_card":"summary_large_image","twitter_misc":{"Price":"699,00&nbsp;&#107;&#114;","Availability":"In stock"},"schema":{"@context":"https:\/\/schema.org","@graph":[{"@type":"WebPage","@id":"https:\/\/babylove.se\/no\/produkt\/jollein-lekematte-dreamy-mouse\/","url":"https:\/\/babylove.se\/no\/produkt\/jollein-lekematte-dreamy-mouse\/","name":"Jollein, lekematte Dreamy Mouse - Babylove Norska","isPartOf":{"@id":"https:\/\/babylove.se\/no\/#website"},"primaryImageOfPage":{"@id":"https:\/\/babylove.se\/no\/produkt\/jollein-lekematte-dreamy-mouse\/#primaryimage"},"image":{"@id":"https:\/\/babylove.se\/no\/produkt\/jollein-lekematte-dreamy-mouse\/#primaryimage"},"thumbnailUrl":"https:\/\/babylove.se\/no\/wp-content\/uploads\/sites\/3\/2025\/07\/65c60436e23b0.jpeg","datePublished":"2025-07-19T14:11:20+00:00","dateModified":"2026-04-08T13:07:29+00:00","description":"En vacker lekmatta, helt gjord i bomull f\u00f6r s\u00e5v\u00e4l sp\u00e4dbarn som lite st\u00f6rre barn. Den optimala lekmattan med fina gator och v\u00e4gar - skickas inom 24h !","breadcrumb":{"@id":"https:\/\/babylove.se\/no\/produkt\/jollein-lekematte-dreamy-mouse\/#breadcrumb"},"inLanguage":"nb-NO","potentialAction":[{"@type":"ReadAction","target":["https:\/\/babylove.se\/no\/produkt\/jollein-lekematte-dreamy-mouse\/"]}]},{"@type":"ImageObject","inLanguage":"nb-NO","@id":"https:\/\/babylove.se\/no\/produkt\/jollein-lekematte-dreamy-mouse\/#primaryimage","url":"https:\/\/babylove.se\/no\/wp-content\/uploads\/sites\/3\/2025\/07\/65c60436e23b0.jpeg","contentUrl":"https:\/\/babylove.se\/no\/wp-content\/uploads\/sites\/3\/2025\/07\/65c60436e23b0.jpeg","width":982,"height":770},{"@type":"BreadcrumbList","@id":"https:\/\/babylove.se\/no\/produkt\/jollein-lekematte-dreamy-mouse\/#breadcrumb","itemListElement":[{"@type":"ListItem","position":1,"name":"Hem","item":"https:\/\/babylove.se\/no\/"},{"@type":"ListItem","position":2,"name":"Butik","item":"https:\/\/babylove.se\/no\/butik\/"},{"@type":"ListItem","position":3,"name":"Jollein, lekematte Dreamy Mouse"}]},{"@type":"WebSite","@id":"https:\/\/babylove.se\/no\/#website","url":"https:\/\/babylove.se\/no\/","name":"Babylove Norska","description":"","potentialAction":[{"@type":"SearchAction","target":{"@type":"EntryPoint","urlTemplate":"https:\/\/babylove.se\/no\/?s={search_term_string}"},"query-input":{"@type":"PropertyValueSpecification","valueRequired":true,"valueName":"search_term_string"}}],"inLanguage":"nb-NO"}]},"product_brand":"Jollein","product_price_amount":"699.00","product_price_currency":"SEK","og_availability":"instock","product_availability":"instock","product_retailer_item_id":"017-512-67056","product_condition":"new"},"_links":{"self":[{"href":"https:\/\/babylove.se\/no\/wp-json\/wp\/v2\/product\/58340","targetHints":{"allow":["GET"]}}],"collection":[{"href":"https:\/\/babylove.se\/no\/wp-json\/wp\/v2\/product"}],"about":[{"href":"https:\/\/babylove.se\/no\/wp-json\/wp\/v2\/types\/product"}],"replies":[{"embeddable":true,"href":"https:\/\/babylove.se\/no\/wp-json\/wp\/v2\/comments?post=58340"}],"wp:featuredmedia":[{"embeddable":true,"href":"https:\/\/babylove.se\/no\/wp-json\/wp\/v2\/media\/58342"}],"wp:attachment":[{"href":"https:\/\/babylove.se\/no\/wp-json\/wp\/v2\/media?parent=58340"}],"wp:term":[{"taxonomy":"product_brand","embeddable":true,"href":"https:\/\/babylove.se\/no\/wp-json\/wp\/v2\/product_brand?post=58340"},{"taxonomy":"product_cat","embeddable":true,"href":"https:\/\/babylove.se\/no\/wp-json\/wp\/v2\/product_cat?post=58340"},{"taxonomy":"product_tag","embeddable":true,"href":"https:\/\/babylove.se\/no\/wp-json\/wp\/v2\/product_tag?post=58340"}],"curies":[{"name":"wp","href":"https:\/\/api.w.org\/{rel}","templated":true}]}}