{"id":58352,"date":"2025-07-19T15:11:39","date_gmt":"2025-07-19T14:11:39","guid":{"rendered":"https:\/\/babylove.se\/produkt\/jabadabado-figurer-till-babygym-teddy-bunny-beige\/"},"modified":"2026-04-08T14:07:35","modified_gmt":"2026-04-08T13:07:35","slug":"jabadabado-figurer-til-babygym-teddy-bunny-beige","status":"publish","type":"product","link":"https:\/\/babylove.se\/no\/produkt\/jabadabado-figurer-til-babygym-teddy-bunny-beige\/","title":{"rendered":"JaBaDaBaDo, figurer til babygymnastikk Teddy &#038; Bunny, beige"},"content":{"rendered":"<p>Bed\u00e5rende figurer til babygym fra svenske JaBaDaBaDo! <\/p>\n<p>Figursettet best\u00e5r av en bamse, en stjerne og en kanin. Kaninen har en skramle med dempet lyd og stjernen spiller den klassiske melodien <em>Brahm Lallaby. <\/em> <\/p>\n<p>Figurenes farger og m\u00f8nstre vil utvikle ditt barns sanser og motorikk i l\u00f8pet av de f\u00f8rste m\u00e5nedene. <\/p>\n<p>Du henger figurene p\u00e5 alle slags babygym som kj\u00f8pes separat. De festes enkelt der man \u00f8nsker ved hjelp av borrel\u00e5s. <\/p>\n<p><strong>M\u00e5l<\/strong>: 30 cm <\/p>\n<p><strong>Material<\/strong>: Muslinvevd bomull. Fyll: polyester. <\/p>\n<p>Designer: <a href=\"https:\/\/babylove.se\/varumarken\/jabadabado\">JaBaDaBaDo<\/a> <\/p>\n<p><em>Obs! Babygym er ikke inkludert!<\/em><\/p>\n","protected":false},"excerpt":{"rendered":"<p>Bed\u00e5rende figurer til babygym fra svenske JaBaDaBaDo! Figursettet best\u00e5r av en bamse, en stjerne og en kanin. Kaninen har en skramle med dempet lyd og stjernen spiller den klassiske melodien Brahm Lallaby. Figurenes farger og m\u00f8nstre vil utvikle ditt barns sanser og motorikk i l\u00f8pet av de f\u00f8rste m\u00e5nedene. Du henger figurene p\u00e5 alle slags [&hellip;]<\/p>\n","protected":false},"featured_media":58354,"comment_status":"closed","ping_status":"closed","template":"","meta":{"_acf_changed":false},"product_brand":[273],"product_cat":[1773,274],"product_tag":[],"class_list":{"0":"post-58352","1":"product","2":"type-product","3":"status-publish","4":"has-post-thumbnail","6":"product_brand-jabadabado","7":"product_cat-babyleker","8":"product_cat-jabadabado","10":"first","11":"instock","12":"taxable","13":"shipping-taxable","14":"purchasable","15":"product-type-simple"},"acf":[],"yoast_head":"<!-- This site is optimized with the Yoast SEO Premium plugin v25.8 (Yoast SEO v27.2) - https:\/\/yoast.com\/product\/yoast-seo-premium-wordpress\/ -->\n<title>JaBaDaBaDo, figurer til babygymnastikk Teddy &amp; Bunny, beige - Babylove Norska<\/title>\n<meta name=\"robots\" content=\"noindex, follow, max-snippet:-1, max-image-preview:large, max-video-preview:-1\" \/>\n<meta property=\"og:locale\" content=\"nb_NO\" \/>\n<meta property=\"og:type\" content=\"article\" \/>\n<meta property=\"og:title\" content=\"JaBaDaBaDo, figurer til babygymnastikk Teddy &amp; Bunny, beige\" \/>\n<meta property=\"og:description\" content=\"Bed\u00e5rende figurer til babygym fra svenske JaBaDaBaDo! Figursettet best\u00e5r av en bamse, en stjerne og en kanin. Kaninen har en skramle med dempet lyd og stjernen spiller den klassiske melodien Brahm Lallaby. Figurenes farger og m\u00f8nstre vil utvikle ditt barns sanser og motorikk i l\u00f8pet av de f\u00f8rste m\u00e5nedene. Du henger figurene p\u00e5 alle slags [&hellip;]\" \/>\n<meta property=\"og:url\" content=\"https:\/\/babylove.se\/no\/produkt\/jabadabado-figurer-til-babygym-teddy-bunny-beige\/\" \/>\n<meta property=\"og:site_name\" content=\"Babylove Norska\" \/>\n<meta property=\"article:modified_time\" content=\"2026-04-08T13:07:35+00:00\" \/>\n<meta property=\"og:image\" content=\"https:\/\/babylove.se\/no\/wp-content\/uploads\/sites\/3\/2025\/07\/65cb3381de4b9.jpeg\" \/>\n\t<meta property=\"og:image:width\" content=\"1134\" \/>\n\t<meta property=\"og:image:height\" content=\"850\" \/>\n\t<meta property=\"og:image:type\" content=\"image\/jpeg\" \/>\n<meta name=\"twitter:card\" content=\"summary_large_image\" \/>\n<meta name=\"twitter:label1\" content=\"Price\" \/>\n\t<meta name=\"twitter:data1\" content=\"299,00&nbsp;&#107;&#114;\" \/>\n\t<meta name=\"twitter:label2\" content=\"Availability\" \/>\n\t<meta name=\"twitter:data2\" content=\"In stock\" \/>\n<script type=\"application\/ld+json\" class=\"yoast-schema-graph\">{\"@context\":\"https:\/\/schema.org\",\"@graph\":[{\"@type\":\"WebPage\",\"@id\":\"https:\/\/babylove.se\/no\/produkt\/jabadabado-figurer-til-babygym-teddy-bunny-beige\/\",\"url\":\"https:\/\/babylove.se\/no\/produkt\/jabadabado-figurer-til-babygym-teddy-bunny-beige\/\",\"name\":\"JaBaDaBaDo, figurer til babygymnastikk Teddy & Bunny, beige - Babylove Norska\",\"isPartOf\":{\"@id\":\"https:\/\/babylove.se\/no\/#website\"},\"primaryImageOfPage\":{\"@id\":\"https:\/\/babylove.se\/no\/produkt\/jabadabado-figurer-til-babygym-teddy-bunny-beige\/#primaryimage\"},\"image\":{\"@id\":\"https:\/\/babylove.se\/no\/produkt\/jabadabado-figurer-til-babygym-teddy-bunny-beige\/#primaryimage\"},\"thumbnailUrl\":\"https:\/\/babylove.se\/no\/wp-content\/uploads\/sites\/3\/2025\/07\/65cb3381de4b9.jpeg\",\"datePublished\":\"2025-07-19T14:11:39+00:00\",\"dateModified\":\"2026-04-08T13:07:35+00:00\",\"breadcrumb\":{\"@id\":\"https:\/\/babylove.se\/no\/produkt\/jabadabado-figurer-til-babygym-teddy-bunny-beige\/#breadcrumb\"},\"inLanguage\":\"nb-NO\",\"potentialAction\":[{\"@type\":\"ReadAction\",\"target\":[\"https:\/\/babylove.se\/no\/produkt\/jabadabado-figurer-til-babygym-teddy-bunny-beige\/\"]}]},{\"@type\":\"ImageObject\",\"inLanguage\":\"nb-NO\",\"@id\":\"https:\/\/babylove.se\/no\/produkt\/jabadabado-figurer-til-babygym-teddy-bunny-beige\/#primaryimage\",\"url\":\"https:\/\/babylove.se\/no\/wp-content\/uploads\/sites\/3\/2025\/07\/65cb3381de4b9.jpeg\",\"contentUrl\":\"https:\/\/babylove.se\/no\/wp-content\/uploads\/sites\/3\/2025\/07\/65cb3381de4b9.jpeg\",\"width\":1134,\"height\":850},{\"@type\":\"BreadcrumbList\",\"@id\":\"https:\/\/babylove.se\/no\/produkt\/jabadabado-figurer-til-babygym-teddy-bunny-beige\/#breadcrumb\",\"itemListElement\":[{\"@type\":\"ListItem\",\"position\":1,\"name\":\"Hem\",\"item\":\"https:\/\/babylove.se\/no\/\"},{\"@type\":\"ListItem\",\"position\":2,\"name\":\"Butik\",\"item\":\"https:\/\/babylove.se\/no\/butik\/\"},{\"@type\":\"ListItem\",\"position\":3,\"name\":\"JaBaDaBaDo, figurer til babygymnastikk Teddy &#038; Bunny, beige\"}]},{\"@type\":\"WebSite\",\"@id\":\"https:\/\/babylove.se\/no\/#website\",\"url\":\"https:\/\/babylove.se\/no\/\",\"name\":\"Babylove Norska\",\"description\":\"\",\"potentialAction\":[{\"@type\":\"SearchAction\",\"target\":{\"@type\":\"EntryPoint\",\"urlTemplate\":\"https:\/\/babylove.se\/no\/?s={search_term_string}\"},\"query-input\":{\"@type\":\"PropertyValueSpecification\",\"valueRequired\":true,\"valueName\":\"search_term_string\"}}],\"inLanguage\":\"nb-NO\"}]}<\/script>\n<meta property=\"product:brand\" content=\"JaBaDaBaDo\" \/>\n<meta property=\"product:price:amount\" content=\"299.00\" \/>\n<meta property=\"product:price:currency\" content=\"SEK\" \/>\n<meta property=\"og:availability\" content=\"instock\" \/>\n<meta property=\"product:availability\" content=\"instock\" \/>\n<meta property=\"product:retailer_item_id\" content=\"N0144\" \/>\n<meta property=\"product:condition\" content=\"new\" \/>\n<!-- \/ Yoast SEO Premium plugin. -->","yoast_head_json":{"title":"JaBaDaBaDo, figurer til babygymnastikk Teddy & Bunny, beige - Babylove Norska","robots":{"index":"noindex","follow":"follow","max-snippet":"max-snippet:-1","max-image-preview":"max-image-preview:large","max-video-preview":"max-video-preview:-1"},"og_locale":"nb_NO","og_type":"article","og_title":"JaBaDaBaDo, figurer til babygymnastikk Teddy & Bunny, beige","og_description":"Bed\u00e5rende figurer til babygym fra svenske JaBaDaBaDo! Figursettet best\u00e5r av en bamse, en stjerne og en kanin. Kaninen har en skramle med dempet lyd og stjernen spiller den klassiske melodien Brahm Lallaby. Figurenes farger og m\u00f8nstre vil utvikle ditt barns sanser og motorikk i l\u00f8pet av de f\u00f8rste m\u00e5nedene. Du henger figurene p\u00e5 alle slags [&hellip;]","og_url":"https:\/\/babylove.se\/no\/produkt\/jabadabado-figurer-til-babygym-teddy-bunny-beige\/","og_site_name":"Babylove Norska","article_modified_time":"2026-04-08T13:07:35+00:00","og_image":[{"width":1134,"height":850,"url":"https:\/\/babylove.se\/no\/wp-content\/uploads\/sites\/3\/2025\/07\/65cb3381de4b9.jpeg","type":"image\/jpeg"}],"twitter_card":"summary_large_image","twitter_misc":{"Price":"299,00&nbsp;&#107;&#114;","Availability":"In stock"},"schema":{"@context":"https:\/\/schema.org","@graph":[{"@type":"WebPage","@id":"https:\/\/babylove.se\/no\/produkt\/jabadabado-figurer-til-babygym-teddy-bunny-beige\/","url":"https:\/\/babylove.se\/no\/produkt\/jabadabado-figurer-til-babygym-teddy-bunny-beige\/","name":"JaBaDaBaDo, figurer til babygymnastikk Teddy & Bunny, beige - Babylove Norska","isPartOf":{"@id":"https:\/\/babylove.se\/no\/#website"},"primaryImageOfPage":{"@id":"https:\/\/babylove.se\/no\/produkt\/jabadabado-figurer-til-babygym-teddy-bunny-beige\/#primaryimage"},"image":{"@id":"https:\/\/babylove.se\/no\/produkt\/jabadabado-figurer-til-babygym-teddy-bunny-beige\/#primaryimage"},"thumbnailUrl":"https:\/\/babylove.se\/no\/wp-content\/uploads\/sites\/3\/2025\/07\/65cb3381de4b9.jpeg","datePublished":"2025-07-19T14:11:39+00:00","dateModified":"2026-04-08T13:07:35+00:00","breadcrumb":{"@id":"https:\/\/babylove.se\/no\/produkt\/jabadabado-figurer-til-babygym-teddy-bunny-beige\/#breadcrumb"},"inLanguage":"nb-NO","potentialAction":[{"@type":"ReadAction","target":["https:\/\/babylove.se\/no\/produkt\/jabadabado-figurer-til-babygym-teddy-bunny-beige\/"]}]},{"@type":"ImageObject","inLanguage":"nb-NO","@id":"https:\/\/babylove.se\/no\/produkt\/jabadabado-figurer-til-babygym-teddy-bunny-beige\/#primaryimage","url":"https:\/\/babylove.se\/no\/wp-content\/uploads\/sites\/3\/2025\/07\/65cb3381de4b9.jpeg","contentUrl":"https:\/\/babylove.se\/no\/wp-content\/uploads\/sites\/3\/2025\/07\/65cb3381de4b9.jpeg","width":1134,"height":850},{"@type":"BreadcrumbList","@id":"https:\/\/babylove.se\/no\/produkt\/jabadabado-figurer-til-babygym-teddy-bunny-beige\/#breadcrumb","itemListElement":[{"@type":"ListItem","position":1,"name":"Hem","item":"https:\/\/babylove.se\/no\/"},{"@type":"ListItem","position":2,"name":"Butik","item":"https:\/\/babylove.se\/no\/butik\/"},{"@type":"ListItem","position":3,"name":"JaBaDaBaDo, figurer til babygymnastikk Teddy &#038; Bunny, beige"}]},{"@type":"WebSite","@id":"https:\/\/babylove.se\/no\/#website","url":"https:\/\/babylove.se\/no\/","name":"Babylove Norska","description":"","potentialAction":[{"@type":"SearchAction","target":{"@type":"EntryPoint","urlTemplate":"https:\/\/babylove.se\/no\/?s={search_term_string}"},"query-input":{"@type":"PropertyValueSpecification","valueRequired":true,"valueName":"search_term_string"}}],"inLanguage":"nb-NO"}]},"product_brand":"JaBaDaBaDo","product_price_amount":"299.00","product_price_currency":"SEK","og_availability":"instock","product_availability":"instock","product_retailer_item_id":"N0144","product_condition":"new"},"_links":{"self":[{"href":"https:\/\/babylove.se\/no\/wp-json\/wp\/v2\/product\/58352","targetHints":{"allow":["GET"]}}],"collection":[{"href":"https:\/\/babylove.se\/no\/wp-json\/wp\/v2\/product"}],"about":[{"href":"https:\/\/babylove.se\/no\/wp-json\/wp\/v2\/types\/product"}],"replies":[{"embeddable":true,"href":"https:\/\/babylove.se\/no\/wp-json\/wp\/v2\/comments?post=58352"}],"wp:featuredmedia":[{"embeddable":true,"href":"https:\/\/babylove.se\/no\/wp-json\/wp\/v2\/media\/58354"}],"wp:attachment":[{"href":"https:\/\/babylove.se\/no\/wp-json\/wp\/v2\/media?parent=58352"}],"wp:term":[{"taxonomy":"product_brand","embeddable":true,"href":"https:\/\/babylove.se\/no\/wp-json\/wp\/v2\/product_brand?post=58352"},{"taxonomy":"product_cat","embeddable":true,"href":"https:\/\/babylove.se\/no\/wp-json\/wp\/v2\/product_cat?post=58352"},{"taxonomy":"product_tag","embeddable":true,"href":"https:\/\/babylove.se\/no\/wp-json\/wp\/v2\/product_tag?post=58352"}],"curies":[{"name":"wp","href":"https:\/\/api.w.org\/{rel}","templated":true}]}}