{"id":58375,"date":"2025-07-19T15:11:53","date_gmt":"2025-07-19T14:11:53","guid":{"rendered":"https:\/\/babylove.se\/produkt\/jabadabado-fruktsallad\/"},"modified":"2026-04-08T14:07:51","modified_gmt":"2026-04-08T13:07:51","slug":"jabadabado-fruktsalat","status":"publish","type":"product","link":"https:\/\/babylove.se\/no\/produkt\/jabadabado-fruktsalat\/","title":{"rendered":"JaBaDaBaDo, fruktsalat"},"content":{"rendered":"<p>Et deilig fruktsett fra svenske JaBaDaBaDo!&nbsp;<\/p>\n<p>Perfekt for den sultne kokken som vil utvikle sin kreativitet!<\/p>\n<p>Fruktsettet inneholder f\u00f8lgende:<\/p>\n<ul>\n<li><span>1 ananasring<\/span><\/li>\n<li>1 banan<\/li>\n<li><span>1 jordb\u00e6r<\/span><\/li>\n<li>1 kiwi<\/li>\n<li><span>1 melonskive<\/span><\/li>\n<li>1 p\u00e6re<\/li>\n<li><span>1 klase druer<\/span><\/li>\n<li>1 appelsinskive<\/li>\n<li><span>1 pisket krem<\/span><\/li>\n<li>1 jordb\u00e6rsyltet\u00f8y<\/li>\n<li><span>1 str\u00f8ssel boks<\/span><\/li>\n<li>2 salatbestikk<\/li>\n<li><span>1 salatbolle<\/span><\/li>\n<\/ul>\n<p>Kombiner gjerne med andre produkter fra samme serie.<\/p>\n<p><strong>Materia<\/strong>l: Tre<\/p>\n<p>Designer: <a href=\"https:\/\/babylove.se\/varumarken\/jabadabado\">JaBaDaBaDo<\/a><\/p>\n","protected":false},"excerpt":{"rendered":"<p>Et deilig fruktsett fra svenske JaBaDaBaDo!&nbsp; Perfekt for den sultne kokken som vil utvikle sin kreativitet! Fruktsettet inneholder f\u00f8lgende: 1 ananasring 1 banan 1 jordb\u00e6r 1 kiwi 1 melonskive 1 p\u00e6re 1 klase druer 1 appelsinskive 1 pisket krem 1 jordb\u00e6rsyltet\u00f8y 1 str\u00f8ssel boks 2 salatbestikk 1 salatbolle Kombiner gjerne med andre produkter fra samme [&hellip;]<\/p>\n","protected":false},"featured_media":58377,"comment_status":"closed","ping_status":"open","template":"","meta":{"_acf_changed":false},"product_brand":[273],"product_cat":[274,1774,253,68,112],"product_tag":[],"class_list":{"0":"post-58375","1":"product","2":"type-product","3":"status-publish","4":"has-post-thumbnail","6":"product_brand-jabadabado","7":"product_cat-jabadabado","8":"product_cat-late-leker","9":"product_cat-lekemat-kjokken","10":"product_cat-leker","11":"product_cat-treleker","13":"first","14":"instock","15":"taxable","16":"shipping-taxable","17":"purchasable","18":"product-type-simple"},"acf":[],"yoast_head":"<!-- This site is optimized with the Yoast SEO Premium plugin v25.8 (Yoast SEO v27.2) - https:\/\/yoast.com\/product\/yoast-seo-premium-wordpress\/ -->\n<title>JaBaDaBaDo, fruktsalat - Babylove Norska<\/title>\n<meta name=\"robots\" content=\"noindex, follow, max-snippet:-1, max-image-preview:large, max-video-preview:-1\" \/>\n<meta property=\"og:locale\" content=\"nb_NO\" \/>\n<meta property=\"og:type\" content=\"article\" \/>\n<meta property=\"og:title\" content=\"JaBaDaBaDo, fruktsalat\" \/>\n<meta property=\"og:description\" content=\"Et deilig fruktsett fra svenske JaBaDaBaDo!&nbsp; Perfekt for den sultne kokken som vil utvikle sin kreativitet! Fruktsettet inneholder f\u00f8lgende: 1 ananasring 1 banan 1 jordb\u00e6r 1 kiwi 1 melonskive 1 p\u00e6re 1 klase druer 1 appelsinskive 1 pisket krem 1 jordb\u00e6rsyltet\u00f8y 1 str\u00f8ssel boks 2 salatbestikk 1 salatbolle Kombiner gjerne med andre produkter fra samme [&hellip;]\" \/>\n<meta property=\"og:url\" content=\"https:\/\/babylove.se\/no\/produkt\/jabadabado-fruktsalat\/\" \/>\n<meta property=\"og:site_name\" content=\"Babylove Norska\" \/>\n<meta property=\"article:modified_time\" content=\"2026-04-08T13:07:51+00:00\" \/>\n<meta property=\"og:image\" content=\"https:\/\/babylove.se\/no\/wp-content\/uploads\/sites\/3\/2025\/07\/65cb40f813439.jpeg\" \/>\n\t<meta property=\"og:image:width\" content=\"885\" \/>\n\t<meta property=\"og:image:height\" content=\"647\" \/>\n\t<meta property=\"og:image:type\" content=\"image\/jpeg\" \/>\n<meta name=\"twitter:card\" content=\"summary_large_image\" \/>\n<meta name=\"twitter:label1\" content=\"Price\" \/>\n\t<meta name=\"twitter:data1\" content=\"269,00&nbsp;&#107;&#114;\" \/>\n\t<meta name=\"twitter:label2\" content=\"Availability\" \/>\n\t<meta name=\"twitter:data2\" content=\"In stock\" \/>\n<script type=\"application\/ld+json\" class=\"yoast-schema-graph\">{\"@context\":\"https:\/\/schema.org\",\"@graph\":[{\"@type\":\"WebPage\",\"@id\":\"https:\/\/babylove.se\/no\/produkt\/jabadabado-fruktsalat\/\",\"url\":\"https:\/\/babylove.se\/no\/produkt\/jabadabado-fruktsalat\/\",\"name\":\"JaBaDaBaDo, fruktsalat - Babylove Norska\",\"isPartOf\":{\"@id\":\"https:\/\/babylove.se\/no\/#website\"},\"primaryImageOfPage\":{\"@id\":\"https:\/\/babylove.se\/no\/produkt\/jabadabado-fruktsalat\/#primaryimage\"},\"image\":{\"@id\":\"https:\/\/babylove.se\/no\/produkt\/jabadabado-fruktsalat\/#primaryimage\"},\"thumbnailUrl\":\"https:\/\/babylove.se\/no\/wp-content\/uploads\/sites\/3\/2025\/07\/65cb40f813439.jpeg\",\"datePublished\":\"2025-07-19T14:11:53+00:00\",\"dateModified\":\"2026-04-08T13:07:51+00:00\",\"breadcrumb\":{\"@id\":\"https:\/\/babylove.se\/no\/produkt\/jabadabado-fruktsalat\/#breadcrumb\"},\"inLanguage\":\"nb-NO\",\"potentialAction\":[{\"@type\":\"ReadAction\",\"target\":[\"https:\/\/babylove.se\/no\/produkt\/jabadabado-fruktsalat\/\"]}]},{\"@type\":\"ImageObject\",\"inLanguage\":\"nb-NO\",\"@id\":\"https:\/\/babylove.se\/no\/produkt\/jabadabado-fruktsalat\/#primaryimage\",\"url\":\"https:\/\/babylove.se\/no\/wp-content\/uploads\/sites\/3\/2025\/07\/65cb40f813439.jpeg\",\"contentUrl\":\"https:\/\/babylove.se\/no\/wp-content\/uploads\/sites\/3\/2025\/07\/65cb40f813439.jpeg\",\"width\":885,\"height\":647},{\"@type\":\"BreadcrumbList\",\"@id\":\"https:\/\/babylove.se\/no\/produkt\/jabadabado-fruktsalat\/#breadcrumb\",\"itemListElement\":[{\"@type\":\"ListItem\",\"position\":1,\"name\":\"Hem\",\"item\":\"https:\/\/babylove.se\/no\/\"},{\"@type\":\"ListItem\",\"position\":2,\"name\":\"Butik\",\"item\":\"https:\/\/babylove.se\/no\/butik\/\"},{\"@type\":\"ListItem\",\"position\":3,\"name\":\"JaBaDaBaDo, fruktsalat\"}]},{\"@type\":\"WebSite\",\"@id\":\"https:\/\/babylove.se\/no\/#website\",\"url\":\"https:\/\/babylove.se\/no\/\",\"name\":\"Babylove Norska\",\"description\":\"\",\"potentialAction\":[{\"@type\":\"SearchAction\",\"target\":{\"@type\":\"EntryPoint\",\"urlTemplate\":\"https:\/\/babylove.se\/no\/?s={search_term_string}\"},\"query-input\":{\"@type\":\"PropertyValueSpecification\",\"valueRequired\":true,\"valueName\":\"search_term_string\"}}],\"inLanguage\":\"nb-NO\"}]}<\/script>\n<meta property=\"product:brand\" content=\"JaBaDaBaDo\" \/>\n<meta property=\"product:price:amount\" content=\"269.00\" \/>\n<meta property=\"product:price:currency\" content=\"SEK\" \/>\n<meta property=\"og:availability\" content=\"instock\" \/>\n<meta property=\"product:availability\" content=\"instock\" \/>\n<meta property=\"product:retailer_item_id\" content=\"W7161\" \/>\n<meta property=\"product:condition\" content=\"new\" \/>\n<!-- \/ Yoast SEO Premium plugin. -->","yoast_head_json":{"title":"JaBaDaBaDo, fruktsalat - Babylove Norska","robots":{"index":"noindex","follow":"follow","max-snippet":"max-snippet:-1","max-image-preview":"max-image-preview:large","max-video-preview":"max-video-preview:-1"},"og_locale":"nb_NO","og_type":"article","og_title":"JaBaDaBaDo, fruktsalat","og_description":"Et deilig fruktsett fra svenske JaBaDaBaDo!&nbsp; Perfekt for den sultne kokken som vil utvikle sin kreativitet! Fruktsettet inneholder f\u00f8lgende: 1 ananasring 1 banan 1 jordb\u00e6r 1 kiwi 1 melonskive 1 p\u00e6re 1 klase druer 1 appelsinskive 1 pisket krem 1 jordb\u00e6rsyltet\u00f8y 1 str\u00f8ssel boks 2 salatbestikk 1 salatbolle Kombiner gjerne med andre produkter fra samme [&hellip;]","og_url":"https:\/\/babylove.se\/no\/produkt\/jabadabado-fruktsalat\/","og_site_name":"Babylove Norska","article_modified_time":"2026-04-08T13:07:51+00:00","og_image":[{"width":885,"height":647,"url":"https:\/\/babylove.se\/no\/wp-content\/uploads\/sites\/3\/2025\/07\/65cb40f813439.jpeg","type":"image\/jpeg"}],"twitter_card":"summary_large_image","twitter_misc":{"Price":"269,00&nbsp;&#107;&#114;","Availability":"In stock"},"schema":{"@context":"https:\/\/schema.org","@graph":[{"@type":"WebPage","@id":"https:\/\/babylove.se\/no\/produkt\/jabadabado-fruktsalat\/","url":"https:\/\/babylove.se\/no\/produkt\/jabadabado-fruktsalat\/","name":"JaBaDaBaDo, fruktsalat - Babylove Norska","isPartOf":{"@id":"https:\/\/babylove.se\/no\/#website"},"primaryImageOfPage":{"@id":"https:\/\/babylove.se\/no\/produkt\/jabadabado-fruktsalat\/#primaryimage"},"image":{"@id":"https:\/\/babylove.se\/no\/produkt\/jabadabado-fruktsalat\/#primaryimage"},"thumbnailUrl":"https:\/\/babylove.se\/no\/wp-content\/uploads\/sites\/3\/2025\/07\/65cb40f813439.jpeg","datePublished":"2025-07-19T14:11:53+00:00","dateModified":"2026-04-08T13:07:51+00:00","breadcrumb":{"@id":"https:\/\/babylove.se\/no\/produkt\/jabadabado-fruktsalat\/#breadcrumb"},"inLanguage":"nb-NO","potentialAction":[{"@type":"ReadAction","target":["https:\/\/babylove.se\/no\/produkt\/jabadabado-fruktsalat\/"]}]},{"@type":"ImageObject","inLanguage":"nb-NO","@id":"https:\/\/babylove.se\/no\/produkt\/jabadabado-fruktsalat\/#primaryimage","url":"https:\/\/babylove.se\/no\/wp-content\/uploads\/sites\/3\/2025\/07\/65cb40f813439.jpeg","contentUrl":"https:\/\/babylove.se\/no\/wp-content\/uploads\/sites\/3\/2025\/07\/65cb40f813439.jpeg","width":885,"height":647},{"@type":"BreadcrumbList","@id":"https:\/\/babylove.se\/no\/produkt\/jabadabado-fruktsalat\/#breadcrumb","itemListElement":[{"@type":"ListItem","position":1,"name":"Hem","item":"https:\/\/babylove.se\/no\/"},{"@type":"ListItem","position":2,"name":"Butik","item":"https:\/\/babylove.se\/no\/butik\/"},{"@type":"ListItem","position":3,"name":"JaBaDaBaDo, fruktsalat"}]},{"@type":"WebSite","@id":"https:\/\/babylove.se\/no\/#website","url":"https:\/\/babylove.se\/no\/","name":"Babylove Norska","description":"","potentialAction":[{"@type":"SearchAction","target":{"@type":"EntryPoint","urlTemplate":"https:\/\/babylove.se\/no\/?s={search_term_string}"},"query-input":{"@type":"PropertyValueSpecification","valueRequired":true,"valueName":"search_term_string"}}],"inLanguage":"nb-NO"}]},"product_brand":"JaBaDaBaDo","product_price_amount":"269.00","product_price_currency":"SEK","og_availability":"instock","product_availability":"instock","product_retailer_item_id":"W7161","product_condition":"new"},"_links":{"self":[{"href":"https:\/\/babylove.se\/no\/wp-json\/wp\/v2\/product\/58375","targetHints":{"allow":["GET"]}}],"collection":[{"href":"https:\/\/babylove.se\/no\/wp-json\/wp\/v2\/product"}],"about":[{"href":"https:\/\/babylove.se\/no\/wp-json\/wp\/v2\/types\/product"}],"replies":[{"embeddable":true,"href":"https:\/\/babylove.se\/no\/wp-json\/wp\/v2\/comments?post=58375"}],"wp:featuredmedia":[{"embeddable":true,"href":"https:\/\/babylove.se\/no\/wp-json\/wp\/v2\/media\/58377"}],"wp:attachment":[{"href":"https:\/\/babylove.se\/no\/wp-json\/wp\/v2\/media?parent=58375"}],"wp:term":[{"taxonomy":"product_brand","embeddable":true,"href":"https:\/\/babylove.se\/no\/wp-json\/wp\/v2\/product_brand?post=58375"},{"taxonomy":"product_cat","embeddable":true,"href":"https:\/\/babylove.se\/no\/wp-json\/wp\/v2\/product_cat?post=58375"},{"taxonomy":"product_tag","embeddable":true,"href":"https:\/\/babylove.se\/no\/wp-json\/wp\/v2\/product_tag?post=58375"}],"curies":[{"name":"wp","href":"https:\/\/api.w.org\/{rel}","templated":true}]}}