{"id":58394,"date":"2025-07-19T15:11:53","date_gmt":"2025-07-19T14:11:53","guid":{"rendered":"https:\/\/babylove.se\/produkt\/jabadabado-forvaringsask-teddy-2-pack-beige\/"},"modified":"2026-04-08T14:07:57","modified_gmt":"2026-04-08T13:07:57","slug":"jabadabado-oppbevaringsboks-teddy-2-pack-beige","status":"publish","type":"product","link":"https:\/\/babylove.se\/no\/produkt\/jabadabado-oppbevaringsboks-teddy-2-pack-beige\/","title":{"rendered":"Jabadabado, oppbevaringsboks Teddy 2-pack, beige"},"content":{"rendered":"<p>Et deilig sett med to superfine oppbevaringsbokser i form av en teddybj\u00f8rn.&nbsp;<\/p>\n<p>To vakre \u00f8rer utgj\u00f8r h\u00e5ndtak p\u00e5 lokket, og skaper en f\u00f8lelse av nysgjerrighet og lekfullhet. Dette er et produkt som man liker hver dag og blir det selvf\u00f8lgelige stedet for \u00e5 oppbevare sine kosedyr eller favorittleker i.&nbsp;<\/p>\n<p><strong>M\u00e5l<\/strong>:&nbsp;<\/p>\n<ul>\n<li>Stor &#8211; 23 x 13 cm<\/li>\n<li>Liten &#8211; 21 x 12 cm<\/li>\n<\/ul>\n<p><strong>Materiale<\/strong>: Kartong, PU l\u00e6r og kunstl\u00e6r<\/p>\n<p>Designer: <a href=\"https:\/\/babylove.se\/varumarken\/jabadabado\">JaBaDaBaDo&nbsp;<\/a><\/p>\n","protected":false},"excerpt":{"rendered":"<p>Et deilig sett med to superfine oppbevaringsbokser i form av en teddybj\u00f8rn.&nbsp; To vakre \u00f8rer utgj\u00f8r h\u00e5ndtak p\u00e5 lokket, og skaper en f\u00f8lelse av nysgjerrighet og lekfullhet. Dette er et produkt som man liker hver dag og blir det selvf\u00f8lgelige stedet for \u00e5 oppbevare sine kosedyr eller favorittleker i.&nbsp; M\u00e5l:&nbsp; Stor &#8211; 23 x 13 [&hellip;]<\/p>\n","protected":false},"featured_media":58396,"comment_status":"closed","ping_status":"open","template":"","meta":{"_acf_changed":false},"product_brand":[273],"product_cat":[274,922,43],"product_tag":[],"class_list":{"0":"post-58394","1":"product","2":"type-product","3":"status-publish","4":"has-post-thumbnail","6":"product_brand-jabadabado","7":"product_cat-jabadabado","8":"product_cat-nyheter","9":"product_cat-oppbevaringskurver","11":"first","12":"instock","13":"taxable","14":"shipping-taxable","15":"purchasable","16":"product-type-simple"},"acf":[],"yoast_head":"<!-- This site is optimized with the Yoast SEO Premium plugin v25.8 (Yoast SEO v27.2) - https:\/\/yoast.com\/product\/yoast-seo-premium-wordpress\/ -->\n<title>Jabadabado, oppbevaringsboks Teddy 2-pack, beige - Babylove Norska<\/title>\n<meta name=\"robots\" content=\"noindex, follow, max-snippet:-1, max-image-preview:large, max-video-preview:-1\" \/>\n<meta property=\"og:locale\" content=\"nb_NO\" \/>\n<meta property=\"og:type\" content=\"article\" \/>\n<meta property=\"og:title\" content=\"Jabadabado, oppbevaringsboks Teddy 2-pack, beige\" \/>\n<meta property=\"og:description\" content=\"Et deilig sett med to superfine oppbevaringsbokser i form av en teddybj\u00f8rn.&nbsp; To vakre \u00f8rer utgj\u00f8r h\u00e5ndtak p\u00e5 lokket, og skaper en f\u00f8lelse av nysgjerrighet og lekfullhet. Dette er et produkt som man liker hver dag og blir det selvf\u00f8lgelige stedet for \u00e5 oppbevare sine kosedyr eller favorittleker i.&nbsp; M\u00e5l:&nbsp; Stor &#8211; 23 x 13 [&hellip;]\" \/>\n<meta property=\"og:url\" content=\"https:\/\/babylove.se\/no\/produkt\/jabadabado-oppbevaringsboks-teddy-2-pack-beige\/\" \/>\n<meta property=\"og:site_name\" content=\"Babylove Norska\" \/>\n<meta property=\"article:modified_time\" content=\"2026-04-08T13:07:57+00:00\" \/>\n<meta property=\"og:image\" content=\"https:\/\/babylove.se\/no\/wp-content\/uploads\/sites\/3\/2025\/07\/65cb45ce277e2.jpeg\" \/>\n\t<meta property=\"og:image:width\" content=\"1823\" \/>\n\t<meta property=\"og:image:height\" content=\"1237\" \/>\n\t<meta property=\"og:image:type\" content=\"image\/jpeg\" \/>\n<meta name=\"twitter:card\" content=\"summary_large_image\" \/>\n<meta name=\"twitter:label1\" content=\"Price\" \/>\n\t<meta name=\"twitter:data1\" content=\"249,00&nbsp;&#107;&#114;\" \/>\n\t<meta name=\"twitter:label2\" content=\"Availability\" \/>\n\t<meta name=\"twitter:data2\" content=\"In stock\" \/>\n<script type=\"application\/ld+json\" class=\"yoast-schema-graph\">{\"@context\":\"https:\/\/schema.org\",\"@graph\":[{\"@type\":\"WebPage\",\"@id\":\"https:\/\/babylove.se\/no\/produkt\/jabadabado-oppbevaringsboks-teddy-2-pack-beige\/\",\"url\":\"https:\/\/babylove.se\/no\/produkt\/jabadabado-oppbevaringsboks-teddy-2-pack-beige\/\",\"name\":\"Jabadabado, oppbevaringsboks Teddy 2-pack, beige - Babylove Norska\",\"isPartOf\":{\"@id\":\"https:\/\/babylove.se\/no\/#website\"},\"primaryImageOfPage\":{\"@id\":\"https:\/\/babylove.se\/no\/produkt\/jabadabado-oppbevaringsboks-teddy-2-pack-beige\/#primaryimage\"},\"image\":{\"@id\":\"https:\/\/babylove.se\/no\/produkt\/jabadabado-oppbevaringsboks-teddy-2-pack-beige\/#primaryimage\"},\"thumbnailUrl\":\"https:\/\/babylove.se\/no\/wp-content\/uploads\/sites\/3\/2025\/07\/65cb45ce277e2.jpeg\",\"datePublished\":\"2025-07-19T14:11:53+00:00\",\"dateModified\":\"2026-04-08T13:07:57+00:00\",\"breadcrumb\":{\"@id\":\"https:\/\/babylove.se\/no\/produkt\/jabadabado-oppbevaringsboks-teddy-2-pack-beige\/#breadcrumb\"},\"inLanguage\":\"nb-NO\",\"potentialAction\":[{\"@type\":\"ReadAction\",\"target\":[\"https:\/\/babylove.se\/no\/produkt\/jabadabado-oppbevaringsboks-teddy-2-pack-beige\/\"]}]},{\"@type\":\"ImageObject\",\"inLanguage\":\"nb-NO\",\"@id\":\"https:\/\/babylove.se\/no\/produkt\/jabadabado-oppbevaringsboks-teddy-2-pack-beige\/#primaryimage\",\"url\":\"https:\/\/babylove.se\/no\/wp-content\/uploads\/sites\/3\/2025\/07\/65cb45ce277e2.jpeg\",\"contentUrl\":\"https:\/\/babylove.se\/no\/wp-content\/uploads\/sites\/3\/2025\/07\/65cb45ce277e2.jpeg\",\"width\":1823,\"height\":1237},{\"@type\":\"BreadcrumbList\",\"@id\":\"https:\/\/babylove.se\/no\/produkt\/jabadabado-oppbevaringsboks-teddy-2-pack-beige\/#breadcrumb\",\"itemListElement\":[{\"@type\":\"ListItem\",\"position\":1,\"name\":\"Hem\",\"item\":\"https:\/\/babylove.se\/no\/\"},{\"@type\":\"ListItem\",\"position\":2,\"name\":\"Butik\",\"item\":\"https:\/\/babylove.se\/no\/butik\/\"},{\"@type\":\"ListItem\",\"position\":3,\"name\":\"Jabadabado, oppbevaringsboks Teddy 2-pack, beige\"}]},{\"@type\":\"WebSite\",\"@id\":\"https:\/\/babylove.se\/no\/#website\",\"url\":\"https:\/\/babylove.se\/no\/\",\"name\":\"Babylove Norska\",\"description\":\"\",\"potentialAction\":[{\"@type\":\"SearchAction\",\"target\":{\"@type\":\"EntryPoint\",\"urlTemplate\":\"https:\/\/babylove.se\/no\/?s={search_term_string}\"},\"query-input\":{\"@type\":\"PropertyValueSpecification\",\"valueRequired\":true,\"valueName\":\"search_term_string\"}}],\"inLanguage\":\"nb-NO\"}]}<\/script>\n<meta property=\"product:brand\" content=\"JaBaDaBaDo\" \/>\n<meta property=\"product:price:amount\" content=\"249.00\" \/>\n<meta property=\"product:price:currency\" content=\"SEK\" \/>\n<meta property=\"og:availability\" content=\"instock\" \/>\n<meta property=\"product:availability\" content=\"instock\" \/>\n<meta property=\"product:retailer_item_id\" content=\"A3222\" \/>\n<meta property=\"product:condition\" content=\"new\" \/>\n<!-- \/ Yoast SEO Premium plugin. -->","yoast_head_json":{"title":"Jabadabado, oppbevaringsboks Teddy 2-pack, beige - Babylove Norska","robots":{"index":"noindex","follow":"follow","max-snippet":"max-snippet:-1","max-image-preview":"max-image-preview:large","max-video-preview":"max-video-preview:-1"},"og_locale":"nb_NO","og_type":"article","og_title":"Jabadabado, oppbevaringsboks Teddy 2-pack, beige","og_description":"Et deilig sett med to superfine oppbevaringsbokser i form av en teddybj\u00f8rn.&nbsp; To vakre \u00f8rer utgj\u00f8r h\u00e5ndtak p\u00e5 lokket, og skaper en f\u00f8lelse av nysgjerrighet og lekfullhet. Dette er et produkt som man liker hver dag og blir det selvf\u00f8lgelige stedet for \u00e5 oppbevare sine kosedyr eller favorittleker i.&nbsp; M\u00e5l:&nbsp; Stor &#8211; 23 x 13 [&hellip;]","og_url":"https:\/\/babylove.se\/no\/produkt\/jabadabado-oppbevaringsboks-teddy-2-pack-beige\/","og_site_name":"Babylove Norska","article_modified_time":"2026-04-08T13:07:57+00:00","og_image":[{"width":1823,"height":1237,"url":"https:\/\/babylove.se\/no\/wp-content\/uploads\/sites\/3\/2025\/07\/65cb45ce277e2.jpeg","type":"image\/jpeg"}],"twitter_card":"summary_large_image","twitter_misc":{"Price":"249,00&nbsp;&#107;&#114;","Availability":"In stock"},"schema":{"@context":"https:\/\/schema.org","@graph":[{"@type":"WebPage","@id":"https:\/\/babylove.se\/no\/produkt\/jabadabado-oppbevaringsboks-teddy-2-pack-beige\/","url":"https:\/\/babylove.se\/no\/produkt\/jabadabado-oppbevaringsboks-teddy-2-pack-beige\/","name":"Jabadabado, oppbevaringsboks Teddy 2-pack, beige - Babylove Norska","isPartOf":{"@id":"https:\/\/babylove.se\/no\/#website"},"primaryImageOfPage":{"@id":"https:\/\/babylove.se\/no\/produkt\/jabadabado-oppbevaringsboks-teddy-2-pack-beige\/#primaryimage"},"image":{"@id":"https:\/\/babylove.se\/no\/produkt\/jabadabado-oppbevaringsboks-teddy-2-pack-beige\/#primaryimage"},"thumbnailUrl":"https:\/\/babylove.se\/no\/wp-content\/uploads\/sites\/3\/2025\/07\/65cb45ce277e2.jpeg","datePublished":"2025-07-19T14:11:53+00:00","dateModified":"2026-04-08T13:07:57+00:00","breadcrumb":{"@id":"https:\/\/babylove.se\/no\/produkt\/jabadabado-oppbevaringsboks-teddy-2-pack-beige\/#breadcrumb"},"inLanguage":"nb-NO","potentialAction":[{"@type":"ReadAction","target":["https:\/\/babylove.se\/no\/produkt\/jabadabado-oppbevaringsboks-teddy-2-pack-beige\/"]}]},{"@type":"ImageObject","inLanguage":"nb-NO","@id":"https:\/\/babylove.se\/no\/produkt\/jabadabado-oppbevaringsboks-teddy-2-pack-beige\/#primaryimage","url":"https:\/\/babylove.se\/no\/wp-content\/uploads\/sites\/3\/2025\/07\/65cb45ce277e2.jpeg","contentUrl":"https:\/\/babylove.se\/no\/wp-content\/uploads\/sites\/3\/2025\/07\/65cb45ce277e2.jpeg","width":1823,"height":1237},{"@type":"BreadcrumbList","@id":"https:\/\/babylove.se\/no\/produkt\/jabadabado-oppbevaringsboks-teddy-2-pack-beige\/#breadcrumb","itemListElement":[{"@type":"ListItem","position":1,"name":"Hem","item":"https:\/\/babylove.se\/no\/"},{"@type":"ListItem","position":2,"name":"Butik","item":"https:\/\/babylove.se\/no\/butik\/"},{"@type":"ListItem","position":3,"name":"Jabadabado, oppbevaringsboks Teddy 2-pack, beige"}]},{"@type":"WebSite","@id":"https:\/\/babylove.se\/no\/#website","url":"https:\/\/babylove.se\/no\/","name":"Babylove Norska","description":"","potentialAction":[{"@type":"SearchAction","target":{"@type":"EntryPoint","urlTemplate":"https:\/\/babylove.se\/no\/?s={search_term_string}"},"query-input":{"@type":"PropertyValueSpecification","valueRequired":true,"valueName":"search_term_string"}}],"inLanguage":"nb-NO"}]},"product_brand":"JaBaDaBaDo","product_price_amount":"249.00","product_price_currency":"SEK","og_availability":"instock","product_availability":"instock","product_retailer_item_id":"A3222","product_condition":"new"},"_links":{"self":[{"href":"https:\/\/babylove.se\/no\/wp-json\/wp\/v2\/product\/58394","targetHints":{"allow":["GET"]}}],"collection":[{"href":"https:\/\/babylove.se\/no\/wp-json\/wp\/v2\/product"}],"about":[{"href":"https:\/\/babylove.se\/no\/wp-json\/wp\/v2\/types\/product"}],"replies":[{"embeddable":true,"href":"https:\/\/babylove.se\/no\/wp-json\/wp\/v2\/comments?post=58394"}],"wp:featuredmedia":[{"embeddable":true,"href":"https:\/\/babylove.se\/no\/wp-json\/wp\/v2\/media\/58396"}],"wp:attachment":[{"href":"https:\/\/babylove.se\/no\/wp-json\/wp\/v2\/media?parent=58394"}],"wp:term":[{"taxonomy":"product_brand","embeddable":true,"href":"https:\/\/babylove.se\/no\/wp-json\/wp\/v2\/product_brand?post=58394"},{"taxonomy":"product_cat","embeddable":true,"href":"https:\/\/babylove.se\/no\/wp-json\/wp\/v2\/product_cat?post=58394"},{"taxonomy":"product_tag","embeddable":true,"href":"https:\/\/babylove.se\/no\/wp-json\/wp\/v2\/product_tag?post=58394"}],"curies":[{"name":"wp","href":"https:\/\/api.w.org\/{rel}","templated":true}]}}