{"id":58430,"date":"2025-07-19T15:12:30","date_gmt":"2025-07-19T14:12:30","guid":{"rendered":"https:\/\/babylove.se\/produkt\/jabadabado-dockvagn-i-tra-vit\/"},"modified":"2026-04-08T14:08:11","modified_gmt":"2026-04-08T13:08:11","slug":"jabadabado-barnevogn-i-tre-hvit","status":"publish","type":"product","link":"https:\/\/babylove.se\/no\/produkt\/jabadabado-barnevogn-i-tre-hvit\/","title":{"rendered":"JaBaDaBaDo, dukkevogn i tre, hvit"},"content":{"rendered":"<p>En meget fin og klassisk hvit dukkevogn i tre fra svenske JaBaDaBaDo. <\/p>\n<p>La barnet ditt legge sine fine dukker og kosedyr i denne fantastisk fine lille dukkevognen. <\/p>\n<p>Du kan selvf\u00f8lgelig ogs\u00e5 finne matchende dukkesenget\u00f8y og skape et riktig koselig sted for barnets dukker \u00e5 sove p\u00e5. <\/p>\n<p>Hjulene har en smart og praktisk gummikant rundt for \u00e5 beskytte gulvene. <\/p>\n<p><strong>M\u00e5l<\/strong>: 42,5 x 26 x 47 cm <\/p>\n<p><strong>Materiale<\/strong>: MDF, Plywood, PVC og PE. <\/p>\n<p>Designer: <a href=\"https:\/\/babylove.se\/varumarken\/jabadabado\">JaBaDaBaDo<\/a><\/p>\n","protected":false},"excerpt":{"rendered":"<p>En meget fin og klassisk hvit dukkevogn i tre fra svenske JaBaDaBaDo. La barnet ditt legge sine fine dukker og kosedyr i denne fantastisk fine lille dukkevognen. Du kan selvf\u00f8lgelig ogs\u00e5 finne matchende dukkesenget\u00f8y og skape et riktig koselig sted for barnets dukker \u00e5 sove p\u00e5. Hjulene har en smart og praktisk gummikant rundt for [&hellip;]<\/p>\n","protected":false},"featured_media":58432,"comment_status":"closed","ping_status":"closed","template":"","meta":{"_acf_changed":false},"product_brand":[273],"product_cat":[69,274],"product_tag":[],"class_list":{"0":"post-58430","1":"product","2":"type-product","3":"status-publish","4":"has-post-thumbnail","6":"product_brand-jabadabado","7":"product_cat-dukker-tilbehoer","8":"product_cat-jabadabado","10":"first","11":"instock","12":"taxable","13":"shipping-taxable","14":"purchasable","15":"product-type-simple"},"acf":[],"yoast_head":"<!-- This site is optimized with the Yoast SEO Premium plugin v25.8 (Yoast SEO v27.2) - https:\/\/yoast.com\/product\/yoast-seo-premium-wordpress\/ -->\n<title>JaBaDaBaDo, dukkevogn i tre, hvit - Babylove Norska<\/title>\n<meta name=\"robots\" content=\"noindex, follow, max-snippet:-1, max-image-preview:large, max-video-preview:-1\" \/>\n<meta property=\"og:locale\" content=\"nb_NO\" \/>\n<meta property=\"og:type\" content=\"article\" \/>\n<meta property=\"og:title\" content=\"JaBaDaBaDo, dukkevogn i tre, hvit\" \/>\n<meta property=\"og:description\" content=\"En meget fin og klassisk hvit dukkevogn i tre fra svenske JaBaDaBaDo. La barnet ditt legge sine fine dukker og kosedyr i denne fantastisk fine lille dukkevognen. Du kan selvf\u00f8lgelig ogs\u00e5 finne matchende dukkesenget\u00f8y og skape et riktig koselig sted for barnets dukker \u00e5 sove p\u00e5. Hjulene har en smart og praktisk gummikant rundt for [&hellip;]\" \/>\n<meta property=\"og:url\" content=\"https:\/\/babylove.se\/no\/produkt\/jabadabado-barnevogn-i-tre-hvit\/\" \/>\n<meta property=\"og:site_name\" content=\"Babylove Norska\" \/>\n<meta property=\"article:modified_time\" content=\"2026-04-08T13:08:11+00:00\" \/>\n<meta property=\"og:image\" content=\"https:\/\/babylove.se\/no\/wp-content\/uploads\/sites\/3\/2025\/07\/65cb56395cdb3.jpeg\" \/>\n\t<meta property=\"og:image:width\" content=\"804\" \/>\n\t<meta property=\"og:image:height\" content=\"798\" \/>\n\t<meta property=\"og:image:type\" content=\"image\/jpeg\" \/>\n<meta name=\"twitter:card\" content=\"summary_large_image\" \/>\n<meta name=\"twitter:label1\" content=\"Price\" \/>\n\t<meta name=\"twitter:data1\" content=\"799,00&nbsp;&#107;&#114;\" \/>\n\t<meta name=\"twitter:label2\" content=\"Availability\" \/>\n\t<meta name=\"twitter:data2\" content=\"In stock\" \/>\n<script type=\"application\/ld+json\" class=\"yoast-schema-graph\">{\"@context\":\"https:\/\/schema.org\",\"@graph\":[{\"@type\":\"WebPage\",\"@id\":\"https:\/\/babylove.se\/no\/produkt\/jabadabado-barnevogn-i-tre-hvit\/\",\"url\":\"https:\/\/babylove.se\/no\/produkt\/jabadabado-barnevogn-i-tre-hvit\/\",\"name\":\"JaBaDaBaDo, dukkevogn i tre, hvit - Babylove Norska\",\"isPartOf\":{\"@id\":\"https:\/\/babylove.se\/no\/#website\"},\"primaryImageOfPage\":{\"@id\":\"https:\/\/babylove.se\/no\/produkt\/jabadabado-barnevogn-i-tre-hvit\/#primaryimage\"},\"image\":{\"@id\":\"https:\/\/babylove.se\/no\/produkt\/jabadabado-barnevogn-i-tre-hvit\/#primaryimage\"},\"thumbnailUrl\":\"https:\/\/babylove.se\/no\/wp-content\/uploads\/sites\/3\/2025\/07\/65cb56395cdb3.jpeg\",\"datePublished\":\"2025-07-19T14:12:30+00:00\",\"dateModified\":\"2026-04-08T13:08:11+00:00\",\"breadcrumb\":{\"@id\":\"https:\/\/babylove.se\/no\/produkt\/jabadabado-barnevogn-i-tre-hvit\/#breadcrumb\"},\"inLanguage\":\"nb-NO\",\"potentialAction\":[{\"@type\":\"ReadAction\",\"target\":[\"https:\/\/babylove.se\/no\/produkt\/jabadabado-barnevogn-i-tre-hvit\/\"]}]},{\"@type\":\"ImageObject\",\"inLanguage\":\"nb-NO\",\"@id\":\"https:\/\/babylove.se\/no\/produkt\/jabadabado-barnevogn-i-tre-hvit\/#primaryimage\",\"url\":\"https:\/\/babylove.se\/no\/wp-content\/uploads\/sites\/3\/2025\/07\/65cb56395cdb3.jpeg\",\"contentUrl\":\"https:\/\/babylove.se\/no\/wp-content\/uploads\/sites\/3\/2025\/07\/65cb56395cdb3.jpeg\",\"width\":804,\"height\":798},{\"@type\":\"BreadcrumbList\",\"@id\":\"https:\/\/babylove.se\/no\/produkt\/jabadabado-barnevogn-i-tre-hvit\/#breadcrumb\",\"itemListElement\":[{\"@type\":\"ListItem\",\"position\":1,\"name\":\"Hem\",\"item\":\"https:\/\/babylove.se\/no\/\"},{\"@type\":\"ListItem\",\"position\":2,\"name\":\"Butik\",\"item\":\"https:\/\/babylove.se\/no\/butik\/\"},{\"@type\":\"ListItem\",\"position\":3,\"name\":\"JaBaDaBaDo, dukkevogn i tre, hvit\"}]},{\"@type\":\"WebSite\",\"@id\":\"https:\/\/babylove.se\/no\/#website\",\"url\":\"https:\/\/babylove.se\/no\/\",\"name\":\"Babylove Norska\",\"description\":\"\",\"potentialAction\":[{\"@type\":\"SearchAction\",\"target\":{\"@type\":\"EntryPoint\",\"urlTemplate\":\"https:\/\/babylove.se\/no\/?s={search_term_string}\"},\"query-input\":{\"@type\":\"PropertyValueSpecification\",\"valueRequired\":true,\"valueName\":\"search_term_string\"}}],\"inLanguage\":\"nb-NO\"}]}<\/script>\n<meta property=\"product:brand\" content=\"JaBaDaBaDo\" \/>\n<meta property=\"product:price:amount\" content=\"799.00\" \/>\n<meta property=\"product:price:currency\" content=\"SEK\" \/>\n<meta property=\"og:availability\" content=\"instock\" \/>\n<meta property=\"product:availability\" content=\"instock\" \/>\n<meta property=\"product:retailer_item_id\" content=\"W7227\" \/>\n<meta property=\"product:condition\" content=\"new\" \/>\n<!-- \/ Yoast SEO Premium plugin. -->","yoast_head_json":{"title":"JaBaDaBaDo, dukkevogn i tre, hvit - Babylove Norska","robots":{"index":"noindex","follow":"follow","max-snippet":"max-snippet:-1","max-image-preview":"max-image-preview:large","max-video-preview":"max-video-preview:-1"},"og_locale":"nb_NO","og_type":"article","og_title":"JaBaDaBaDo, dukkevogn i tre, hvit","og_description":"En meget fin og klassisk hvit dukkevogn i tre fra svenske JaBaDaBaDo. La barnet ditt legge sine fine dukker og kosedyr i denne fantastisk fine lille dukkevognen. Du kan selvf\u00f8lgelig ogs\u00e5 finne matchende dukkesenget\u00f8y og skape et riktig koselig sted for barnets dukker \u00e5 sove p\u00e5. Hjulene har en smart og praktisk gummikant rundt for [&hellip;]","og_url":"https:\/\/babylove.se\/no\/produkt\/jabadabado-barnevogn-i-tre-hvit\/","og_site_name":"Babylove Norska","article_modified_time":"2026-04-08T13:08:11+00:00","og_image":[{"width":804,"height":798,"url":"https:\/\/babylove.se\/no\/wp-content\/uploads\/sites\/3\/2025\/07\/65cb56395cdb3.jpeg","type":"image\/jpeg"}],"twitter_card":"summary_large_image","twitter_misc":{"Price":"799,00&nbsp;&#107;&#114;","Availability":"In stock"},"schema":{"@context":"https:\/\/schema.org","@graph":[{"@type":"WebPage","@id":"https:\/\/babylove.se\/no\/produkt\/jabadabado-barnevogn-i-tre-hvit\/","url":"https:\/\/babylove.se\/no\/produkt\/jabadabado-barnevogn-i-tre-hvit\/","name":"JaBaDaBaDo, dukkevogn i tre, hvit - Babylove Norska","isPartOf":{"@id":"https:\/\/babylove.se\/no\/#website"},"primaryImageOfPage":{"@id":"https:\/\/babylove.se\/no\/produkt\/jabadabado-barnevogn-i-tre-hvit\/#primaryimage"},"image":{"@id":"https:\/\/babylove.se\/no\/produkt\/jabadabado-barnevogn-i-tre-hvit\/#primaryimage"},"thumbnailUrl":"https:\/\/babylove.se\/no\/wp-content\/uploads\/sites\/3\/2025\/07\/65cb56395cdb3.jpeg","datePublished":"2025-07-19T14:12:30+00:00","dateModified":"2026-04-08T13:08:11+00:00","breadcrumb":{"@id":"https:\/\/babylove.se\/no\/produkt\/jabadabado-barnevogn-i-tre-hvit\/#breadcrumb"},"inLanguage":"nb-NO","potentialAction":[{"@type":"ReadAction","target":["https:\/\/babylove.se\/no\/produkt\/jabadabado-barnevogn-i-tre-hvit\/"]}]},{"@type":"ImageObject","inLanguage":"nb-NO","@id":"https:\/\/babylove.se\/no\/produkt\/jabadabado-barnevogn-i-tre-hvit\/#primaryimage","url":"https:\/\/babylove.se\/no\/wp-content\/uploads\/sites\/3\/2025\/07\/65cb56395cdb3.jpeg","contentUrl":"https:\/\/babylove.se\/no\/wp-content\/uploads\/sites\/3\/2025\/07\/65cb56395cdb3.jpeg","width":804,"height":798},{"@type":"BreadcrumbList","@id":"https:\/\/babylove.se\/no\/produkt\/jabadabado-barnevogn-i-tre-hvit\/#breadcrumb","itemListElement":[{"@type":"ListItem","position":1,"name":"Hem","item":"https:\/\/babylove.se\/no\/"},{"@type":"ListItem","position":2,"name":"Butik","item":"https:\/\/babylove.se\/no\/butik\/"},{"@type":"ListItem","position":3,"name":"JaBaDaBaDo, dukkevogn i tre, hvit"}]},{"@type":"WebSite","@id":"https:\/\/babylove.se\/no\/#website","url":"https:\/\/babylove.se\/no\/","name":"Babylove Norska","description":"","potentialAction":[{"@type":"SearchAction","target":{"@type":"EntryPoint","urlTemplate":"https:\/\/babylove.se\/no\/?s={search_term_string}"},"query-input":{"@type":"PropertyValueSpecification","valueRequired":true,"valueName":"search_term_string"}}],"inLanguage":"nb-NO"}]},"product_brand":"JaBaDaBaDo","product_price_amount":"799.00","product_price_currency":"SEK","og_availability":"instock","product_availability":"instock","product_retailer_item_id":"W7227","product_condition":"new"},"_links":{"self":[{"href":"https:\/\/babylove.se\/no\/wp-json\/wp\/v2\/product\/58430","targetHints":{"allow":["GET"]}}],"collection":[{"href":"https:\/\/babylove.se\/no\/wp-json\/wp\/v2\/product"}],"about":[{"href":"https:\/\/babylove.se\/no\/wp-json\/wp\/v2\/types\/product"}],"replies":[{"embeddable":true,"href":"https:\/\/babylove.se\/no\/wp-json\/wp\/v2\/comments?post=58430"}],"wp:featuredmedia":[{"embeddable":true,"href":"https:\/\/babylove.se\/no\/wp-json\/wp\/v2\/media\/58432"}],"wp:attachment":[{"href":"https:\/\/babylove.se\/no\/wp-json\/wp\/v2\/media?parent=58430"}],"wp:term":[{"taxonomy":"product_brand","embeddable":true,"href":"https:\/\/babylove.se\/no\/wp-json\/wp\/v2\/product_brand?post=58430"},{"taxonomy":"product_cat","embeddable":true,"href":"https:\/\/babylove.se\/no\/wp-json\/wp\/v2\/product_cat?post=58430"},{"taxonomy":"product_tag","embeddable":true,"href":"https:\/\/babylove.se\/no\/wp-json\/wp\/v2\/product_tag?post=58430"}],"curies":[{"name":"wp","href":"https:\/\/api.w.org\/{rel}","templated":true}]}}