{"id":58438,"date":"2025-07-19T15:12:30","date_gmt":"2025-07-19T14:12:30","guid":{"rendered":"https:\/\/babylove.se\/produkt\/kids-concept-vagghylla-3-plan-star-gra\/"},"modified":"2026-04-08T14:08:14","modified_gmt":"2026-04-08T13:08:14","slug":"kids-concept-vegghylle-3-plan-star-gra","status":"publish","type":"product","link":"https:\/\/babylove.se\/no\/produkt\/kids-concept-vegghylle-3-plan-star-gra\/","title":{"rendered":"Kid`s Concept, vegghylle 3-plan Star, gr\u00e5"},"content":{"rendered":"<p>En meget praktisk og vakker gr\u00e5 hylle i tre fra Kid&#8217;s Concept!<\/p>\n<p>Konstruert med 3 hylleplaner hvor du og ditt barn kan plassere alle sine ting eller hvorfor ikke sette favorittbamsen p\u00e5 beste plass? Du henger enkelt opp denne hyllen p\u00e5 veggen.<\/p>\n<p>Gjerne match med andre m\u00f8bler fra samme serie!&nbsp;<\/p>\n<p><strong>M\u00e5l<\/strong>: 70 x 15 x 70 cm<\/p>\n<p><strong>Materiale<\/strong>: MDF<\/p>\n<p>Designer: <a href=\"https:\/\/babylove.se\/varumarken\/kids-concept\">Kid&#8217;s Concept&nbsp;<\/a><a href=\"https:\/\/babylove.se\/varumarken\/jabadabado\"><\/a><\/p>\n","protected":false},"excerpt":{"rendered":"<p>En meget praktisk og vakker gr\u00e5 hylle i tre fra Kid&#8217;s Concept! Konstruert med 3 hylleplaner hvor du og ditt barn kan plassere alle sine ting eller hvorfor ikke sette favorittbamsen p\u00e5 beste plass? Du henger enkelt opp denne hyllen p\u00e5 veggen. Gjerne match med andre m\u00f8bler fra samme serie!&nbsp; M\u00e5l: 70 x 15 x [&hellip;]<\/p>\n","protected":false},"featured_media":58440,"comment_status":"closed","ping_status":"open","template":"","meta":{"_acf_changed":false},"product_brand":[320],"product_cat":[87,321,922,43,88],"product_tag":[],"class_list":{"0":"post-58438","1":"product","2":"type-product","3":"status-publish","4":"has-post-thumbnail","6":"product_brand-kids-concept","7":"product_cat-hyller","8":"product_cat-kids-concept","9":"product_cat-nyheter","10":"product_cat-oppbevaringskurver","11":"product_cat-veggmylle-barnerom","13":"first","14":"instock","15":"taxable","16":"shipping-taxable","17":"purchasable","18":"product-type-simple"},"acf":[],"yoast_head":"<!-- This site is optimized with the Yoast SEO Premium plugin v25.8 (Yoast SEO v27.2) - https:\/\/yoast.com\/product\/yoast-seo-premium-wordpress\/ -->\n<title>Kid`s Concept, vegghylle 3-plan Star, gr\u00e5 - Babylove Norska<\/title>\n<meta name=\"robots\" content=\"noindex, follow, max-snippet:-1, max-image-preview:large, max-video-preview:-1\" \/>\n<meta property=\"og:locale\" content=\"nb_NO\" \/>\n<meta property=\"og:type\" content=\"article\" \/>\n<meta property=\"og:title\" content=\"Kid`s Concept, vegghylle 3-plan Star, gr\u00e5\" \/>\n<meta property=\"og:description\" content=\"En meget praktisk og vakker gr\u00e5 hylle i tre fra Kid&#8217;s Concept! Konstruert med 3 hylleplaner hvor du og ditt barn kan plassere alle sine ting eller hvorfor ikke sette favorittbamsen p\u00e5 beste plass? Du henger enkelt opp denne hyllen p\u00e5 veggen. Gjerne match med andre m\u00f8bler fra samme serie!&nbsp; M\u00e5l: 70 x 15 x [&hellip;]\" \/>\n<meta property=\"og:url\" content=\"https:\/\/babylove.se\/no\/produkt\/kids-concept-vegghylle-3-plan-star-gra\/\" \/>\n<meta property=\"og:site_name\" content=\"Babylove Norska\" \/>\n<meta property=\"article:modified_time\" content=\"2026-04-08T13:08:14+00:00\" \/>\n<meta property=\"og:image\" content=\"https:\/\/babylove.se\/no\/wp-content\/uploads\/sites\/3\/2025\/07\/65cc88a5d774f.jpeg\" \/>\n\t<meta property=\"og:image:width\" content=\"800\" \/>\n\t<meta property=\"og:image:height\" content=\"1000\" \/>\n\t<meta property=\"og:image:type\" content=\"image\/jpeg\" \/>\n<meta name=\"twitter:card\" content=\"summary_large_image\" \/>\n<meta name=\"twitter:label1\" content=\"Price\" \/>\n\t<meta name=\"twitter:data1\" content=\"799,00&nbsp;&#107;&#114;\" \/>\n\t<meta name=\"twitter:label2\" content=\"Availability\" \/>\n\t<meta name=\"twitter:data2\" content=\"In stock\" \/>\n<script type=\"application\/ld+json\" class=\"yoast-schema-graph\">{\"@context\":\"https:\/\/schema.org\",\"@graph\":[{\"@type\":\"WebPage\",\"@id\":\"https:\/\/babylove.se\/no\/produkt\/kids-concept-vegghylle-3-plan-star-gra\/\",\"url\":\"https:\/\/babylove.se\/no\/produkt\/kids-concept-vegghylle-3-plan-star-gra\/\",\"name\":\"Kid`s Concept, vegghylle 3-plan Star, gr\u00e5 - Babylove Norska\",\"isPartOf\":{\"@id\":\"https:\/\/babylove.se\/no\/#website\"},\"primaryImageOfPage\":{\"@id\":\"https:\/\/babylove.se\/no\/produkt\/kids-concept-vegghylle-3-plan-star-gra\/#primaryimage\"},\"image\":{\"@id\":\"https:\/\/babylove.se\/no\/produkt\/kids-concept-vegghylle-3-plan-star-gra\/#primaryimage\"},\"thumbnailUrl\":\"https:\/\/babylove.se\/no\/wp-content\/uploads\/sites\/3\/2025\/07\/65cc88a5d774f.jpeg\",\"datePublished\":\"2025-07-19T14:12:30+00:00\",\"dateModified\":\"2026-04-08T13:08:14+00:00\",\"breadcrumb\":{\"@id\":\"https:\/\/babylove.se\/no\/produkt\/kids-concept-vegghylle-3-plan-star-gra\/#breadcrumb\"},\"inLanguage\":\"nb-NO\",\"potentialAction\":[{\"@type\":\"ReadAction\",\"target\":[\"https:\/\/babylove.se\/no\/produkt\/kids-concept-vegghylle-3-plan-star-gra\/\"]}]},{\"@type\":\"ImageObject\",\"inLanguage\":\"nb-NO\",\"@id\":\"https:\/\/babylove.se\/no\/produkt\/kids-concept-vegghylle-3-plan-star-gra\/#primaryimage\",\"url\":\"https:\/\/babylove.se\/no\/wp-content\/uploads\/sites\/3\/2025\/07\/65cc88a5d774f.jpeg\",\"contentUrl\":\"https:\/\/babylove.se\/no\/wp-content\/uploads\/sites\/3\/2025\/07\/65cc88a5d774f.jpeg\",\"width\":800,\"height\":1000},{\"@type\":\"BreadcrumbList\",\"@id\":\"https:\/\/babylove.se\/no\/produkt\/kids-concept-vegghylle-3-plan-star-gra\/#breadcrumb\",\"itemListElement\":[{\"@type\":\"ListItem\",\"position\":1,\"name\":\"Hem\",\"item\":\"https:\/\/babylove.se\/no\/\"},{\"@type\":\"ListItem\",\"position\":2,\"name\":\"Butik\",\"item\":\"https:\/\/babylove.se\/no\/butik\/\"},{\"@type\":\"ListItem\",\"position\":3,\"name\":\"Kid`s Concept, vegghylle 3-plan Star, gr\u00e5\"}]},{\"@type\":\"WebSite\",\"@id\":\"https:\/\/babylove.se\/no\/#website\",\"url\":\"https:\/\/babylove.se\/no\/\",\"name\":\"Babylove Norska\",\"description\":\"\",\"potentialAction\":[{\"@type\":\"SearchAction\",\"target\":{\"@type\":\"EntryPoint\",\"urlTemplate\":\"https:\/\/babylove.se\/no\/?s={search_term_string}\"},\"query-input\":{\"@type\":\"PropertyValueSpecification\",\"valueRequired\":true,\"valueName\":\"search_term_string\"}}],\"inLanguage\":\"nb-NO\"}]}<\/script>\n<meta property=\"product:brand\" content=\"Kids Concept\" \/>\n<meta property=\"product:price:amount\" content=\"799.00\" \/>\n<meta property=\"product:price:currency\" content=\"SEK\" \/>\n<meta property=\"og:availability\" content=\"instock\" \/>\n<meta property=\"product:availability\" content=\"instock\" \/>\n<meta property=\"product:retailer_item_id\" content=\"1000813\" \/>\n<meta property=\"product:condition\" content=\"new\" \/>\n<!-- \/ Yoast SEO Premium plugin. -->","yoast_head_json":{"title":"Kid`s Concept, vegghylle 3-plan Star, gr\u00e5 - Babylove Norska","robots":{"index":"noindex","follow":"follow","max-snippet":"max-snippet:-1","max-image-preview":"max-image-preview:large","max-video-preview":"max-video-preview:-1"},"og_locale":"nb_NO","og_type":"article","og_title":"Kid`s Concept, vegghylle 3-plan Star, gr\u00e5","og_description":"En meget praktisk og vakker gr\u00e5 hylle i tre fra Kid&#8217;s Concept! Konstruert med 3 hylleplaner hvor du og ditt barn kan plassere alle sine ting eller hvorfor ikke sette favorittbamsen p\u00e5 beste plass? Du henger enkelt opp denne hyllen p\u00e5 veggen. Gjerne match med andre m\u00f8bler fra samme serie!&nbsp; M\u00e5l: 70 x 15 x [&hellip;]","og_url":"https:\/\/babylove.se\/no\/produkt\/kids-concept-vegghylle-3-plan-star-gra\/","og_site_name":"Babylove Norska","article_modified_time":"2026-04-08T13:08:14+00:00","og_image":[{"width":800,"height":1000,"url":"https:\/\/babylove.se\/no\/wp-content\/uploads\/sites\/3\/2025\/07\/65cc88a5d774f.jpeg","type":"image\/jpeg"}],"twitter_card":"summary_large_image","twitter_misc":{"Price":"799,00&nbsp;&#107;&#114;","Availability":"In stock"},"schema":{"@context":"https:\/\/schema.org","@graph":[{"@type":"WebPage","@id":"https:\/\/babylove.se\/no\/produkt\/kids-concept-vegghylle-3-plan-star-gra\/","url":"https:\/\/babylove.se\/no\/produkt\/kids-concept-vegghylle-3-plan-star-gra\/","name":"Kid`s Concept, vegghylle 3-plan Star, gr\u00e5 - Babylove Norska","isPartOf":{"@id":"https:\/\/babylove.se\/no\/#website"},"primaryImageOfPage":{"@id":"https:\/\/babylove.se\/no\/produkt\/kids-concept-vegghylle-3-plan-star-gra\/#primaryimage"},"image":{"@id":"https:\/\/babylove.se\/no\/produkt\/kids-concept-vegghylle-3-plan-star-gra\/#primaryimage"},"thumbnailUrl":"https:\/\/babylove.se\/no\/wp-content\/uploads\/sites\/3\/2025\/07\/65cc88a5d774f.jpeg","datePublished":"2025-07-19T14:12:30+00:00","dateModified":"2026-04-08T13:08:14+00:00","breadcrumb":{"@id":"https:\/\/babylove.se\/no\/produkt\/kids-concept-vegghylle-3-plan-star-gra\/#breadcrumb"},"inLanguage":"nb-NO","potentialAction":[{"@type":"ReadAction","target":["https:\/\/babylove.se\/no\/produkt\/kids-concept-vegghylle-3-plan-star-gra\/"]}]},{"@type":"ImageObject","inLanguage":"nb-NO","@id":"https:\/\/babylove.se\/no\/produkt\/kids-concept-vegghylle-3-plan-star-gra\/#primaryimage","url":"https:\/\/babylove.se\/no\/wp-content\/uploads\/sites\/3\/2025\/07\/65cc88a5d774f.jpeg","contentUrl":"https:\/\/babylove.se\/no\/wp-content\/uploads\/sites\/3\/2025\/07\/65cc88a5d774f.jpeg","width":800,"height":1000},{"@type":"BreadcrumbList","@id":"https:\/\/babylove.se\/no\/produkt\/kids-concept-vegghylle-3-plan-star-gra\/#breadcrumb","itemListElement":[{"@type":"ListItem","position":1,"name":"Hem","item":"https:\/\/babylove.se\/no\/"},{"@type":"ListItem","position":2,"name":"Butik","item":"https:\/\/babylove.se\/no\/butik\/"},{"@type":"ListItem","position":3,"name":"Kid`s Concept, vegghylle 3-plan Star, gr\u00e5"}]},{"@type":"WebSite","@id":"https:\/\/babylove.se\/no\/#website","url":"https:\/\/babylove.se\/no\/","name":"Babylove Norska","description":"","potentialAction":[{"@type":"SearchAction","target":{"@type":"EntryPoint","urlTemplate":"https:\/\/babylove.se\/no\/?s={search_term_string}"},"query-input":{"@type":"PropertyValueSpecification","valueRequired":true,"valueName":"search_term_string"}}],"inLanguage":"nb-NO"}]},"product_brand":"Kids Concept","product_price_amount":"799.00","product_price_currency":"SEK","og_availability":"instock","product_availability":"instock","product_retailer_item_id":"1000813","product_condition":"new"},"_links":{"self":[{"href":"https:\/\/babylove.se\/no\/wp-json\/wp\/v2\/product\/58438","targetHints":{"allow":["GET"]}}],"collection":[{"href":"https:\/\/babylove.se\/no\/wp-json\/wp\/v2\/product"}],"about":[{"href":"https:\/\/babylove.se\/no\/wp-json\/wp\/v2\/types\/product"}],"replies":[{"embeddable":true,"href":"https:\/\/babylove.se\/no\/wp-json\/wp\/v2\/comments?post=58438"}],"wp:featuredmedia":[{"embeddable":true,"href":"https:\/\/babylove.se\/no\/wp-json\/wp\/v2\/media\/58440"}],"wp:attachment":[{"href":"https:\/\/babylove.se\/no\/wp-json\/wp\/v2\/media?parent=58438"}],"wp:term":[{"taxonomy":"product_brand","embeddable":true,"href":"https:\/\/babylove.se\/no\/wp-json\/wp\/v2\/product_brand?post=58438"},{"taxonomy":"product_cat","embeddable":true,"href":"https:\/\/babylove.se\/no\/wp-json\/wp\/v2\/product_cat?post=58438"},{"taxonomy":"product_tag","embeddable":true,"href":"https:\/\/babylove.se\/no\/wp-json\/wp\/v2\/product_tag?post=58438"}],"curies":[{"name":"wp","href":"https:\/\/api.w.org\/{rel}","templated":true}]}}