{"id":58453,"date":"2025-07-19T15:12:51","date_gmt":"2025-07-19T14:12:51","guid":{"rendered":"https:\/\/babylove.se\/produkt\/kids-concept-lekhus-lektalt-ljusrosa\/"},"modified":"2026-04-08T14:08:20","modified_gmt":"2026-04-08T13:08:20","slug":"kids-concept-lekhus-lektelt-lyserosa","status":"publish","type":"product","link":"https:\/\/babylove.se\/no\/produkt\/kids-concept-lekhus-lektelt-lyserosa\/","title":{"rendered":"Kid&#8217;s Concept, lekhus lektelt lyserosa"},"content":{"rendered":"<p>Meget popul\u00e6rt og elsket lekhus i fin lyserosa farge fra svenske Kid&#8217;s Concept!<\/p>\n<p>Den optimale lekekroken som vil bli ditt barns nye favorittsted. Du kan enkelt ta ned teltet og like enkelt kan du deretter sette det opp igjen.<\/p>\n<p>Laget av \u00f8kologisk bomull og teltpinnene av fin furu. Fjern st\u00f8v gjennom lufting eller lett st\u00f8vsuging.<\/p>\n<p><strong>M\u00e5l<\/strong>: 110 x 80 x 124 cm<\/p>\n<p><strong>Materiale<\/strong>: 100% GOTS-sertifisert bomull, furu og PE.<\/p>\n<p>Designer: <a href=\"https:\/\/babylove.se\/varumarken\/kids-concept\">Kid&#8217;s Concept<\/a><\/p>\n","protected":false},"excerpt":{"rendered":"<p>Meget popul\u00e6rt og elsket lekhus i fin lyserosa farge fra svenske Kid&#8217;s Concept! Den optimale lekekroken som vil bli ditt barns nye favorittsted. Du kan enkelt ta ned teltet og like enkelt kan du deretter sette det opp igjen. Laget av \u00f8kologisk bomull og teltpinnene av fin furu. Fjern st\u00f8v gjennom lufting eller lett st\u00f8vsuging. [&hellip;]<\/p>\n","protected":false},"featured_media":58455,"comment_status":"closed","ping_status":"open","template":"","meta":{"_acf_changed":false},"product_brand":[320],"product_cat":[321,275,276],"product_tag":[],"class_list":{"0":"post-58453","1":"product","2":"type-product","3":"status-publish","4":"has-post-thumbnail","6":"product_brand-kids-concept","7":"product_cat-kids-concept","8":"product_cat-tipitalt-lektalt","9":"product_cat-tipi-telt-barnerom","11":"first","12":"outofstock","13":"taxable","14":"shipping-taxable","15":"purchasable","16":"product-type-simple"},"acf":[],"yoast_head":"<!-- This site is optimized with the Yoast SEO Premium plugin v25.8 (Yoast SEO v27.2) - https:\/\/yoast.com\/product\/yoast-seo-premium-wordpress\/ -->\n<title>Kid&#039;s Concept, lekhus lektelt lyserosa - Babylove Norska<\/title>\n<meta name=\"robots\" content=\"noindex, follow, max-snippet:-1, max-image-preview:large, max-video-preview:-1\" \/>\n<meta property=\"og:locale\" content=\"nb_NO\" \/>\n<meta property=\"og:type\" content=\"article\" \/>\n<meta property=\"og:title\" content=\"Kid&#039;s Concept, lekhus lektelt lyserosa\" \/>\n<meta property=\"og:description\" content=\"Meget popul\u00e6rt og elsket lekhus i fin lyserosa farge fra svenske Kid&#8217;s Concept! Den optimale lekekroken som vil bli ditt barns nye favorittsted. Du kan enkelt ta ned teltet og like enkelt kan du deretter sette det opp igjen. Laget av \u00f8kologisk bomull og teltpinnene av fin furu. Fjern st\u00f8v gjennom lufting eller lett st\u00f8vsuging. [&hellip;]\" \/>\n<meta property=\"og:url\" content=\"https:\/\/babylove.se\/no\/produkt\/kids-concept-lekhus-lektelt-lyserosa\/\" \/>\n<meta property=\"og:site_name\" content=\"Babylove Norska\" \/>\n<meta property=\"article:modified_time\" content=\"2026-04-08T13:08:20+00:00\" \/>\n<meta property=\"og:image\" content=\"https:\/\/babylove.se\/no\/wp-content\/uploads\/sites\/3\/2025\/07\/65cc9361d51a5.jpeg\" \/>\n\t<meta property=\"og:image:width\" content=\"1000\" \/>\n\t<meta property=\"og:image:height\" content=\"1000\" \/>\n\t<meta property=\"og:image:type\" content=\"image\/jpeg\" \/>\n<meta name=\"twitter:card\" content=\"summary_large_image\" \/>\n<meta name=\"twitter:label1\" content=\"Price\" \/>\n\t<meta name=\"twitter:data1\" content=\"1 699,00&nbsp;&#107;&#114;\" \/>\n\t<meta name=\"twitter:label2\" content=\"Availability\" \/>\n\t<meta name=\"twitter:data2\" content=\"Out of stock\" \/>\n<script type=\"application\/ld+json\" class=\"yoast-schema-graph\">{\"@context\":\"https:\/\/schema.org\",\"@graph\":[{\"@type\":\"WebPage\",\"@id\":\"https:\/\/babylove.se\/no\/produkt\/kids-concept-lekhus-lektelt-lyserosa\/\",\"url\":\"https:\/\/babylove.se\/no\/produkt\/kids-concept-lekhus-lektelt-lyserosa\/\",\"name\":\"Kid's Concept, lekhus lektelt lyserosa - Babylove Norska\",\"isPartOf\":{\"@id\":\"https:\/\/babylove.se\/no\/#website\"},\"primaryImageOfPage\":{\"@id\":\"https:\/\/babylove.se\/no\/produkt\/kids-concept-lekhus-lektelt-lyserosa\/#primaryimage\"},\"image\":{\"@id\":\"https:\/\/babylove.se\/no\/produkt\/kids-concept-lekhus-lektelt-lyserosa\/#primaryimage\"},\"thumbnailUrl\":\"https:\/\/babylove.se\/no\/wp-content\/uploads\/sites\/3\/2025\/07\/65cc9361d51a5.jpeg\",\"datePublished\":\"2025-07-19T14:12:51+00:00\",\"dateModified\":\"2026-04-08T13:08:20+00:00\",\"breadcrumb\":{\"@id\":\"https:\/\/babylove.se\/no\/produkt\/kids-concept-lekhus-lektelt-lyserosa\/#breadcrumb\"},\"inLanguage\":\"nb-NO\",\"potentialAction\":[{\"@type\":\"ReadAction\",\"target\":[\"https:\/\/babylove.se\/no\/produkt\/kids-concept-lekhus-lektelt-lyserosa\/\"]}]},{\"@type\":\"ImageObject\",\"inLanguage\":\"nb-NO\",\"@id\":\"https:\/\/babylove.se\/no\/produkt\/kids-concept-lekhus-lektelt-lyserosa\/#primaryimage\",\"url\":\"https:\/\/babylove.se\/no\/wp-content\/uploads\/sites\/3\/2025\/07\/65cc9361d51a5.jpeg\",\"contentUrl\":\"https:\/\/babylove.se\/no\/wp-content\/uploads\/sites\/3\/2025\/07\/65cc9361d51a5.jpeg\",\"width\":1000,\"height\":1000},{\"@type\":\"BreadcrumbList\",\"@id\":\"https:\/\/babylove.se\/no\/produkt\/kids-concept-lekhus-lektelt-lyserosa\/#breadcrumb\",\"itemListElement\":[{\"@type\":\"ListItem\",\"position\":1,\"name\":\"Hem\",\"item\":\"https:\/\/babylove.se\/no\/\"},{\"@type\":\"ListItem\",\"position\":2,\"name\":\"Butik\",\"item\":\"https:\/\/babylove.se\/no\/butik\/\"},{\"@type\":\"ListItem\",\"position\":3,\"name\":\"Kid&#8217;s Concept, lekhus lektelt lyserosa\"}]},{\"@type\":\"WebSite\",\"@id\":\"https:\/\/babylove.se\/no\/#website\",\"url\":\"https:\/\/babylove.se\/no\/\",\"name\":\"Babylove Norska\",\"description\":\"\",\"potentialAction\":[{\"@type\":\"SearchAction\",\"target\":{\"@type\":\"EntryPoint\",\"urlTemplate\":\"https:\/\/babylove.se\/no\/?s={search_term_string}\"},\"query-input\":{\"@type\":\"PropertyValueSpecification\",\"valueRequired\":true,\"valueName\":\"search_term_string\"}}],\"inLanguage\":\"nb-NO\"}]}<\/script>\n<meta property=\"product:brand\" content=\"Kids Concept\" \/>\n<meta property=\"product:price:amount\" content=\"1699.00\" \/>\n<meta property=\"product:price:currency\" content=\"SEK\" \/>\n<meta property=\"og:availability\" content=\"out of stock\" \/>\n<meta property=\"product:availability\" content=\"out of stock\" \/>\n<meta property=\"product:retailer_item_id\" content=\"1000690\" \/>\n<meta property=\"product:condition\" content=\"new\" \/>\n<!-- \/ Yoast SEO Premium plugin. -->","yoast_head_json":{"title":"Kid's Concept, lekhus lektelt lyserosa - Babylove Norska","robots":{"index":"noindex","follow":"follow","max-snippet":"max-snippet:-1","max-image-preview":"max-image-preview:large","max-video-preview":"max-video-preview:-1"},"og_locale":"nb_NO","og_type":"article","og_title":"Kid's Concept, lekhus lektelt lyserosa","og_description":"Meget popul\u00e6rt og elsket lekhus i fin lyserosa farge fra svenske Kid&#8217;s Concept! Den optimale lekekroken som vil bli ditt barns nye favorittsted. Du kan enkelt ta ned teltet og like enkelt kan du deretter sette det opp igjen. Laget av \u00f8kologisk bomull og teltpinnene av fin furu. Fjern st\u00f8v gjennom lufting eller lett st\u00f8vsuging. [&hellip;]","og_url":"https:\/\/babylove.se\/no\/produkt\/kids-concept-lekhus-lektelt-lyserosa\/","og_site_name":"Babylove Norska","article_modified_time":"2026-04-08T13:08:20+00:00","og_image":[{"width":1000,"height":1000,"url":"https:\/\/babylove.se\/no\/wp-content\/uploads\/sites\/3\/2025\/07\/65cc9361d51a5.jpeg","type":"image\/jpeg"}],"twitter_card":"summary_large_image","twitter_misc":{"Price":"1 699,00&nbsp;&#107;&#114;","Availability":"Out of stock"},"schema":{"@context":"https:\/\/schema.org","@graph":[{"@type":"WebPage","@id":"https:\/\/babylove.se\/no\/produkt\/kids-concept-lekhus-lektelt-lyserosa\/","url":"https:\/\/babylove.se\/no\/produkt\/kids-concept-lekhus-lektelt-lyserosa\/","name":"Kid's Concept, lekhus lektelt lyserosa - Babylove Norska","isPartOf":{"@id":"https:\/\/babylove.se\/no\/#website"},"primaryImageOfPage":{"@id":"https:\/\/babylove.se\/no\/produkt\/kids-concept-lekhus-lektelt-lyserosa\/#primaryimage"},"image":{"@id":"https:\/\/babylove.se\/no\/produkt\/kids-concept-lekhus-lektelt-lyserosa\/#primaryimage"},"thumbnailUrl":"https:\/\/babylove.se\/no\/wp-content\/uploads\/sites\/3\/2025\/07\/65cc9361d51a5.jpeg","datePublished":"2025-07-19T14:12:51+00:00","dateModified":"2026-04-08T13:08:20+00:00","breadcrumb":{"@id":"https:\/\/babylove.se\/no\/produkt\/kids-concept-lekhus-lektelt-lyserosa\/#breadcrumb"},"inLanguage":"nb-NO","potentialAction":[{"@type":"ReadAction","target":["https:\/\/babylove.se\/no\/produkt\/kids-concept-lekhus-lektelt-lyserosa\/"]}]},{"@type":"ImageObject","inLanguage":"nb-NO","@id":"https:\/\/babylove.se\/no\/produkt\/kids-concept-lekhus-lektelt-lyserosa\/#primaryimage","url":"https:\/\/babylove.se\/no\/wp-content\/uploads\/sites\/3\/2025\/07\/65cc9361d51a5.jpeg","contentUrl":"https:\/\/babylove.se\/no\/wp-content\/uploads\/sites\/3\/2025\/07\/65cc9361d51a5.jpeg","width":1000,"height":1000},{"@type":"BreadcrumbList","@id":"https:\/\/babylove.se\/no\/produkt\/kids-concept-lekhus-lektelt-lyserosa\/#breadcrumb","itemListElement":[{"@type":"ListItem","position":1,"name":"Hem","item":"https:\/\/babylove.se\/no\/"},{"@type":"ListItem","position":2,"name":"Butik","item":"https:\/\/babylove.se\/no\/butik\/"},{"@type":"ListItem","position":3,"name":"Kid&#8217;s Concept, lekhus lektelt lyserosa"}]},{"@type":"WebSite","@id":"https:\/\/babylove.se\/no\/#website","url":"https:\/\/babylove.se\/no\/","name":"Babylove Norska","description":"","potentialAction":[{"@type":"SearchAction","target":{"@type":"EntryPoint","urlTemplate":"https:\/\/babylove.se\/no\/?s={search_term_string}"},"query-input":{"@type":"PropertyValueSpecification","valueRequired":true,"valueName":"search_term_string"}}],"inLanguage":"nb-NO"}]},"product_brand":"Kids Concept","product_price_amount":"1699.00","product_price_currency":"SEK","og_availability":"out of stock","product_availability":"out of stock","product_retailer_item_id":"1000690","product_condition":"new"},"_links":{"self":[{"href":"https:\/\/babylove.se\/no\/wp-json\/wp\/v2\/product\/58453","targetHints":{"allow":["GET"]}}],"collection":[{"href":"https:\/\/babylove.se\/no\/wp-json\/wp\/v2\/product"}],"about":[{"href":"https:\/\/babylove.se\/no\/wp-json\/wp\/v2\/types\/product"}],"replies":[{"embeddable":true,"href":"https:\/\/babylove.se\/no\/wp-json\/wp\/v2\/comments?post=58453"}],"wp:featuredmedia":[{"embeddable":true,"href":"https:\/\/babylove.se\/no\/wp-json\/wp\/v2\/media\/58455"}],"wp:attachment":[{"href":"https:\/\/babylove.se\/no\/wp-json\/wp\/v2\/media?parent=58453"}],"wp:term":[{"taxonomy":"product_brand","embeddable":true,"href":"https:\/\/babylove.se\/no\/wp-json\/wp\/v2\/product_brand?post=58453"},{"taxonomy":"product_cat","embeddable":true,"href":"https:\/\/babylove.se\/no\/wp-json\/wp\/v2\/product_cat?post=58453"},{"taxonomy":"product_tag","embeddable":true,"href":"https:\/\/babylove.se\/no\/wp-json\/wp\/v2\/product_tag?post=58453"}],"curies":[{"name":"wp","href":"https:\/\/api.w.org\/{rel}","templated":true}]}}