{"id":58530,"date":"2025-07-19T15:13:17","date_gmt":"2025-07-19T14:13:17","guid":{"rendered":"https:\/\/babylove.se\/produkt\/jabadabado-pannkakor\/"},"modified":"2026-04-08T14:08:48","modified_gmt":"2026-04-08T13:08:48","slug":"jabadabado-pannekaker","status":"publish","type":"product","link":"https:\/\/babylove.se\/no\/produkt\/jabadabado-pannekaker\/","title":{"rendered":"JaBaDaBaDo, pannekaker"},"content":{"rendered":"<p>By p\u00e5 nybakte pannekaker med deilige tilbeh\u00f8r fra svenske JaBaDaBaDo!<\/p>\n<p>Til pannekakersettet f\u00f8lger f\u00f8lgende med:<\/p>\n<ul>\n<li>en stekepanne<\/li>\n<li><span>en stekespade<\/span><\/li>\n<li>to pannekaker med borrel\u00e5s<\/li>\n<li><span>tre bahanskiver med borrel\u00e5s<\/span><\/li>\n<li>tre jordb\u00e6rskiver med borrel\u00e5s<\/li>\n<li><span>ett bl\u00e5b\u00e6r p\u00e5 str\u00e5<\/span><\/li>\n<li>en flaske jordb\u00e6rsyltet\u00f8y<\/li>\n<li><span>en boks sjokoladekrem<\/span><\/li>\n<li>en flaske pisket krem<\/li>\n<\/ul>\n<p>Kombiner gjerne med andre produkter fra samme serie.<\/p>\n<p><strong>Materia<\/strong>l: Tre<\/p>\n<p>Designer: <a href=\"https:\/\/babylove.se\/varumarken\/jabadabado\">JaBaDaBaDo<\/a><\/p>\n","protected":false},"excerpt":{"rendered":"<p>By p\u00e5 nybakte pannekaker med deilige tilbeh\u00f8r fra svenske JaBaDaBaDo! Til pannekakersettet f\u00f8lger f\u00f8lgende med: en stekepanne en stekespade to pannekaker med borrel\u00e5s tre bahanskiver med borrel\u00e5s tre jordb\u00e6rskiver med borrel\u00e5s ett bl\u00e5b\u00e6r p\u00e5 str\u00e5 en flaske jordb\u00e6rsyltet\u00f8y en boks sjokoladekrem en flaske pisket krem Kombiner gjerne med andre produkter fra samme serie. Material: Tre [&hellip;]<\/p>\n","protected":false},"featured_media":58532,"comment_status":"closed","ping_status":"open","template":"","meta":{"_acf_changed":false},"product_brand":[273],"product_cat":[274,1774,253,68,112],"product_tag":[],"class_list":{"0":"post-58530","1":"product","2":"type-product","3":"status-publish","4":"has-post-thumbnail","6":"product_brand-jabadabado","7":"product_cat-jabadabado","8":"product_cat-late-leker","9":"product_cat-lekemat-kjokken","10":"product_cat-leker","11":"product_cat-treleker","13":"first","14":"instock","15":"taxable","16":"shipping-taxable","17":"purchasable","18":"product-type-simple"},"acf":[],"yoast_head":"<!-- This site is optimized with the Yoast SEO Premium plugin v25.8 (Yoast SEO v27.2) - https:\/\/yoast.com\/product\/yoast-seo-premium-wordpress\/ -->\n<title>JaBaDaBaDo, pannekaker - Babylove Norska<\/title>\n<meta name=\"robots\" content=\"noindex, follow, max-snippet:-1, max-image-preview:large, max-video-preview:-1\" \/>\n<meta property=\"og:locale\" content=\"nb_NO\" \/>\n<meta property=\"og:type\" content=\"article\" \/>\n<meta property=\"og:title\" content=\"JaBaDaBaDo, pannekaker\" \/>\n<meta property=\"og:description\" content=\"By p\u00e5 nybakte pannekaker med deilige tilbeh\u00f8r fra svenske JaBaDaBaDo! Til pannekakersettet f\u00f8lger f\u00f8lgende med: en stekepanne en stekespade to pannekaker med borrel\u00e5s tre bahanskiver med borrel\u00e5s tre jordb\u00e6rskiver med borrel\u00e5s ett bl\u00e5b\u00e6r p\u00e5 str\u00e5 en flaske jordb\u00e6rsyltet\u00f8y en boks sjokoladekrem en flaske pisket krem Kombiner gjerne med andre produkter fra samme serie. Material: Tre [&hellip;]\" \/>\n<meta property=\"og:url\" content=\"https:\/\/babylove.se\/no\/produkt\/jabadabado-pannekaker\/\" \/>\n<meta property=\"og:site_name\" content=\"Babylove Norska\" \/>\n<meta property=\"article:modified_time\" content=\"2026-04-08T13:08:48+00:00\" \/>\n<meta property=\"og:image\" content=\"https:\/\/babylove.se\/no\/wp-content\/uploads\/sites\/3\/2025\/07\/65cdeb894a5ab.jpeg\" \/>\n\t<meta property=\"og:image:width\" content=\"869\" \/>\n\t<meta property=\"og:image:height\" content=\"484\" \/>\n\t<meta property=\"og:image:type\" content=\"image\/jpeg\" \/>\n<meta name=\"twitter:card\" content=\"summary_large_image\" \/>\n<meta name=\"twitter:label1\" content=\"Price\" \/>\n\t<meta name=\"twitter:data1\" content=\"269,00&nbsp;&#107;&#114;\" \/>\n\t<meta name=\"twitter:label2\" content=\"Availability\" \/>\n\t<meta name=\"twitter:data2\" content=\"In stock\" \/>\n<script type=\"application\/ld+json\" class=\"yoast-schema-graph\">{\"@context\":\"https:\/\/schema.org\",\"@graph\":[{\"@type\":\"WebPage\",\"@id\":\"https:\/\/babylove.se\/no\/produkt\/jabadabado-pannekaker\/\",\"url\":\"https:\/\/babylove.se\/no\/produkt\/jabadabado-pannekaker\/\",\"name\":\"JaBaDaBaDo, pannekaker - Babylove Norska\",\"isPartOf\":{\"@id\":\"https:\/\/babylove.se\/no\/#website\"},\"primaryImageOfPage\":{\"@id\":\"https:\/\/babylove.se\/no\/produkt\/jabadabado-pannekaker\/#primaryimage\"},\"image\":{\"@id\":\"https:\/\/babylove.se\/no\/produkt\/jabadabado-pannekaker\/#primaryimage\"},\"thumbnailUrl\":\"https:\/\/babylove.se\/no\/wp-content\/uploads\/sites\/3\/2025\/07\/65cdeb894a5ab.jpeg\",\"datePublished\":\"2025-07-19T14:13:17+00:00\",\"dateModified\":\"2026-04-08T13:08:48+00:00\",\"breadcrumb\":{\"@id\":\"https:\/\/babylove.se\/no\/produkt\/jabadabado-pannekaker\/#breadcrumb\"},\"inLanguage\":\"nb-NO\",\"potentialAction\":[{\"@type\":\"ReadAction\",\"target\":[\"https:\/\/babylove.se\/no\/produkt\/jabadabado-pannekaker\/\"]}]},{\"@type\":\"ImageObject\",\"inLanguage\":\"nb-NO\",\"@id\":\"https:\/\/babylove.se\/no\/produkt\/jabadabado-pannekaker\/#primaryimage\",\"url\":\"https:\/\/babylove.se\/no\/wp-content\/uploads\/sites\/3\/2025\/07\/65cdeb894a5ab.jpeg\",\"contentUrl\":\"https:\/\/babylove.se\/no\/wp-content\/uploads\/sites\/3\/2025\/07\/65cdeb894a5ab.jpeg\",\"width\":869,\"height\":484},{\"@type\":\"BreadcrumbList\",\"@id\":\"https:\/\/babylove.se\/no\/produkt\/jabadabado-pannekaker\/#breadcrumb\",\"itemListElement\":[{\"@type\":\"ListItem\",\"position\":1,\"name\":\"Hem\",\"item\":\"https:\/\/babylove.se\/no\/\"},{\"@type\":\"ListItem\",\"position\":2,\"name\":\"Butik\",\"item\":\"https:\/\/babylove.se\/no\/butik\/\"},{\"@type\":\"ListItem\",\"position\":3,\"name\":\"JaBaDaBaDo, pannekaker\"}]},{\"@type\":\"WebSite\",\"@id\":\"https:\/\/babylove.se\/no\/#website\",\"url\":\"https:\/\/babylove.se\/no\/\",\"name\":\"Babylove Norska\",\"description\":\"\",\"potentialAction\":[{\"@type\":\"SearchAction\",\"target\":{\"@type\":\"EntryPoint\",\"urlTemplate\":\"https:\/\/babylove.se\/no\/?s={search_term_string}\"},\"query-input\":{\"@type\":\"PropertyValueSpecification\",\"valueRequired\":true,\"valueName\":\"search_term_string\"}}],\"inLanguage\":\"nb-NO\"}]}<\/script>\n<meta property=\"product:brand\" content=\"JaBaDaBaDo\" \/>\n<meta property=\"product:price:amount\" content=\"269.00\" \/>\n<meta property=\"product:price:currency\" content=\"SEK\" \/>\n<meta property=\"og:availability\" content=\"instock\" \/>\n<meta property=\"product:availability\" content=\"instock\" \/>\n<meta property=\"product:retailer_item_id\" content=\"W7188\" \/>\n<meta property=\"product:condition\" content=\"new\" \/>\n<!-- \/ Yoast SEO Premium plugin. -->","yoast_head_json":{"title":"JaBaDaBaDo, pannekaker - Babylove Norska","robots":{"index":"noindex","follow":"follow","max-snippet":"max-snippet:-1","max-image-preview":"max-image-preview:large","max-video-preview":"max-video-preview:-1"},"og_locale":"nb_NO","og_type":"article","og_title":"JaBaDaBaDo, pannekaker","og_description":"By p\u00e5 nybakte pannekaker med deilige tilbeh\u00f8r fra svenske JaBaDaBaDo! Til pannekakersettet f\u00f8lger f\u00f8lgende med: en stekepanne en stekespade to pannekaker med borrel\u00e5s tre bahanskiver med borrel\u00e5s tre jordb\u00e6rskiver med borrel\u00e5s ett bl\u00e5b\u00e6r p\u00e5 str\u00e5 en flaske jordb\u00e6rsyltet\u00f8y en boks sjokoladekrem en flaske pisket krem Kombiner gjerne med andre produkter fra samme serie. Material: Tre [&hellip;]","og_url":"https:\/\/babylove.se\/no\/produkt\/jabadabado-pannekaker\/","og_site_name":"Babylove Norska","article_modified_time":"2026-04-08T13:08:48+00:00","og_image":[{"width":869,"height":484,"url":"https:\/\/babylove.se\/no\/wp-content\/uploads\/sites\/3\/2025\/07\/65cdeb894a5ab.jpeg","type":"image\/jpeg"}],"twitter_card":"summary_large_image","twitter_misc":{"Price":"269,00&nbsp;&#107;&#114;","Availability":"In stock"},"schema":{"@context":"https:\/\/schema.org","@graph":[{"@type":"WebPage","@id":"https:\/\/babylove.se\/no\/produkt\/jabadabado-pannekaker\/","url":"https:\/\/babylove.se\/no\/produkt\/jabadabado-pannekaker\/","name":"JaBaDaBaDo, pannekaker - Babylove Norska","isPartOf":{"@id":"https:\/\/babylove.se\/no\/#website"},"primaryImageOfPage":{"@id":"https:\/\/babylove.se\/no\/produkt\/jabadabado-pannekaker\/#primaryimage"},"image":{"@id":"https:\/\/babylove.se\/no\/produkt\/jabadabado-pannekaker\/#primaryimage"},"thumbnailUrl":"https:\/\/babylove.se\/no\/wp-content\/uploads\/sites\/3\/2025\/07\/65cdeb894a5ab.jpeg","datePublished":"2025-07-19T14:13:17+00:00","dateModified":"2026-04-08T13:08:48+00:00","breadcrumb":{"@id":"https:\/\/babylove.se\/no\/produkt\/jabadabado-pannekaker\/#breadcrumb"},"inLanguage":"nb-NO","potentialAction":[{"@type":"ReadAction","target":["https:\/\/babylove.se\/no\/produkt\/jabadabado-pannekaker\/"]}]},{"@type":"ImageObject","inLanguage":"nb-NO","@id":"https:\/\/babylove.se\/no\/produkt\/jabadabado-pannekaker\/#primaryimage","url":"https:\/\/babylove.se\/no\/wp-content\/uploads\/sites\/3\/2025\/07\/65cdeb894a5ab.jpeg","contentUrl":"https:\/\/babylove.se\/no\/wp-content\/uploads\/sites\/3\/2025\/07\/65cdeb894a5ab.jpeg","width":869,"height":484},{"@type":"BreadcrumbList","@id":"https:\/\/babylove.se\/no\/produkt\/jabadabado-pannekaker\/#breadcrumb","itemListElement":[{"@type":"ListItem","position":1,"name":"Hem","item":"https:\/\/babylove.se\/no\/"},{"@type":"ListItem","position":2,"name":"Butik","item":"https:\/\/babylove.se\/no\/butik\/"},{"@type":"ListItem","position":3,"name":"JaBaDaBaDo, pannekaker"}]},{"@type":"WebSite","@id":"https:\/\/babylove.se\/no\/#website","url":"https:\/\/babylove.se\/no\/","name":"Babylove Norska","description":"","potentialAction":[{"@type":"SearchAction","target":{"@type":"EntryPoint","urlTemplate":"https:\/\/babylove.se\/no\/?s={search_term_string}"},"query-input":{"@type":"PropertyValueSpecification","valueRequired":true,"valueName":"search_term_string"}}],"inLanguage":"nb-NO"}]},"product_brand":"JaBaDaBaDo","product_price_amount":"269.00","product_price_currency":"SEK","og_availability":"instock","product_availability":"instock","product_retailer_item_id":"W7188","product_condition":"new"},"_links":{"self":[{"href":"https:\/\/babylove.se\/no\/wp-json\/wp\/v2\/product\/58530","targetHints":{"allow":["GET"]}}],"collection":[{"href":"https:\/\/babylove.se\/no\/wp-json\/wp\/v2\/product"}],"about":[{"href":"https:\/\/babylove.se\/no\/wp-json\/wp\/v2\/types\/product"}],"replies":[{"embeddable":true,"href":"https:\/\/babylove.se\/no\/wp-json\/wp\/v2\/comments?post=58530"}],"wp:featuredmedia":[{"embeddable":true,"href":"https:\/\/babylove.se\/no\/wp-json\/wp\/v2\/media\/58532"}],"wp:attachment":[{"href":"https:\/\/babylove.se\/no\/wp-json\/wp\/v2\/media?parent=58530"}],"wp:term":[{"taxonomy":"product_brand","embeddable":true,"href":"https:\/\/babylove.se\/no\/wp-json\/wp\/v2\/product_brand?post=58530"},{"taxonomy":"product_cat","embeddable":true,"href":"https:\/\/babylove.se\/no\/wp-json\/wp\/v2\/product_cat?post=58530"},{"taxonomy":"product_tag","embeddable":true,"href":"https:\/\/babylove.se\/no\/wp-json\/wp\/v2\/product_tag?post=58530"}],"curies":[{"name":"wp","href":"https:\/\/api.w.org\/{rel}","templated":true}]}}