{"id":58536,"date":"2025-07-19T15:13:47","date_gmt":"2025-07-19T14:13:47","guid":{"rendered":"https:\/\/babylove.se\/produkt\/sass-belle-knopp-guld-bi\/"},"modified":"2026-04-08T14:08:51","modified_gmt":"2026-04-08T13:08:51","slug":"sass-belle-knapp-gull-bi","status":"publish","type":"product","link":"https:\/\/babylove.se\/no\/produkt\/sass-belle-knapp-gull-bi\/","title":{"rendered":"Sass &#038; Belle, knopp gull bi"},"content":{"rendered":"<p>Gj\u00f8r m\u00f8blene dine mer personlige og unike med vakre rustikke knotter i vintage-stil fra Sass &amp; Belle. Passer like godt p\u00e5 barnerommet som i resten av hjemmet.&nbsp;<\/p>\n<p>Vi lover deg at disse knottene kommer til \u00e5 pynte opp hvilken som helst kommode og f\u00e5 den til \u00e5 se fantastisk ut. Miks og match gjerne med andre knotter fra samme kolleksjon.&nbsp;<\/p>\n<p><strong>M\u00e5l:<\/strong> cirka 5 x 4,5 cm<\/p>\n<p><strong>Materiale<\/strong>: Metall<\/p>\n<p>Designer: <a href=\"https:\/\/babylove.se\/varumarken\/sass-belle\">Sass &amp; Belle<\/a><\/p>\n","protected":false},"excerpt":{"rendered":"<p>Gj\u00f8r m\u00f8blene dine mer personlige og unike med vakre rustikke knotter i vintage-stil fra Sass &amp; Belle. Passer like godt p\u00e5 barnerommet som i resten av hjemmet.&nbsp; Vi lover deg at disse knottene kommer til \u00e5 pynte opp hvilken som helst kommode og f\u00e5 den til \u00e5 se fantastisk ut. Miks og match gjerne med [&hellip;]<\/p>\n","protected":false},"featured_media":58538,"comment_status":"closed","ping_status":"open","template":"","meta":{"_acf_changed":false},"product_brand":[683],"product_cat":[997,684],"product_tag":[],"class_list":{"0":"post-58536","1":"product","2":"type-product","3":"status-publish","4":"has-post-thumbnail","6":"product_brand-sassbelle","7":"product_cat-knapper-handtak","8":"product_cat-sass-belle","10":"first","11":"outofstock","12":"taxable","13":"shipping-taxable","14":"purchasable","15":"product-type-simple"},"acf":[],"yoast_head":"<!-- This site is optimized with the Yoast SEO Premium plugin v25.8 (Yoast SEO v27.2) - https:\/\/yoast.com\/product\/yoast-seo-premium-wordpress\/ -->\n<title>Sass &amp; Belle, knopp gull bi - Babylove Norska<\/title>\n<meta name=\"robots\" content=\"noindex, follow, max-snippet:-1, max-image-preview:large, max-video-preview:-1\" \/>\n<meta property=\"og:locale\" content=\"nb_NO\" \/>\n<meta property=\"og:type\" content=\"article\" \/>\n<meta property=\"og:title\" content=\"Sass &amp; Belle, knopp gull bi\" \/>\n<meta property=\"og:description\" content=\"Gj\u00f8r m\u00f8blene dine mer personlige og unike med vakre rustikke knotter i vintage-stil fra Sass &amp; Belle. Passer like godt p\u00e5 barnerommet som i resten av hjemmet.&nbsp; Vi lover deg at disse knottene kommer til \u00e5 pynte opp hvilken som helst kommode og f\u00e5 den til \u00e5 se fantastisk ut. Miks og match gjerne med [&hellip;]\" \/>\n<meta property=\"og:url\" content=\"https:\/\/babylove.se\/no\/produkt\/sass-belle-knapp-gull-bi\/\" \/>\n<meta property=\"og:site_name\" content=\"Babylove Norska\" \/>\n<meta property=\"article:modified_time\" content=\"2026-04-08T13:08:51+00:00\" \/>\n<meta property=\"og:image\" content=\"https:\/\/babylove.se\/no\/wp-content\/uploads\/sites\/3\/2025\/07\/65ce0e4739dfe.jpeg\" \/>\n\t<meta property=\"og:image:width\" content=\"823\" \/>\n\t<meta property=\"og:image:height\" content=\"823\" \/>\n\t<meta property=\"og:image:type\" content=\"image\/jpeg\" \/>\n<meta name=\"twitter:card\" content=\"summary_large_image\" \/>\n<meta name=\"twitter:label1\" content=\"Price\" \/>\n\t<meta name=\"twitter:data1\" content=\"89,00&nbsp;&#107;&#114;\" \/>\n\t<meta name=\"twitter:label2\" content=\"Availability\" \/>\n\t<meta name=\"twitter:data2\" content=\"Out of stock\" \/>\n<script type=\"application\/ld+json\" class=\"yoast-schema-graph\">{\"@context\":\"https:\/\/schema.org\",\"@graph\":[{\"@type\":\"WebPage\",\"@id\":\"https:\/\/babylove.se\/no\/produkt\/sass-belle-knapp-gull-bi\/\",\"url\":\"https:\/\/babylove.se\/no\/produkt\/sass-belle-knapp-gull-bi\/\",\"name\":\"Sass & Belle, knopp gull bi - Babylove Norska\",\"isPartOf\":{\"@id\":\"https:\/\/babylove.se\/no\/#website\"},\"primaryImageOfPage\":{\"@id\":\"https:\/\/babylove.se\/no\/produkt\/sass-belle-knapp-gull-bi\/#primaryimage\"},\"image\":{\"@id\":\"https:\/\/babylove.se\/no\/produkt\/sass-belle-knapp-gull-bi\/#primaryimage\"},\"thumbnailUrl\":\"https:\/\/babylove.se\/no\/wp-content\/uploads\/sites\/3\/2025\/07\/65ce0e4739dfe.jpeg\",\"datePublished\":\"2025-07-19T14:13:47+00:00\",\"dateModified\":\"2026-04-08T13:08:51+00:00\",\"breadcrumb\":{\"@id\":\"https:\/\/babylove.se\/no\/produkt\/sass-belle-knapp-gull-bi\/#breadcrumb\"},\"inLanguage\":\"nb-NO\",\"potentialAction\":[{\"@type\":\"ReadAction\",\"target\":[\"https:\/\/babylove.se\/no\/produkt\/sass-belle-knapp-gull-bi\/\"]}]},{\"@type\":\"ImageObject\",\"inLanguage\":\"nb-NO\",\"@id\":\"https:\/\/babylove.se\/no\/produkt\/sass-belle-knapp-gull-bi\/#primaryimage\",\"url\":\"https:\/\/babylove.se\/no\/wp-content\/uploads\/sites\/3\/2025\/07\/65ce0e4739dfe.jpeg\",\"contentUrl\":\"https:\/\/babylove.se\/no\/wp-content\/uploads\/sites\/3\/2025\/07\/65ce0e4739dfe.jpeg\",\"width\":823,\"height\":823},{\"@type\":\"BreadcrumbList\",\"@id\":\"https:\/\/babylove.se\/no\/produkt\/sass-belle-knapp-gull-bi\/#breadcrumb\",\"itemListElement\":[{\"@type\":\"ListItem\",\"position\":1,\"name\":\"Hem\",\"item\":\"https:\/\/babylove.se\/no\/\"},{\"@type\":\"ListItem\",\"position\":2,\"name\":\"Butik\",\"item\":\"https:\/\/babylove.se\/no\/butik\/\"},{\"@type\":\"ListItem\",\"position\":3,\"name\":\"Sass &#038; Belle, knopp gull bi\"}]},{\"@type\":\"WebSite\",\"@id\":\"https:\/\/babylove.se\/no\/#website\",\"url\":\"https:\/\/babylove.se\/no\/\",\"name\":\"Babylove Norska\",\"description\":\"\",\"potentialAction\":[{\"@type\":\"SearchAction\",\"target\":{\"@type\":\"EntryPoint\",\"urlTemplate\":\"https:\/\/babylove.se\/no\/?s={search_term_string}\"},\"query-input\":{\"@type\":\"PropertyValueSpecification\",\"valueRequired\":true,\"valueName\":\"search_term_string\"}}],\"inLanguage\":\"nb-NO\"}]}<\/script>\n<meta property=\"product:brand\" content=\"Sass&amp;Belle\" \/>\n<meta property=\"product:price:amount\" content=\"89.00\" \/>\n<meta property=\"product:price:currency\" content=\"SEK\" \/>\n<meta property=\"og:availability\" content=\"out of stock\" \/>\n<meta property=\"product:availability\" content=\"out of stock\" \/>\n<meta property=\"product:retailer_item_id\" content=\"BOU321\" \/>\n<meta property=\"product:condition\" content=\"new\" \/>\n<!-- \/ Yoast SEO Premium plugin. -->","yoast_head_json":{"title":"Sass & Belle, knopp gull bi - Babylove Norska","robots":{"index":"noindex","follow":"follow","max-snippet":"max-snippet:-1","max-image-preview":"max-image-preview:large","max-video-preview":"max-video-preview:-1"},"og_locale":"nb_NO","og_type":"article","og_title":"Sass & Belle, knopp gull bi","og_description":"Gj\u00f8r m\u00f8blene dine mer personlige og unike med vakre rustikke knotter i vintage-stil fra Sass &amp; Belle. Passer like godt p\u00e5 barnerommet som i resten av hjemmet.&nbsp; Vi lover deg at disse knottene kommer til \u00e5 pynte opp hvilken som helst kommode og f\u00e5 den til \u00e5 se fantastisk ut. Miks og match gjerne med [&hellip;]","og_url":"https:\/\/babylove.se\/no\/produkt\/sass-belle-knapp-gull-bi\/","og_site_name":"Babylove Norska","article_modified_time":"2026-04-08T13:08:51+00:00","og_image":[{"width":823,"height":823,"url":"https:\/\/babylove.se\/no\/wp-content\/uploads\/sites\/3\/2025\/07\/65ce0e4739dfe.jpeg","type":"image\/jpeg"}],"twitter_card":"summary_large_image","twitter_misc":{"Price":"89,00&nbsp;&#107;&#114;","Availability":"Out of stock"},"schema":{"@context":"https:\/\/schema.org","@graph":[{"@type":"WebPage","@id":"https:\/\/babylove.se\/no\/produkt\/sass-belle-knapp-gull-bi\/","url":"https:\/\/babylove.se\/no\/produkt\/sass-belle-knapp-gull-bi\/","name":"Sass & Belle, knopp gull bi - Babylove Norska","isPartOf":{"@id":"https:\/\/babylove.se\/no\/#website"},"primaryImageOfPage":{"@id":"https:\/\/babylove.se\/no\/produkt\/sass-belle-knapp-gull-bi\/#primaryimage"},"image":{"@id":"https:\/\/babylove.se\/no\/produkt\/sass-belle-knapp-gull-bi\/#primaryimage"},"thumbnailUrl":"https:\/\/babylove.se\/no\/wp-content\/uploads\/sites\/3\/2025\/07\/65ce0e4739dfe.jpeg","datePublished":"2025-07-19T14:13:47+00:00","dateModified":"2026-04-08T13:08:51+00:00","breadcrumb":{"@id":"https:\/\/babylove.se\/no\/produkt\/sass-belle-knapp-gull-bi\/#breadcrumb"},"inLanguage":"nb-NO","potentialAction":[{"@type":"ReadAction","target":["https:\/\/babylove.se\/no\/produkt\/sass-belle-knapp-gull-bi\/"]}]},{"@type":"ImageObject","inLanguage":"nb-NO","@id":"https:\/\/babylove.se\/no\/produkt\/sass-belle-knapp-gull-bi\/#primaryimage","url":"https:\/\/babylove.se\/no\/wp-content\/uploads\/sites\/3\/2025\/07\/65ce0e4739dfe.jpeg","contentUrl":"https:\/\/babylove.se\/no\/wp-content\/uploads\/sites\/3\/2025\/07\/65ce0e4739dfe.jpeg","width":823,"height":823},{"@type":"BreadcrumbList","@id":"https:\/\/babylove.se\/no\/produkt\/sass-belle-knapp-gull-bi\/#breadcrumb","itemListElement":[{"@type":"ListItem","position":1,"name":"Hem","item":"https:\/\/babylove.se\/no\/"},{"@type":"ListItem","position":2,"name":"Butik","item":"https:\/\/babylove.se\/no\/butik\/"},{"@type":"ListItem","position":3,"name":"Sass &#038; Belle, knopp gull bi"}]},{"@type":"WebSite","@id":"https:\/\/babylove.se\/no\/#website","url":"https:\/\/babylove.se\/no\/","name":"Babylove Norska","description":"","potentialAction":[{"@type":"SearchAction","target":{"@type":"EntryPoint","urlTemplate":"https:\/\/babylove.se\/no\/?s={search_term_string}"},"query-input":{"@type":"PropertyValueSpecification","valueRequired":true,"valueName":"search_term_string"}}],"inLanguage":"nb-NO"}]},"product_brand":"Sass&amp;Belle","product_price_amount":"89.00","product_price_currency":"SEK","og_availability":"out of stock","product_availability":"out of stock","product_retailer_item_id":"BOU321","product_condition":"new"},"_links":{"self":[{"href":"https:\/\/babylove.se\/no\/wp-json\/wp\/v2\/product\/58536","targetHints":{"allow":["GET"]}}],"collection":[{"href":"https:\/\/babylove.se\/no\/wp-json\/wp\/v2\/product"}],"about":[{"href":"https:\/\/babylove.se\/no\/wp-json\/wp\/v2\/types\/product"}],"replies":[{"embeddable":true,"href":"https:\/\/babylove.se\/no\/wp-json\/wp\/v2\/comments?post=58536"}],"wp:featuredmedia":[{"embeddable":true,"href":"https:\/\/babylove.se\/no\/wp-json\/wp\/v2\/media\/58538"}],"wp:attachment":[{"href":"https:\/\/babylove.se\/no\/wp-json\/wp\/v2\/media?parent=58536"}],"wp:term":[{"taxonomy":"product_brand","embeddable":true,"href":"https:\/\/babylove.se\/no\/wp-json\/wp\/v2\/product_brand?post=58536"},{"taxonomy":"product_cat","embeddable":true,"href":"https:\/\/babylove.se\/no\/wp-json\/wp\/v2\/product_cat?post=58536"},{"taxonomy":"product_tag","embeddable":true,"href":"https:\/\/babylove.se\/no\/wp-json\/wp\/v2\/product_tag?post=58536"}],"curies":[{"name":"wp","href":"https:\/\/api.w.org\/{rel}","templated":true}]}}