{"id":58548,"date":"2025-07-19T15:13:47","date_gmt":"2025-07-19T14:13:47","guid":{"rendered":"https:\/\/babylove.se\/produkt\/cam-cam-spjalsangsskydd-berries\/"},"modified":"2026-04-08T14:08:59","modified_gmt":"2026-04-08T13:08:59","slug":"cam-cam-sprinkelsengbeskyttelse-berries","status":"publish","type":"product","link":"https:\/\/babylove.se\/no\/produkt\/cam-cam-sprinkelsengbeskyttelse-berries\/","title":{"rendered":"Cam cam, sengehest, Berries"},"content":{"rendered":"<p>Et klassisk spjelsikring utformet i en moderne variant fra utrolig popul\u00e6re danske Cam Cam Copenhagen! \\n \\nPerfekt hvis du vil innrede koselig for de minste. Kjent for sin mykthet for de aller minste \u00e5 lene seg mot. Dessuten beskytter den tykke spjelsikringen barnet ditt fra \u00e5 sl\u00e5 hodet mot spjelsengens staver. \\n \\nSpjelsikringen festes med s\u00f8te fiskebeinsb\u00e5nd og er egnet for vogger, spjelsenger og barnesenger med st\u00f8ttebrett med staver. Passer babysenger med m\u00e5lene 120&#215;60 cm. \\n \\n<strong>M\u00e5l<\/strong>: Lengde 365 cm. H\u00f8yde 30 cm. \\n \\n<strong>Materiale<\/strong>: \\n<\/p>\n<ul> \\n \\t<\/p>\n<li>Ytterstoff: 100 % \u00f8kologisk GOTS-sertifisert bomull<\/li>\n<p> \\n \\t<\/p>\n<li>Fyll: 100% Oeko-tex polyester<\/li>\n<p> \\n<\/ul>\n<p> \\nDesigner: <a href=\"https:\/\/babylove.se\/varumarken\/cam-cam-copenhagen\">Cam Cam Copenhagen<\/a> \\n \\n<em>Obs! B\u00e5ndene som ikke brukes b\u00f8r klippes av s\u00e5 de er utenfor rekkevidde for barnet.<\/em><\/p>\n","protected":false},"excerpt":{"rendered":"<p>Et klassisk spjelsikring utformet i en moderne variant fra utrolig popul\u00e6re danske Cam Cam Copenhagen! \\n \\nPerfekt hvis du vil innrede koselig for de minste. Kjent for sin mykthet for de aller minste \u00e5 lene seg mot. Dessuten beskytter den tykke spjelsikringen barnet ditt fra \u00e5 sl\u00e5 hodet mot spjelsengens staver. \\n \\nSpjelsikringen festes med [&hellip;]<\/p>\n","protected":false},"featured_media":58550,"comment_status":"closed","ping_status":"closed","template":"","meta":{"_acf_changed":false},"product_brand":[1024],"product_cat":[1025,108],"product_tag":[],"class_list":{"0":"post-58548","1":"product","2":"type-product","3":"status-publish","4":"has-post-thumbnail","6":"product_brand-cam-cam-copenhagen","7":"product_cat-cam-cam-copenhagen","8":"product_cat-barnesengbeskyttelse","10":"first","11":"outofstock","12":"taxable","13":"shipping-taxable","14":"purchasable","15":"product-type-simple"},"acf":[],"yoast_head":"<!-- This site is optimized with the Yoast SEO Premium plugin v25.8 (Yoast SEO v27.2) - https:\/\/yoast.com\/product\/yoast-seo-premium-wordpress\/ -->\n<title>Cam cam, sengehest, Berries - Babylove Norska<\/title>\n<meta name=\"robots\" content=\"noindex, follow, max-snippet:-1, max-image-preview:large, max-video-preview:-1\" \/>\n<meta property=\"og:locale\" content=\"nb_NO\" \/>\n<meta property=\"og:type\" content=\"article\" \/>\n<meta property=\"og:title\" content=\"Cam cam, sengehest, Berries\" \/>\n<meta property=\"og:description\" content=\"Et klassisk spjelsikring utformet i en moderne variant fra utrolig popul\u00e6re danske Cam Cam Copenhagen! n nPerfekt hvis du vil innrede koselig for de minste. Kjent for sin mykthet for de aller minste \u00e5 lene seg mot. Dessuten beskytter den tykke spjelsikringen barnet ditt fra \u00e5 sl\u00e5 hodet mot spjelsengens staver. n nSpjelsikringen festes med [&hellip;]\" \/>\n<meta property=\"og:url\" content=\"https:\/\/babylove.se\/no\/produkt\/cam-cam-sprinkelsengbeskyttelse-berries\/\" \/>\n<meta property=\"og:site_name\" content=\"Babylove Norska\" \/>\n<meta property=\"article:modified_time\" content=\"2026-04-08T13:08:59+00:00\" \/>\n<meta property=\"og:image\" content=\"https:\/\/babylove.se\/no\/wp-content\/uploads\/sites\/3\/2025\/07\/65cf19f96841b.jpeg\" \/>\n\t<meta property=\"og:image:width\" content=\"1024\" \/>\n\t<meta property=\"og:image:height\" content=\"1024\" \/>\n\t<meta property=\"og:image:type\" content=\"image\/jpeg\" \/>\n<meta name=\"twitter:card\" content=\"summary_large_image\" \/>\n<meta name=\"twitter:label1\" content=\"Price\" \/>\n\t<meta name=\"twitter:data1\" content=\"629,30&nbsp;&#107;&#114;\" \/>\n\t<meta name=\"twitter:label2\" content=\"Availability\" \/>\n\t<meta name=\"twitter:data2\" content=\"Out of stock\" \/>\n<script type=\"application\/ld+json\" class=\"yoast-schema-graph\">{\"@context\":\"https:\/\/schema.org\",\"@graph\":[{\"@type\":\"WebPage\",\"@id\":\"https:\/\/babylove.se\/no\/produkt\/cam-cam-sprinkelsengbeskyttelse-berries\/\",\"url\":\"https:\/\/babylove.se\/no\/produkt\/cam-cam-sprinkelsengbeskyttelse-berries\/\",\"name\":\"Cam cam, sengehest, Berries - Babylove Norska\",\"isPartOf\":{\"@id\":\"https:\/\/babylove.se\/no\/#website\"},\"primaryImageOfPage\":{\"@id\":\"https:\/\/babylove.se\/no\/produkt\/cam-cam-sprinkelsengbeskyttelse-berries\/#primaryimage\"},\"image\":{\"@id\":\"https:\/\/babylove.se\/no\/produkt\/cam-cam-sprinkelsengbeskyttelse-berries\/#primaryimage\"},\"thumbnailUrl\":\"https:\/\/babylove.se\/no\/wp-content\/uploads\/sites\/3\/2025\/07\/65cf19f96841b.jpeg\",\"datePublished\":\"2025-07-19T14:13:47+00:00\",\"dateModified\":\"2026-04-08T13:08:59+00:00\",\"breadcrumb\":{\"@id\":\"https:\/\/babylove.se\/no\/produkt\/cam-cam-sprinkelsengbeskyttelse-berries\/#breadcrumb\"},\"inLanguage\":\"nb-NO\",\"potentialAction\":[{\"@type\":\"ReadAction\",\"target\":[\"https:\/\/babylove.se\/no\/produkt\/cam-cam-sprinkelsengbeskyttelse-berries\/\"]}]},{\"@type\":\"ImageObject\",\"inLanguage\":\"nb-NO\",\"@id\":\"https:\/\/babylove.se\/no\/produkt\/cam-cam-sprinkelsengbeskyttelse-berries\/#primaryimage\",\"url\":\"https:\/\/babylove.se\/no\/wp-content\/uploads\/sites\/3\/2025\/07\/65cf19f96841b.jpeg\",\"contentUrl\":\"https:\/\/babylove.se\/no\/wp-content\/uploads\/sites\/3\/2025\/07\/65cf19f96841b.jpeg\",\"width\":1024,\"height\":1024},{\"@type\":\"BreadcrumbList\",\"@id\":\"https:\/\/babylove.se\/no\/produkt\/cam-cam-sprinkelsengbeskyttelse-berries\/#breadcrumb\",\"itemListElement\":[{\"@type\":\"ListItem\",\"position\":1,\"name\":\"Hem\",\"item\":\"https:\/\/babylove.se\/no\/\"},{\"@type\":\"ListItem\",\"position\":2,\"name\":\"Butik\",\"item\":\"https:\/\/babylove.se\/no\/butik\/\"},{\"@type\":\"ListItem\",\"position\":3,\"name\":\"Cam cam, sengehest, Berries\"}]},{\"@type\":\"WebSite\",\"@id\":\"https:\/\/babylove.se\/no\/#website\",\"url\":\"https:\/\/babylove.se\/no\/\",\"name\":\"Babylove Norska\",\"description\":\"\",\"potentialAction\":[{\"@type\":\"SearchAction\",\"target\":{\"@type\":\"EntryPoint\",\"urlTemplate\":\"https:\/\/babylove.se\/no\/?s={search_term_string}\"},\"query-input\":{\"@type\":\"PropertyValueSpecification\",\"valueRequired\":true,\"valueName\":\"search_term_string\"}}],\"inLanguage\":\"nb-NO\"}]}<\/script>\n<meta property=\"product:brand\" content=\"Cam Cam Copenhagen\" \/>\n<meta property=\"product:price:amount\" content=\"629.30\" \/>\n<meta property=\"product:price:currency\" content=\"SEK\" \/>\n<meta property=\"og:availability\" content=\"out of stock\" \/>\n<meta property=\"product:availability\" content=\"out of stock\" \/>\n<meta property=\"product:retailer_item_id\" content=\"702-P90-000-WW\" \/>\n<meta property=\"product:condition\" content=\"new\" \/>\n<!-- \/ Yoast SEO Premium plugin. -->","yoast_head_json":{"title":"Cam cam, sengehest, Berries - Babylove Norska","robots":{"index":"noindex","follow":"follow","max-snippet":"max-snippet:-1","max-image-preview":"max-image-preview:large","max-video-preview":"max-video-preview:-1"},"og_locale":"nb_NO","og_type":"article","og_title":"Cam cam, sengehest, Berries","og_description":"Et klassisk spjelsikring utformet i en moderne variant fra utrolig popul\u00e6re danske Cam Cam Copenhagen! n nPerfekt hvis du vil innrede koselig for de minste. Kjent for sin mykthet for de aller minste \u00e5 lene seg mot. Dessuten beskytter den tykke spjelsikringen barnet ditt fra \u00e5 sl\u00e5 hodet mot spjelsengens staver. n nSpjelsikringen festes med [&hellip;]","og_url":"https:\/\/babylove.se\/no\/produkt\/cam-cam-sprinkelsengbeskyttelse-berries\/","og_site_name":"Babylove Norska","article_modified_time":"2026-04-08T13:08:59+00:00","og_image":[{"width":1024,"height":1024,"url":"https:\/\/babylove.se\/no\/wp-content\/uploads\/sites\/3\/2025\/07\/65cf19f96841b.jpeg","type":"image\/jpeg"}],"twitter_card":"summary_large_image","twitter_misc":{"Price":"629,30&nbsp;&#107;&#114;","Availability":"Out of stock"},"schema":{"@context":"https:\/\/schema.org","@graph":[{"@type":"WebPage","@id":"https:\/\/babylove.se\/no\/produkt\/cam-cam-sprinkelsengbeskyttelse-berries\/","url":"https:\/\/babylove.se\/no\/produkt\/cam-cam-sprinkelsengbeskyttelse-berries\/","name":"Cam cam, sengehest, Berries - Babylove Norska","isPartOf":{"@id":"https:\/\/babylove.se\/no\/#website"},"primaryImageOfPage":{"@id":"https:\/\/babylove.se\/no\/produkt\/cam-cam-sprinkelsengbeskyttelse-berries\/#primaryimage"},"image":{"@id":"https:\/\/babylove.se\/no\/produkt\/cam-cam-sprinkelsengbeskyttelse-berries\/#primaryimage"},"thumbnailUrl":"https:\/\/babylove.se\/no\/wp-content\/uploads\/sites\/3\/2025\/07\/65cf19f96841b.jpeg","datePublished":"2025-07-19T14:13:47+00:00","dateModified":"2026-04-08T13:08:59+00:00","breadcrumb":{"@id":"https:\/\/babylove.se\/no\/produkt\/cam-cam-sprinkelsengbeskyttelse-berries\/#breadcrumb"},"inLanguage":"nb-NO","potentialAction":[{"@type":"ReadAction","target":["https:\/\/babylove.se\/no\/produkt\/cam-cam-sprinkelsengbeskyttelse-berries\/"]}]},{"@type":"ImageObject","inLanguage":"nb-NO","@id":"https:\/\/babylove.se\/no\/produkt\/cam-cam-sprinkelsengbeskyttelse-berries\/#primaryimage","url":"https:\/\/babylove.se\/no\/wp-content\/uploads\/sites\/3\/2025\/07\/65cf19f96841b.jpeg","contentUrl":"https:\/\/babylove.se\/no\/wp-content\/uploads\/sites\/3\/2025\/07\/65cf19f96841b.jpeg","width":1024,"height":1024},{"@type":"BreadcrumbList","@id":"https:\/\/babylove.se\/no\/produkt\/cam-cam-sprinkelsengbeskyttelse-berries\/#breadcrumb","itemListElement":[{"@type":"ListItem","position":1,"name":"Hem","item":"https:\/\/babylove.se\/no\/"},{"@type":"ListItem","position":2,"name":"Butik","item":"https:\/\/babylove.se\/no\/butik\/"},{"@type":"ListItem","position":3,"name":"Cam cam, sengehest, Berries"}]},{"@type":"WebSite","@id":"https:\/\/babylove.se\/no\/#website","url":"https:\/\/babylove.se\/no\/","name":"Babylove Norska","description":"","potentialAction":[{"@type":"SearchAction","target":{"@type":"EntryPoint","urlTemplate":"https:\/\/babylove.se\/no\/?s={search_term_string}"},"query-input":{"@type":"PropertyValueSpecification","valueRequired":true,"valueName":"search_term_string"}}],"inLanguage":"nb-NO"}]},"product_brand":"Cam Cam Copenhagen","product_price_amount":"629.30","product_price_currency":"SEK","og_availability":"out of stock","product_availability":"out of stock","product_retailer_item_id":"702-P90-000-WW","product_condition":"new"},"_links":{"self":[{"href":"https:\/\/babylove.se\/no\/wp-json\/wp\/v2\/product\/58548","targetHints":{"allow":["GET"]}}],"collection":[{"href":"https:\/\/babylove.se\/no\/wp-json\/wp\/v2\/product"}],"about":[{"href":"https:\/\/babylove.se\/no\/wp-json\/wp\/v2\/types\/product"}],"replies":[{"embeddable":true,"href":"https:\/\/babylove.se\/no\/wp-json\/wp\/v2\/comments?post=58548"}],"wp:featuredmedia":[{"embeddable":true,"href":"https:\/\/babylove.se\/no\/wp-json\/wp\/v2\/media\/58550"}],"wp:attachment":[{"href":"https:\/\/babylove.se\/no\/wp-json\/wp\/v2\/media?parent=58548"}],"wp:term":[{"taxonomy":"product_brand","embeddable":true,"href":"https:\/\/babylove.se\/no\/wp-json\/wp\/v2\/product_brand?post=58548"},{"taxonomy":"product_cat","embeddable":true,"href":"https:\/\/babylove.se\/no\/wp-json\/wp\/v2\/product_cat?post=58548"},{"taxonomy":"product_tag","embeddable":true,"href":"https:\/\/babylove.se\/no\/wp-json\/wp\/v2\/product_tag?post=58548"}],"curies":[{"name":"wp","href":"https:\/\/api.w.org\/{rel}","templated":true}]}}