{"id":58554,"date":"2025-07-19T15:14:02","date_gmt":"2025-07-19T14:14:02","guid":{"rendered":"https:\/\/babylove.se\/produkt\/cam-cam-muslinfilt-2-pack-berries\/"},"modified":"2026-04-08T14:09:05","modified_gmt":"2026-04-08T13:09:05","slug":"cam-cam-muslinfilt-2-pack-berries","status":"publish","type":"product","link":"https:\/\/babylove.se\/no\/produkt\/cam-cam-muslinfilt-2-pack-berries\/","title":{"rendered":"Cam cam, muslinfilt 2-pakk, Berries"},"content":{"rendered":"<p>Vakre og myke muslinkluter fra danske Cam Cam Copenhagen! \\n \\nEt produkt med mange bruksomr\u00e5der som du kommer til \u00e5 ha mye glede og nytte av. Det lekne utseendet gj\u00f8r at barnet ditt kommer til \u00e5 like det n\u00e5r du bruker vaskekluten og dere kan gj\u00f8re badetiden til noe ekstra g\u00f8y. Kan ogs\u00e5 brukes som kosekluter som babyen din kan kose seg med. \\n \\nEtter vask vil kluten f\u00e5 et lett strukturert utseende. \\n \\n<strong>M\u00e5l<\/strong>: 70 x 70 cm \\n \\n<strong>Material<\/strong>: 100 % \u00f8kologisk GOTS-sertifisert bomull \\n \\nDesigner: <a href=\"https:\/\/babylove.se\/varumarken\/cam-cam-copenhagen\">Cam Cam Copenhagen<\/a><\/p>\n","protected":false},"excerpt":{"rendered":"<p>Vakre og myke muslinkluter fra danske Cam Cam Copenhagen! \\n \\nEt produkt med mange bruksomr\u00e5der som du kommer til \u00e5 ha mye glede og nytte av. Det lekne utseendet gj\u00f8r at barnet ditt kommer til \u00e5 like det n\u00e5r du bruker vaskekluten og dere kan gj\u00f8re badetiden til noe ekstra g\u00f8y. Kan ogs\u00e5 brukes som [&hellip;]<\/p>\n","protected":false},"featured_media":58556,"comment_status":"closed","ping_status":"closed","template":"","meta":{"_acf_changed":false},"product_brand":[1024],"product_cat":[1777,42,1025,49,294],"product_tag":[],"class_list":{"0":"post-58554","1":"product","2":"type-product","3":"status-publish","4":"has-post-thumbnail","6":"product_brand-cam-cam-copenhagen","7":"product_cat-ovrige-tekstiler","8":"product_cat-babyteppe","9":"product_cat-cam-cam-copenhagen","10":"product_cat-snutetepper","11":"product_cat-vaskekluter","13":"first","14":"instock","15":"taxable","16":"shipping-taxable","17":"purchasable","18":"product-type-simple"},"acf":[],"yoast_head":"<!-- This site is optimized with the Yoast SEO Premium plugin v25.8 (Yoast SEO v27.2) - https:\/\/yoast.com\/product\/yoast-seo-premium-wordpress\/ -->\n<title>Cam cam, muslinfilt 2-pakk, Berries - Babylove Norska<\/title>\n<meta name=\"robots\" content=\"noindex, follow, max-snippet:-1, max-image-preview:large, max-video-preview:-1\" \/>\n<meta property=\"og:locale\" content=\"nb_NO\" \/>\n<meta property=\"og:type\" content=\"article\" \/>\n<meta property=\"og:title\" content=\"Cam cam, muslinfilt 2-pakk, Berries\" \/>\n<meta property=\"og:description\" content=\"Vakre og myke muslinkluter fra danske Cam Cam Copenhagen! n nEt produkt med mange bruksomr\u00e5der som du kommer til \u00e5 ha mye glede og nytte av. Det lekne utseendet gj\u00f8r at barnet ditt kommer til \u00e5 like det n\u00e5r du bruker vaskekluten og dere kan gj\u00f8re badetiden til noe ekstra g\u00f8y. Kan ogs\u00e5 brukes som [&hellip;]\" \/>\n<meta property=\"og:url\" content=\"https:\/\/babylove.se\/no\/produkt\/cam-cam-muslinfilt-2-pack-berries\/\" \/>\n<meta property=\"og:site_name\" content=\"Babylove Norska\" \/>\n<meta property=\"article:modified_time\" content=\"2026-04-08T13:09:05+00:00\" \/>\n<meta property=\"og:image\" content=\"https:\/\/babylove.se\/no\/wp-content\/uploads\/sites\/3\/2025\/07\/65cf1f0996581.jpeg\" \/>\n\t<meta property=\"og:image:width\" content=\"1024\" \/>\n\t<meta property=\"og:image:height\" content=\"1024\" \/>\n\t<meta property=\"og:image:type\" content=\"image\/jpeg\" \/>\n<meta name=\"twitter:card\" content=\"summary_large_image\" \/>\n<meta name=\"twitter:label1\" content=\"Price\" \/>\n\t<meta name=\"twitter:data1\" content=\"139,30&nbsp;&#107;&#114;\" \/>\n\t<meta name=\"twitter:label2\" content=\"Availability\" \/>\n\t<meta name=\"twitter:data2\" content=\"In stock\" \/>\n<script type=\"application\/ld+json\" class=\"yoast-schema-graph\">{\"@context\":\"https:\/\/schema.org\",\"@graph\":[{\"@type\":\"WebPage\",\"@id\":\"https:\/\/babylove.se\/no\/produkt\/cam-cam-muslinfilt-2-pack-berries\/\",\"url\":\"https:\/\/babylove.se\/no\/produkt\/cam-cam-muslinfilt-2-pack-berries\/\",\"name\":\"Cam cam, muslinfilt 2-pakk, Berries - Babylove Norska\",\"isPartOf\":{\"@id\":\"https:\/\/babylove.se\/no\/#website\"},\"primaryImageOfPage\":{\"@id\":\"https:\/\/babylove.se\/no\/produkt\/cam-cam-muslinfilt-2-pack-berries\/#primaryimage\"},\"image\":{\"@id\":\"https:\/\/babylove.se\/no\/produkt\/cam-cam-muslinfilt-2-pack-berries\/#primaryimage\"},\"thumbnailUrl\":\"https:\/\/babylove.se\/no\/wp-content\/uploads\/sites\/3\/2025\/07\/65cf1f0996581.jpeg\",\"datePublished\":\"2025-07-19T14:14:02+00:00\",\"dateModified\":\"2026-04-08T13:09:05+00:00\",\"breadcrumb\":{\"@id\":\"https:\/\/babylove.se\/no\/produkt\/cam-cam-muslinfilt-2-pack-berries\/#breadcrumb\"},\"inLanguage\":\"nb-NO\",\"potentialAction\":[{\"@type\":\"ReadAction\",\"target\":[\"https:\/\/babylove.se\/no\/produkt\/cam-cam-muslinfilt-2-pack-berries\/\"]}]},{\"@type\":\"ImageObject\",\"inLanguage\":\"nb-NO\",\"@id\":\"https:\/\/babylove.se\/no\/produkt\/cam-cam-muslinfilt-2-pack-berries\/#primaryimage\",\"url\":\"https:\/\/babylove.se\/no\/wp-content\/uploads\/sites\/3\/2025\/07\/65cf1f0996581.jpeg\",\"contentUrl\":\"https:\/\/babylove.se\/no\/wp-content\/uploads\/sites\/3\/2025\/07\/65cf1f0996581.jpeg\",\"width\":1024,\"height\":1024},{\"@type\":\"BreadcrumbList\",\"@id\":\"https:\/\/babylove.se\/no\/produkt\/cam-cam-muslinfilt-2-pack-berries\/#breadcrumb\",\"itemListElement\":[{\"@type\":\"ListItem\",\"position\":1,\"name\":\"Hem\",\"item\":\"https:\/\/babylove.se\/no\/\"},{\"@type\":\"ListItem\",\"position\":2,\"name\":\"Butik\",\"item\":\"https:\/\/babylove.se\/no\/butik\/\"},{\"@type\":\"ListItem\",\"position\":3,\"name\":\"Cam cam, muslinfilt 2-pakk, Berries\"}]},{\"@type\":\"WebSite\",\"@id\":\"https:\/\/babylove.se\/no\/#website\",\"url\":\"https:\/\/babylove.se\/no\/\",\"name\":\"Babylove Norska\",\"description\":\"\",\"potentialAction\":[{\"@type\":\"SearchAction\",\"target\":{\"@type\":\"EntryPoint\",\"urlTemplate\":\"https:\/\/babylove.se\/no\/?s={search_term_string}\"},\"query-input\":{\"@type\":\"PropertyValueSpecification\",\"valueRequired\":true,\"valueName\":\"search_term_string\"}}],\"inLanguage\":\"nb-NO\"}]}<\/script>\n<meta property=\"product:brand\" content=\"Cam Cam Copenhagen\" \/>\n<meta property=\"product:price:amount\" content=\"139.30\" \/>\n<meta property=\"product:price:currency\" content=\"SEK\" \/>\n<meta property=\"og:availability\" content=\"instock\" \/>\n<meta property=\"product:availability\" content=\"instock\" \/>\n<meta property=\"product:retailer_item_id\" content=\"507-P90-000-WW\" \/>\n<meta property=\"product:condition\" content=\"new\" \/>\n<!-- \/ Yoast SEO Premium plugin. -->","yoast_head_json":{"title":"Cam cam, muslinfilt 2-pakk, Berries - Babylove Norska","robots":{"index":"noindex","follow":"follow","max-snippet":"max-snippet:-1","max-image-preview":"max-image-preview:large","max-video-preview":"max-video-preview:-1"},"og_locale":"nb_NO","og_type":"article","og_title":"Cam cam, muslinfilt 2-pakk, Berries","og_description":"Vakre og myke muslinkluter fra danske Cam Cam Copenhagen! n nEt produkt med mange bruksomr\u00e5der som du kommer til \u00e5 ha mye glede og nytte av. Det lekne utseendet gj\u00f8r at barnet ditt kommer til \u00e5 like det n\u00e5r du bruker vaskekluten og dere kan gj\u00f8re badetiden til noe ekstra g\u00f8y. Kan ogs\u00e5 brukes som [&hellip;]","og_url":"https:\/\/babylove.se\/no\/produkt\/cam-cam-muslinfilt-2-pack-berries\/","og_site_name":"Babylove Norska","article_modified_time":"2026-04-08T13:09:05+00:00","og_image":[{"width":1024,"height":1024,"url":"https:\/\/babylove.se\/no\/wp-content\/uploads\/sites\/3\/2025\/07\/65cf1f0996581.jpeg","type":"image\/jpeg"}],"twitter_card":"summary_large_image","twitter_misc":{"Price":"139,30&nbsp;&#107;&#114;","Availability":"In stock"},"schema":{"@context":"https:\/\/schema.org","@graph":[{"@type":"WebPage","@id":"https:\/\/babylove.se\/no\/produkt\/cam-cam-muslinfilt-2-pack-berries\/","url":"https:\/\/babylove.se\/no\/produkt\/cam-cam-muslinfilt-2-pack-berries\/","name":"Cam cam, muslinfilt 2-pakk, Berries - Babylove Norska","isPartOf":{"@id":"https:\/\/babylove.se\/no\/#website"},"primaryImageOfPage":{"@id":"https:\/\/babylove.se\/no\/produkt\/cam-cam-muslinfilt-2-pack-berries\/#primaryimage"},"image":{"@id":"https:\/\/babylove.se\/no\/produkt\/cam-cam-muslinfilt-2-pack-berries\/#primaryimage"},"thumbnailUrl":"https:\/\/babylove.se\/no\/wp-content\/uploads\/sites\/3\/2025\/07\/65cf1f0996581.jpeg","datePublished":"2025-07-19T14:14:02+00:00","dateModified":"2026-04-08T13:09:05+00:00","breadcrumb":{"@id":"https:\/\/babylove.se\/no\/produkt\/cam-cam-muslinfilt-2-pack-berries\/#breadcrumb"},"inLanguage":"nb-NO","potentialAction":[{"@type":"ReadAction","target":["https:\/\/babylove.se\/no\/produkt\/cam-cam-muslinfilt-2-pack-berries\/"]}]},{"@type":"ImageObject","inLanguage":"nb-NO","@id":"https:\/\/babylove.se\/no\/produkt\/cam-cam-muslinfilt-2-pack-berries\/#primaryimage","url":"https:\/\/babylove.se\/no\/wp-content\/uploads\/sites\/3\/2025\/07\/65cf1f0996581.jpeg","contentUrl":"https:\/\/babylove.se\/no\/wp-content\/uploads\/sites\/3\/2025\/07\/65cf1f0996581.jpeg","width":1024,"height":1024},{"@type":"BreadcrumbList","@id":"https:\/\/babylove.se\/no\/produkt\/cam-cam-muslinfilt-2-pack-berries\/#breadcrumb","itemListElement":[{"@type":"ListItem","position":1,"name":"Hem","item":"https:\/\/babylove.se\/no\/"},{"@type":"ListItem","position":2,"name":"Butik","item":"https:\/\/babylove.se\/no\/butik\/"},{"@type":"ListItem","position":3,"name":"Cam cam, muslinfilt 2-pakk, Berries"}]},{"@type":"WebSite","@id":"https:\/\/babylove.se\/no\/#website","url":"https:\/\/babylove.se\/no\/","name":"Babylove Norska","description":"","potentialAction":[{"@type":"SearchAction","target":{"@type":"EntryPoint","urlTemplate":"https:\/\/babylove.se\/no\/?s={search_term_string}"},"query-input":{"@type":"PropertyValueSpecification","valueRequired":true,"valueName":"search_term_string"}}],"inLanguage":"nb-NO"}]},"product_brand":"Cam Cam Copenhagen","product_price_amount":"139.30","product_price_currency":"SEK","og_availability":"instock","product_availability":"instock","product_retailer_item_id":"507-P90-000-WW","product_condition":"new"},"_links":{"self":[{"href":"https:\/\/babylove.se\/no\/wp-json\/wp\/v2\/product\/58554","targetHints":{"allow":["GET"]}}],"collection":[{"href":"https:\/\/babylove.se\/no\/wp-json\/wp\/v2\/product"}],"about":[{"href":"https:\/\/babylove.se\/no\/wp-json\/wp\/v2\/types\/product"}],"replies":[{"embeddable":true,"href":"https:\/\/babylove.se\/no\/wp-json\/wp\/v2\/comments?post=58554"}],"wp:featuredmedia":[{"embeddable":true,"href":"https:\/\/babylove.se\/no\/wp-json\/wp\/v2\/media\/58556"}],"wp:attachment":[{"href":"https:\/\/babylove.se\/no\/wp-json\/wp\/v2\/media?parent=58554"}],"wp:term":[{"taxonomy":"product_brand","embeddable":true,"href":"https:\/\/babylove.se\/no\/wp-json\/wp\/v2\/product_brand?post=58554"},{"taxonomy":"product_cat","embeddable":true,"href":"https:\/\/babylove.se\/no\/wp-json\/wp\/v2\/product_cat?post=58554"},{"taxonomy":"product_tag","embeddable":true,"href":"https:\/\/babylove.se\/no\/wp-json\/wp\/v2\/product_tag?post=58554"}],"curies":[{"name":"wp","href":"https:\/\/api.w.org\/{rel}","templated":true}]}}