{"id":58620,"date":"2025-07-19T15:14:50","date_gmt":"2025-07-19T14:14:50","guid":{"rendered":"https:\/\/babylove.se\/produkt\/meow-byggbar-barnsoffa-mobelset-premium-corduroy-brun\/"},"modified":"2026-04-08T14:09:34","modified_gmt":"2026-04-08T13:09:34","slug":"mjau-byggbar-barnesofa-mobelsett-premium-corduroy-brun","status":"publish","type":"product","link":"https:\/\/babylove.se\/no\/produkt\/mjau-byggbar-barnesofa-mobelsett-premium-corduroy-brun\/","title":{"rendered":"Mjau, Byggbar barnesofa m\u00f8belsett premium corduroy, brun"},"content":{"rendered":"<p>Byggbart m\u00f8belsett designet for maksimal komfort og funksjonalitet fra Meow! <\/p>\n<p>Det finnes ingen grenser for hva du kan skape med dette multifunksjonelle m\u00f8belet. <\/p>\n<p>M\u00f8belsettet er bygget opp av en byggbar sofa med mange sm\u00e5 puter. Barnesofaen kan sl\u00e5s ut for \u00e5 skape en stor seng n\u00e5r barnet ditt vil ta en lur eller n\u00e5r vennene sover over. Hvis du skiller de store puffene f\u00e5r du plutselig to komfortable lenestol! Eller hvorfor ikke bygge en koselig hytte? <\/p>\n<p>Takket v\u00e6re det myke skummet er sofaen et komfortabelt og trygt sted for barnet ditt \u00e5 leke p\u00e5. <span style=\"background-color: initial; text-align: initial;\">Trekket er laget i behagelig materiale som er deilig \u00e5 sitte p\u00e5, men ogs\u00e5 enkelt \u00e5 rengj\u00f8re.<\/span><span style=\"background-color: initial; text-align: initial;\"> <\/span> <\/p>\n<p data-empty=\"true\"><strong>M\u00e5l<\/strong>:<\/p>\n<ul>\n<li>Lengde 160 cm<\/li>\n<li>Bredde 80 cm<\/li>\n<li>Sitteh\u00f8yde 40 cm<\/li>\n<\/ul>\n<p><strong>Materiale<\/strong>: 100% mykt og slitesterkt fl\u00f8yel <\/p>\n<p data-empty=\"true\">Designer: <a href=\"https:\/\/babylove.se\/varumarken\/meow\">Meow<\/a><\/p>\n","protected":false},"excerpt":{"rendered":"<p>Byggbart m\u00f8belsett designet for maksimal komfort og funksjonalitet fra Meow! Det finnes ingen grenser for hva du kan skape med dette multifunksjonelle m\u00f8belet. M\u00f8belsettet er bygget opp av en byggbar sofa med mange sm\u00e5 puter. Barnesofaen kan sl\u00e5s ut for \u00e5 skape en stor seng n\u00e5r barnet ditt vil ta en lur eller n\u00e5r vennene [&hellip;]<\/p>\n","protected":false},"featured_media":58622,"comment_status":"closed","ping_status":"closed","template":"","meta":{"_acf_changed":false},"product_brand":[774],"product_cat":[79,775,80],"product_tag":[1689],"class_list":{"0":"post-58620","1":"product","2":"type-product","3":"status-publish","4":"has-post-thumbnail","6":"product_brand-meow","7":"product_cat-barnemobler","8":"product_cat-meow","9":"product_cat-stoler","10":"product_tag-bestillingsvaror","12":"first","13":"outofstock","14":"taxable","15":"shipping-taxable","16":"purchasable","17":"product-type-simple"},"acf":[],"yoast_head":"<!-- This site is optimized with the Yoast SEO Premium plugin v25.8 (Yoast SEO v27.2) - https:\/\/yoast.com\/product\/yoast-seo-premium-wordpress\/ -->\n<title>Mjau, Byggbar barnesofa m\u00f8belsett premium corduroy, brun - Babylove Norska<\/title>\n<meta name=\"robots\" content=\"noindex, follow, max-snippet:-1, max-image-preview:large, max-video-preview:-1\" \/>\n<meta property=\"og:locale\" content=\"nb_NO\" \/>\n<meta property=\"og:type\" content=\"article\" \/>\n<meta property=\"og:title\" content=\"Mjau, Byggbar barnesofa m\u00f8belsett premium corduroy, brun\" \/>\n<meta property=\"og:description\" content=\"Byggbart m\u00f8belsett designet for maksimal komfort og funksjonalitet fra Meow! Det finnes ingen grenser for hva du kan skape med dette multifunksjonelle m\u00f8belet. M\u00f8belsettet er bygget opp av en byggbar sofa med mange sm\u00e5 puter. Barnesofaen kan sl\u00e5s ut for \u00e5 skape en stor seng n\u00e5r barnet ditt vil ta en lur eller n\u00e5r vennene [&hellip;]\" \/>\n<meta property=\"og:url\" content=\"https:\/\/babylove.se\/no\/produkt\/mjau-byggbar-barnesofa-mobelsett-premium-corduroy-brun\/\" \/>\n<meta property=\"og:site_name\" content=\"Babylove Norska\" \/>\n<meta property=\"article:modified_time\" content=\"2026-04-08T13:09:34+00:00\" \/>\n<meta property=\"og:image\" content=\"https:\/\/babylove.se\/no\/wp-content\/uploads\/sites\/3\/2025\/07\/65d70221722c1.jpeg\" \/>\n\t<meta property=\"og:image:width\" content=\"800\" \/>\n\t<meta property=\"og:image:height\" content=\"800\" \/>\n\t<meta property=\"og:image:type\" content=\"image\/jpeg\" \/>\n<meta name=\"twitter:card\" content=\"summary_large_image\" \/>\n<meta name=\"twitter:label1\" content=\"Price\" \/>\n\t<meta name=\"twitter:data1\" content=\"6 199,00&nbsp;&#107;&#114;\" \/>\n\t<meta name=\"twitter:label2\" content=\"Availability\" \/>\n\t<meta name=\"twitter:data2\" content=\"Out of stock\" \/>\n<script type=\"application\/ld+json\" class=\"yoast-schema-graph\">{\"@context\":\"https:\/\/schema.org\",\"@graph\":[{\"@type\":\"WebPage\",\"@id\":\"https:\/\/babylove.se\/no\/produkt\/mjau-byggbar-barnesofa-mobelsett-premium-corduroy-brun\/\",\"url\":\"https:\/\/babylove.se\/no\/produkt\/mjau-byggbar-barnesofa-mobelsett-premium-corduroy-brun\/\",\"name\":\"Mjau, Byggbar barnesofa m\u00f8belsett premium corduroy, brun - Babylove Norska\",\"isPartOf\":{\"@id\":\"https:\/\/babylove.se\/no\/#website\"},\"primaryImageOfPage\":{\"@id\":\"https:\/\/babylove.se\/no\/produkt\/mjau-byggbar-barnesofa-mobelsett-premium-corduroy-brun\/#primaryimage\"},\"image\":{\"@id\":\"https:\/\/babylove.se\/no\/produkt\/mjau-byggbar-barnesofa-mobelsett-premium-corduroy-brun\/#primaryimage\"},\"thumbnailUrl\":\"https:\/\/babylove.se\/no\/wp-content\/uploads\/sites\/3\/2025\/07\/65d70221722c1.jpeg\",\"datePublished\":\"2025-07-19T14:14:50+00:00\",\"dateModified\":\"2026-04-08T13:09:34+00:00\",\"breadcrumb\":{\"@id\":\"https:\/\/babylove.se\/no\/produkt\/mjau-byggbar-barnesofa-mobelsett-premium-corduroy-brun\/#breadcrumb\"},\"inLanguage\":\"nb-NO\",\"potentialAction\":[{\"@type\":\"ReadAction\",\"target\":[\"https:\/\/babylove.se\/no\/produkt\/mjau-byggbar-barnesofa-mobelsett-premium-corduroy-brun\/\"]}]},{\"@type\":\"ImageObject\",\"inLanguage\":\"nb-NO\",\"@id\":\"https:\/\/babylove.se\/no\/produkt\/mjau-byggbar-barnesofa-mobelsett-premium-corduroy-brun\/#primaryimage\",\"url\":\"https:\/\/babylove.se\/no\/wp-content\/uploads\/sites\/3\/2025\/07\/65d70221722c1.jpeg\",\"contentUrl\":\"https:\/\/babylove.se\/no\/wp-content\/uploads\/sites\/3\/2025\/07\/65d70221722c1.jpeg\",\"width\":800,\"height\":800},{\"@type\":\"BreadcrumbList\",\"@id\":\"https:\/\/babylove.se\/no\/produkt\/mjau-byggbar-barnesofa-mobelsett-premium-corduroy-brun\/#breadcrumb\",\"itemListElement\":[{\"@type\":\"ListItem\",\"position\":1,\"name\":\"Hem\",\"item\":\"https:\/\/babylove.se\/no\/\"},{\"@type\":\"ListItem\",\"position\":2,\"name\":\"Butik\",\"item\":\"https:\/\/babylove.se\/no\/butik\/\"},{\"@type\":\"ListItem\",\"position\":3,\"name\":\"Mjau, Byggbar barnesofa m\u00f8belsett premium corduroy, brun\"}]},{\"@type\":\"WebSite\",\"@id\":\"https:\/\/babylove.se\/no\/#website\",\"url\":\"https:\/\/babylove.se\/no\/\",\"name\":\"Babylove Norska\",\"description\":\"\",\"potentialAction\":[{\"@type\":\"SearchAction\",\"target\":{\"@type\":\"EntryPoint\",\"urlTemplate\":\"https:\/\/babylove.se\/no\/?s={search_term_string}\"},\"query-input\":{\"@type\":\"PropertyValueSpecification\",\"valueRequired\":true,\"valueName\":\"search_term_string\"}}],\"inLanguage\":\"nb-NO\"}]}<\/script>\n<meta property=\"product:brand\" content=\"Meow\" \/>\n<meta property=\"product:price:amount\" content=\"6199.00\" \/>\n<meta property=\"product:price:currency\" content=\"SEK\" \/>\n<meta property=\"og:availability\" content=\"out of stock\" \/>\n<meta property=\"product:availability\" content=\"out of stock\" \/>\n<meta property=\"product:retailer_item_id\" content=\"SDPSBR001IE\" \/>\n<meta property=\"product:condition\" content=\"new\" \/>\n<!-- \/ Yoast SEO Premium plugin. -->","yoast_head_json":{"title":"Mjau, Byggbar barnesofa m\u00f8belsett premium corduroy, brun - Babylove Norska","robots":{"index":"noindex","follow":"follow","max-snippet":"max-snippet:-1","max-image-preview":"max-image-preview:large","max-video-preview":"max-video-preview:-1"},"og_locale":"nb_NO","og_type":"article","og_title":"Mjau, Byggbar barnesofa m\u00f8belsett premium corduroy, brun","og_description":"Byggbart m\u00f8belsett designet for maksimal komfort og funksjonalitet fra Meow! Det finnes ingen grenser for hva du kan skape med dette multifunksjonelle m\u00f8belet. M\u00f8belsettet er bygget opp av en byggbar sofa med mange sm\u00e5 puter. Barnesofaen kan sl\u00e5s ut for \u00e5 skape en stor seng n\u00e5r barnet ditt vil ta en lur eller n\u00e5r vennene [&hellip;]","og_url":"https:\/\/babylove.se\/no\/produkt\/mjau-byggbar-barnesofa-mobelsett-premium-corduroy-brun\/","og_site_name":"Babylove Norska","article_modified_time":"2026-04-08T13:09:34+00:00","og_image":[{"width":800,"height":800,"url":"https:\/\/babylove.se\/no\/wp-content\/uploads\/sites\/3\/2025\/07\/65d70221722c1.jpeg","type":"image\/jpeg"}],"twitter_card":"summary_large_image","twitter_misc":{"Price":"6 199,00&nbsp;&#107;&#114;","Availability":"Out of stock"},"schema":{"@context":"https:\/\/schema.org","@graph":[{"@type":"WebPage","@id":"https:\/\/babylove.se\/no\/produkt\/mjau-byggbar-barnesofa-mobelsett-premium-corduroy-brun\/","url":"https:\/\/babylove.se\/no\/produkt\/mjau-byggbar-barnesofa-mobelsett-premium-corduroy-brun\/","name":"Mjau, Byggbar barnesofa m\u00f8belsett premium corduroy, brun - Babylove Norska","isPartOf":{"@id":"https:\/\/babylove.se\/no\/#website"},"primaryImageOfPage":{"@id":"https:\/\/babylove.se\/no\/produkt\/mjau-byggbar-barnesofa-mobelsett-premium-corduroy-brun\/#primaryimage"},"image":{"@id":"https:\/\/babylove.se\/no\/produkt\/mjau-byggbar-barnesofa-mobelsett-premium-corduroy-brun\/#primaryimage"},"thumbnailUrl":"https:\/\/babylove.se\/no\/wp-content\/uploads\/sites\/3\/2025\/07\/65d70221722c1.jpeg","datePublished":"2025-07-19T14:14:50+00:00","dateModified":"2026-04-08T13:09:34+00:00","breadcrumb":{"@id":"https:\/\/babylove.se\/no\/produkt\/mjau-byggbar-barnesofa-mobelsett-premium-corduroy-brun\/#breadcrumb"},"inLanguage":"nb-NO","potentialAction":[{"@type":"ReadAction","target":["https:\/\/babylove.se\/no\/produkt\/mjau-byggbar-barnesofa-mobelsett-premium-corduroy-brun\/"]}]},{"@type":"ImageObject","inLanguage":"nb-NO","@id":"https:\/\/babylove.se\/no\/produkt\/mjau-byggbar-barnesofa-mobelsett-premium-corduroy-brun\/#primaryimage","url":"https:\/\/babylove.se\/no\/wp-content\/uploads\/sites\/3\/2025\/07\/65d70221722c1.jpeg","contentUrl":"https:\/\/babylove.se\/no\/wp-content\/uploads\/sites\/3\/2025\/07\/65d70221722c1.jpeg","width":800,"height":800},{"@type":"BreadcrumbList","@id":"https:\/\/babylove.se\/no\/produkt\/mjau-byggbar-barnesofa-mobelsett-premium-corduroy-brun\/#breadcrumb","itemListElement":[{"@type":"ListItem","position":1,"name":"Hem","item":"https:\/\/babylove.se\/no\/"},{"@type":"ListItem","position":2,"name":"Butik","item":"https:\/\/babylove.se\/no\/butik\/"},{"@type":"ListItem","position":3,"name":"Mjau, Byggbar barnesofa m\u00f8belsett premium corduroy, brun"}]},{"@type":"WebSite","@id":"https:\/\/babylove.se\/no\/#website","url":"https:\/\/babylove.se\/no\/","name":"Babylove Norska","description":"","potentialAction":[{"@type":"SearchAction","target":{"@type":"EntryPoint","urlTemplate":"https:\/\/babylove.se\/no\/?s={search_term_string}"},"query-input":{"@type":"PropertyValueSpecification","valueRequired":true,"valueName":"search_term_string"}}],"inLanguage":"nb-NO"}]},"product_brand":"Meow","product_price_amount":"6199.00","product_price_currency":"SEK","og_availability":"out of stock","product_availability":"out of stock","product_retailer_item_id":"SDPSBR001IE","product_condition":"new"},"_links":{"self":[{"href":"https:\/\/babylove.se\/no\/wp-json\/wp\/v2\/product\/58620","targetHints":{"allow":["GET"]}}],"collection":[{"href":"https:\/\/babylove.se\/no\/wp-json\/wp\/v2\/product"}],"about":[{"href":"https:\/\/babylove.se\/no\/wp-json\/wp\/v2\/types\/product"}],"replies":[{"embeddable":true,"href":"https:\/\/babylove.se\/no\/wp-json\/wp\/v2\/comments?post=58620"}],"wp:featuredmedia":[{"embeddable":true,"href":"https:\/\/babylove.se\/no\/wp-json\/wp\/v2\/media\/58622"}],"wp:attachment":[{"href":"https:\/\/babylove.se\/no\/wp-json\/wp\/v2\/media?parent=58620"}],"wp:term":[{"taxonomy":"product_brand","embeddable":true,"href":"https:\/\/babylove.se\/no\/wp-json\/wp\/v2\/product_brand?post=58620"},{"taxonomy":"product_cat","embeddable":true,"href":"https:\/\/babylove.se\/no\/wp-json\/wp\/v2\/product_cat?post=58620"},{"taxonomy":"product_tag","embeddable":true,"href":"https:\/\/babylove.se\/no\/wp-json\/wp\/v2\/product_tag?post=58620"}],"curies":[{"name":"wp","href":"https:\/\/api.w.org\/{rel}","templated":true}]}}