{"id":58660,"date":"2025-07-19T15:15:18","date_gmt":"2025-07-19T14:15:18","guid":{"rendered":"https:\/\/babylove.se\/produkt\/meow-byggbar-multifunktionell-lekplats-sammet-gra\/"},"modified":"2026-04-08T14:09:48","modified_gmt":"2026-04-08T13:09:48","slug":"meow-byggbar-multifunksjonell-lekeplass-floyel-gra","status":"publish","type":"product","link":"https:\/\/babylove.se\/no\/produkt\/meow-byggbar-multifunksjonell-lekeplass-floyel-gra\/","title":{"rendered":"Meow, Byggbar multifunksjonell lekeplass fl\u00f8yel, gr\u00e5"},"content":{"rendered":"<p>En fantastisk konstellasjon i form av byggeklosser i fl\u00f8yel som man kan sette sammen til en egen rutsjebane eller hinderbane hjemme. <\/p>\n<p>Sv\u00e6rt verdsatt av de sm\u00e5, da byggeleken kommer til \u00e5 bli ekstra g\u00f8y og kreativ. <\/p>\n<p>Putene er selvf\u00f8lgelig myke, slik at barnet ditt skal kunne ha det riktig g\u00f8y med dem, uten harde, slemme kanter som kan \u00f8delegge leken. Superbra produkt for \u00e5 trene barnets motorikk og kreativitet samtidig. <\/p>\n<p>De forskjellige modulene kan brukes hver for seg som for eksempel sittepuff eller lenestol. <\/p>\n<p><strong>M\u00e5l<\/strong>: Sees enklest p\u00e5 ett av produktbildene, da det er flere deler med forskjellig st\u00f8rrelse. <\/p>\n<p data-empty=\"true\"><strong>Materiale<\/strong>: 100% mykt fl\u00f8yel som er enkelt \u00e5 rengj\u00f8re.<\/p>\n<p data-empty=\"true\">Designer: <a href=\"https:\/\/babylove.se\/varumarken\/meow\">Meow<\/a><\/p>\n<p data-empty=\"true\"><em>Obs! Baller f\u00f8lger ikke med! Baller kj\u00f8pes separat!<\/em><\/p>\n","protected":false},"excerpt":{"rendered":"<p>En fantastisk konstellasjon i form av byggeklosser i fl\u00f8yel som man kan sette sammen til en egen rutsjebane eller hinderbane hjemme. Sv\u00e6rt verdsatt av de sm\u00e5, da byggeleken kommer til \u00e5 bli ekstra g\u00f8y og kreativ. Putene er selvf\u00f8lgelig myke, slik at barnet ditt skal kunne ha det riktig g\u00f8y med dem, uten harde, slemme [&hellip;]<\/p>\n","protected":false},"featured_media":58662,"comment_status":"closed","ping_status":"closed","template":"","meta":{"_acf_changed":false},"product_brand":[774],"product_cat":[775,204,922,203],"product_tag":[1689],"class_list":{"0":"post-58660","1":"product","2":"type-product","3":"status-publish","4":"has-post-thumbnail","6":"product_brand-meow","7":"product_cat-meow","8":"product_cat-motoriske-barnmobler","9":"product_cat-nyheter","10":"product_cat-rutsjebaner","11":"product_tag-bestillingsvaror","13":"first","14":"outofstock","15":"taxable","16":"shipping-taxable","17":"purchasable","18":"product-type-simple"},"acf":[],"yoast_head":"<!-- This site is optimized with the Yoast SEO Premium plugin v25.8 (Yoast SEO v27.2) - https:\/\/yoast.com\/product\/yoast-seo-premium-wordpress\/ -->\n<title>Meow, Byggbar multifunksjonell lekeplass fl\u00f8yel, gr\u00e5 - Babylove Norska<\/title>\n<meta name=\"robots\" content=\"noindex, follow, max-snippet:-1, max-image-preview:large, max-video-preview:-1\" \/>\n<meta property=\"og:locale\" content=\"nb_NO\" \/>\n<meta property=\"og:type\" content=\"article\" \/>\n<meta property=\"og:title\" content=\"Meow, Byggbar multifunksjonell lekeplass fl\u00f8yel, gr\u00e5\" \/>\n<meta property=\"og:description\" content=\"En fantastisk konstellasjon i form av byggeklosser i fl\u00f8yel som man kan sette sammen til en egen rutsjebane eller hinderbane hjemme. Sv\u00e6rt verdsatt av de sm\u00e5, da byggeleken kommer til \u00e5 bli ekstra g\u00f8y og kreativ. Putene er selvf\u00f8lgelig myke, slik at barnet ditt skal kunne ha det riktig g\u00f8y med dem, uten harde, slemme [&hellip;]\" \/>\n<meta property=\"og:url\" content=\"https:\/\/babylove.se\/no\/produkt\/meow-byggbar-multifunksjonell-lekeplass-floyel-gra\/\" \/>\n<meta property=\"og:site_name\" content=\"Babylove Norska\" \/>\n<meta property=\"article:modified_time\" content=\"2026-04-08T13:09:48+00:00\" \/>\n<meta property=\"og:image\" content=\"https:\/\/babylove.se\/no\/wp-content\/uploads\/sites\/3\/2025\/07\/65d718c29a15e.jpeg\" \/>\n\t<meta property=\"og:image:width\" content=\"1200\" \/>\n\t<meta property=\"og:image:height\" content=\"1200\" \/>\n\t<meta property=\"og:image:type\" content=\"image\/jpeg\" \/>\n<meta name=\"twitter:card\" content=\"summary_large_image\" \/>\n<meta name=\"twitter:label1\" content=\"Price\" \/>\n\t<meta name=\"twitter:data1\" content=\"2 299,00&nbsp;&#107;&#114;\" \/>\n\t<meta name=\"twitter:label2\" content=\"Availability\" \/>\n\t<meta name=\"twitter:data2\" content=\"Out of stock\" \/>\n<script type=\"application\/ld+json\" class=\"yoast-schema-graph\">{\"@context\":\"https:\/\/schema.org\",\"@graph\":[{\"@type\":\"WebPage\",\"@id\":\"https:\/\/babylove.se\/no\/produkt\/meow-byggbar-multifunksjonell-lekeplass-floyel-gra\/\",\"url\":\"https:\/\/babylove.se\/no\/produkt\/meow-byggbar-multifunksjonell-lekeplass-floyel-gra\/\",\"name\":\"Meow, Byggbar multifunksjonell lekeplass fl\u00f8yel, gr\u00e5 - Babylove Norska\",\"isPartOf\":{\"@id\":\"https:\/\/babylove.se\/no\/#website\"},\"primaryImageOfPage\":{\"@id\":\"https:\/\/babylove.se\/no\/produkt\/meow-byggbar-multifunksjonell-lekeplass-floyel-gra\/#primaryimage\"},\"image\":{\"@id\":\"https:\/\/babylove.se\/no\/produkt\/meow-byggbar-multifunksjonell-lekeplass-floyel-gra\/#primaryimage\"},\"thumbnailUrl\":\"https:\/\/babylove.se\/no\/wp-content\/uploads\/sites\/3\/2025\/07\/65d718c29a15e.jpeg\",\"datePublished\":\"2025-07-19T14:15:18+00:00\",\"dateModified\":\"2026-04-08T13:09:48+00:00\",\"breadcrumb\":{\"@id\":\"https:\/\/babylove.se\/no\/produkt\/meow-byggbar-multifunksjonell-lekeplass-floyel-gra\/#breadcrumb\"},\"inLanguage\":\"nb-NO\",\"potentialAction\":[{\"@type\":\"ReadAction\",\"target\":[\"https:\/\/babylove.se\/no\/produkt\/meow-byggbar-multifunksjonell-lekeplass-floyel-gra\/\"]}]},{\"@type\":\"ImageObject\",\"inLanguage\":\"nb-NO\",\"@id\":\"https:\/\/babylove.se\/no\/produkt\/meow-byggbar-multifunksjonell-lekeplass-floyel-gra\/#primaryimage\",\"url\":\"https:\/\/babylove.se\/no\/wp-content\/uploads\/sites\/3\/2025\/07\/65d718c29a15e.jpeg\",\"contentUrl\":\"https:\/\/babylove.se\/no\/wp-content\/uploads\/sites\/3\/2025\/07\/65d718c29a15e.jpeg\",\"width\":1200,\"height\":1200},{\"@type\":\"BreadcrumbList\",\"@id\":\"https:\/\/babylove.se\/no\/produkt\/meow-byggbar-multifunksjonell-lekeplass-floyel-gra\/#breadcrumb\",\"itemListElement\":[{\"@type\":\"ListItem\",\"position\":1,\"name\":\"Hem\",\"item\":\"https:\/\/babylove.se\/no\/\"},{\"@type\":\"ListItem\",\"position\":2,\"name\":\"Butik\",\"item\":\"https:\/\/babylove.se\/no\/butik\/\"},{\"@type\":\"ListItem\",\"position\":3,\"name\":\"Meow, Byggbar multifunksjonell lekeplass fl\u00f8yel, gr\u00e5\"}]},{\"@type\":\"WebSite\",\"@id\":\"https:\/\/babylove.se\/no\/#website\",\"url\":\"https:\/\/babylove.se\/no\/\",\"name\":\"Babylove Norska\",\"description\":\"\",\"potentialAction\":[{\"@type\":\"SearchAction\",\"target\":{\"@type\":\"EntryPoint\",\"urlTemplate\":\"https:\/\/babylove.se\/no\/?s={search_term_string}\"},\"query-input\":{\"@type\":\"PropertyValueSpecification\",\"valueRequired\":true,\"valueName\":\"search_term_string\"}}],\"inLanguage\":\"nb-NO\"}]}<\/script>\n<meta property=\"product:brand\" content=\"Meow\" \/>\n<meta property=\"product:price:amount\" content=\"2299.00\" \/>\n<meta property=\"product:price:currency\" content=\"SEK\" \/>\n<meta property=\"og:availability\" content=\"out of stock\" \/>\n<meta property=\"product:availability\" content=\"out of stock\" \/>\n<meta property=\"product:retailer_item_id\" content=\"MFPZS01IE\" \/>\n<meta property=\"product:condition\" content=\"new\" \/>\n<!-- \/ Yoast SEO Premium plugin. -->","yoast_head_json":{"title":"Meow, Byggbar multifunksjonell lekeplass fl\u00f8yel, gr\u00e5 - Babylove Norska","robots":{"index":"noindex","follow":"follow","max-snippet":"max-snippet:-1","max-image-preview":"max-image-preview:large","max-video-preview":"max-video-preview:-1"},"og_locale":"nb_NO","og_type":"article","og_title":"Meow, Byggbar multifunksjonell lekeplass fl\u00f8yel, gr\u00e5","og_description":"En fantastisk konstellasjon i form av byggeklosser i fl\u00f8yel som man kan sette sammen til en egen rutsjebane eller hinderbane hjemme. Sv\u00e6rt verdsatt av de sm\u00e5, da byggeleken kommer til \u00e5 bli ekstra g\u00f8y og kreativ. Putene er selvf\u00f8lgelig myke, slik at barnet ditt skal kunne ha det riktig g\u00f8y med dem, uten harde, slemme [&hellip;]","og_url":"https:\/\/babylove.se\/no\/produkt\/meow-byggbar-multifunksjonell-lekeplass-floyel-gra\/","og_site_name":"Babylove Norska","article_modified_time":"2026-04-08T13:09:48+00:00","og_image":[{"width":1200,"height":1200,"url":"https:\/\/babylove.se\/no\/wp-content\/uploads\/sites\/3\/2025\/07\/65d718c29a15e.jpeg","type":"image\/jpeg"}],"twitter_card":"summary_large_image","twitter_misc":{"Price":"2 299,00&nbsp;&#107;&#114;","Availability":"Out of stock"},"schema":{"@context":"https:\/\/schema.org","@graph":[{"@type":"WebPage","@id":"https:\/\/babylove.se\/no\/produkt\/meow-byggbar-multifunksjonell-lekeplass-floyel-gra\/","url":"https:\/\/babylove.se\/no\/produkt\/meow-byggbar-multifunksjonell-lekeplass-floyel-gra\/","name":"Meow, Byggbar multifunksjonell lekeplass fl\u00f8yel, gr\u00e5 - Babylove Norska","isPartOf":{"@id":"https:\/\/babylove.se\/no\/#website"},"primaryImageOfPage":{"@id":"https:\/\/babylove.se\/no\/produkt\/meow-byggbar-multifunksjonell-lekeplass-floyel-gra\/#primaryimage"},"image":{"@id":"https:\/\/babylove.se\/no\/produkt\/meow-byggbar-multifunksjonell-lekeplass-floyel-gra\/#primaryimage"},"thumbnailUrl":"https:\/\/babylove.se\/no\/wp-content\/uploads\/sites\/3\/2025\/07\/65d718c29a15e.jpeg","datePublished":"2025-07-19T14:15:18+00:00","dateModified":"2026-04-08T13:09:48+00:00","breadcrumb":{"@id":"https:\/\/babylove.se\/no\/produkt\/meow-byggbar-multifunksjonell-lekeplass-floyel-gra\/#breadcrumb"},"inLanguage":"nb-NO","potentialAction":[{"@type":"ReadAction","target":["https:\/\/babylove.se\/no\/produkt\/meow-byggbar-multifunksjonell-lekeplass-floyel-gra\/"]}]},{"@type":"ImageObject","inLanguage":"nb-NO","@id":"https:\/\/babylove.se\/no\/produkt\/meow-byggbar-multifunksjonell-lekeplass-floyel-gra\/#primaryimage","url":"https:\/\/babylove.se\/no\/wp-content\/uploads\/sites\/3\/2025\/07\/65d718c29a15e.jpeg","contentUrl":"https:\/\/babylove.se\/no\/wp-content\/uploads\/sites\/3\/2025\/07\/65d718c29a15e.jpeg","width":1200,"height":1200},{"@type":"BreadcrumbList","@id":"https:\/\/babylove.se\/no\/produkt\/meow-byggbar-multifunksjonell-lekeplass-floyel-gra\/#breadcrumb","itemListElement":[{"@type":"ListItem","position":1,"name":"Hem","item":"https:\/\/babylove.se\/no\/"},{"@type":"ListItem","position":2,"name":"Butik","item":"https:\/\/babylove.se\/no\/butik\/"},{"@type":"ListItem","position":3,"name":"Meow, Byggbar multifunksjonell lekeplass fl\u00f8yel, gr\u00e5"}]},{"@type":"WebSite","@id":"https:\/\/babylove.se\/no\/#website","url":"https:\/\/babylove.se\/no\/","name":"Babylove Norska","description":"","potentialAction":[{"@type":"SearchAction","target":{"@type":"EntryPoint","urlTemplate":"https:\/\/babylove.se\/no\/?s={search_term_string}"},"query-input":{"@type":"PropertyValueSpecification","valueRequired":true,"valueName":"search_term_string"}}],"inLanguage":"nb-NO"}]},"product_brand":"Meow","product_price_amount":"2299.00","product_price_currency":"SEK","og_availability":"out of stock","product_availability":"out of stock","product_retailer_item_id":"MFPZS01IE","product_condition":"new"},"_links":{"self":[{"href":"https:\/\/babylove.se\/no\/wp-json\/wp\/v2\/product\/58660","targetHints":{"allow":["GET"]}}],"collection":[{"href":"https:\/\/babylove.se\/no\/wp-json\/wp\/v2\/product"}],"about":[{"href":"https:\/\/babylove.se\/no\/wp-json\/wp\/v2\/types\/product"}],"replies":[{"embeddable":true,"href":"https:\/\/babylove.se\/no\/wp-json\/wp\/v2\/comments?post=58660"}],"wp:featuredmedia":[{"embeddable":true,"href":"https:\/\/babylove.se\/no\/wp-json\/wp\/v2\/media\/58662"}],"wp:attachment":[{"href":"https:\/\/babylove.se\/no\/wp-json\/wp\/v2\/media?parent=58660"}],"wp:term":[{"taxonomy":"product_brand","embeddable":true,"href":"https:\/\/babylove.se\/no\/wp-json\/wp\/v2\/product_brand?post=58660"},{"taxonomy":"product_cat","embeddable":true,"href":"https:\/\/babylove.se\/no\/wp-json\/wp\/v2\/product_cat?post=58660"},{"taxonomy":"product_tag","embeddable":true,"href":"https:\/\/babylove.se\/no\/wp-json\/wp\/v2\/product_tag?post=58660"}],"curies":[{"name":"wp","href":"https:\/\/api.w.org\/{rel}","templated":true}]}}