{"id":58684,"date":"2025-07-19T15:15:18","date_gmt":"2025-07-19T14:15:18","guid":{"rendered":"https:\/\/babylove.se\/produkt\/loftsang-med-utfallbar-soffa-selma-90x200140x200\/"},"modified":"2026-04-08T14:09:57","modified_gmt":"2026-04-08T13:09:57","slug":"loftseng-med-utfallbar-sofa-selma-90x200140x200","status":"publish","type":"product","link":"https:\/\/babylove.se\/no\/produkt\/loftseng-med-utfallbar-sofa-selma-90x200140x200\/","title":{"rendered":"Loftsseng med utfellbar sofa Selma 90&#215;200\/140&#215;200"},"content":{"rendered":"<p>Selma er en fantastisk loftseng med utfellbar stoffsofa! Perfekt for s\u00f8sken i et lite rom, eller for ditt barns venner n\u00e5r de skal overnatte. <\/p>\n<p>P\u00e5 v\u00e5r fine loftseng Selma har man tenkt til ordentlig for \u00e5 optimere gulvplassen i barnerommet. Vi lover at sengen kommer til \u00e5 bli ditt barns favoritt, og ikke bare for \u00e5 sove i da den med enkle midler kan bli et virkelig godt kosekrok. Mange dekorerer med sengehimler, vimpler eller lysslynger, bare din kreativitet setter stopp. <\/p>\n<p><strong>Tilvalg<\/strong>: <\/p>\n<ul>\n<li>Farge sengeram: velg mellom furu, hvit, gr\u00e5 og antrasitt. Alle senger i furu er behandlet med vannbasert lakk. Legg igjen en kommentar i kassen hvis du \u00f8nsker en furuseng som er ubehandlet.<\/li>\n<li>Farge sofastoff: velg mellom gr\u00e5 eller beige.<\/li>\n<\/ul>\n<p><strong>Info:<\/strong> <\/p>\n<ul>\n<li>100% FSC-sertifisert furutre som sikrer at virket kommer fra ansvarlig skogbruk.<\/li>\n<li>Komplett utfellbar sofa med sovefunksjon.<\/li>\n<li>Stige kan plasseres p\u00e5 hvilken som helst side.<\/li>\n<li>Ribbbunn inkludert.<\/li>\n<li>5 stk puter f\u00f8lger med.<\/li>\n<li>Maks vekt: 100 kg.<\/li>\n<\/ul>\n<p><strong>M\u00e5l: <\/strong> <\/p>\n<ul>\n<li>Sengem\u00e5l seng 90&#215;200 cm<\/li>\n<li>Sengem\u00e5l sofa 140&#215;200 cm<\/li>\n<\/ul>\n<p>Madrass er ikke inkludert, men ta gjerne en titt i v\u00e5rt store madrassutvalg. Vi anbefaler en skummadrass med tykkelse p\u00e5 ca 10-12 cm. <\/p>\n<p>Sengene produseres i henhold til standarden EN-747-1: 2012 + A1: 2015 i v\u00e5r fabrikk i Europa som har de h\u00f8yeste sikkerhetsstandardene for produksjon av barnesenger. og kontrollerer hvert steg fra det at t\u00f8mmeret kommer inn i fabrikken til at et ferdig produkt forlater. Sengene lakkeres tre ganger med \u00f8kologisk, milj\u00f8vennlig og vannbasert farge som f\u00f8lger normen EN 71-3:2019. <\/p>\n<p><em>Dette er en seng produsert og tilpasset for barn. <em><em><em><em><em>Sengen leveres umontert og b\u00f8r settes sammen i rommet den skal brukes i.<\/em><\/em><\/em><\/em><\/em><\/em> <\/p>\n<p><a href=\"https:\/\/babylove.se\/barnmobler\/vaningssangar-loftsangar\"><strong>Oppdag hele v\u00e5rt sortiment av loftsenger her!<\/strong><\/a><\/p>\n","protected":false},"excerpt":{"rendered":"<p>Selma er en fantastisk loftseng med utfellbar stoffsofa! Perfekt for s\u00f8sken i et lite rom, eller for ditt barns venner n\u00e5r de skal overnatte. P\u00e5 v\u00e5r fine loftseng Selma har man tenkt til ordentlig for \u00e5 optimere gulvplassen i barnerommet. Vi lover at sengen kommer til \u00e5 bli ditt barns favoritt, og ikke bare for [&hellip;]<\/p>\n","protected":false},"featured_media":58686,"comment_status":"closed","ping_status":"closed","template":"","meta":{"_acf_changed":false},"product_brand":[1319],"product_cat":[385,1320,1321,922],"product_tag":[1689],"class_list":{"0":"post-58684","1":"product","2":"type-product","3":"status-publish","4":"has-post-thumbnail","6":"product_brand-lano","7":"product_cat-koyesenger-loftsenger","8":"product_cat-lano","9":"product_cat-lano-bestillingsvarer","10":"product_cat-nyheter","11":"product_tag-bestillingsvaror","12":"pa_farg-sangram-furu","13":"pa_farg-sangram-gra","14":"pa_farg-sangram-grafit","15":"pa_farg-sangram-vit","16":"pa_farg-sofftyg-beige","17":"pa_farg-sofftyg-gra","19":"first","20":"instock","21":"taxable","22":"shipping-taxable","23":"purchasable","24":"product-type-variable"},"acf":[],"yoast_head":"<!-- This site is optimized with the Yoast SEO Premium plugin v25.8 (Yoast SEO v27.2) - https:\/\/yoast.com\/product\/yoast-seo-premium-wordpress\/ -->\n<title>Loftsseng med utfellbar sofa Selma 90x200\/140x200 - Babylove Norska<\/title>\n<meta name=\"robots\" content=\"noindex, follow, max-snippet:-1, max-image-preview:large, max-video-preview:-1\" \/>\n<meta property=\"og:locale\" content=\"nb_NO\" \/>\n<meta property=\"og:type\" content=\"article\" \/>\n<meta property=\"og:title\" content=\"Loftsseng med utfellbar sofa Selma 90x200\/140x200\" \/>\n<meta property=\"og:description\" content=\"Selma er en fantastisk loftseng med utfellbar stoffsofa! Perfekt for s\u00f8sken i et lite rom, eller for ditt barns venner n\u00e5r de skal overnatte. P\u00e5 v\u00e5r fine loftseng Selma har man tenkt til ordentlig for \u00e5 optimere gulvplassen i barnerommet. Vi lover at sengen kommer til \u00e5 bli ditt barns favoritt, og ikke bare for [&hellip;]\" \/>\n<meta property=\"og:url\" content=\"https:\/\/babylove.se\/no\/produkt\/loftseng-med-utfallbar-sofa-selma-90x200140x200\/\" \/>\n<meta property=\"og:site_name\" content=\"Babylove Norska\" \/>\n<meta property=\"article:modified_time\" content=\"2026-04-08T13:09:57+00:00\" \/>\n<meta property=\"og:image\" content=\"https:\/\/babylove.se\/no\/wp-content\/uploads\/sites\/3\/2025\/07\/65dc59140ad08.jpeg\" \/>\n\t<meta property=\"og:image:width\" content=\"697\" \/>\n\t<meta property=\"og:image:height\" content=\"510\" \/>\n\t<meta property=\"og:image:type\" content=\"image\/jpeg\" \/>\n<meta name=\"twitter:card\" content=\"summary_large_image\" \/>\n<meta name=\"twitter:label1\" content=\"Availability\" \/>\n\t<meta name=\"twitter:data1\" content=\"In stock\" \/>\n<script type=\"application\/ld+json\" class=\"yoast-schema-graph\">{\"@context\":\"https:\/\/schema.org\",\"@graph\":[{\"@type\":\"WebPage\",\"@id\":\"https:\/\/babylove.se\/no\/produkt\/loftseng-med-utfallbar-sofa-selma-90x200140x200\/\",\"url\":\"https:\/\/babylove.se\/no\/produkt\/loftseng-med-utfallbar-sofa-selma-90x200140x200\/\",\"name\":\"Loftsseng med utfellbar sofa Selma 90x200\/140x200 - Babylove Norska\",\"isPartOf\":{\"@id\":\"https:\/\/babylove.se\/no\/#website\"},\"primaryImageOfPage\":{\"@id\":\"https:\/\/babylove.se\/no\/produkt\/loftseng-med-utfallbar-sofa-selma-90x200140x200\/#primaryimage\"},\"image\":{\"@id\":\"https:\/\/babylove.se\/no\/produkt\/loftseng-med-utfallbar-sofa-selma-90x200140x200\/#primaryimage\"},\"thumbnailUrl\":\"https:\/\/babylove.se\/no\/wp-content\/uploads\/sites\/3\/2025\/07\/65dc59140ad08.jpeg\",\"datePublished\":\"2025-07-19T14:15:18+00:00\",\"dateModified\":\"2026-04-08T13:09:57+00:00\",\"breadcrumb\":{\"@id\":\"https:\/\/babylove.se\/no\/produkt\/loftseng-med-utfallbar-sofa-selma-90x200140x200\/#breadcrumb\"},\"inLanguage\":\"nb-NO\",\"potentialAction\":[{\"@type\":\"ReadAction\",\"target\":[\"https:\/\/babylove.se\/no\/produkt\/loftseng-med-utfallbar-sofa-selma-90x200140x200\/\"]}]},{\"@type\":\"ImageObject\",\"inLanguage\":\"nb-NO\",\"@id\":\"https:\/\/babylove.se\/no\/produkt\/loftseng-med-utfallbar-sofa-selma-90x200140x200\/#primaryimage\",\"url\":\"https:\/\/babylove.se\/no\/wp-content\/uploads\/sites\/3\/2025\/07\/65dc59140ad08.jpeg\",\"contentUrl\":\"https:\/\/babylove.se\/no\/wp-content\/uploads\/sites\/3\/2025\/07\/65dc59140ad08.jpeg\",\"width\":697,\"height\":510},{\"@type\":\"BreadcrumbList\",\"@id\":\"https:\/\/babylove.se\/no\/produkt\/loftseng-med-utfallbar-sofa-selma-90x200140x200\/#breadcrumb\",\"itemListElement\":[{\"@type\":\"ListItem\",\"position\":1,\"name\":\"Hem\",\"item\":\"https:\/\/babylove.se\/no\/\"},{\"@type\":\"ListItem\",\"position\":2,\"name\":\"Butik\",\"item\":\"https:\/\/babylove.se\/no\/butik\/\"},{\"@type\":\"ListItem\",\"position\":3,\"name\":\"Loftsseng med utfellbar sofa Selma 90&#215;200\/140&#215;200\"}]},{\"@type\":\"WebSite\",\"@id\":\"https:\/\/babylove.se\/no\/#website\",\"url\":\"https:\/\/babylove.se\/no\/\",\"name\":\"Babylove Norska\",\"description\":\"\",\"potentialAction\":[{\"@type\":\"SearchAction\",\"target\":{\"@type\":\"EntryPoint\",\"urlTemplate\":\"https:\/\/babylove.se\/no\/?s={search_term_string}\"},\"query-input\":{\"@type\":\"PropertyValueSpecification\",\"valueRequired\":true,\"valueName\":\"search_term_string\"}}],\"inLanguage\":\"nb-NO\"}]}<\/script>\n<meta property=\"product:brand\" content=\"LANO\" \/>\n<meta property=\"og:availability\" content=\"instock\" \/>\n<meta property=\"product:availability\" content=\"instock\" \/>\n<meta property=\"product:retailer_item_id\" content=\"SOF001-90x200-furu-beige-fast\" \/>\n<meta property=\"product:condition\" content=\"new\" \/>\n<!-- \/ Yoast SEO Premium plugin. -->","yoast_head_json":{"title":"Loftsseng med utfellbar sofa Selma 90x200\/140x200 - Babylove Norska","robots":{"index":"noindex","follow":"follow","max-snippet":"max-snippet:-1","max-image-preview":"max-image-preview:large","max-video-preview":"max-video-preview:-1"},"og_locale":"nb_NO","og_type":"article","og_title":"Loftsseng med utfellbar sofa Selma 90x200\/140x200","og_description":"Selma er en fantastisk loftseng med utfellbar stoffsofa! Perfekt for s\u00f8sken i et lite rom, eller for ditt barns venner n\u00e5r de skal overnatte. P\u00e5 v\u00e5r fine loftseng Selma har man tenkt til ordentlig for \u00e5 optimere gulvplassen i barnerommet. Vi lover at sengen kommer til \u00e5 bli ditt barns favoritt, og ikke bare for [&hellip;]","og_url":"https:\/\/babylove.se\/no\/produkt\/loftseng-med-utfallbar-sofa-selma-90x200140x200\/","og_site_name":"Babylove Norska","article_modified_time":"2026-04-08T13:09:57+00:00","og_image":[{"width":697,"height":510,"url":"https:\/\/babylove.se\/no\/wp-content\/uploads\/sites\/3\/2025\/07\/65dc59140ad08.jpeg","type":"image\/jpeg"}],"twitter_card":"summary_large_image","twitter_misc":{"Availability":"In stock"},"schema":{"@context":"https:\/\/schema.org","@graph":[{"@type":"WebPage","@id":"https:\/\/babylove.se\/no\/produkt\/loftseng-med-utfallbar-sofa-selma-90x200140x200\/","url":"https:\/\/babylove.se\/no\/produkt\/loftseng-med-utfallbar-sofa-selma-90x200140x200\/","name":"Loftsseng med utfellbar sofa Selma 90x200\/140x200 - Babylove Norska","isPartOf":{"@id":"https:\/\/babylove.se\/no\/#website"},"primaryImageOfPage":{"@id":"https:\/\/babylove.se\/no\/produkt\/loftseng-med-utfallbar-sofa-selma-90x200140x200\/#primaryimage"},"image":{"@id":"https:\/\/babylove.se\/no\/produkt\/loftseng-med-utfallbar-sofa-selma-90x200140x200\/#primaryimage"},"thumbnailUrl":"https:\/\/babylove.se\/no\/wp-content\/uploads\/sites\/3\/2025\/07\/65dc59140ad08.jpeg","datePublished":"2025-07-19T14:15:18+00:00","dateModified":"2026-04-08T13:09:57+00:00","breadcrumb":{"@id":"https:\/\/babylove.se\/no\/produkt\/loftseng-med-utfallbar-sofa-selma-90x200140x200\/#breadcrumb"},"inLanguage":"nb-NO","potentialAction":[{"@type":"ReadAction","target":["https:\/\/babylove.se\/no\/produkt\/loftseng-med-utfallbar-sofa-selma-90x200140x200\/"]}]},{"@type":"ImageObject","inLanguage":"nb-NO","@id":"https:\/\/babylove.se\/no\/produkt\/loftseng-med-utfallbar-sofa-selma-90x200140x200\/#primaryimage","url":"https:\/\/babylove.se\/no\/wp-content\/uploads\/sites\/3\/2025\/07\/65dc59140ad08.jpeg","contentUrl":"https:\/\/babylove.se\/no\/wp-content\/uploads\/sites\/3\/2025\/07\/65dc59140ad08.jpeg","width":697,"height":510},{"@type":"BreadcrumbList","@id":"https:\/\/babylove.se\/no\/produkt\/loftseng-med-utfallbar-sofa-selma-90x200140x200\/#breadcrumb","itemListElement":[{"@type":"ListItem","position":1,"name":"Hem","item":"https:\/\/babylove.se\/no\/"},{"@type":"ListItem","position":2,"name":"Butik","item":"https:\/\/babylove.se\/no\/butik\/"},{"@type":"ListItem","position":3,"name":"Loftsseng med utfellbar sofa Selma 90&#215;200\/140&#215;200"}]},{"@type":"WebSite","@id":"https:\/\/babylove.se\/no\/#website","url":"https:\/\/babylove.se\/no\/","name":"Babylove Norska","description":"","potentialAction":[{"@type":"SearchAction","target":{"@type":"EntryPoint","urlTemplate":"https:\/\/babylove.se\/no\/?s={search_term_string}"},"query-input":{"@type":"PropertyValueSpecification","valueRequired":true,"valueName":"search_term_string"}}],"inLanguage":"nb-NO"}]},"product_brand":"LANO","og_availability":"instock","product_availability":"instock","product_retailer_item_id":"SOF001-90x200-furu-beige-fast","product_condition":"new"},"_links":{"self":[{"href":"https:\/\/babylove.se\/no\/wp-json\/wp\/v2\/product\/58684","targetHints":{"allow":["GET"]}}],"collection":[{"href":"https:\/\/babylove.se\/no\/wp-json\/wp\/v2\/product"}],"about":[{"href":"https:\/\/babylove.se\/no\/wp-json\/wp\/v2\/types\/product"}],"replies":[{"embeddable":true,"href":"https:\/\/babylove.se\/no\/wp-json\/wp\/v2\/comments?post=58684"}],"wp:featuredmedia":[{"embeddable":true,"href":"https:\/\/babylove.se\/no\/wp-json\/wp\/v2\/media\/58686"}],"wp:attachment":[{"href":"https:\/\/babylove.se\/no\/wp-json\/wp\/v2\/media?parent=58684"}],"wp:term":[{"taxonomy":"product_brand","embeddable":true,"href":"https:\/\/babylove.se\/no\/wp-json\/wp\/v2\/product_brand?post=58684"},{"taxonomy":"product_cat","embeddable":true,"href":"https:\/\/babylove.se\/no\/wp-json\/wp\/v2\/product_cat?post=58684"},{"taxonomy":"product_tag","embeddable":true,"href":"https:\/\/babylove.se\/no\/wp-json\/wp\/v2\/product_tag?post=58684"}],"curies":[{"name":"wp","href":"https:\/\/api.w.org\/{rel}","templated":true}]}}