{"id":58842,"date":"2025-07-19T15:17:57","date_gmt":"2025-07-19T14:17:57","guid":{"rendered":"https:\/\/babylove.se\/produkt\/dra-pa-lakan-till-juniorsang-ducky\/"},"modified":"2026-04-08T14:10:45","modified_gmt":"2026-04-08T13:10:45","slug":"dra-pa-laken-til-juniorseng-ducky","status":"publish","type":"product","link":"https:\/\/babylove.se\/no\/produkt\/dra-pa-laken-til-juniorseng-ducky\/","title":{"rendered":"Dra-p\u00e5-laken til juniorseng, Ducky"},"content":{"rendered":"<p>Et vakkert stretchlaken tilpasset juniorsenger og barnesenger. Laget av myk, organisk bomull som garanterer en god s\u00f8vn for ditt barn fra f\u00f8rste kveld. <\/p>\n<p>Lakenet er veldig enkelt \u00e5 ta av og sette p\u00e5 takket v\u00e6re elastiske b\u00e5nd p\u00e5 kanten, og \u00e5 vaske det blir derfor meget smidig. <\/p>\n<p>Finnes i tre st\u00f8rrelser: <\/p>\n<ul>\n<li>80 x 160 cm<\/li>\n<li>90 x 160 cm<\/li>\n<li>90 x 200 cm<\/li>\n<\/ul>\n<p><strong>Materiale<\/strong>: 100 % OEKO TEX-sertifisert organisk bomull i <span style=\"background-color: initial; text-align: initial;\">144 TC (stoffets vevtetthet).<\/span> <\/p>\n<p>Vaskeanvisninger: Vaskes i h\u00f8yst 60 grader. Maks krymping 5 %.<\/p>\n","protected":false},"excerpt":{"rendered":"<p>Et vakkert stretchlaken tilpasset juniorsenger og barnesenger. Laget av myk, organisk bomull som garanterer en god s\u00f8vn for ditt barn fra f\u00f8rste kveld. Lakenet er veldig enkelt \u00e5 ta av og sette p\u00e5 takket v\u00e6re elastiske b\u00e5nd p\u00e5 kanten, og \u00e5 vaske det blir derfor meget smidig. Finnes i tre st\u00f8rrelser: 80 x 160 cm [&hellip;]<\/p>\n","protected":false},"featured_media":58844,"comment_status":"closed","ping_status":"closed","template":"","meta":{"_acf_changed":false},"product_brand":[1088],"product_cat":[39,248,1089,922,119],"product_tag":[],"class_list":{"0":"post-58842","1":"product","2":"type-product","3":"status-publish","4":"has-post-thumbnail","6":"product_brand-marsielle-decor","7":"product_cat-barnesangklaer","8":"product_cat-regnbue","9":"product_cat-marsielle-decor","10":"product_cat-nyheter","11":"product_cat-underlaken","12":"pa_storlek-80-x-160-cm","13":"pa_storlek-90-x-160-cm","14":"pa_storlek-90-x-200-cm","16":"first","17":"instock","18":"taxable","19":"shipping-taxable","20":"purchasable","21":"product-type-variable"},"acf":[],"yoast_head":"<!-- This site is optimized with the Yoast SEO Premium plugin v25.8 (Yoast SEO v27.2) - https:\/\/yoast.com\/product\/yoast-seo-premium-wordpress\/ -->\n<title>Dra-p\u00e5-laken til juniorseng, Ducky - Babylove Norska<\/title>\n<meta name=\"robots\" content=\"noindex, follow, max-snippet:-1, max-image-preview:large, max-video-preview:-1\" \/>\n<meta property=\"og:locale\" content=\"nb_NO\" \/>\n<meta property=\"og:type\" content=\"article\" \/>\n<meta property=\"og:title\" content=\"Dra-p\u00e5-laken til juniorseng, Ducky\" \/>\n<meta property=\"og:description\" content=\"Et vakkert stretchlaken tilpasset juniorsenger og barnesenger. Laget av myk, organisk bomull som garanterer en god s\u00f8vn for ditt barn fra f\u00f8rste kveld. Lakenet er veldig enkelt \u00e5 ta av og sette p\u00e5 takket v\u00e6re elastiske b\u00e5nd p\u00e5 kanten, og \u00e5 vaske det blir derfor meget smidig. Finnes i tre st\u00f8rrelser: 80 x 160 cm [&hellip;]\" \/>\n<meta property=\"og:url\" content=\"https:\/\/babylove.se\/no\/produkt\/dra-pa-laken-til-juniorseng-ducky\/\" \/>\n<meta property=\"og:site_name\" content=\"Babylove Norska\" \/>\n<meta property=\"article:modified_time\" content=\"2026-04-08T13:10:45+00:00\" \/>\n<meta property=\"og:image\" content=\"https:\/\/babylove.se\/no\/wp-content\/uploads\/sites\/3\/2025\/07\/65e03a0f8be51.jpeg\" \/>\n\t<meta property=\"og:image:width\" content=\"1032\" \/>\n\t<meta property=\"og:image:height\" content=\"1032\" \/>\n\t<meta property=\"og:image:type\" content=\"image\/jpeg\" \/>\n<meta name=\"twitter:card\" content=\"summary_large_image\" \/>\n<meta name=\"twitter:label1\" content=\"Availability\" \/>\n\t<meta name=\"twitter:data1\" content=\"In stock\" \/>\n<script type=\"application\/ld+json\" class=\"yoast-schema-graph\">{\"@context\":\"https:\/\/schema.org\",\"@graph\":[{\"@type\":\"WebPage\",\"@id\":\"https:\/\/babylove.se\/no\/produkt\/dra-pa-laken-til-juniorseng-ducky\/\",\"url\":\"https:\/\/babylove.se\/no\/produkt\/dra-pa-laken-til-juniorseng-ducky\/\",\"name\":\"Dra-p\u00e5-laken til juniorseng, Ducky - Babylove Norska\",\"isPartOf\":{\"@id\":\"https:\/\/babylove.se\/no\/#website\"},\"primaryImageOfPage\":{\"@id\":\"https:\/\/babylove.se\/no\/produkt\/dra-pa-laken-til-juniorseng-ducky\/#primaryimage\"},\"image\":{\"@id\":\"https:\/\/babylove.se\/no\/produkt\/dra-pa-laken-til-juniorseng-ducky\/#primaryimage\"},\"thumbnailUrl\":\"https:\/\/babylove.se\/no\/wp-content\/uploads\/sites\/3\/2025\/07\/65e03a0f8be51.jpeg\",\"datePublished\":\"2025-07-19T14:17:57+00:00\",\"dateModified\":\"2026-04-08T13:10:45+00:00\",\"breadcrumb\":{\"@id\":\"https:\/\/babylove.se\/no\/produkt\/dra-pa-laken-til-juniorseng-ducky\/#breadcrumb\"},\"inLanguage\":\"nb-NO\",\"potentialAction\":[{\"@type\":\"ReadAction\",\"target\":[\"https:\/\/babylove.se\/no\/produkt\/dra-pa-laken-til-juniorseng-ducky\/\"]}]},{\"@type\":\"ImageObject\",\"inLanguage\":\"nb-NO\",\"@id\":\"https:\/\/babylove.se\/no\/produkt\/dra-pa-laken-til-juniorseng-ducky\/#primaryimage\",\"url\":\"https:\/\/babylove.se\/no\/wp-content\/uploads\/sites\/3\/2025\/07\/65e03a0f8be51.jpeg\",\"contentUrl\":\"https:\/\/babylove.se\/no\/wp-content\/uploads\/sites\/3\/2025\/07\/65e03a0f8be51.jpeg\",\"width\":1032,\"height\":1032},{\"@type\":\"BreadcrumbList\",\"@id\":\"https:\/\/babylove.se\/no\/produkt\/dra-pa-laken-til-juniorseng-ducky\/#breadcrumb\",\"itemListElement\":[{\"@type\":\"ListItem\",\"position\":1,\"name\":\"Hem\",\"item\":\"https:\/\/babylove.se\/no\/\"},{\"@type\":\"ListItem\",\"position\":2,\"name\":\"Butik\",\"item\":\"https:\/\/babylove.se\/no\/butik\/\"},{\"@type\":\"ListItem\",\"position\":3,\"name\":\"Dra-p\u00e5-laken til juniorseng, Ducky\"}]},{\"@type\":\"WebSite\",\"@id\":\"https:\/\/babylove.se\/no\/#website\",\"url\":\"https:\/\/babylove.se\/no\/\",\"name\":\"Babylove Norska\",\"description\":\"\",\"potentialAction\":[{\"@type\":\"SearchAction\",\"target\":{\"@type\":\"EntryPoint\",\"urlTemplate\":\"https:\/\/babylove.se\/no\/?s={search_term_string}\"},\"query-input\":{\"@type\":\"PropertyValueSpecification\",\"valueRequired\":true,\"valueName\":\"search_term_string\"}}],\"inLanguage\":\"nb-NO\"}]}<\/script>\n<meta property=\"product:brand\" content=\"Marsielle Decor\" \/>\n<meta property=\"og:availability\" content=\"instock\" \/>\n<meta property=\"product:availability\" content=\"instock\" \/>\n<meta property=\"product:retailer_item_id\" content=\"MSD00030931\" \/>\n<meta property=\"product:condition\" content=\"new\" \/>\n<!-- \/ Yoast SEO Premium plugin. -->","yoast_head_json":{"title":"Dra-p\u00e5-laken til juniorseng, Ducky - Babylove Norska","robots":{"index":"noindex","follow":"follow","max-snippet":"max-snippet:-1","max-image-preview":"max-image-preview:large","max-video-preview":"max-video-preview:-1"},"og_locale":"nb_NO","og_type":"article","og_title":"Dra-p\u00e5-laken til juniorseng, Ducky","og_description":"Et vakkert stretchlaken tilpasset juniorsenger og barnesenger. Laget av myk, organisk bomull som garanterer en god s\u00f8vn for ditt barn fra f\u00f8rste kveld. Lakenet er veldig enkelt \u00e5 ta av og sette p\u00e5 takket v\u00e6re elastiske b\u00e5nd p\u00e5 kanten, og \u00e5 vaske det blir derfor meget smidig. Finnes i tre st\u00f8rrelser: 80 x 160 cm [&hellip;]","og_url":"https:\/\/babylove.se\/no\/produkt\/dra-pa-laken-til-juniorseng-ducky\/","og_site_name":"Babylove Norska","article_modified_time":"2026-04-08T13:10:45+00:00","og_image":[{"width":1032,"height":1032,"url":"https:\/\/babylove.se\/no\/wp-content\/uploads\/sites\/3\/2025\/07\/65e03a0f8be51.jpeg","type":"image\/jpeg"}],"twitter_card":"summary_large_image","twitter_misc":{"Availability":"In stock"},"schema":{"@context":"https:\/\/schema.org","@graph":[{"@type":"WebPage","@id":"https:\/\/babylove.se\/no\/produkt\/dra-pa-laken-til-juniorseng-ducky\/","url":"https:\/\/babylove.se\/no\/produkt\/dra-pa-laken-til-juniorseng-ducky\/","name":"Dra-p\u00e5-laken til juniorseng, Ducky - Babylove Norska","isPartOf":{"@id":"https:\/\/babylove.se\/no\/#website"},"primaryImageOfPage":{"@id":"https:\/\/babylove.se\/no\/produkt\/dra-pa-laken-til-juniorseng-ducky\/#primaryimage"},"image":{"@id":"https:\/\/babylove.se\/no\/produkt\/dra-pa-laken-til-juniorseng-ducky\/#primaryimage"},"thumbnailUrl":"https:\/\/babylove.se\/no\/wp-content\/uploads\/sites\/3\/2025\/07\/65e03a0f8be51.jpeg","datePublished":"2025-07-19T14:17:57+00:00","dateModified":"2026-04-08T13:10:45+00:00","breadcrumb":{"@id":"https:\/\/babylove.se\/no\/produkt\/dra-pa-laken-til-juniorseng-ducky\/#breadcrumb"},"inLanguage":"nb-NO","potentialAction":[{"@type":"ReadAction","target":["https:\/\/babylove.se\/no\/produkt\/dra-pa-laken-til-juniorseng-ducky\/"]}]},{"@type":"ImageObject","inLanguage":"nb-NO","@id":"https:\/\/babylove.se\/no\/produkt\/dra-pa-laken-til-juniorseng-ducky\/#primaryimage","url":"https:\/\/babylove.se\/no\/wp-content\/uploads\/sites\/3\/2025\/07\/65e03a0f8be51.jpeg","contentUrl":"https:\/\/babylove.se\/no\/wp-content\/uploads\/sites\/3\/2025\/07\/65e03a0f8be51.jpeg","width":1032,"height":1032},{"@type":"BreadcrumbList","@id":"https:\/\/babylove.se\/no\/produkt\/dra-pa-laken-til-juniorseng-ducky\/#breadcrumb","itemListElement":[{"@type":"ListItem","position":1,"name":"Hem","item":"https:\/\/babylove.se\/no\/"},{"@type":"ListItem","position":2,"name":"Butik","item":"https:\/\/babylove.se\/no\/butik\/"},{"@type":"ListItem","position":3,"name":"Dra-p\u00e5-laken til juniorseng, Ducky"}]},{"@type":"WebSite","@id":"https:\/\/babylove.se\/no\/#website","url":"https:\/\/babylove.se\/no\/","name":"Babylove Norska","description":"","potentialAction":[{"@type":"SearchAction","target":{"@type":"EntryPoint","urlTemplate":"https:\/\/babylove.se\/no\/?s={search_term_string}"},"query-input":{"@type":"PropertyValueSpecification","valueRequired":true,"valueName":"search_term_string"}}],"inLanguage":"nb-NO"}]},"product_brand":"Marsielle Decor","og_availability":"instock","product_availability":"instock","product_retailer_item_id":"MSD00030931","product_condition":"new"},"_links":{"self":[{"href":"https:\/\/babylove.se\/no\/wp-json\/wp\/v2\/product\/58842","targetHints":{"allow":["GET"]}}],"collection":[{"href":"https:\/\/babylove.se\/no\/wp-json\/wp\/v2\/product"}],"about":[{"href":"https:\/\/babylove.se\/no\/wp-json\/wp\/v2\/types\/product"}],"replies":[{"embeddable":true,"href":"https:\/\/babylove.se\/no\/wp-json\/wp\/v2\/comments?post=58842"}],"wp:featuredmedia":[{"embeddable":true,"href":"https:\/\/babylove.se\/no\/wp-json\/wp\/v2\/media\/58844"}],"wp:attachment":[{"href":"https:\/\/babylove.se\/no\/wp-json\/wp\/v2\/media?parent=58842"}],"wp:term":[{"taxonomy":"product_brand","embeddable":true,"href":"https:\/\/babylove.se\/no\/wp-json\/wp\/v2\/product_brand?post=58842"},{"taxonomy":"product_cat","embeddable":true,"href":"https:\/\/babylove.se\/no\/wp-json\/wp\/v2\/product_cat?post=58842"},{"taxonomy":"product_tag","embeddable":true,"href":"https:\/\/babylove.se\/no\/wp-json\/wp\/v2\/product_tag?post=58842"}],"curies":[{"name":"wp","href":"https:\/\/api.w.org\/{rel}","templated":true}]}}