{"id":58878,"date":"2025-07-19T15:18:26","date_gmt":"2025-07-19T14:18:26","guid":{"rendered":"https:\/\/babylove.se\/produkt\/babylove-bed-drape-sanghimmel-puderrosa\/"},"modified":"2026-04-08T14:11:06","modified_gmt":"2026-04-08T13:11:06","slug":"babylove-seng-draperi-sengehimmel-pudderrosa","status":"publish","type":"product","link":"https:\/\/babylove.se\/no\/produkt\/babylove-seng-draperi-sengehimmel-pudderrosa\/","title":{"rendered":"Babylove, Bed drape sengehimmel, pudderrosa"},"content":{"rendered":"<p>Fantastisk pudderrosa sengehimmel med vakre draperinger i bomull. I ethvert rom som denne brukes vil en eventyrf\u00f8lelse spre seg. <\/p>\n<p>Monteres enkelt p\u00e5 en himmelseng eller henges opp i taket ved hjelp av s\u00f8te knyteb\u00e5nd. <\/p>\n<p>Produsert i v\u00e5r egen fabrikk i Europa, og vi har samlet all v\u00e5r kunnskap rundt sengehimler for \u00e5 skape det mest prisgunstige kvalitetsproduktet p\u00e5 markedet. <\/p>\n<p><strong>M\u00e5l<\/strong>: Finnes i to st\u00f8rrelser: <\/p>\n<ul>\n<li>Single: H 200 x L 200 x B 100 cm. Passer til enkeltsenger med bredde opp til 90 cm.<\/li>\n<li>Double: H 200 x L 200 x B 200 cm. Passer til dobbeltsenger med bredde opp til 200 cm.<\/li>\n<\/ul>\n<p><strong>Materiale<\/strong>: 100 % organisk bomull. <\/p>\n<p>Designer: <a href=\"https:\/\/babylove.se\/varumarken\/babylove\">Babylove<\/a><\/p>\n","protected":false},"excerpt":{"rendered":"<p>Fantastisk pudderrosa sengehimmel med vakre draperinger i bomull. I ethvert rom som denne brukes vil en eventyrf\u00f8lelse spre seg. Monteres enkelt p\u00e5 en himmelseng eller henges opp i taket ved hjelp av s\u00f8te knyteb\u00e5nd. Produsert i v\u00e5r egen fabrikk i Europa, og vi har samlet all v\u00e5r kunnskap rundt sengehimler for \u00e5 skape det mest [&hellip;]<\/p>\n","protected":false},"featured_media":58880,"comment_status":"closed","ping_status":"closed","template":"","meta":{"_acf_changed":false},"product_brand":[22],"product_cat":[84,120],"product_tag":[],"class_list":{"0":"post-58878","1":"product","2":"type-product","3":"status-publish","4":"has-post-thumbnail","6":"product_brand-babylove","7":"product_cat-babylove","8":"product_cat-sanghimmel","9":"pa_storlek-double-h-200-x-l-200-x-b-200-cm","10":"pa_storlek-single-h-200-x-l-200-x-b-100-cm","12":"first","13":"outofstock","14":"taxable","15":"shipping-taxable","16":"purchasable","17":"product-type-variable"},"acf":[],"yoast_head":"<!-- This site is optimized with the Yoast SEO Premium plugin v25.8 (Yoast SEO v27.2) - https:\/\/yoast.com\/product\/yoast-seo-premium-wordpress\/ -->\n<title>Babylove, Bed drape sengehimmel, pudderrosa - Babylove Norska<\/title>\n<meta name=\"robots\" content=\"noindex, follow, max-snippet:-1, max-image-preview:large, max-video-preview:-1\" \/>\n<meta property=\"og:locale\" content=\"nb_NO\" \/>\n<meta property=\"og:type\" content=\"article\" \/>\n<meta property=\"og:title\" content=\"Babylove, Bed drape sengehimmel, pudderrosa\" \/>\n<meta property=\"og:description\" content=\"Fantastisk pudderrosa sengehimmel med vakre draperinger i bomull. I ethvert rom som denne brukes vil en eventyrf\u00f8lelse spre seg. Monteres enkelt p\u00e5 en himmelseng eller henges opp i taket ved hjelp av s\u00f8te knyteb\u00e5nd. Produsert i v\u00e5r egen fabrikk i Europa, og vi har samlet all v\u00e5r kunnskap rundt sengehimler for \u00e5 skape det mest [&hellip;]\" \/>\n<meta property=\"og:url\" content=\"https:\/\/babylove.se\/no\/produkt\/babylove-seng-draperi-sengehimmel-pudderrosa\/\" \/>\n<meta property=\"og:site_name\" content=\"Babylove Norska\" \/>\n<meta property=\"article:modified_time\" content=\"2026-04-08T13:11:06+00:00\" \/>\n<meta property=\"og:image\" content=\"https:\/\/babylove.se\/no\/wp-content\/uploads\/sites\/3\/2025\/07\/662230d1e7c48.png\" \/>\n\t<meta property=\"og:image:width\" content=\"1080\" \/>\n\t<meta property=\"og:image:height\" content=\"1080\" \/>\n\t<meta property=\"og:image:type\" content=\"image\/png\" \/>\n<meta name=\"twitter:card\" content=\"summary_large_image\" \/>\n<meta name=\"twitter:label1\" content=\"Availability\" \/>\n\t<meta name=\"twitter:data1\" content=\"Out of stock\" \/>\n<script type=\"application\/ld+json\" class=\"yoast-schema-graph\">{\"@context\":\"https:\/\/schema.org\",\"@graph\":[{\"@type\":\"WebPage\",\"@id\":\"https:\/\/babylove.se\/no\/produkt\/babylove-seng-draperi-sengehimmel-pudderrosa\/\",\"url\":\"https:\/\/babylove.se\/no\/produkt\/babylove-seng-draperi-sengehimmel-pudderrosa\/\",\"name\":\"Babylove, Bed drape sengehimmel, pudderrosa - Babylove Norska\",\"isPartOf\":{\"@id\":\"https:\/\/babylove.se\/no\/#website\"},\"primaryImageOfPage\":{\"@id\":\"https:\/\/babylove.se\/no\/produkt\/babylove-seng-draperi-sengehimmel-pudderrosa\/#primaryimage\"},\"image\":{\"@id\":\"https:\/\/babylove.se\/no\/produkt\/babylove-seng-draperi-sengehimmel-pudderrosa\/#primaryimage\"},\"thumbnailUrl\":\"https:\/\/babylove.se\/no\/wp-content\/uploads\/sites\/3\/2025\/07\/662230d1e7c48.png\",\"datePublished\":\"2025-07-19T14:18:26+00:00\",\"dateModified\":\"2026-04-08T13:11:06+00:00\",\"breadcrumb\":{\"@id\":\"https:\/\/babylove.se\/no\/produkt\/babylove-seng-draperi-sengehimmel-pudderrosa\/#breadcrumb\"},\"inLanguage\":\"nb-NO\",\"potentialAction\":[{\"@type\":\"ReadAction\",\"target\":[\"https:\/\/babylove.se\/no\/produkt\/babylove-seng-draperi-sengehimmel-pudderrosa\/\"]}]},{\"@type\":\"ImageObject\",\"inLanguage\":\"nb-NO\",\"@id\":\"https:\/\/babylove.se\/no\/produkt\/babylove-seng-draperi-sengehimmel-pudderrosa\/#primaryimage\",\"url\":\"https:\/\/babylove.se\/no\/wp-content\/uploads\/sites\/3\/2025\/07\/662230d1e7c48.png\",\"contentUrl\":\"https:\/\/babylove.se\/no\/wp-content\/uploads\/sites\/3\/2025\/07\/662230d1e7c48.png\",\"width\":1080,\"height\":1080},{\"@type\":\"BreadcrumbList\",\"@id\":\"https:\/\/babylove.se\/no\/produkt\/babylove-seng-draperi-sengehimmel-pudderrosa\/#breadcrumb\",\"itemListElement\":[{\"@type\":\"ListItem\",\"position\":1,\"name\":\"Hem\",\"item\":\"https:\/\/babylove.se\/no\/\"},{\"@type\":\"ListItem\",\"position\":2,\"name\":\"Butik\",\"item\":\"https:\/\/babylove.se\/no\/butik\/\"},{\"@type\":\"ListItem\",\"position\":3,\"name\":\"Babylove, Bed drape sengehimmel, pudderrosa\"}]},{\"@type\":\"WebSite\",\"@id\":\"https:\/\/babylove.se\/no\/#website\",\"url\":\"https:\/\/babylove.se\/no\/\",\"name\":\"Babylove Norska\",\"description\":\"\",\"potentialAction\":[{\"@type\":\"SearchAction\",\"target\":{\"@type\":\"EntryPoint\",\"urlTemplate\":\"https:\/\/babylove.se\/no\/?s={search_term_string}\"},\"query-input\":{\"@type\":\"PropertyValueSpecification\",\"valueRequired\":true,\"valueName\":\"search_term_string\"}}],\"inLanguage\":\"nb-NO\"}]}<\/script>\n<meta property=\"product:brand\" content=\"Babylove\" \/>\n<meta property=\"og:availability\" content=\"out of stock\" \/>\n<meta property=\"product:availability\" content=\"out of stock\" \/>\n<meta property=\"product:retailer_item_id\" content=\"BB00003926\" \/>\n<meta property=\"product:condition\" content=\"new\" \/>\n<!-- \/ Yoast SEO Premium plugin. -->","yoast_head_json":{"title":"Babylove, Bed drape sengehimmel, pudderrosa - Babylove Norska","robots":{"index":"noindex","follow":"follow","max-snippet":"max-snippet:-1","max-image-preview":"max-image-preview:large","max-video-preview":"max-video-preview:-1"},"og_locale":"nb_NO","og_type":"article","og_title":"Babylove, Bed drape sengehimmel, pudderrosa","og_description":"Fantastisk pudderrosa sengehimmel med vakre draperinger i bomull. I ethvert rom som denne brukes vil en eventyrf\u00f8lelse spre seg. Monteres enkelt p\u00e5 en himmelseng eller henges opp i taket ved hjelp av s\u00f8te knyteb\u00e5nd. Produsert i v\u00e5r egen fabrikk i Europa, og vi har samlet all v\u00e5r kunnskap rundt sengehimler for \u00e5 skape det mest [&hellip;]","og_url":"https:\/\/babylove.se\/no\/produkt\/babylove-seng-draperi-sengehimmel-pudderrosa\/","og_site_name":"Babylove Norska","article_modified_time":"2026-04-08T13:11:06+00:00","og_image":[{"width":1080,"height":1080,"url":"https:\/\/babylove.se\/no\/wp-content\/uploads\/sites\/3\/2025\/07\/662230d1e7c48.png","type":"image\/png"}],"twitter_card":"summary_large_image","twitter_misc":{"Availability":"Out of stock"},"schema":{"@context":"https:\/\/schema.org","@graph":[{"@type":"WebPage","@id":"https:\/\/babylove.se\/no\/produkt\/babylove-seng-draperi-sengehimmel-pudderrosa\/","url":"https:\/\/babylove.se\/no\/produkt\/babylove-seng-draperi-sengehimmel-pudderrosa\/","name":"Babylove, Bed drape sengehimmel, pudderrosa - Babylove Norska","isPartOf":{"@id":"https:\/\/babylove.se\/no\/#website"},"primaryImageOfPage":{"@id":"https:\/\/babylove.se\/no\/produkt\/babylove-seng-draperi-sengehimmel-pudderrosa\/#primaryimage"},"image":{"@id":"https:\/\/babylove.se\/no\/produkt\/babylove-seng-draperi-sengehimmel-pudderrosa\/#primaryimage"},"thumbnailUrl":"https:\/\/babylove.se\/no\/wp-content\/uploads\/sites\/3\/2025\/07\/662230d1e7c48.png","datePublished":"2025-07-19T14:18:26+00:00","dateModified":"2026-04-08T13:11:06+00:00","breadcrumb":{"@id":"https:\/\/babylove.se\/no\/produkt\/babylove-seng-draperi-sengehimmel-pudderrosa\/#breadcrumb"},"inLanguage":"nb-NO","potentialAction":[{"@type":"ReadAction","target":["https:\/\/babylove.se\/no\/produkt\/babylove-seng-draperi-sengehimmel-pudderrosa\/"]}]},{"@type":"ImageObject","inLanguage":"nb-NO","@id":"https:\/\/babylove.se\/no\/produkt\/babylove-seng-draperi-sengehimmel-pudderrosa\/#primaryimage","url":"https:\/\/babylove.se\/no\/wp-content\/uploads\/sites\/3\/2025\/07\/662230d1e7c48.png","contentUrl":"https:\/\/babylove.se\/no\/wp-content\/uploads\/sites\/3\/2025\/07\/662230d1e7c48.png","width":1080,"height":1080},{"@type":"BreadcrumbList","@id":"https:\/\/babylove.se\/no\/produkt\/babylove-seng-draperi-sengehimmel-pudderrosa\/#breadcrumb","itemListElement":[{"@type":"ListItem","position":1,"name":"Hem","item":"https:\/\/babylove.se\/no\/"},{"@type":"ListItem","position":2,"name":"Butik","item":"https:\/\/babylove.se\/no\/butik\/"},{"@type":"ListItem","position":3,"name":"Babylove, Bed drape sengehimmel, pudderrosa"}]},{"@type":"WebSite","@id":"https:\/\/babylove.se\/no\/#website","url":"https:\/\/babylove.se\/no\/","name":"Babylove Norska","description":"","potentialAction":[{"@type":"SearchAction","target":{"@type":"EntryPoint","urlTemplate":"https:\/\/babylove.se\/no\/?s={search_term_string}"},"query-input":{"@type":"PropertyValueSpecification","valueRequired":true,"valueName":"search_term_string"}}],"inLanguage":"nb-NO"}]},"product_brand":"Babylove","og_availability":"out of stock","product_availability":"out of stock","product_retailer_item_id":"BB00003926","product_condition":"new"},"_links":{"self":[{"href":"https:\/\/babylove.se\/no\/wp-json\/wp\/v2\/product\/58878","targetHints":{"allow":["GET"]}}],"collection":[{"href":"https:\/\/babylove.se\/no\/wp-json\/wp\/v2\/product"}],"about":[{"href":"https:\/\/babylove.se\/no\/wp-json\/wp\/v2\/types\/product"}],"replies":[{"embeddable":true,"href":"https:\/\/babylove.se\/no\/wp-json\/wp\/v2\/comments?post=58878"}],"wp:featuredmedia":[{"embeddable":true,"href":"https:\/\/babylove.se\/no\/wp-json\/wp\/v2\/media\/58880"}],"wp:attachment":[{"href":"https:\/\/babylove.se\/no\/wp-json\/wp\/v2\/media?parent=58878"}],"wp:term":[{"taxonomy":"product_brand","embeddable":true,"href":"https:\/\/babylove.se\/no\/wp-json\/wp\/v2\/product_brand?post=58878"},{"taxonomy":"product_cat","embeddable":true,"href":"https:\/\/babylove.se\/no\/wp-json\/wp\/v2\/product_cat?post=58878"},{"taxonomy":"product_tag","embeddable":true,"href":"https:\/\/babylove.se\/no\/wp-json\/wp\/v2\/product_tag?post=58878"}],"curies":[{"name":"wp","href":"https:\/\/api.w.org\/{rel}","templated":true}]}}