{"id":58884,"date":"2025-07-19T15:18:26","date_gmt":"2025-07-19T14:18:26","guid":{"rendered":"https:\/\/babylove.se\/produkt\/spjalsangsskydd-flatad-boucle-ecru\/"},"modified":"2026-04-08T14:11:09","modified_gmt":"2026-04-08T13:11:09","slug":"spjelsengvern-flettet-boucle-ecru","status":"publish","type":"product","link":"https:\/\/babylove.se\/no\/produkt\/spjelsengvern-flettet-boucle-ecru\/","title":{"rendered":"Sengehest flettet boucle &#8211; Ecru"},"content":{"rendered":"<p>Et meget fint og koselig sengeomgrenser utformet i en moderne variant som passer alle typer av barnesenger og sprinkelsenger. Trenger ikke kun brukes som et sprinkelsengvern, men fungerer ogs\u00e5 i vognen eller som et trygt f\u00f8lgeskap for ditt barn n\u00e5r det skal sove. \\n \\nDette sprinkelsengvernet er laget av et mykt boucle-stoff som ikke bare har en vakker design, men samtidig er meget komfortabelt for ditt barn \u00e5 hvile hodet p\u00e5. \\n \\n<strong>Materiale<\/strong>: 100 % OEKO-TEX<strong>\u00ae<\/strong> sertifisert polyester. Kan vaskes i maskin 40\u00b0 C. \\n \\nFyll : silikonvatt, OEKO-TEX<strong>\u00ae<\/strong> og trygt for barn. \\n \\n<strong>M\u00e5l<\/strong>: H\u00f8yde ca 15 cm. Finnes i to lengder: \\n<\/p>\n<ul> \\n \\t<\/p>\n<li>200 cm lang &#8211; dekker halv sprinkelseng (60&#215;120 cm) eller juniorseng (70x140cm alt 80&#215;160 cm )<\/li>\n<p> \\n \\t<\/p>\n<li>340 cm lang &#8211; dekker hele sprinkelseng rundt (60&#215;120 cm) eller 3\/4 av en juniorseng (70&#215;140 cm alt.80&#215;160 cm)<\/li>\n<p> \\n<\/ul>\n<p> \\nSprinkelsengvernet har praktiske b\u00e5nd som gj\u00f8r det enkelt \u00e5 knytte det fast p\u00e5 sengen.<\/p>\n","protected":false},"excerpt":{"rendered":"<p>Et meget fint og koselig sengeomgrenser utformet i en moderne variant som passer alle typer av barnesenger og sprinkelsenger. Trenger ikke kun brukes som et sprinkelsengvern, men fungerer ogs\u00e5 i vognen eller som et trygt f\u00f8lgeskap for ditt barn n\u00e5r det skal sove. \\n \\nDette sprinkelsengvernet er laget av et mykt boucle-stoff som ikke bare [&hellip;]<\/p>\n","protected":false},"featured_media":58886,"comment_status":"open","ping_status":"closed","template":"","meta":{"_acf_changed":false},"product_brand":[1645],"product_cat":[922,1073,108],"product_tag":[],"class_list":{"0":"post-58884","1":"product","2":"type-product","3":"status-publish","4":"has-post-thumbnail","6":"product_brand-sparrow","7":"product_cat-nyheter","8":"product_cat-spurv","9":"product_cat-barnesengbeskyttelse","10":"pa_langd-200-cm","11":"pa_langd-350-cm","13":"first","14":"instock","15":"taxable","16":"shipping-taxable","17":"purchasable","18":"product-type-variable"},"acf":[],"yoast_head":"<!-- This site is optimized with the Yoast SEO Premium plugin v25.8 (Yoast SEO v27.2) - https:\/\/yoast.com\/product\/yoast-seo-premium-wordpress\/ -->\n<title>Sengehest flettet boucle - Ecru - Babylove Norska<\/title>\n<meta name=\"robots\" content=\"noindex, follow, max-snippet:-1, max-image-preview:large, max-video-preview:-1\" \/>\n<meta property=\"og:locale\" content=\"nb_NO\" \/>\n<meta property=\"og:type\" content=\"article\" \/>\n<meta property=\"og:title\" content=\"Sengehest flettet boucle - Ecru\" \/>\n<meta property=\"og:description\" content=\"Et meget fint og koselig sengeomgrenser utformet i en moderne variant som passer alle typer av barnesenger og sprinkelsenger. Trenger ikke kun brukes som et sprinkelsengvern, men fungerer ogs\u00e5 i vognen eller som et trygt f\u00f8lgeskap for ditt barn n\u00e5r det skal sove. n nDette sprinkelsengvernet er laget av et mykt boucle-stoff som ikke bare [&hellip;]\" \/>\n<meta property=\"og:url\" content=\"https:\/\/babylove.se\/no\/produkt\/spjelsengvern-flettet-boucle-ecru\/\" \/>\n<meta property=\"og:site_name\" content=\"Babylove Norska\" \/>\n<meta property=\"article:modified_time\" content=\"2026-04-08T13:11:09+00:00\" \/>\n<meta property=\"og:image\" content=\"https:\/\/babylove.se\/no\/wp-content\/uploads\/sites\/3\/2025\/07\/65e0559abb688.jpeg\" \/>\n\t<meta property=\"og:image:width\" content=\"473\" \/>\n\t<meta property=\"og:image:height\" content=\"473\" \/>\n\t<meta property=\"og:image:type\" content=\"image\/jpeg\" \/>\n<meta name=\"twitter:card\" content=\"summary_large_image\" \/>\n<meta name=\"twitter:label1\" content=\"Availability\" \/>\n\t<meta name=\"twitter:data1\" content=\"In stock\" \/>\n<script type=\"application\/ld+json\" class=\"yoast-schema-graph\">{\"@context\":\"https:\/\/schema.org\",\"@graph\":[{\"@type\":\"WebPage\",\"@id\":\"https:\/\/babylove.se\/no\/produkt\/spjelsengvern-flettet-boucle-ecru\/\",\"url\":\"https:\/\/babylove.se\/no\/produkt\/spjelsengvern-flettet-boucle-ecru\/\",\"name\":\"Sengehest flettet boucle - Ecru - Babylove Norska\",\"isPartOf\":{\"@id\":\"https:\/\/babylove.se\/no\/#website\"},\"primaryImageOfPage\":{\"@id\":\"https:\/\/babylove.se\/no\/produkt\/spjelsengvern-flettet-boucle-ecru\/#primaryimage\"},\"image\":{\"@id\":\"https:\/\/babylove.se\/no\/produkt\/spjelsengvern-flettet-boucle-ecru\/#primaryimage\"},\"thumbnailUrl\":\"https:\/\/babylove.se\/no\/wp-content\/uploads\/sites\/3\/2025\/07\/65e0559abb688.jpeg\",\"datePublished\":\"2025-07-19T14:18:26+00:00\",\"dateModified\":\"2026-04-08T13:11:09+00:00\",\"breadcrumb\":{\"@id\":\"https:\/\/babylove.se\/no\/produkt\/spjelsengvern-flettet-boucle-ecru\/#breadcrumb\"},\"inLanguage\":\"nb-NO\",\"potentialAction\":[{\"@type\":\"ReadAction\",\"target\":[\"https:\/\/babylove.se\/no\/produkt\/spjelsengvern-flettet-boucle-ecru\/\"]}]},{\"@type\":\"ImageObject\",\"inLanguage\":\"nb-NO\",\"@id\":\"https:\/\/babylove.se\/no\/produkt\/spjelsengvern-flettet-boucle-ecru\/#primaryimage\",\"url\":\"https:\/\/babylove.se\/no\/wp-content\/uploads\/sites\/3\/2025\/07\/65e0559abb688.jpeg\",\"contentUrl\":\"https:\/\/babylove.se\/no\/wp-content\/uploads\/sites\/3\/2025\/07\/65e0559abb688.jpeg\",\"width\":473,\"height\":473},{\"@type\":\"BreadcrumbList\",\"@id\":\"https:\/\/babylove.se\/no\/produkt\/spjelsengvern-flettet-boucle-ecru\/#breadcrumb\",\"itemListElement\":[{\"@type\":\"ListItem\",\"position\":1,\"name\":\"Hem\",\"item\":\"https:\/\/babylove.se\/no\/\"},{\"@type\":\"ListItem\",\"position\":2,\"name\":\"Butik\",\"item\":\"https:\/\/babylove.se\/no\/butik\/\"},{\"@type\":\"ListItem\",\"position\":3,\"name\":\"Sengehest flettet boucle &#8211; Ecru\"}]},{\"@type\":\"WebSite\",\"@id\":\"https:\/\/babylove.se\/no\/#website\",\"url\":\"https:\/\/babylove.se\/no\/\",\"name\":\"Babylove Norska\",\"description\":\"\",\"potentialAction\":[{\"@type\":\"SearchAction\",\"target\":{\"@type\":\"EntryPoint\",\"urlTemplate\":\"https:\/\/babylove.se\/no\/?s={search_term_string}\"},\"query-input\":{\"@type\":\"PropertyValueSpecification\",\"valueRequired\":true,\"valueName\":\"search_term_string\"}}],\"inLanguage\":\"nb-NO\"}]}<\/script>\n<meta property=\"product:brand\" content=\"Sparrow\" \/>\n<meta property=\"og:availability\" content=\"instock\" \/>\n<meta property=\"product:availability\" content=\"instock\" \/>\n<meta property=\"product:retailer_item_id\" content=\"Spj\u00e4ls\u00e4ngsskydd_fl\u00e4tad_boucle_ecru\" \/>\n<meta property=\"product:condition\" content=\"new\" \/>\n<!-- \/ Yoast SEO Premium plugin. -->","yoast_head_json":{"title":"Sengehest flettet boucle - Ecru - Babylove Norska","robots":{"index":"noindex","follow":"follow","max-snippet":"max-snippet:-1","max-image-preview":"max-image-preview:large","max-video-preview":"max-video-preview:-1"},"og_locale":"nb_NO","og_type":"article","og_title":"Sengehest flettet boucle - Ecru","og_description":"Et meget fint og koselig sengeomgrenser utformet i en moderne variant som passer alle typer av barnesenger og sprinkelsenger. Trenger ikke kun brukes som et sprinkelsengvern, men fungerer ogs\u00e5 i vognen eller som et trygt f\u00f8lgeskap for ditt barn n\u00e5r det skal sove. n nDette sprinkelsengvernet er laget av et mykt boucle-stoff som ikke bare [&hellip;]","og_url":"https:\/\/babylove.se\/no\/produkt\/spjelsengvern-flettet-boucle-ecru\/","og_site_name":"Babylove Norska","article_modified_time":"2026-04-08T13:11:09+00:00","og_image":[{"width":473,"height":473,"url":"https:\/\/babylove.se\/no\/wp-content\/uploads\/sites\/3\/2025\/07\/65e0559abb688.jpeg","type":"image\/jpeg"}],"twitter_card":"summary_large_image","twitter_misc":{"Availability":"In stock"},"schema":{"@context":"https:\/\/schema.org","@graph":[{"@type":"WebPage","@id":"https:\/\/babylove.se\/no\/produkt\/spjelsengvern-flettet-boucle-ecru\/","url":"https:\/\/babylove.se\/no\/produkt\/spjelsengvern-flettet-boucle-ecru\/","name":"Sengehest flettet boucle - Ecru - Babylove Norska","isPartOf":{"@id":"https:\/\/babylove.se\/no\/#website"},"primaryImageOfPage":{"@id":"https:\/\/babylove.se\/no\/produkt\/spjelsengvern-flettet-boucle-ecru\/#primaryimage"},"image":{"@id":"https:\/\/babylove.se\/no\/produkt\/spjelsengvern-flettet-boucle-ecru\/#primaryimage"},"thumbnailUrl":"https:\/\/babylove.se\/no\/wp-content\/uploads\/sites\/3\/2025\/07\/65e0559abb688.jpeg","datePublished":"2025-07-19T14:18:26+00:00","dateModified":"2026-04-08T13:11:09+00:00","breadcrumb":{"@id":"https:\/\/babylove.se\/no\/produkt\/spjelsengvern-flettet-boucle-ecru\/#breadcrumb"},"inLanguage":"nb-NO","potentialAction":[{"@type":"ReadAction","target":["https:\/\/babylove.se\/no\/produkt\/spjelsengvern-flettet-boucle-ecru\/"]}]},{"@type":"ImageObject","inLanguage":"nb-NO","@id":"https:\/\/babylove.se\/no\/produkt\/spjelsengvern-flettet-boucle-ecru\/#primaryimage","url":"https:\/\/babylove.se\/no\/wp-content\/uploads\/sites\/3\/2025\/07\/65e0559abb688.jpeg","contentUrl":"https:\/\/babylove.se\/no\/wp-content\/uploads\/sites\/3\/2025\/07\/65e0559abb688.jpeg","width":473,"height":473},{"@type":"BreadcrumbList","@id":"https:\/\/babylove.se\/no\/produkt\/spjelsengvern-flettet-boucle-ecru\/#breadcrumb","itemListElement":[{"@type":"ListItem","position":1,"name":"Hem","item":"https:\/\/babylove.se\/no\/"},{"@type":"ListItem","position":2,"name":"Butik","item":"https:\/\/babylove.se\/no\/butik\/"},{"@type":"ListItem","position":3,"name":"Sengehest flettet boucle &#8211; Ecru"}]},{"@type":"WebSite","@id":"https:\/\/babylove.se\/no\/#website","url":"https:\/\/babylove.se\/no\/","name":"Babylove Norska","description":"","potentialAction":[{"@type":"SearchAction","target":{"@type":"EntryPoint","urlTemplate":"https:\/\/babylove.se\/no\/?s={search_term_string}"},"query-input":{"@type":"PropertyValueSpecification","valueRequired":true,"valueName":"search_term_string"}}],"inLanguage":"nb-NO"}]},"product_brand":"Sparrow","og_availability":"instock","product_availability":"instock","product_retailer_item_id":"Spj\u00e4ls\u00e4ngsskydd_fl\u00e4tad_boucle_ecru","product_condition":"new"},"_links":{"self":[{"href":"https:\/\/babylove.se\/no\/wp-json\/wp\/v2\/product\/58884","targetHints":{"allow":["GET"]}}],"collection":[{"href":"https:\/\/babylove.se\/no\/wp-json\/wp\/v2\/product"}],"about":[{"href":"https:\/\/babylove.se\/no\/wp-json\/wp\/v2\/types\/product"}],"replies":[{"embeddable":true,"href":"https:\/\/babylove.se\/no\/wp-json\/wp\/v2\/comments?post=58884"}],"wp:featuredmedia":[{"embeddable":true,"href":"https:\/\/babylove.se\/no\/wp-json\/wp\/v2\/media\/58886"}],"wp:attachment":[{"href":"https:\/\/babylove.se\/no\/wp-json\/wp\/v2\/media?parent=58884"}],"wp:term":[{"taxonomy":"product_brand","embeddable":true,"href":"https:\/\/babylove.se\/no\/wp-json\/wp\/v2\/product_brand?post=58884"},{"taxonomy":"product_cat","embeddable":true,"href":"https:\/\/babylove.se\/no\/wp-json\/wp\/v2\/product_cat?post=58884"},{"taxonomy":"product_tag","embeddable":true,"href":"https:\/\/babylove.se\/no\/wp-json\/wp\/v2\/product_tag?post=58884"}],"curies":[{"name":"wp","href":"https:\/\/api.w.org\/{rel}","templated":true}]}}