{"id":58912,"date":"2025-07-19T15:18:41","date_gmt":"2025-07-19T14:18:41","guid":{"rendered":"https:\/\/babylove.se\/produkt\/cotton-sweets-amningskudde-croissant-cappuccino\/"},"modified":"2026-04-08T14:11:21","modified_gmt":"2026-04-08T13:11:21","slug":"bomull-godteri-ammeputerulle-croissant-cappuccino","status":"publish","type":"product","link":"https:\/\/babylove.se\/no\/produkt\/bomull-godteri-ammeputerulle-croissant-cappuccino\/","title":{"rendered":"Cotton &#038; Sweets, ammekudde Croissant, cappuccino"},"content":{"rendered":"<p>Cappuccino ammepute i form av en croissant fra Cotton &amp; Sweets!<\/p>\n<p>Denne ammeputen tilbyr ikke bare komfort for b\u00e5de moren og det lille barnet, men er ogs\u00e5 et godt hjelpemiddel som gj\u00f8r ammingen lettere. <span style=\"background-color: initial; color: var(--text-color); text-align: initial;\">Kan ogs\u00e5 brukes som en sittest\u00f8tte til barnet n\u00e5r det blir litt st\u00f8rre.&nbsp;<\/span>Dessuten er puten en meget vakker interi\u00f8rdetalj.&nbsp;<\/p>\n<p><strong>M\u00e5l<\/strong>:<span>&nbsp;<\/span>Bredde 60 cm. H\u00f8yde 55 cm. Dybde 15 cm.<\/p>\n<p><strong>Materiale<\/strong>: 95% bomull og 5% elastan.<\/p>\n<p>Designer: <a href=\"https:\/\/babylove.se\/varumarken\/cottonsweets\">Cotton &amp; Sweets<\/a><\/p>\n","protected":false},"excerpt":{"rendered":"<p>Cappuccino ammepute i form av en croissant fra Cotton &amp; Sweets! Denne ammeputen tilbyr ikke bare komfort for b\u00e5de moren og det lille barnet, men er ogs\u00e5 et godt hjelpemiddel som gj\u00f8r ammingen lettere. Kan ogs\u00e5 brukes som en sittest\u00f8tte til barnet n\u00e5r det blir litt st\u00f8rre.&nbsp;Dessuten er puten en meget vakker interi\u00f8rdetalj.&nbsp; M\u00e5l:&nbsp;Bredde 60 [&hellip;]<\/p>\n","protected":false},"featured_media":58914,"comment_status":"closed","ping_status":"open","template":"","meta":{"_acf_changed":false},"product_brand":[143],"product_cat":[65,144],"product_tag":[1689],"class_list":{"0":"post-58912","1":"product","2":"type-product","3":"status-publish","4":"has-post-thumbnail","6":"product_brand-cotton-sweets","7":"product_cat-ammeputer","8":"product_cat-cottonsweets","9":"product_tag-bestillingsvaror","11":"first","12":"instock","13":"taxable","14":"shipping-taxable","15":"purchasable","16":"product-type-simple"},"acf":[],"yoast_head":"<!-- This site is optimized with the Yoast SEO Premium plugin v25.8 (Yoast SEO v27.2) - https:\/\/yoast.com\/product\/yoast-seo-premium-wordpress\/ -->\n<title>Cotton &amp; Sweets, ammekudde Croissant, cappuccino - Babylove Norska<\/title>\n<meta name=\"robots\" content=\"noindex, follow, max-snippet:-1, max-image-preview:large, max-video-preview:-1\" \/>\n<meta property=\"og:locale\" content=\"nb_NO\" \/>\n<meta property=\"og:type\" content=\"article\" \/>\n<meta property=\"og:title\" content=\"Cotton &amp; Sweets, ammekudde Croissant, cappuccino\" \/>\n<meta property=\"og:description\" content=\"Cappuccino ammepute i form av en croissant fra Cotton &amp; Sweets! Denne ammeputen tilbyr ikke bare komfort for b\u00e5de moren og det lille barnet, men er ogs\u00e5 et godt hjelpemiddel som gj\u00f8r ammingen lettere. Kan ogs\u00e5 brukes som en sittest\u00f8tte til barnet n\u00e5r det blir litt st\u00f8rre.&nbsp;Dessuten er puten en meget vakker interi\u00f8rdetalj.&nbsp; M\u00e5l:&nbsp;Bredde 60 [&hellip;]\" \/>\n<meta property=\"og:url\" content=\"https:\/\/babylove.se\/no\/produkt\/bomull-godteri-ammeputerulle-croissant-cappuccino\/\" \/>\n<meta property=\"og:site_name\" content=\"Babylove Norska\" \/>\n<meta property=\"article:modified_time\" content=\"2026-04-08T13:11:21+00:00\" \/>\n<meta property=\"og:image\" content=\"https:\/\/babylove.se\/no\/wp-content\/uploads\/sites\/3\/2025\/07\/65e18a93069ac.jpeg\" \/>\n\t<meta property=\"og:image:width\" content=\"900\" \/>\n\t<meta property=\"og:image:height\" content=\"900\" \/>\n\t<meta property=\"og:image:type\" content=\"image\/jpeg\" \/>\n<meta name=\"twitter:card\" content=\"summary_large_image\" \/>\n<meta name=\"twitter:label1\" content=\"Price\" \/>\n\t<meta name=\"twitter:data1\" content=\"1 299,00&nbsp;&#107;&#114;\" \/>\n\t<meta name=\"twitter:label2\" content=\"Availability\" \/>\n\t<meta name=\"twitter:data2\" content=\"In stock\" \/>\n<script type=\"application\/ld+json\" class=\"yoast-schema-graph\">{\"@context\":\"https:\/\/schema.org\",\"@graph\":[{\"@type\":\"WebPage\",\"@id\":\"https:\/\/babylove.se\/no\/produkt\/bomull-godteri-ammeputerulle-croissant-cappuccino\/\",\"url\":\"https:\/\/babylove.se\/no\/produkt\/bomull-godteri-ammeputerulle-croissant-cappuccino\/\",\"name\":\"Cotton & Sweets, ammekudde Croissant, cappuccino - Babylove Norska\",\"isPartOf\":{\"@id\":\"https:\/\/babylove.se\/no\/#website\"},\"primaryImageOfPage\":{\"@id\":\"https:\/\/babylove.se\/no\/produkt\/bomull-godteri-ammeputerulle-croissant-cappuccino\/#primaryimage\"},\"image\":{\"@id\":\"https:\/\/babylove.se\/no\/produkt\/bomull-godteri-ammeputerulle-croissant-cappuccino\/#primaryimage\"},\"thumbnailUrl\":\"https:\/\/babylove.se\/no\/wp-content\/uploads\/sites\/3\/2025\/07\/65e18a93069ac.jpeg\",\"datePublished\":\"2025-07-19T14:18:41+00:00\",\"dateModified\":\"2026-04-08T13:11:21+00:00\",\"breadcrumb\":{\"@id\":\"https:\/\/babylove.se\/no\/produkt\/bomull-godteri-ammeputerulle-croissant-cappuccino\/#breadcrumb\"},\"inLanguage\":\"nb-NO\",\"potentialAction\":[{\"@type\":\"ReadAction\",\"target\":[\"https:\/\/babylove.se\/no\/produkt\/bomull-godteri-ammeputerulle-croissant-cappuccino\/\"]}]},{\"@type\":\"ImageObject\",\"inLanguage\":\"nb-NO\",\"@id\":\"https:\/\/babylove.se\/no\/produkt\/bomull-godteri-ammeputerulle-croissant-cappuccino\/#primaryimage\",\"url\":\"https:\/\/babylove.se\/no\/wp-content\/uploads\/sites\/3\/2025\/07\/65e18a93069ac.jpeg\",\"contentUrl\":\"https:\/\/babylove.se\/no\/wp-content\/uploads\/sites\/3\/2025\/07\/65e18a93069ac.jpeg\",\"width\":900,\"height\":900},{\"@type\":\"BreadcrumbList\",\"@id\":\"https:\/\/babylove.se\/no\/produkt\/bomull-godteri-ammeputerulle-croissant-cappuccino\/#breadcrumb\",\"itemListElement\":[{\"@type\":\"ListItem\",\"position\":1,\"name\":\"Hem\",\"item\":\"https:\/\/babylove.se\/no\/\"},{\"@type\":\"ListItem\",\"position\":2,\"name\":\"Butik\",\"item\":\"https:\/\/babylove.se\/no\/butik\/\"},{\"@type\":\"ListItem\",\"position\":3,\"name\":\"Cotton &#038; Sweets, ammekudde Croissant, cappuccino\"}]},{\"@type\":\"WebSite\",\"@id\":\"https:\/\/babylove.se\/no\/#website\",\"url\":\"https:\/\/babylove.se\/no\/\",\"name\":\"Babylove Norska\",\"description\":\"\",\"potentialAction\":[{\"@type\":\"SearchAction\",\"target\":{\"@type\":\"EntryPoint\",\"urlTemplate\":\"https:\/\/babylove.se\/no\/?s={search_term_string}\"},\"query-input\":{\"@type\":\"PropertyValueSpecification\",\"valueRequired\":true,\"valueName\":\"search_term_string\"}}],\"inLanguage\":\"nb-NO\"}]}<\/script>\n<meta property=\"product:brand\" content=\"Cotton &amp; Sweets\" \/>\n<meta property=\"product:price:amount\" content=\"1299.00\" \/>\n<meta property=\"product:price:currency\" content=\"SEK\" \/>\n<meta property=\"og:availability\" content=\"instock\" \/>\n<meta property=\"product:availability\" content=\"instock\" \/>\n<meta property=\"product:retailer_item_id\" content=\"BC07559\" \/>\n<meta property=\"product:condition\" content=\"new\" \/>\n<!-- \/ Yoast SEO Premium plugin. -->","yoast_head_json":{"title":"Cotton & Sweets, ammekudde Croissant, cappuccino - Babylove Norska","robots":{"index":"noindex","follow":"follow","max-snippet":"max-snippet:-1","max-image-preview":"max-image-preview:large","max-video-preview":"max-video-preview:-1"},"og_locale":"nb_NO","og_type":"article","og_title":"Cotton & Sweets, ammekudde Croissant, cappuccino","og_description":"Cappuccino ammepute i form av en croissant fra Cotton &amp; Sweets! Denne ammeputen tilbyr ikke bare komfort for b\u00e5de moren og det lille barnet, men er ogs\u00e5 et godt hjelpemiddel som gj\u00f8r ammingen lettere. Kan ogs\u00e5 brukes som en sittest\u00f8tte til barnet n\u00e5r det blir litt st\u00f8rre.&nbsp;Dessuten er puten en meget vakker interi\u00f8rdetalj.&nbsp; M\u00e5l:&nbsp;Bredde 60 [&hellip;]","og_url":"https:\/\/babylove.se\/no\/produkt\/bomull-godteri-ammeputerulle-croissant-cappuccino\/","og_site_name":"Babylove Norska","article_modified_time":"2026-04-08T13:11:21+00:00","og_image":[{"width":900,"height":900,"url":"https:\/\/babylove.se\/no\/wp-content\/uploads\/sites\/3\/2025\/07\/65e18a93069ac.jpeg","type":"image\/jpeg"}],"twitter_card":"summary_large_image","twitter_misc":{"Price":"1 299,00&nbsp;&#107;&#114;","Availability":"In stock"},"schema":{"@context":"https:\/\/schema.org","@graph":[{"@type":"WebPage","@id":"https:\/\/babylove.se\/no\/produkt\/bomull-godteri-ammeputerulle-croissant-cappuccino\/","url":"https:\/\/babylove.se\/no\/produkt\/bomull-godteri-ammeputerulle-croissant-cappuccino\/","name":"Cotton & Sweets, ammekudde Croissant, cappuccino - Babylove Norska","isPartOf":{"@id":"https:\/\/babylove.se\/no\/#website"},"primaryImageOfPage":{"@id":"https:\/\/babylove.se\/no\/produkt\/bomull-godteri-ammeputerulle-croissant-cappuccino\/#primaryimage"},"image":{"@id":"https:\/\/babylove.se\/no\/produkt\/bomull-godteri-ammeputerulle-croissant-cappuccino\/#primaryimage"},"thumbnailUrl":"https:\/\/babylove.se\/no\/wp-content\/uploads\/sites\/3\/2025\/07\/65e18a93069ac.jpeg","datePublished":"2025-07-19T14:18:41+00:00","dateModified":"2026-04-08T13:11:21+00:00","breadcrumb":{"@id":"https:\/\/babylove.se\/no\/produkt\/bomull-godteri-ammeputerulle-croissant-cappuccino\/#breadcrumb"},"inLanguage":"nb-NO","potentialAction":[{"@type":"ReadAction","target":["https:\/\/babylove.se\/no\/produkt\/bomull-godteri-ammeputerulle-croissant-cappuccino\/"]}]},{"@type":"ImageObject","inLanguage":"nb-NO","@id":"https:\/\/babylove.se\/no\/produkt\/bomull-godteri-ammeputerulle-croissant-cappuccino\/#primaryimage","url":"https:\/\/babylove.se\/no\/wp-content\/uploads\/sites\/3\/2025\/07\/65e18a93069ac.jpeg","contentUrl":"https:\/\/babylove.se\/no\/wp-content\/uploads\/sites\/3\/2025\/07\/65e18a93069ac.jpeg","width":900,"height":900},{"@type":"BreadcrumbList","@id":"https:\/\/babylove.se\/no\/produkt\/bomull-godteri-ammeputerulle-croissant-cappuccino\/#breadcrumb","itemListElement":[{"@type":"ListItem","position":1,"name":"Hem","item":"https:\/\/babylove.se\/no\/"},{"@type":"ListItem","position":2,"name":"Butik","item":"https:\/\/babylove.se\/no\/butik\/"},{"@type":"ListItem","position":3,"name":"Cotton &#038; Sweets, ammekudde Croissant, cappuccino"}]},{"@type":"WebSite","@id":"https:\/\/babylove.se\/no\/#website","url":"https:\/\/babylove.se\/no\/","name":"Babylove Norska","description":"","potentialAction":[{"@type":"SearchAction","target":{"@type":"EntryPoint","urlTemplate":"https:\/\/babylove.se\/no\/?s={search_term_string}"},"query-input":{"@type":"PropertyValueSpecification","valueRequired":true,"valueName":"search_term_string"}}],"inLanguage":"nb-NO"}]},"product_brand":"Cotton &amp; Sweets","product_price_amount":"1299.00","product_price_currency":"SEK","og_availability":"instock","product_availability":"instock","product_retailer_item_id":"BC07559","product_condition":"new"},"_links":{"self":[{"href":"https:\/\/babylove.se\/no\/wp-json\/wp\/v2\/product\/58912","targetHints":{"allow":["GET"]}}],"collection":[{"href":"https:\/\/babylove.se\/no\/wp-json\/wp\/v2\/product"}],"about":[{"href":"https:\/\/babylove.se\/no\/wp-json\/wp\/v2\/types\/product"}],"replies":[{"embeddable":true,"href":"https:\/\/babylove.se\/no\/wp-json\/wp\/v2\/comments?post=58912"}],"wp:featuredmedia":[{"embeddable":true,"href":"https:\/\/babylove.se\/no\/wp-json\/wp\/v2\/media\/58914"}],"wp:attachment":[{"href":"https:\/\/babylove.se\/no\/wp-json\/wp\/v2\/media?parent=58912"}],"wp:term":[{"taxonomy":"product_brand","embeddable":true,"href":"https:\/\/babylove.se\/no\/wp-json\/wp\/v2\/product_brand?post=58912"},{"taxonomy":"product_cat","embeddable":true,"href":"https:\/\/babylove.se\/no\/wp-json\/wp\/v2\/product_cat?post=58912"},{"taxonomy":"product_tag","embeddable":true,"href":"https:\/\/babylove.se\/no\/wp-json\/wp\/v2\/product_tag?post=58912"}],"curies":[{"name":"wp","href":"https:\/\/api.w.org\/{rel}","templated":true}]}}