{"id":58929,"date":"2025-07-19T15:18:57","date_gmt":"2025-07-19T14:18:57","guid":{"rendered":"https:\/\/babylove.se\/produkt\/cotton-sweets-amningskudde-croissant-blush\/"},"modified":"2026-04-08T14:11:29","modified_gmt":"2026-04-08T13:11:29","slug":"bomull-godteri-ammeputte-croissant-rodme","status":"publish","type":"product","link":"https:\/\/babylove.se\/no\/produkt\/bomull-godteri-ammeputte-croissant-rodme\/","title":{"rendered":"Cotton &#038; Sweets, ammekudde Croissant, blush"},"content":{"rendered":"<p>Blush ammekudde i form av en croissant fra Cotton &amp; Sweets!<\/p>\n<p>Denne ammekudden tilbyr ikke bare komfort for b\u00e5de moren og det lille barnet, men er ogs\u00e5 et godt hjelpemiddel som gj\u00f8r ammingen lettere. <span style=\"background-color: initial; color: var(--text-color); text-align: initial;\">Kan ogs\u00e5 brukes som en sittest\u00f8tte til barnet n\u00e5r det blir litt st\u00f8rre.&nbsp;<\/span>I tillegg er puten et meget vakkert innredningsdetalj.&nbsp;<\/p>\n<p><strong>M\u00e5l<\/strong>:<span>&nbsp;<\/span>Bredde 60 cm. H\u00f8yde 55 cm. Dybde 15 cm.<\/p>\n<p><strong>Materiale<\/strong>: 95% bomull og 5% elastan.<\/p>\n<p>Designer: <a href=\"https:\/\/babylove.se\/varumarken\/cottonsweets\">Cotton &amp; Sweets<\/a><\/p>\n","protected":false},"excerpt":{"rendered":"<p>Blush ammekudde i form av en croissant fra Cotton &amp; Sweets! Denne ammekudden tilbyr ikke bare komfort for b\u00e5de moren og det lille barnet, men er ogs\u00e5 et godt hjelpemiddel som gj\u00f8r ammingen lettere. Kan ogs\u00e5 brukes som en sittest\u00f8tte til barnet n\u00e5r det blir litt st\u00f8rre.&nbsp;I tillegg er puten et meget vakkert innredningsdetalj.&nbsp; M\u00e5l:&nbsp;Bredde [&hellip;]<\/p>\n","protected":false},"featured_media":58931,"comment_status":"closed","ping_status":"open","template":"","meta":{"_acf_changed":false},"product_brand":[143],"product_cat":[65,144],"product_tag":[1689],"class_list":{"0":"post-58929","1":"product","2":"type-product","3":"status-publish","4":"has-post-thumbnail","6":"product_brand-cotton-sweets","7":"product_cat-ammeputer","8":"product_cat-cottonsweets","9":"product_tag-bestillingsvaror","11":"first","12":"instock","13":"taxable","14":"shipping-taxable","15":"purchasable","16":"product-type-simple"},"acf":[],"yoast_head":"<!-- This site is optimized with the Yoast SEO Premium plugin v25.8 (Yoast SEO v27.2) - https:\/\/yoast.com\/product\/yoast-seo-premium-wordpress\/ -->\n<title>Cotton &amp; Sweets, ammekudde Croissant, blush - Babylove Norska<\/title>\n<meta name=\"robots\" content=\"noindex, follow, max-snippet:-1, max-image-preview:large, max-video-preview:-1\" \/>\n<meta property=\"og:locale\" content=\"nb_NO\" \/>\n<meta property=\"og:type\" content=\"article\" \/>\n<meta property=\"og:title\" content=\"Cotton &amp; Sweets, ammekudde Croissant, blush\" \/>\n<meta property=\"og:description\" content=\"Blush ammekudde i form av en croissant fra Cotton &amp; Sweets! Denne ammekudden tilbyr ikke bare komfort for b\u00e5de moren og det lille barnet, men er ogs\u00e5 et godt hjelpemiddel som gj\u00f8r ammingen lettere. Kan ogs\u00e5 brukes som en sittest\u00f8tte til barnet n\u00e5r det blir litt st\u00f8rre.&nbsp;I tillegg er puten et meget vakkert innredningsdetalj.&nbsp; M\u00e5l:&nbsp;Bredde [&hellip;]\" \/>\n<meta property=\"og:url\" content=\"https:\/\/babylove.se\/no\/produkt\/bomull-godteri-ammeputte-croissant-rodme\/\" \/>\n<meta property=\"og:site_name\" content=\"Babylove Norska\" \/>\n<meta property=\"article:modified_time\" content=\"2026-04-08T13:11:29+00:00\" \/>\n<meta property=\"og:image\" content=\"https:\/\/babylove.se\/no\/wp-content\/uploads\/sites\/3\/2025\/07\/65e18bf0a3a23.jpeg\" \/>\n\t<meta property=\"og:image:width\" content=\"1000\" \/>\n\t<meta property=\"og:image:height\" content=\"1000\" \/>\n\t<meta property=\"og:image:type\" content=\"image\/jpeg\" \/>\n<meta name=\"twitter:card\" content=\"summary_large_image\" \/>\n<meta name=\"twitter:label1\" content=\"Price\" \/>\n\t<meta name=\"twitter:data1\" content=\"1 299,00&nbsp;&#107;&#114;\" \/>\n\t<meta name=\"twitter:label2\" content=\"Availability\" \/>\n\t<meta name=\"twitter:data2\" content=\"In stock\" \/>\n<script type=\"application\/ld+json\" class=\"yoast-schema-graph\">{\"@context\":\"https:\/\/schema.org\",\"@graph\":[{\"@type\":\"WebPage\",\"@id\":\"https:\/\/babylove.se\/no\/produkt\/bomull-godteri-ammeputte-croissant-rodme\/\",\"url\":\"https:\/\/babylove.se\/no\/produkt\/bomull-godteri-ammeputte-croissant-rodme\/\",\"name\":\"Cotton & Sweets, ammekudde Croissant, blush - Babylove Norska\",\"isPartOf\":{\"@id\":\"https:\/\/babylove.se\/no\/#website\"},\"primaryImageOfPage\":{\"@id\":\"https:\/\/babylove.se\/no\/produkt\/bomull-godteri-ammeputte-croissant-rodme\/#primaryimage\"},\"image\":{\"@id\":\"https:\/\/babylove.se\/no\/produkt\/bomull-godteri-ammeputte-croissant-rodme\/#primaryimage\"},\"thumbnailUrl\":\"https:\/\/babylove.se\/no\/wp-content\/uploads\/sites\/3\/2025\/07\/65e18bf0a3a23.jpeg\",\"datePublished\":\"2025-07-19T14:18:57+00:00\",\"dateModified\":\"2026-04-08T13:11:29+00:00\",\"breadcrumb\":{\"@id\":\"https:\/\/babylove.se\/no\/produkt\/bomull-godteri-ammeputte-croissant-rodme\/#breadcrumb\"},\"inLanguage\":\"nb-NO\",\"potentialAction\":[{\"@type\":\"ReadAction\",\"target\":[\"https:\/\/babylove.se\/no\/produkt\/bomull-godteri-ammeputte-croissant-rodme\/\"]}]},{\"@type\":\"ImageObject\",\"inLanguage\":\"nb-NO\",\"@id\":\"https:\/\/babylove.se\/no\/produkt\/bomull-godteri-ammeputte-croissant-rodme\/#primaryimage\",\"url\":\"https:\/\/babylove.se\/no\/wp-content\/uploads\/sites\/3\/2025\/07\/65e18bf0a3a23.jpeg\",\"contentUrl\":\"https:\/\/babylove.se\/no\/wp-content\/uploads\/sites\/3\/2025\/07\/65e18bf0a3a23.jpeg\",\"width\":1000,\"height\":1000},{\"@type\":\"BreadcrumbList\",\"@id\":\"https:\/\/babylove.se\/no\/produkt\/bomull-godteri-ammeputte-croissant-rodme\/#breadcrumb\",\"itemListElement\":[{\"@type\":\"ListItem\",\"position\":1,\"name\":\"Hem\",\"item\":\"https:\/\/babylove.se\/no\/\"},{\"@type\":\"ListItem\",\"position\":2,\"name\":\"Butik\",\"item\":\"https:\/\/babylove.se\/no\/butik\/\"},{\"@type\":\"ListItem\",\"position\":3,\"name\":\"Cotton &#038; Sweets, ammekudde Croissant, blush\"}]},{\"@type\":\"WebSite\",\"@id\":\"https:\/\/babylove.se\/no\/#website\",\"url\":\"https:\/\/babylove.se\/no\/\",\"name\":\"Babylove Norska\",\"description\":\"\",\"potentialAction\":[{\"@type\":\"SearchAction\",\"target\":{\"@type\":\"EntryPoint\",\"urlTemplate\":\"https:\/\/babylove.se\/no\/?s={search_term_string}\"},\"query-input\":{\"@type\":\"PropertyValueSpecification\",\"valueRequired\":true,\"valueName\":\"search_term_string\"}}],\"inLanguage\":\"nb-NO\"}]}<\/script>\n<meta property=\"product:brand\" content=\"Cotton &amp; Sweets\" \/>\n<meta property=\"product:price:amount\" content=\"1299.00\" \/>\n<meta property=\"product:price:currency\" content=\"SEK\" \/>\n<meta property=\"og:availability\" content=\"instock\" \/>\n<meta property=\"product:availability\" content=\"instock\" \/>\n<meta property=\"product:retailer_item_id\" content=\"BC07521\" \/>\n<meta property=\"product:condition\" content=\"new\" \/>\n<!-- \/ Yoast SEO Premium plugin. -->","yoast_head_json":{"title":"Cotton & Sweets, ammekudde Croissant, blush - Babylove Norska","robots":{"index":"noindex","follow":"follow","max-snippet":"max-snippet:-1","max-image-preview":"max-image-preview:large","max-video-preview":"max-video-preview:-1"},"og_locale":"nb_NO","og_type":"article","og_title":"Cotton & Sweets, ammekudde Croissant, blush","og_description":"Blush ammekudde i form av en croissant fra Cotton &amp; Sweets! Denne ammekudden tilbyr ikke bare komfort for b\u00e5de moren og det lille barnet, men er ogs\u00e5 et godt hjelpemiddel som gj\u00f8r ammingen lettere. Kan ogs\u00e5 brukes som en sittest\u00f8tte til barnet n\u00e5r det blir litt st\u00f8rre.&nbsp;I tillegg er puten et meget vakkert innredningsdetalj.&nbsp; M\u00e5l:&nbsp;Bredde [&hellip;]","og_url":"https:\/\/babylove.se\/no\/produkt\/bomull-godteri-ammeputte-croissant-rodme\/","og_site_name":"Babylove Norska","article_modified_time":"2026-04-08T13:11:29+00:00","og_image":[{"width":1000,"height":1000,"url":"https:\/\/babylove.se\/no\/wp-content\/uploads\/sites\/3\/2025\/07\/65e18bf0a3a23.jpeg","type":"image\/jpeg"}],"twitter_card":"summary_large_image","twitter_misc":{"Price":"1 299,00&nbsp;&#107;&#114;","Availability":"In stock"},"schema":{"@context":"https:\/\/schema.org","@graph":[{"@type":"WebPage","@id":"https:\/\/babylove.se\/no\/produkt\/bomull-godteri-ammeputte-croissant-rodme\/","url":"https:\/\/babylove.se\/no\/produkt\/bomull-godteri-ammeputte-croissant-rodme\/","name":"Cotton & Sweets, ammekudde Croissant, blush - Babylove Norska","isPartOf":{"@id":"https:\/\/babylove.se\/no\/#website"},"primaryImageOfPage":{"@id":"https:\/\/babylove.se\/no\/produkt\/bomull-godteri-ammeputte-croissant-rodme\/#primaryimage"},"image":{"@id":"https:\/\/babylove.se\/no\/produkt\/bomull-godteri-ammeputte-croissant-rodme\/#primaryimage"},"thumbnailUrl":"https:\/\/babylove.se\/no\/wp-content\/uploads\/sites\/3\/2025\/07\/65e18bf0a3a23.jpeg","datePublished":"2025-07-19T14:18:57+00:00","dateModified":"2026-04-08T13:11:29+00:00","breadcrumb":{"@id":"https:\/\/babylove.se\/no\/produkt\/bomull-godteri-ammeputte-croissant-rodme\/#breadcrumb"},"inLanguage":"nb-NO","potentialAction":[{"@type":"ReadAction","target":["https:\/\/babylove.se\/no\/produkt\/bomull-godteri-ammeputte-croissant-rodme\/"]}]},{"@type":"ImageObject","inLanguage":"nb-NO","@id":"https:\/\/babylove.se\/no\/produkt\/bomull-godteri-ammeputte-croissant-rodme\/#primaryimage","url":"https:\/\/babylove.se\/no\/wp-content\/uploads\/sites\/3\/2025\/07\/65e18bf0a3a23.jpeg","contentUrl":"https:\/\/babylove.se\/no\/wp-content\/uploads\/sites\/3\/2025\/07\/65e18bf0a3a23.jpeg","width":1000,"height":1000},{"@type":"BreadcrumbList","@id":"https:\/\/babylove.se\/no\/produkt\/bomull-godteri-ammeputte-croissant-rodme\/#breadcrumb","itemListElement":[{"@type":"ListItem","position":1,"name":"Hem","item":"https:\/\/babylove.se\/no\/"},{"@type":"ListItem","position":2,"name":"Butik","item":"https:\/\/babylove.se\/no\/butik\/"},{"@type":"ListItem","position":3,"name":"Cotton &#038; Sweets, ammekudde Croissant, blush"}]},{"@type":"WebSite","@id":"https:\/\/babylove.se\/no\/#website","url":"https:\/\/babylove.se\/no\/","name":"Babylove Norska","description":"","potentialAction":[{"@type":"SearchAction","target":{"@type":"EntryPoint","urlTemplate":"https:\/\/babylove.se\/no\/?s={search_term_string}"},"query-input":{"@type":"PropertyValueSpecification","valueRequired":true,"valueName":"search_term_string"}}],"inLanguage":"nb-NO"}]},"product_brand":"Cotton &amp; Sweets","product_price_amount":"1299.00","product_price_currency":"SEK","og_availability":"instock","product_availability":"instock","product_retailer_item_id":"BC07521","product_condition":"new"},"_links":{"self":[{"href":"https:\/\/babylove.se\/no\/wp-json\/wp\/v2\/product\/58929","targetHints":{"allow":["GET"]}}],"collection":[{"href":"https:\/\/babylove.se\/no\/wp-json\/wp\/v2\/product"}],"about":[{"href":"https:\/\/babylove.se\/no\/wp-json\/wp\/v2\/types\/product"}],"replies":[{"embeddable":true,"href":"https:\/\/babylove.se\/no\/wp-json\/wp\/v2\/comments?post=58929"}],"wp:featuredmedia":[{"embeddable":true,"href":"https:\/\/babylove.se\/no\/wp-json\/wp\/v2\/media\/58931"}],"wp:attachment":[{"href":"https:\/\/babylove.se\/no\/wp-json\/wp\/v2\/media?parent=58929"}],"wp:term":[{"taxonomy":"product_brand","embeddable":true,"href":"https:\/\/babylove.se\/no\/wp-json\/wp\/v2\/product_brand?post=58929"},{"taxonomy":"product_cat","embeddable":true,"href":"https:\/\/babylove.se\/no\/wp-json\/wp\/v2\/product_cat?post=58929"},{"taxonomy":"product_tag","embeddable":true,"href":"https:\/\/babylove.se\/no\/wp-json\/wp\/v2\/product_tag?post=58929"}],"curies":[{"name":"wp","href":"https:\/\/api.w.org\/{rel}","templated":true}]}}