{"id":5905,"date":"2025-07-18T20:32:29","date_gmt":"2025-07-18T19:32:29","guid":{"rendered":"https:\/\/babylove.se\/produkt\/filibabba-nattlampa-christian-the-friendly-whale\/"},"modified":"2026-04-08T08:23:03","modified_gmt":"2026-04-08T07:23:03","slug":"filibabba-nattlampe-christian-den-vennlige-hvalen","status":"publish","type":"product","link":"https:\/\/babylove.se\/no\/produkt\/filibabba-nattlampe-christian-den-vennlige-hvalen\/","title":{"rendered":"Filibabba, Nattlampe, Christian den snille hvalen"},"content":{"rendered":"<p>En vakker og unik nattlampe laget av silikon og i en fin presenteske. Produsert av det danske selskapet Filibabba som er kjent for sine unike og stilrene produkter. <\/p>\n<p>Nattlampen, som heter &#8220;Christian the friendly whale&#8221;, inneholder led-lamper og lyser i forskjellige farger (hvit, r\u00f8d, gr\u00f8nn, bl\u00e5, gul) n\u00e5r barnet klapper p\u00e5 den. Du lader den enkelt opp ved hjelp av en medf\u00f8lgende USB og fulladet lyser den i nesten \u00e5tte timer. Denne nattlampen kommer til \u00e5 bli ditt barns nye favoritt, det t\u00f8r vi nesten love. <\/p>\n<p>CE-merket og godkjent i henhold til RoHS. <\/p>\n<p>St\u00f8rrelse: 14,6 x 11 cm <\/p>\n<p>Designer: <a href=\"https:\/\/babylove.se\/varumarken\/filibabba\"><u>Filibabba<\/u><\/a><\/p>\n","protected":false},"excerpt":{"rendered":"<p>En vakker og unik nattlampe laget av silikon og i en fin presenteske. Produsert av det danske selskapet Filibabba som er kjent for sine unike og stilrene produkter. Nattlampen, som heter &#8220;Christian the friendly whale&#8221;, inneholder led-lamper og lyser i forskjellige farger (hvit, r\u00f8d, gr\u00f8nn, bl\u00e5, gul) n\u00e5r barnet klapper p\u00e5 den. Du lader den [&hellip;]<\/p>\n","protected":false},"featured_media":5907,"comment_status":"closed","ping_status":"closed","template":"","meta":{"_acf_changed":false},"product_brand":[249],"product_cat":[70,90,250,31,179,48],"product_tag":[],"class_list":{"0":"post-5905","1":"product","2":"type-product","3":"status-publish","4":"has-post-thumbnail","6":"product_brand-filibabba","7":"product_cat-gaver","8":"product_cat-dyr","9":"product_cat-filibabba","10":"product_cat-lamper","11":"product_cat-nattlamper","12":"product_cat-startside","14":"first","15":"outofstock","16":"taxable","17":"shipping-taxable","18":"purchasable","19":"product-type-simple"},"acf":[],"yoast_head":"<!-- This site is optimized with the Yoast SEO Premium plugin v25.8 (Yoast SEO v27.2) - https:\/\/yoast.com\/product\/yoast-seo-premium-wordpress\/ -->\n<title>Filibabba, Nattlampe, Christian den snille hvalen - Babylove Norska<\/title>\n<meta name=\"description\" content=\"Vi erbjuder en nattlampa som \u00e4r extremt s\u00f6t och hj\u00e4lper ditt barn att sova bra hela natten. Perfekt som en g\u00e5va - 14 dagars \u00f6ppet k\u00f6p - Skickas inom 24 h\" \/>\n<meta name=\"robots\" content=\"noindex, follow, max-snippet:-1, max-image-preview:large, max-video-preview:-1\" \/>\n<meta property=\"og:locale\" content=\"nb_NO\" \/>\n<meta property=\"og:type\" content=\"article\" \/>\n<meta property=\"og:title\" content=\"Filibabba, Nattlampe, Christian den snille hvalen\" \/>\n<meta property=\"og:description\" content=\"Vi erbjuder en nattlampa som \u00e4r extremt s\u00f6t och hj\u00e4lper ditt barn att sova bra hela natten. Perfekt som en g\u00e5va - 14 dagars \u00f6ppet k\u00f6p - Skickas inom 24 h\" \/>\n<meta property=\"og:url\" content=\"https:\/\/babylove.se\/no\/produkt\/filibabba-nattlampe-christian-den-vennlige-hvalen\/\" \/>\n<meta property=\"og:site_name\" content=\"Babylove Norska\" \/>\n<meta property=\"article:modified_time\" content=\"2026-04-08T07:23:03+00:00\" \/>\n<meta property=\"og:image\" content=\"https:\/\/babylove.se\/no\/wp-content\/uploads\/sites\/3\/2025\/07\/5a990ded06ce0.png\" \/>\n\t<meta property=\"og:image:width\" content=\"571\" \/>\n\t<meta property=\"og:image:height\" content=\"750\" \/>\n\t<meta property=\"og:image:type\" content=\"image\/png\" \/>\n<meta name=\"twitter:card\" content=\"summary_large_image\" \/>\n<meta name=\"twitter:label1\" content=\"Price\" \/>\n\t<meta name=\"twitter:data1\" content=\"399,00&nbsp;&#107;&#114;\" \/>\n\t<meta name=\"twitter:label2\" content=\"Availability\" \/>\n\t<meta name=\"twitter:data2\" content=\"Out of stock\" \/>\n<script type=\"application\/ld+json\" class=\"yoast-schema-graph\">{\"@context\":\"https:\/\/schema.org\",\"@graph\":[{\"@type\":\"WebPage\",\"@id\":\"https:\/\/babylove.se\/no\/produkt\/filibabba-nattlampe-christian-den-vennlige-hvalen\/\",\"url\":\"https:\/\/babylove.se\/no\/produkt\/filibabba-nattlampe-christian-den-vennlige-hvalen\/\",\"name\":\"Filibabba, Nattlampe, Christian den snille hvalen - Babylove Norska\",\"isPartOf\":{\"@id\":\"https:\/\/babylove.se\/no\/#website\"},\"primaryImageOfPage\":{\"@id\":\"https:\/\/babylove.se\/no\/produkt\/filibabba-nattlampe-christian-den-vennlige-hvalen\/#primaryimage\"},\"image\":{\"@id\":\"https:\/\/babylove.se\/no\/produkt\/filibabba-nattlampe-christian-den-vennlige-hvalen\/#primaryimage\"},\"thumbnailUrl\":\"https:\/\/babylove.se\/no\/wp-content\/uploads\/sites\/3\/2025\/07\/5a990ded06ce0.png\",\"datePublished\":\"2025-07-18T19:32:29+00:00\",\"dateModified\":\"2026-04-08T07:23:03+00:00\",\"description\":\"Vi erbjuder en nattlampa som \u00e4r extremt s\u00f6t och hj\u00e4lper ditt barn att sova bra hela natten. Perfekt som en g\u00e5va - 14 dagars \u00f6ppet k\u00f6p - Skickas inom 24 h\",\"breadcrumb\":{\"@id\":\"https:\/\/babylove.se\/no\/produkt\/filibabba-nattlampe-christian-den-vennlige-hvalen\/#breadcrumb\"},\"inLanguage\":\"nb-NO\",\"potentialAction\":[{\"@type\":\"ReadAction\",\"target\":[\"https:\/\/babylove.se\/no\/produkt\/filibabba-nattlampe-christian-den-vennlige-hvalen\/\"]}]},{\"@type\":\"ImageObject\",\"inLanguage\":\"nb-NO\",\"@id\":\"https:\/\/babylove.se\/no\/produkt\/filibabba-nattlampe-christian-den-vennlige-hvalen\/#primaryimage\",\"url\":\"https:\/\/babylove.se\/no\/wp-content\/uploads\/sites\/3\/2025\/07\/5a990ded06ce0.png\",\"contentUrl\":\"https:\/\/babylove.se\/no\/wp-content\/uploads\/sites\/3\/2025\/07\/5a990ded06ce0.png\",\"width\":571,\"height\":750},{\"@type\":\"BreadcrumbList\",\"@id\":\"https:\/\/babylove.se\/no\/produkt\/filibabba-nattlampe-christian-den-vennlige-hvalen\/#breadcrumb\",\"itemListElement\":[{\"@type\":\"ListItem\",\"position\":1,\"name\":\"Hem\",\"item\":\"https:\/\/babylove.se\/no\/\"},{\"@type\":\"ListItem\",\"position\":2,\"name\":\"Butik\",\"item\":\"https:\/\/babylove.se\/no\/butik\/\"},{\"@type\":\"ListItem\",\"position\":3,\"name\":\"Filibabba, Nattlampe, Christian den snille hvalen\"}]},{\"@type\":\"WebSite\",\"@id\":\"https:\/\/babylove.se\/no\/#website\",\"url\":\"https:\/\/babylove.se\/no\/\",\"name\":\"Babylove Norska\",\"description\":\"\",\"potentialAction\":[{\"@type\":\"SearchAction\",\"target\":{\"@type\":\"EntryPoint\",\"urlTemplate\":\"https:\/\/babylove.se\/no\/?s={search_term_string}\"},\"query-input\":{\"@type\":\"PropertyValueSpecification\",\"valueRequired\":true,\"valueName\":\"search_term_string\"}}],\"inLanguage\":\"nb-NO\"}]}<\/script>\n<meta property=\"product:brand\" content=\"Filibabba\" \/>\n<meta property=\"product:price:amount\" content=\"399.00\" \/>\n<meta property=\"product:price:currency\" content=\"SEK\" \/>\n<meta property=\"og:availability\" content=\"out of stock\" \/>\n<meta property=\"product:availability\" content=\"out of stock\" \/>\n<meta property=\"product:retailer_item_id\" content=\"FI-NL001\" \/>\n<meta property=\"product:condition\" content=\"new\" \/>\n<!-- \/ Yoast SEO Premium plugin. -->","yoast_head_json":{"title":"Filibabba, Nattlampe, Christian den snille hvalen - Babylove Norska","description":"Vi erbjuder en nattlampa som \u00e4r extremt s\u00f6t och hj\u00e4lper ditt barn att sova bra hela natten. Perfekt som en g\u00e5va - 14 dagars \u00f6ppet k\u00f6p - Skickas inom 24 h","robots":{"index":"noindex","follow":"follow","max-snippet":"max-snippet:-1","max-image-preview":"max-image-preview:large","max-video-preview":"max-video-preview:-1"},"og_locale":"nb_NO","og_type":"article","og_title":"Filibabba, Nattlampe, Christian den snille hvalen","og_description":"Vi erbjuder en nattlampa som \u00e4r extremt s\u00f6t och hj\u00e4lper ditt barn att sova bra hela natten. Perfekt som en g\u00e5va - 14 dagars \u00f6ppet k\u00f6p - Skickas inom 24 h","og_url":"https:\/\/babylove.se\/no\/produkt\/filibabba-nattlampe-christian-den-vennlige-hvalen\/","og_site_name":"Babylove Norska","article_modified_time":"2026-04-08T07:23:03+00:00","og_image":[{"width":571,"height":750,"url":"https:\/\/babylove.se\/no\/wp-content\/uploads\/sites\/3\/2025\/07\/5a990ded06ce0.png","type":"image\/png"}],"twitter_card":"summary_large_image","twitter_misc":{"Price":"399,00&nbsp;&#107;&#114;","Availability":"Out of stock"},"schema":{"@context":"https:\/\/schema.org","@graph":[{"@type":"WebPage","@id":"https:\/\/babylove.se\/no\/produkt\/filibabba-nattlampe-christian-den-vennlige-hvalen\/","url":"https:\/\/babylove.se\/no\/produkt\/filibabba-nattlampe-christian-den-vennlige-hvalen\/","name":"Filibabba, Nattlampe, Christian den snille hvalen - Babylove Norska","isPartOf":{"@id":"https:\/\/babylove.se\/no\/#website"},"primaryImageOfPage":{"@id":"https:\/\/babylove.se\/no\/produkt\/filibabba-nattlampe-christian-den-vennlige-hvalen\/#primaryimage"},"image":{"@id":"https:\/\/babylove.se\/no\/produkt\/filibabba-nattlampe-christian-den-vennlige-hvalen\/#primaryimage"},"thumbnailUrl":"https:\/\/babylove.se\/no\/wp-content\/uploads\/sites\/3\/2025\/07\/5a990ded06ce0.png","datePublished":"2025-07-18T19:32:29+00:00","dateModified":"2026-04-08T07:23:03+00:00","description":"Vi erbjuder en nattlampa som \u00e4r extremt s\u00f6t och hj\u00e4lper ditt barn att sova bra hela natten. Perfekt som en g\u00e5va - 14 dagars \u00f6ppet k\u00f6p - Skickas inom 24 h","breadcrumb":{"@id":"https:\/\/babylove.se\/no\/produkt\/filibabba-nattlampe-christian-den-vennlige-hvalen\/#breadcrumb"},"inLanguage":"nb-NO","potentialAction":[{"@type":"ReadAction","target":["https:\/\/babylove.se\/no\/produkt\/filibabba-nattlampe-christian-den-vennlige-hvalen\/"]}]},{"@type":"ImageObject","inLanguage":"nb-NO","@id":"https:\/\/babylove.se\/no\/produkt\/filibabba-nattlampe-christian-den-vennlige-hvalen\/#primaryimage","url":"https:\/\/babylove.se\/no\/wp-content\/uploads\/sites\/3\/2025\/07\/5a990ded06ce0.png","contentUrl":"https:\/\/babylove.se\/no\/wp-content\/uploads\/sites\/3\/2025\/07\/5a990ded06ce0.png","width":571,"height":750},{"@type":"BreadcrumbList","@id":"https:\/\/babylove.se\/no\/produkt\/filibabba-nattlampe-christian-den-vennlige-hvalen\/#breadcrumb","itemListElement":[{"@type":"ListItem","position":1,"name":"Hem","item":"https:\/\/babylove.se\/no\/"},{"@type":"ListItem","position":2,"name":"Butik","item":"https:\/\/babylove.se\/no\/butik\/"},{"@type":"ListItem","position":3,"name":"Filibabba, Nattlampe, Christian den snille hvalen"}]},{"@type":"WebSite","@id":"https:\/\/babylove.se\/no\/#website","url":"https:\/\/babylove.se\/no\/","name":"Babylove Norska","description":"","potentialAction":[{"@type":"SearchAction","target":{"@type":"EntryPoint","urlTemplate":"https:\/\/babylove.se\/no\/?s={search_term_string}"},"query-input":{"@type":"PropertyValueSpecification","valueRequired":true,"valueName":"search_term_string"}}],"inLanguage":"nb-NO"}]},"product_brand":"Filibabba","product_price_amount":"399.00","product_price_currency":"SEK","og_availability":"out of stock","product_availability":"out of stock","product_retailer_item_id":"FI-NL001","product_condition":"new"},"_links":{"self":[{"href":"https:\/\/babylove.se\/no\/wp-json\/wp\/v2\/product\/5905","targetHints":{"allow":["GET"]}}],"collection":[{"href":"https:\/\/babylove.se\/no\/wp-json\/wp\/v2\/product"}],"about":[{"href":"https:\/\/babylove.se\/no\/wp-json\/wp\/v2\/types\/product"}],"replies":[{"embeddable":true,"href":"https:\/\/babylove.se\/no\/wp-json\/wp\/v2\/comments?post=5905"}],"wp:featuredmedia":[{"embeddable":true,"href":"https:\/\/babylove.se\/no\/wp-json\/wp\/v2\/media\/5907"}],"wp:attachment":[{"href":"https:\/\/babylove.se\/no\/wp-json\/wp\/v2\/media?parent=5905"}],"wp:term":[{"taxonomy":"product_brand","embeddable":true,"href":"https:\/\/babylove.se\/no\/wp-json\/wp\/v2\/product_brand?post=5905"},{"taxonomy":"product_cat","embeddable":true,"href":"https:\/\/babylove.se\/no\/wp-json\/wp\/v2\/product_cat?post=5905"},{"taxonomy":"product_tag","embeddable":true,"href":"https:\/\/babylove.se\/no\/wp-json\/wp\/v2\/product_tag?post=5905"}],"curies":[{"name":"wp","href":"https:\/\/api.w.org\/{rel}","templated":true}]}}