{"id":5912,"date":"2025-07-18T20:32:29","date_gmt":"2025-07-18T19:32:29","guid":{"rendered":"https:\/\/babylove.se\/produkt\/filibabba-sanghimmel-gra\/"},"modified":"2026-04-08T08:23:05","modified_gmt":"2026-04-08T07:23:05","slug":"filibabba-sanghimmel-gra","status":"publish","type":"product","link":"https:\/\/babylove.se\/no\/produkt\/filibabba-sanghimmel-gra\/","title":{"rendered":"Filibabba, gr\u00e5 sengehimmel med lysslynge"},"content":{"rendered":"<p>En s\u00f8t og fin gr\u00e5 sengehimmel produsert av det danske selskapet Filibabba. Denne sengehimmelen vil garantert bidra til barnerommets innredning p\u00e5 en sv\u00e6rt elegant m\u00e5te. Den er laget helt av \u00f8kologisk bomull og vil ta barnerommet ditt til nye h\u00f8yder. Innvendig finnes det en krok som du kan henge opp for eksempel en fin sengemobil p\u00e5. <\/p>\n<p>Til alle v\u00e5re sengehimler sender vi med en fin lysslynge inkludert i prisen. Dette for at du skal kunne gj\u00f8re barnekroken din enda mer koselig og sjarmerende. Lysslyngen drives av to AA-batterier. <\/p>\n<p><strong>M\u00e5l<\/strong>: 250 cm h\u00f8y <\/p>\n<p>Bredde (p\u00e5 toppen) 50 cm <\/p>\n<p>Designer: <a href=\"https:\/\/babylove.se\/varumarken\/filibabba\"><u>Filibabba<\/u><\/a><\/p>\n","protected":false},"excerpt":{"rendered":"<p>En s\u00f8t og fin gr\u00e5 sengehimmel produsert av det danske selskapet Filibabba. Denne sengehimmelen vil garantert bidra til barnerommets innredning p\u00e5 en sv\u00e6rt elegant m\u00e5te. Den er laget helt av \u00f8kologisk bomull og vil ta barnerommet ditt til nye h\u00f8yder. Innvendig finnes det en krok som du kan henge opp for eksempel en fin sengemobil [&hellip;]<\/p>\n","protected":false},"featured_media":5914,"comment_status":"closed","ping_status":"closed","template":"","meta":{"_acf_changed":false},"product_brand":[249],"product_cat":[250,120,48],"product_tag":[],"class_list":{"0":"post-5912","1":"product","2":"type-product","3":"status-publish","4":"has-post-thumbnail","6":"product_brand-filibabba","7":"product_cat-filibabba","8":"product_cat-sanghimmel","9":"product_cat-startside","11":"first","12":"outofstock","13":"taxable","14":"shipping-taxable","15":"purchasable","16":"product-type-simple"},"acf":[],"yoast_head":"<!-- This site is optimized with the Yoast SEO Premium plugin v25.8 (Yoast SEO v27.2) - https:\/\/yoast.com\/product\/yoast-seo-premium-wordpress\/ -->\n<title>Filibabba, gr\u00e5 sengehimmel med lysslynge - Babylove Norska<\/title>\n<meta name=\"description\" content=\"Gr\u00e5 s\u00e4nghimmel fr\u00e5n Filibabba &gt; H\u00f6g kvalit\u00e9 &gt; Skickas inom 24h &gt; Betala med faktura. Varmt v\u00e4lkommen till Babylove!\" \/>\n<meta name=\"robots\" content=\"noindex, follow, max-snippet:-1, max-image-preview:large, max-video-preview:-1\" \/>\n<meta property=\"og:locale\" content=\"nb_NO\" \/>\n<meta property=\"og:type\" content=\"article\" \/>\n<meta property=\"og:title\" content=\"Filibabba, gr\u00e5 sengehimmel med lysslynge\" \/>\n<meta property=\"og:description\" content=\"Gr\u00e5 s\u00e4nghimmel fr\u00e5n Filibabba &gt; H\u00f6g kvalit\u00e9 &gt; Skickas inom 24h &gt; Betala med faktura. Varmt v\u00e4lkommen till Babylove!\" \/>\n<meta property=\"og:url\" content=\"https:\/\/babylove.se\/no\/produkt\/filibabba-sanghimmel-gra\/\" \/>\n<meta property=\"og:site_name\" content=\"Babylove Norska\" \/>\n<meta property=\"article:modified_time\" content=\"2026-04-08T07:23:05+00:00\" \/>\n<meta property=\"og:image\" content=\"https:\/\/babylove.se\/no\/wp-content\/uploads\/sites\/3\/2025\/07\/5a990f33cab8c.jpeg\" \/>\n\t<meta property=\"og:image:width\" content=\"750\" \/>\n\t<meta property=\"og:image:height\" content=\"750\" \/>\n\t<meta property=\"og:image:type\" content=\"image\/jpeg\" \/>\n<meta name=\"twitter:card\" content=\"summary_large_image\" \/>\n<meta name=\"twitter:label1\" content=\"Price\" \/>\n\t<meta name=\"twitter:data1\" content=\"799,00&nbsp;&#107;&#114;\" \/>\n\t<meta name=\"twitter:label2\" content=\"Availability\" \/>\n\t<meta name=\"twitter:data2\" content=\"Out of stock\" \/>\n<script type=\"application\/ld+json\" class=\"yoast-schema-graph\">{\"@context\":\"https:\/\/schema.org\",\"@graph\":[{\"@type\":\"WebPage\",\"@id\":\"https:\/\/babylove.se\/no\/produkt\/filibabba-sanghimmel-gra\/\",\"url\":\"https:\/\/babylove.se\/no\/produkt\/filibabba-sanghimmel-gra\/\",\"name\":\"Filibabba, gr\u00e5 sengehimmel med lysslynge - Babylove Norska\",\"isPartOf\":{\"@id\":\"https:\/\/babylove.se\/no\/#website\"},\"primaryImageOfPage\":{\"@id\":\"https:\/\/babylove.se\/no\/produkt\/filibabba-sanghimmel-gra\/#primaryimage\"},\"image\":{\"@id\":\"https:\/\/babylove.se\/no\/produkt\/filibabba-sanghimmel-gra\/#primaryimage\"},\"thumbnailUrl\":\"https:\/\/babylove.se\/no\/wp-content\/uploads\/sites\/3\/2025\/07\/5a990f33cab8c.jpeg\",\"datePublished\":\"2025-07-18T19:32:29+00:00\",\"dateModified\":\"2026-04-08T07:23:05+00:00\",\"description\":\"Gr\u00e5 s\u00e4nghimmel fr\u00e5n Filibabba > H\u00f6g kvalit\u00e9 > Skickas inom 24h > Betala med faktura. Varmt v\u00e4lkommen till Babylove!\",\"breadcrumb\":{\"@id\":\"https:\/\/babylove.se\/no\/produkt\/filibabba-sanghimmel-gra\/#breadcrumb\"},\"inLanguage\":\"nb-NO\",\"potentialAction\":[{\"@type\":\"ReadAction\",\"target\":[\"https:\/\/babylove.se\/no\/produkt\/filibabba-sanghimmel-gra\/\"]}]},{\"@type\":\"ImageObject\",\"inLanguage\":\"nb-NO\",\"@id\":\"https:\/\/babylove.se\/no\/produkt\/filibabba-sanghimmel-gra\/#primaryimage\",\"url\":\"https:\/\/babylove.se\/no\/wp-content\/uploads\/sites\/3\/2025\/07\/5a990f33cab8c.jpeg\",\"contentUrl\":\"https:\/\/babylove.se\/no\/wp-content\/uploads\/sites\/3\/2025\/07\/5a990f33cab8c.jpeg\",\"width\":750,\"height\":750},{\"@type\":\"BreadcrumbList\",\"@id\":\"https:\/\/babylove.se\/no\/produkt\/filibabba-sanghimmel-gra\/#breadcrumb\",\"itemListElement\":[{\"@type\":\"ListItem\",\"position\":1,\"name\":\"Hem\",\"item\":\"https:\/\/babylove.se\/no\/\"},{\"@type\":\"ListItem\",\"position\":2,\"name\":\"Butik\",\"item\":\"https:\/\/babylove.se\/no\/butik\/\"},{\"@type\":\"ListItem\",\"position\":3,\"name\":\"Filibabba, gr\u00e5 sengehimmel med lysslynge\"}]},{\"@type\":\"WebSite\",\"@id\":\"https:\/\/babylove.se\/no\/#website\",\"url\":\"https:\/\/babylove.se\/no\/\",\"name\":\"Babylove Norska\",\"description\":\"\",\"potentialAction\":[{\"@type\":\"SearchAction\",\"target\":{\"@type\":\"EntryPoint\",\"urlTemplate\":\"https:\/\/babylove.se\/no\/?s={search_term_string}\"},\"query-input\":{\"@type\":\"PropertyValueSpecification\",\"valueRequired\":true,\"valueName\":\"search_term_string\"}}],\"inLanguage\":\"nb-NO\"}]}<\/script>\n<meta property=\"product:brand\" content=\"Filibabba\" \/>\n<meta property=\"product:price:amount\" content=\"799.00\" \/>\n<meta property=\"product:price:currency\" content=\"SEK\" \/>\n<meta property=\"og:availability\" content=\"out of stock\" \/>\n<meta property=\"product:availability\" content=\"out of stock\" \/>\n<meta property=\"product:retailer_item_id\" content=\"FI-BSG001\" \/>\n<meta property=\"product:condition\" content=\"new\" \/>\n<!-- \/ Yoast SEO Premium plugin. -->","yoast_head_json":{"title":"Filibabba, gr\u00e5 sengehimmel med lysslynge - Babylove Norska","description":"Gr\u00e5 s\u00e4nghimmel fr\u00e5n Filibabba > H\u00f6g kvalit\u00e9 > Skickas inom 24h > Betala med faktura. Varmt v\u00e4lkommen till Babylove!","robots":{"index":"noindex","follow":"follow","max-snippet":"max-snippet:-1","max-image-preview":"max-image-preview:large","max-video-preview":"max-video-preview:-1"},"og_locale":"nb_NO","og_type":"article","og_title":"Filibabba, gr\u00e5 sengehimmel med lysslynge","og_description":"Gr\u00e5 s\u00e4nghimmel fr\u00e5n Filibabba > H\u00f6g kvalit\u00e9 > Skickas inom 24h > Betala med faktura. Varmt v\u00e4lkommen till Babylove!","og_url":"https:\/\/babylove.se\/no\/produkt\/filibabba-sanghimmel-gra\/","og_site_name":"Babylove Norska","article_modified_time":"2026-04-08T07:23:05+00:00","og_image":[{"width":750,"height":750,"url":"https:\/\/babylove.se\/no\/wp-content\/uploads\/sites\/3\/2025\/07\/5a990f33cab8c.jpeg","type":"image\/jpeg"}],"twitter_card":"summary_large_image","twitter_misc":{"Price":"799,00&nbsp;&#107;&#114;","Availability":"Out of stock"},"schema":{"@context":"https:\/\/schema.org","@graph":[{"@type":"WebPage","@id":"https:\/\/babylove.se\/no\/produkt\/filibabba-sanghimmel-gra\/","url":"https:\/\/babylove.se\/no\/produkt\/filibabba-sanghimmel-gra\/","name":"Filibabba, gr\u00e5 sengehimmel med lysslynge - Babylove Norska","isPartOf":{"@id":"https:\/\/babylove.se\/no\/#website"},"primaryImageOfPage":{"@id":"https:\/\/babylove.se\/no\/produkt\/filibabba-sanghimmel-gra\/#primaryimage"},"image":{"@id":"https:\/\/babylove.se\/no\/produkt\/filibabba-sanghimmel-gra\/#primaryimage"},"thumbnailUrl":"https:\/\/babylove.se\/no\/wp-content\/uploads\/sites\/3\/2025\/07\/5a990f33cab8c.jpeg","datePublished":"2025-07-18T19:32:29+00:00","dateModified":"2026-04-08T07:23:05+00:00","description":"Gr\u00e5 s\u00e4nghimmel fr\u00e5n Filibabba > H\u00f6g kvalit\u00e9 > Skickas inom 24h > Betala med faktura. Varmt v\u00e4lkommen till Babylove!","breadcrumb":{"@id":"https:\/\/babylove.se\/no\/produkt\/filibabba-sanghimmel-gra\/#breadcrumb"},"inLanguage":"nb-NO","potentialAction":[{"@type":"ReadAction","target":["https:\/\/babylove.se\/no\/produkt\/filibabba-sanghimmel-gra\/"]}]},{"@type":"ImageObject","inLanguage":"nb-NO","@id":"https:\/\/babylove.se\/no\/produkt\/filibabba-sanghimmel-gra\/#primaryimage","url":"https:\/\/babylove.se\/no\/wp-content\/uploads\/sites\/3\/2025\/07\/5a990f33cab8c.jpeg","contentUrl":"https:\/\/babylove.se\/no\/wp-content\/uploads\/sites\/3\/2025\/07\/5a990f33cab8c.jpeg","width":750,"height":750},{"@type":"BreadcrumbList","@id":"https:\/\/babylove.se\/no\/produkt\/filibabba-sanghimmel-gra\/#breadcrumb","itemListElement":[{"@type":"ListItem","position":1,"name":"Hem","item":"https:\/\/babylove.se\/no\/"},{"@type":"ListItem","position":2,"name":"Butik","item":"https:\/\/babylove.se\/no\/butik\/"},{"@type":"ListItem","position":3,"name":"Filibabba, gr\u00e5 sengehimmel med lysslynge"}]},{"@type":"WebSite","@id":"https:\/\/babylove.se\/no\/#website","url":"https:\/\/babylove.se\/no\/","name":"Babylove Norska","description":"","potentialAction":[{"@type":"SearchAction","target":{"@type":"EntryPoint","urlTemplate":"https:\/\/babylove.se\/no\/?s={search_term_string}"},"query-input":{"@type":"PropertyValueSpecification","valueRequired":true,"valueName":"search_term_string"}}],"inLanguage":"nb-NO"}]},"product_brand":"Filibabba","product_price_amount":"799.00","product_price_currency":"SEK","og_availability":"out of stock","product_availability":"out of stock","product_retailer_item_id":"FI-BSG001","product_condition":"new"},"_links":{"self":[{"href":"https:\/\/babylove.se\/no\/wp-json\/wp\/v2\/product\/5912","targetHints":{"allow":["GET"]}}],"collection":[{"href":"https:\/\/babylove.se\/no\/wp-json\/wp\/v2\/product"}],"about":[{"href":"https:\/\/babylove.se\/no\/wp-json\/wp\/v2\/types\/product"}],"replies":[{"embeddable":true,"href":"https:\/\/babylove.se\/no\/wp-json\/wp\/v2\/comments?post=5912"}],"wp:featuredmedia":[{"embeddable":true,"href":"https:\/\/babylove.se\/no\/wp-json\/wp\/v2\/media\/5914"}],"wp:attachment":[{"href":"https:\/\/babylove.se\/no\/wp-json\/wp\/v2\/media?parent=5912"}],"wp:term":[{"taxonomy":"product_brand","embeddable":true,"href":"https:\/\/babylove.se\/no\/wp-json\/wp\/v2\/product_brand?post=5912"},{"taxonomy":"product_cat","embeddable":true,"href":"https:\/\/babylove.se\/no\/wp-json\/wp\/v2\/product_cat?post=5912"},{"taxonomy":"product_tag","embeddable":true,"href":"https:\/\/babylove.se\/no\/wp-json\/wp\/v2\/product_tag?post=5912"}],"curies":[{"name":"wp","href":"https:\/\/api.w.org\/{rel}","templated":true}]}}