{"id":59204,"date":"2025-07-19T15:22:34","date_gmt":"2025-07-19T14:22:34","guid":{"rendered":"https:\/\/babylove.se\/produkt\/majvillan-tapet-till-barnrummet-herringbone-greige-blue\/"},"modified":"2026-04-08T14:13:21","modified_gmt":"2026-04-08T13:13:21","slug":"majvillan-tapet-til-barnerommet-herringbone-greige-blue","status":"publish","type":"product","link":"https:\/\/babylove.se\/no\/produkt\/majvillan-tapet-til-barnerommet-herringbone-greige-blue\/","title":{"rendered":"Majvillan, tapet til barnerommet Herringbone, greige blue"},"content":{"rendered":"<p>Unike og milj\u00f8vennlige tapeter fra det svenske merket Majvillan!<\/p>\n<p>Du kan skape en helt egen eventyrverden som ditt barn kommer til \u00e5 elske, og samtidig skape en barnerominnredning av sjeldent skuet slag.<\/p>\n<p>Tapetene trykkes i &nbsp;ruller p\u00e5 100,5 x 53 cm. Utrolig lette \u00e5 tapetsere, det er bare \u00e5 lime direkte p\u00e5 veggen. De er skapt for \u00e5 g\u00e5 i hverandre ved \u00e5 legge dem kant i kant, noe som gj\u00f8r at motivet henger sammen hele veien og skj\u00f8tene uteblir.<\/p>\n<p>Tapetet er h\u00f8ytvattbare med en delikat struktur og fremhever fargene p\u00e5 en fantastisk m\u00e5te.<\/p>\n<p><strong>M\u00e5l<\/strong>:&nbsp;<\/p>\n<ul>\n<li>Rullelengde 10,05 m<\/li>\n<li>Bredde 53 cm<\/li>\n<li>M\u00f8nsterpassning 4,5 cm<\/li>\n<\/ul>\n<p><strong>Materiale<\/strong>: Non woven. Fargene er vannb\u00e5rne og helt fri for l\u00f8sningsmidler og PVC.<\/p>\n<p>Designer: <a href=\"https:\/\/babylove.se\/varumarken\/majvillan\">Majvillan<\/a><\/p>\n<p><em>Obs! Bestillingsvare. Bestilte tapeter kan ikke returneres.<\/em><\/p>\n","protected":false},"excerpt":{"rendered":"<p>Unike og milj\u00f8vennlige tapeter fra det svenske merket Majvillan! Du kan skape en helt egen eventyrverden som ditt barn kommer til \u00e5 elske, og samtidig skape en barnerominnredning av sjeldent skuet slag. Tapetene trykkes i &nbsp;ruller p\u00e5 100,5 x 53 cm. Utrolig lette \u00e5 tapetsere, det er bare \u00e5 lime direkte p\u00e5 veggen. De er [&hellip;]<\/p>\n","protected":false},"featured_media":59206,"comment_status":"closed","ping_status":"open","template":"","meta":{"_acf_changed":false},"product_brand":[1636],"product_cat":[1637,328],"product_tag":[1689],"class_list":{"0":"post-59204","1":"product","2":"type-product","3":"status-publish","4":"has-post-thumbnail","6":"product_brand-majvillan","7":"product_cat-majvillan","8":"product_cat-tapeter","9":"product_tag-bestillingsvaror","10":"pa_matt-rulle","11":"pa_matt-tapetprov","13":"first","14":"instock","15":"taxable","16":"shipping-taxable","17":"purchasable","18":"product-type-variable"},"acf":[],"yoast_head":"<!-- This site is optimized with the Yoast SEO Premium plugin v25.8 (Yoast SEO v27.2) - https:\/\/yoast.com\/product\/yoast-seo-premium-wordpress\/ -->\n<title>Majvillan, tapet til barnerommet Herringbone, greige blue - Babylove Norska<\/title>\n<meta name=\"robots\" content=\"noindex, follow, max-snippet:-1, max-image-preview:large, max-video-preview:-1\" \/>\n<meta property=\"og:locale\" content=\"nb_NO\" \/>\n<meta property=\"og:type\" content=\"article\" \/>\n<meta property=\"og:title\" content=\"Majvillan, tapet til barnerommet Herringbone, greige blue\" \/>\n<meta property=\"og:description\" content=\"Unike og milj\u00f8vennlige tapeter fra det svenske merket Majvillan! Du kan skape en helt egen eventyrverden som ditt barn kommer til \u00e5 elske, og samtidig skape en barnerominnredning av sjeldent skuet slag. Tapetene trykkes i &nbsp;ruller p\u00e5 100,5 x 53 cm. Utrolig lette \u00e5 tapetsere, det er bare \u00e5 lime direkte p\u00e5 veggen. De er [&hellip;]\" \/>\n<meta property=\"og:url\" content=\"https:\/\/babylove.se\/no\/produkt\/majvillan-tapet-til-barnerommet-herringbone-greige-blue\/\" \/>\n<meta property=\"og:site_name\" content=\"Babylove Norska\" \/>\n<meta property=\"article:modified_time\" content=\"2026-04-08T13:13:21+00:00\" \/>\n<meta property=\"og:image\" content=\"https:\/\/babylove.se\/no\/wp-content\/uploads\/sites\/3\/2025\/07\/65e6ef8bd9822.jpeg\" \/>\n\t<meta property=\"og:image:width\" content=\"398\" \/>\n\t<meta property=\"og:image:height\" content=\"600\" \/>\n\t<meta property=\"og:image:type\" content=\"image\/jpeg\" \/>\n<meta name=\"twitter:card\" content=\"summary_large_image\" \/>\n<meta name=\"twitter:label1\" content=\"Availability\" \/>\n\t<meta name=\"twitter:data1\" content=\"In stock\" \/>\n<script type=\"application\/ld+json\" class=\"yoast-schema-graph\">{\"@context\":\"https:\/\/schema.org\",\"@graph\":[{\"@type\":\"WebPage\",\"@id\":\"https:\/\/babylove.se\/no\/produkt\/majvillan-tapet-til-barnerommet-herringbone-greige-blue\/\",\"url\":\"https:\/\/babylove.se\/no\/produkt\/majvillan-tapet-til-barnerommet-herringbone-greige-blue\/\",\"name\":\"Majvillan, tapet til barnerommet Herringbone, greige blue - Babylove Norska\",\"isPartOf\":{\"@id\":\"https:\/\/babylove.se\/no\/#website\"},\"primaryImageOfPage\":{\"@id\":\"https:\/\/babylove.se\/no\/produkt\/majvillan-tapet-til-barnerommet-herringbone-greige-blue\/#primaryimage\"},\"image\":{\"@id\":\"https:\/\/babylove.se\/no\/produkt\/majvillan-tapet-til-barnerommet-herringbone-greige-blue\/#primaryimage\"},\"thumbnailUrl\":\"https:\/\/babylove.se\/no\/wp-content\/uploads\/sites\/3\/2025\/07\/65e6ef8bd9822.jpeg\",\"datePublished\":\"2025-07-19T14:22:34+00:00\",\"dateModified\":\"2026-04-08T13:13:21+00:00\",\"breadcrumb\":{\"@id\":\"https:\/\/babylove.se\/no\/produkt\/majvillan-tapet-til-barnerommet-herringbone-greige-blue\/#breadcrumb\"},\"inLanguage\":\"nb-NO\",\"potentialAction\":[{\"@type\":\"ReadAction\",\"target\":[\"https:\/\/babylove.se\/no\/produkt\/majvillan-tapet-til-barnerommet-herringbone-greige-blue\/\"]}]},{\"@type\":\"ImageObject\",\"inLanguage\":\"nb-NO\",\"@id\":\"https:\/\/babylove.se\/no\/produkt\/majvillan-tapet-til-barnerommet-herringbone-greige-blue\/#primaryimage\",\"url\":\"https:\/\/babylove.se\/no\/wp-content\/uploads\/sites\/3\/2025\/07\/65e6ef8bd9822.jpeg\",\"contentUrl\":\"https:\/\/babylove.se\/no\/wp-content\/uploads\/sites\/3\/2025\/07\/65e6ef8bd9822.jpeg\",\"width\":398,\"height\":600},{\"@type\":\"BreadcrumbList\",\"@id\":\"https:\/\/babylove.se\/no\/produkt\/majvillan-tapet-til-barnerommet-herringbone-greige-blue\/#breadcrumb\",\"itemListElement\":[{\"@type\":\"ListItem\",\"position\":1,\"name\":\"Hem\",\"item\":\"https:\/\/babylove.se\/no\/\"},{\"@type\":\"ListItem\",\"position\":2,\"name\":\"Butik\",\"item\":\"https:\/\/babylove.se\/no\/butik\/\"},{\"@type\":\"ListItem\",\"position\":3,\"name\":\"Majvillan, tapet til barnerommet Herringbone, greige blue\"}]},{\"@type\":\"WebSite\",\"@id\":\"https:\/\/babylove.se\/no\/#website\",\"url\":\"https:\/\/babylove.se\/no\/\",\"name\":\"Babylove Norska\",\"description\":\"\",\"potentialAction\":[{\"@type\":\"SearchAction\",\"target\":{\"@type\":\"EntryPoint\",\"urlTemplate\":\"https:\/\/babylove.se\/no\/?s={search_term_string}\"},\"query-input\":{\"@type\":\"PropertyValueSpecification\",\"valueRequired\":true,\"valueName\":\"search_term_string\"}}],\"inLanguage\":\"nb-NO\"}]}<\/script>\n<meta property=\"product:brand\" content=\"Majvillan\" \/>\n<meta property=\"og:availability\" content=\"instock\" \/>\n<meta property=\"product:availability\" content=\"instock\" \/>\n<meta property=\"product:retailer_item_id\" content=\"144-02Sample\" \/>\n<meta property=\"product:condition\" content=\"new\" \/>\n<!-- \/ Yoast SEO Premium plugin. -->","yoast_head_json":{"title":"Majvillan, tapet til barnerommet Herringbone, greige blue - Babylove Norska","robots":{"index":"noindex","follow":"follow","max-snippet":"max-snippet:-1","max-image-preview":"max-image-preview:large","max-video-preview":"max-video-preview:-1"},"og_locale":"nb_NO","og_type":"article","og_title":"Majvillan, tapet til barnerommet Herringbone, greige blue","og_description":"Unike og milj\u00f8vennlige tapeter fra det svenske merket Majvillan! Du kan skape en helt egen eventyrverden som ditt barn kommer til \u00e5 elske, og samtidig skape en barnerominnredning av sjeldent skuet slag. Tapetene trykkes i &nbsp;ruller p\u00e5 100,5 x 53 cm. Utrolig lette \u00e5 tapetsere, det er bare \u00e5 lime direkte p\u00e5 veggen. De er [&hellip;]","og_url":"https:\/\/babylove.se\/no\/produkt\/majvillan-tapet-til-barnerommet-herringbone-greige-blue\/","og_site_name":"Babylove Norska","article_modified_time":"2026-04-08T13:13:21+00:00","og_image":[{"width":398,"height":600,"url":"https:\/\/babylove.se\/no\/wp-content\/uploads\/sites\/3\/2025\/07\/65e6ef8bd9822.jpeg","type":"image\/jpeg"}],"twitter_card":"summary_large_image","twitter_misc":{"Availability":"In stock"},"schema":{"@context":"https:\/\/schema.org","@graph":[{"@type":"WebPage","@id":"https:\/\/babylove.se\/no\/produkt\/majvillan-tapet-til-barnerommet-herringbone-greige-blue\/","url":"https:\/\/babylove.se\/no\/produkt\/majvillan-tapet-til-barnerommet-herringbone-greige-blue\/","name":"Majvillan, tapet til barnerommet Herringbone, greige blue - Babylove Norska","isPartOf":{"@id":"https:\/\/babylove.se\/no\/#website"},"primaryImageOfPage":{"@id":"https:\/\/babylove.se\/no\/produkt\/majvillan-tapet-til-barnerommet-herringbone-greige-blue\/#primaryimage"},"image":{"@id":"https:\/\/babylove.se\/no\/produkt\/majvillan-tapet-til-barnerommet-herringbone-greige-blue\/#primaryimage"},"thumbnailUrl":"https:\/\/babylove.se\/no\/wp-content\/uploads\/sites\/3\/2025\/07\/65e6ef8bd9822.jpeg","datePublished":"2025-07-19T14:22:34+00:00","dateModified":"2026-04-08T13:13:21+00:00","breadcrumb":{"@id":"https:\/\/babylove.se\/no\/produkt\/majvillan-tapet-til-barnerommet-herringbone-greige-blue\/#breadcrumb"},"inLanguage":"nb-NO","potentialAction":[{"@type":"ReadAction","target":["https:\/\/babylove.se\/no\/produkt\/majvillan-tapet-til-barnerommet-herringbone-greige-blue\/"]}]},{"@type":"ImageObject","inLanguage":"nb-NO","@id":"https:\/\/babylove.se\/no\/produkt\/majvillan-tapet-til-barnerommet-herringbone-greige-blue\/#primaryimage","url":"https:\/\/babylove.se\/no\/wp-content\/uploads\/sites\/3\/2025\/07\/65e6ef8bd9822.jpeg","contentUrl":"https:\/\/babylove.se\/no\/wp-content\/uploads\/sites\/3\/2025\/07\/65e6ef8bd9822.jpeg","width":398,"height":600},{"@type":"BreadcrumbList","@id":"https:\/\/babylove.se\/no\/produkt\/majvillan-tapet-til-barnerommet-herringbone-greige-blue\/#breadcrumb","itemListElement":[{"@type":"ListItem","position":1,"name":"Hem","item":"https:\/\/babylove.se\/no\/"},{"@type":"ListItem","position":2,"name":"Butik","item":"https:\/\/babylove.se\/no\/butik\/"},{"@type":"ListItem","position":3,"name":"Majvillan, tapet til barnerommet Herringbone, greige blue"}]},{"@type":"WebSite","@id":"https:\/\/babylove.se\/no\/#website","url":"https:\/\/babylove.se\/no\/","name":"Babylove Norska","description":"","potentialAction":[{"@type":"SearchAction","target":{"@type":"EntryPoint","urlTemplate":"https:\/\/babylove.se\/no\/?s={search_term_string}"},"query-input":{"@type":"PropertyValueSpecification","valueRequired":true,"valueName":"search_term_string"}}],"inLanguage":"nb-NO"}]},"product_brand":"Majvillan","og_availability":"instock","product_availability":"instock","product_retailer_item_id":"144-02Sample","product_condition":"new"},"_links":{"self":[{"href":"https:\/\/babylove.se\/no\/wp-json\/wp\/v2\/product\/59204","targetHints":{"allow":["GET"]}}],"collection":[{"href":"https:\/\/babylove.se\/no\/wp-json\/wp\/v2\/product"}],"about":[{"href":"https:\/\/babylove.se\/no\/wp-json\/wp\/v2\/types\/product"}],"replies":[{"embeddable":true,"href":"https:\/\/babylove.se\/no\/wp-json\/wp\/v2\/comments?post=59204"}],"wp:featuredmedia":[{"embeddable":true,"href":"https:\/\/babylove.se\/no\/wp-json\/wp\/v2\/media\/59206"}],"wp:attachment":[{"href":"https:\/\/babylove.se\/no\/wp-json\/wp\/v2\/media?parent=59204"}],"wp:term":[{"taxonomy":"product_brand","embeddable":true,"href":"https:\/\/babylove.se\/no\/wp-json\/wp\/v2\/product_brand?post=59204"},{"taxonomy":"product_cat","embeddable":true,"href":"https:\/\/babylove.se\/no\/wp-json\/wp\/v2\/product_cat?post=59204"},{"taxonomy":"product_tag","embeddable":true,"href":"https:\/\/babylove.se\/no\/wp-json\/wp\/v2\/product_tag?post=59204"}],"curies":[{"name":"wp","href":"https:\/\/api.w.org\/{rel}","templated":true}]}}