{"id":5928,"date":"2025-07-18T20:32:49","date_gmt":"2025-07-18T19:32:49","guid":{"rendered":"https:\/\/babylove.se\/produkt\/filibabba-forvaringsbox-3-pack-karusell-och-hast\/"},"modified":"2026-04-08T08:23:14","modified_gmt":"2026-04-08T07:23:14","slug":"filibabba-oppbevaringsboks-3-pakk-karusell-og-hest","status":"publish","type":"product","link":"https:\/\/babylove.se\/no\/produkt\/filibabba-oppbevaringsboks-3-pakk-karusell-og-hest\/","title":{"rendered":"Oppbevaringsboks 3 pack , Karusell og Hest"},"content":{"rendered":"<p><strong>Oppbevaringsboks 3 pakk, Karusell og Hest &#8211; sendes innen 24 timer!<\/strong><\/p>\n<p>Hvordan oppbevarer man barnets ting og samtidig ikke gj\u00f8r avkall p\u00e5 barneroms-innredningen? Jo med disse underbare oppbevaringsboksene i tre forskjellige st\u00f8rrelser, samtlige i form av en sylinder. Et vakkert motiv av hester og karuseller gj\u00f8r oppbevaringsboksene lekne og morsomme \u00e5 se p\u00e5.<\/p>\n<p>St\u00f8rrelsen p\u00e5 oppbevaringsboksene er 20, 25 og 30 cm, og er laget av resirkulert kartong, helt med b\u00e6rekraft i tankene.<\/p>\n","protected":false},"excerpt":{"rendered":"<p>Oppbevaringsboks 3 pakk, Karusell og Hest &#8211; sendes innen 24 timer! Hvordan oppbevarer man barnets ting og samtidig ikke gj\u00f8r avkall p\u00e5 barneroms-innredningen? Jo med disse underbare oppbevaringsboksene i tre forskjellige st\u00f8rrelser, samtlige i form av en sylinder. Et vakkert motiv av hester og karuseller gj\u00f8r oppbevaringsboksene lekne og morsomme \u00e5 se p\u00e5. St\u00f8rrelsen p\u00e5 [&hellip;]<\/p>\n","protected":false},"featured_media":5930,"comment_status":"closed","ping_status":"open","template":"","meta":{"_acf_changed":false},"product_brand":[319],"product_cat":[48],"product_tag":[],"class_list":{"0":"post-5928","1":"product","2":"type-product","3":"status-publish","4":"has-post-thumbnail","6":"product_brand-fahrmans","7":"product_cat-startside","9":"first","10":"outofstock","11":"taxable","12":"shipping-taxable","13":"purchasable","14":"product-type-simple"},"acf":[],"yoast_head":"<!-- This site is optimized with the Yoast SEO Premium plugin v25.8 (Yoast SEO v27.2) - https:\/\/yoast.com\/product\/yoast-seo-premium-wordpress\/ -->\n<title>Oppbevaringsboks 3 pack , Karusell og Hest - Babylove Norska<\/title>\n<meta name=\"robots\" content=\"noindex, follow, max-snippet:-1, max-image-preview:large, max-video-preview:-1\" \/>\n<meta property=\"og:locale\" content=\"nb_NO\" \/>\n<meta property=\"og:type\" content=\"article\" \/>\n<meta property=\"og:title\" content=\"Oppbevaringsboks 3 pack , Karusell og Hest\" \/>\n<meta property=\"og:description\" content=\"Oppbevaringsboks 3 pakk, Karusell og Hest &#8211; sendes innen 24 timer! Hvordan oppbevarer man barnets ting og samtidig ikke gj\u00f8r avkall p\u00e5 barneroms-innredningen? Jo med disse underbare oppbevaringsboksene i tre forskjellige st\u00f8rrelser, samtlige i form av en sylinder. Et vakkert motiv av hester og karuseller gj\u00f8r oppbevaringsboksene lekne og morsomme \u00e5 se p\u00e5. St\u00f8rrelsen p\u00e5 [&hellip;]\" \/>\n<meta property=\"og:url\" content=\"https:\/\/babylove.se\/no\/produkt\/filibabba-oppbevaringsboks-3-pakk-karusell-og-hest\/\" \/>\n<meta property=\"og:site_name\" content=\"Babylove Norska\" \/>\n<meta property=\"article:modified_time\" content=\"2026-04-08T07:23:14+00:00\" \/>\n<meta property=\"og:image\" content=\"https:\/\/babylove.se\/no\/wp-content\/uploads\/sites\/3\/2025\/07\/5a99131358b7f.png\" \/>\n\t<meta property=\"og:image:width\" content=\"600\" \/>\n\t<meta property=\"og:image:height\" content=\"496\" \/>\n\t<meta property=\"og:image:type\" content=\"image\/png\" \/>\n<meta name=\"twitter:card\" content=\"summary_large_image\" \/>\n<meta name=\"twitter:label1\" content=\"Price\" \/>\n\t<meta name=\"twitter:data1\" content=\"499,00&nbsp;&#107;&#114;\" \/>\n\t<meta name=\"twitter:label2\" content=\"Availability\" \/>\n\t<meta name=\"twitter:data2\" content=\"Out of stock\" \/>\n<script type=\"application\/ld+json\" class=\"yoast-schema-graph\">{\"@context\":\"https:\/\/schema.org\",\"@graph\":[{\"@type\":\"WebPage\",\"@id\":\"https:\/\/babylove.se\/no\/produkt\/filibabba-oppbevaringsboks-3-pakk-karusell-og-hest\/\",\"url\":\"https:\/\/babylove.se\/no\/produkt\/filibabba-oppbevaringsboks-3-pakk-karusell-og-hest\/\",\"name\":\"Oppbevaringsboks 3 pack , Karusell og Hest - Babylove Norska\",\"isPartOf\":{\"@id\":\"https:\/\/babylove.se\/no\/#website\"},\"primaryImageOfPage\":{\"@id\":\"https:\/\/babylove.se\/no\/produkt\/filibabba-oppbevaringsboks-3-pakk-karusell-og-hest\/#primaryimage\"},\"image\":{\"@id\":\"https:\/\/babylove.se\/no\/produkt\/filibabba-oppbevaringsboks-3-pakk-karusell-og-hest\/#primaryimage\"},\"thumbnailUrl\":\"https:\/\/babylove.se\/no\/wp-content\/uploads\/sites\/3\/2025\/07\/5a99131358b7f.png\",\"datePublished\":\"2025-07-18T19:32:49+00:00\",\"dateModified\":\"2026-04-08T07:23:14+00:00\",\"breadcrumb\":{\"@id\":\"https:\/\/babylove.se\/no\/produkt\/filibabba-oppbevaringsboks-3-pakk-karusell-og-hest\/#breadcrumb\"},\"inLanguage\":\"nb-NO\",\"potentialAction\":[{\"@type\":\"ReadAction\",\"target\":[\"https:\/\/babylove.se\/no\/produkt\/filibabba-oppbevaringsboks-3-pakk-karusell-og-hest\/\"]}]},{\"@type\":\"ImageObject\",\"inLanguage\":\"nb-NO\",\"@id\":\"https:\/\/babylove.se\/no\/produkt\/filibabba-oppbevaringsboks-3-pakk-karusell-og-hest\/#primaryimage\",\"url\":\"https:\/\/babylove.se\/no\/wp-content\/uploads\/sites\/3\/2025\/07\/5a99131358b7f.png\",\"contentUrl\":\"https:\/\/babylove.se\/no\/wp-content\/uploads\/sites\/3\/2025\/07\/5a99131358b7f.png\",\"width\":600,\"height\":496},{\"@type\":\"BreadcrumbList\",\"@id\":\"https:\/\/babylove.se\/no\/produkt\/filibabba-oppbevaringsboks-3-pakk-karusell-og-hest\/#breadcrumb\",\"itemListElement\":[{\"@type\":\"ListItem\",\"position\":1,\"name\":\"Hem\",\"item\":\"https:\/\/babylove.se\/no\/\"},{\"@type\":\"ListItem\",\"position\":2,\"name\":\"Butik\",\"item\":\"https:\/\/babylove.se\/no\/butik\/\"},{\"@type\":\"ListItem\",\"position\":3,\"name\":\"Oppbevaringsboks 3 pack , Karusell og Hest\"}]},{\"@type\":\"WebSite\",\"@id\":\"https:\/\/babylove.se\/no\/#website\",\"url\":\"https:\/\/babylove.se\/no\/\",\"name\":\"Babylove Norska\",\"description\":\"\",\"potentialAction\":[{\"@type\":\"SearchAction\",\"target\":{\"@type\":\"EntryPoint\",\"urlTemplate\":\"https:\/\/babylove.se\/no\/?s={search_term_string}\"},\"query-input\":{\"@type\":\"PropertyValueSpecification\",\"valueRequired\":true,\"valueName\":\"search_term_string\"}}],\"inLanguage\":\"nb-NO\"}]}<\/script>\n<meta property=\"product:brand\" content=\"Fahrmans\" \/>\n<meta property=\"product:price:amount\" content=\"499.00\" \/>\n<meta property=\"product:price:currency\" content=\"SEK\" \/>\n<meta property=\"og:availability\" content=\"out of stock\" \/>\n<meta property=\"product:availability\" content=\"out of stock\" \/>\n<meta property=\"product:retailer_item_id\" content=\"1796\" \/>\n<meta property=\"product:condition\" content=\"new\" \/>\n<!-- \/ Yoast SEO Premium plugin. -->","yoast_head_json":{"title":"Oppbevaringsboks 3 pack , Karusell og Hest - Babylove Norska","robots":{"index":"noindex","follow":"follow","max-snippet":"max-snippet:-1","max-image-preview":"max-image-preview:large","max-video-preview":"max-video-preview:-1"},"og_locale":"nb_NO","og_type":"article","og_title":"Oppbevaringsboks 3 pack , Karusell og Hest","og_description":"Oppbevaringsboks 3 pakk, Karusell og Hest &#8211; sendes innen 24 timer! Hvordan oppbevarer man barnets ting og samtidig ikke gj\u00f8r avkall p\u00e5 barneroms-innredningen? Jo med disse underbare oppbevaringsboksene i tre forskjellige st\u00f8rrelser, samtlige i form av en sylinder. Et vakkert motiv av hester og karuseller gj\u00f8r oppbevaringsboksene lekne og morsomme \u00e5 se p\u00e5. St\u00f8rrelsen p\u00e5 [&hellip;]","og_url":"https:\/\/babylove.se\/no\/produkt\/filibabba-oppbevaringsboks-3-pakk-karusell-og-hest\/","og_site_name":"Babylove Norska","article_modified_time":"2026-04-08T07:23:14+00:00","og_image":[{"width":600,"height":496,"url":"https:\/\/babylove.se\/no\/wp-content\/uploads\/sites\/3\/2025\/07\/5a99131358b7f.png","type":"image\/png"}],"twitter_card":"summary_large_image","twitter_misc":{"Price":"499,00&nbsp;&#107;&#114;","Availability":"Out of stock"},"schema":{"@context":"https:\/\/schema.org","@graph":[{"@type":"WebPage","@id":"https:\/\/babylove.se\/no\/produkt\/filibabba-oppbevaringsboks-3-pakk-karusell-og-hest\/","url":"https:\/\/babylove.se\/no\/produkt\/filibabba-oppbevaringsboks-3-pakk-karusell-og-hest\/","name":"Oppbevaringsboks 3 pack , Karusell og Hest - Babylove Norska","isPartOf":{"@id":"https:\/\/babylove.se\/no\/#website"},"primaryImageOfPage":{"@id":"https:\/\/babylove.se\/no\/produkt\/filibabba-oppbevaringsboks-3-pakk-karusell-og-hest\/#primaryimage"},"image":{"@id":"https:\/\/babylove.se\/no\/produkt\/filibabba-oppbevaringsboks-3-pakk-karusell-og-hest\/#primaryimage"},"thumbnailUrl":"https:\/\/babylove.se\/no\/wp-content\/uploads\/sites\/3\/2025\/07\/5a99131358b7f.png","datePublished":"2025-07-18T19:32:49+00:00","dateModified":"2026-04-08T07:23:14+00:00","breadcrumb":{"@id":"https:\/\/babylove.se\/no\/produkt\/filibabba-oppbevaringsboks-3-pakk-karusell-og-hest\/#breadcrumb"},"inLanguage":"nb-NO","potentialAction":[{"@type":"ReadAction","target":["https:\/\/babylove.se\/no\/produkt\/filibabba-oppbevaringsboks-3-pakk-karusell-og-hest\/"]}]},{"@type":"ImageObject","inLanguage":"nb-NO","@id":"https:\/\/babylove.se\/no\/produkt\/filibabba-oppbevaringsboks-3-pakk-karusell-og-hest\/#primaryimage","url":"https:\/\/babylove.se\/no\/wp-content\/uploads\/sites\/3\/2025\/07\/5a99131358b7f.png","contentUrl":"https:\/\/babylove.se\/no\/wp-content\/uploads\/sites\/3\/2025\/07\/5a99131358b7f.png","width":600,"height":496},{"@type":"BreadcrumbList","@id":"https:\/\/babylove.se\/no\/produkt\/filibabba-oppbevaringsboks-3-pakk-karusell-og-hest\/#breadcrumb","itemListElement":[{"@type":"ListItem","position":1,"name":"Hem","item":"https:\/\/babylove.se\/no\/"},{"@type":"ListItem","position":2,"name":"Butik","item":"https:\/\/babylove.se\/no\/butik\/"},{"@type":"ListItem","position":3,"name":"Oppbevaringsboks 3 pack , Karusell og Hest"}]},{"@type":"WebSite","@id":"https:\/\/babylove.se\/no\/#website","url":"https:\/\/babylove.se\/no\/","name":"Babylove Norska","description":"","potentialAction":[{"@type":"SearchAction","target":{"@type":"EntryPoint","urlTemplate":"https:\/\/babylove.se\/no\/?s={search_term_string}"},"query-input":{"@type":"PropertyValueSpecification","valueRequired":true,"valueName":"search_term_string"}}],"inLanguage":"nb-NO"}]},"product_brand":"Fahrmans","product_price_amount":"499.00","product_price_currency":"SEK","og_availability":"out of stock","product_availability":"out of stock","product_retailer_item_id":"1796","product_condition":"new"},"_links":{"self":[{"href":"https:\/\/babylove.se\/no\/wp-json\/wp\/v2\/product\/5928","targetHints":{"allow":["GET"]}}],"collection":[{"href":"https:\/\/babylove.se\/no\/wp-json\/wp\/v2\/product"}],"about":[{"href":"https:\/\/babylove.se\/no\/wp-json\/wp\/v2\/types\/product"}],"replies":[{"embeddable":true,"href":"https:\/\/babylove.se\/no\/wp-json\/wp\/v2\/comments?post=5928"}],"wp:featuredmedia":[{"embeddable":true,"href":"https:\/\/babylove.se\/no\/wp-json\/wp\/v2\/media\/5930"}],"wp:attachment":[{"href":"https:\/\/babylove.se\/no\/wp-json\/wp\/v2\/media?parent=5928"}],"wp:term":[{"taxonomy":"product_brand","embeddable":true,"href":"https:\/\/babylove.se\/no\/wp-json\/wp\/v2\/product_brand?post=5928"},{"taxonomy":"product_cat","embeddable":true,"href":"https:\/\/babylove.se\/no\/wp-json\/wp\/v2\/product_cat?post=5928"},{"taxonomy":"product_tag","embeddable":true,"href":"https:\/\/babylove.se\/no\/wp-json\/wp\/v2\/product_tag?post=5928"}],"curies":[{"name":"wp","href":"https:\/\/api.w.org\/{rel}","templated":true}]}}