{"id":5931,"date":"2025-07-18T20:32:49","date_gmt":"2025-07-18T19:32:49","guid":{"rendered":"https:\/\/babylove.se\/produkt\/fahrmans-forvaringsbox-3-pack-karusell-och-elefant\/"},"modified":"2026-04-08T08:23:17","modified_gmt":"2026-04-08T07:23:17","slug":"fahrmans-oppbevaringsboks-3-pakke-karusell-og-elefant","status":"publish","type":"product","link":"https:\/\/babylove.se\/no\/produkt\/fahrmans-oppbevaringsboks-3-pakke-karusell-og-elefant\/","title":{"rendered":"Fahrmans, Oppbevaringsboks 3 pakk, Karusell og Elefant"},"content":{"rendered":"<p>Hvordan oppbevarer man barnets ting og samtidig ikke gj\u00f8r avkall p\u00e5 barnerommets innredning? Jo, med disse vidunderlige oppbevaringsboksene i tre forskjellige st\u00f8rrelser, alle i form av en sylinder. Et vakkert motiv av elefanter og karuseller gj\u00f8r oppbevaringsboksene lekne og morsomme \u00e5 se p\u00e5. St\u00f8rrelsen p\u00e5 oppbevaringsboksene er 20, 25 og 30 cm, og de er laget av resirkulert kartong, helt med b\u00e6rekraft i tankene.<\/p>\n","protected":false},"excerpt":{"rendered":"<p>Hvordan oppbevarer man barnets ting og samtidig ikke gj\u00f8r avkall p\u00e5 barnerommets innredning? Jo, med disse vidunderlige oppbevaringsboksene i tre forskjellige st\u00f8rrelser, alle i form av en sylinder. Et vakkert motiv av elefanter og karuseller gj\u00f8r oppbevaringsboksene lekne og morsomme \u00e5 se p\u00e5. St\u00f8rrelsen p\u00e5 oppbevaringsboksene er 20, 25 og 30 cm, og de er [&hellip;]<\/p>\n","protected":false},"featured_media":5933,"comment_status":"closed","ping_status":"open","template":"","meta":{"_acf_changed":false},"product_brand":[319],"product_cat":[48],"product_tag":[],"class_list":{"0":"post-5931","1":"product","2":"type-product","3":"status-publish","4":"has-post-thumbnail","6":"product_brand-fahrmans","7":"product_cat-startside","9":"first","10":"outofstock","11":"taxable","12":"shipping-taxable","13":"purchasable","14":"product-type-simple"},"acf":[],"yoast_head":"<!-- This site is optimized with the Yoast SEO Premium plugin v25.8 (Yoast SEO v27.2) - https:\/\/yoast.com\/product\/yoast-seo-premium-wordpress\/ -->\n<title>Fahrmans, Oppbevaringsboks 3 pakk, Karusell og Elefant - Babylove Norska<\/title>\n<meta name=\"robots\" content=\"noindex, follow, max-snippet:-1, max-image-preview:large, max-video-preview:-1\" \/>\n<meta property=\"og:locale\" content=\"nb_NO\" \/>\n<meta property=\"og:type\" content=\"article\" \/>\n<meta property=\"og:title\" content=\"Fahrmans, Oppbevaringsboks 3 pakk, Karusell og Elefant\" \/>\n<meta property=\"og:description\" content=\"Hvordan oppbevarer man barnets ting og samtidig ikke gj\u00f8r avkall p\u00e5 barnerommets innredning? Jo, med disse vidunderlige oppbevaringsboksene i tre forskjellige st\u00f8rrelser, alle i form av en sylinder. Et vakkert motiv av elefanter og karuseller gj\u00f8r oppbevaringsboksene lekne og morsomme \u00e5 se p\u00e5. St\u00f8rrelsen p\u00e5 oppbevaringsboksene er 20, 25 og 30 cm, og de er [&hellip;]\" \/>\n<meta property=\"og:url\" content=\"https:\/\/babylove.se\/no\/produkt\/fahrmans-oppbevaringsboks-3-pakke-karusell-og-elefant\/\" \/>\n<meta property=\"og:site_name\" content=\"Babylove Norska\" \/>\n<meta property=\"article:modified_time\" content=\"2026-04-08T07:23:17+00:00\" \/>\n<meta property=\"og:image\" content=\"https:\/\/babylove.se\/no\/wp-content\/uploads\/sites\/3\/2025\/07\/5a9913ec5cfa8.jpeg\" \/>\n\t<meta property=\"og:image:width\" content=\"600\" \/>\n\t<meta property=\"og:image:height\" content=\"407\" \/>\n\t<meta property=\"og:image:type\" content=\"image\/jpeg\" \/>\n<meta name=\"twitter:card\" content=\"summary_large_image\" \/>\n<meta name=\"twitter:label1\" content=\"Price\" \/>\n\t<meta name=\"twitter:data1\" content=\"499,00&nbsp;&#107;&#114;\" \/>\n\t<meta name=\"twitter:label2\" content=\"Availability\" \/>\n\t<meta name=\"twitter:data2\" content=\"Out of stock\" \/>\n<script type=\"application\/ld+json\" class=\"yoast-schema-graph\">{\"@context\":\"https:\/\/schema.org\",\"@graph\":[{\"@type\":\"WebPage\",\"@id\":\"https:\/\/babylove.se\/no\/produkt\/fahrmans-oppbevaringsboks-3-pakke-karusell-og-elefant\/\",\"url\":\"https:\/\/babylove.se\/no\/produkt\/fahrmans-oppbevaringsboks-3-pakke-karusell-og-elefant\/\",\"name\":\"Fahrmans, Oppbevaringsboks 3 pakk, Karusell og Elefant - Babylove Norska\",\"isPartOf\":{\"@id\":\"https:\/\/babylove.se\/no\/#website\"},\"primaryImageOfPage\":{\"@id\":\"https:\/\/babylove.se\/no\/produkt\/fahrmans-oppbevaringsboks-3-pakke-karusell-og-elefant\/#primaryimage\"},\"image\":{\"@id\":\"https:\/\/babylove.se\/no\/produkt\/fahrmans-oppbevaringsboks-3-pakke-karusell-og-elefant\/#primaryimage\"},\"thumbnailUrl\":\"https:\/\/babylove.se\/no\/wp-content\/uploads\/sites\/3\/2025\/07\/5a9913ec5cfa8.jpeg\",\"datePublished\":\"2025-07-18T19:32:49+00:00\",\"dateModified\":\"2026-04-08T07:23:17+00:00\",\"breadcrumb\":{\"@id\":\"https:\/\/babylove.se\/no\/produkt\/fahrmans-oppbevaringsboks-3-pakke-karusell-og-elefant\/#breadcrumb\"},\"inLanguage\":\"nb-NO\",\"potentialAction\":[{\"@type\":\"ReadAction\",\"target\":[\"https:\/\/babylove.se\/no\/produkt\/fahrmans-oppbevaringsboks-3-pakke-karusell-og-elefant\/\"]}]},{\"@type\":\"ImageObject\",\"inLanguage\":\"nb-NO\",\"@id\":\"https:\/\/babylove.se\/no\/produkt\/fahrmans-oppbevaringsboks-3-pakke-karusell-og-elefant\/#primaryimage\",\"url\":\"https:\/\/babylove.se\/no\/wp-content\/uploads\/sites\/3\/2025\/07\/5a9913ec5cfa8.jpeg\",\"contentUrl\":\"https:\/\/babylove.se\/no\/wp-content\/uploads\/sites\/3\/2025\/07\/5a9913ec5cfa8.jpeg\",\"width\":600,\"height\":407},{\"@type\":\"BreadcrumbList\",\"@id\":\"https:\/\/babylove.se\/no\/produkt\/fahrmans-oppbevaringsboks-3-pakke-karusell-og-elefant\/#breadcrumb\",\"itemListElement\":[{\"@type\":\"ListItem\",\"position\":1,\"name\":\"Hem\",\"item\":\"https:\/\/babylove.se\/no\/\"},{\"@type\":\"ListItem\",\"position\":2,\"name\":\"Butik\",\"item\":\"https:\/\/babylove.se\/no\/butik\/\"},{\"@type\":\"ListItem\",\"position\":3,\"name\":\"Fahrmans, Oppbevaringsboks 3 pakk, Karusell og Elefant\"}]},{\"@type\":\"WebSite\",\"@id\":\"https:\/\/babylove.se\/no\/#website\",\"url\":\"https:\/\/babylove.se\/no\/\",\"name\":\"Babylove Norska\",\"description\":\"\",\"potentialAction\":[{\"@type\":\"SearchAction\",\"target\":{\"@type\":\"EntryPoint\",\"urlTemplate\":\"https:\/\/babylove.se\/no\/?s={search_term_string}\"},\"query-input\":{\"@type\":\"PropertyValueSpecification\",\"valueRequired\":true,\"valueName\":\"search_term_string\"}}],\"inLanguage\":\"nb-NO\"}]}<\/script>\n<meta property=\"product:brand\" content=\"Fahrmans\" \/>\n<meta property=\"product:price:amount\" content=\"499.00\" \/>\n<meta property=\"product:price:currency\" content=\"SEK\" \/>\n<meta property=\"og:availability\" content=\"out of stock\" \/>\n<meta property=\"product:availability\" content=\"out of stock\" \/>\n<meta property=\"product:retailer_item_id\" content=\"1797\" \/>\n<meta property=\"product:condition\" content=\"new\" \/>\n<!-- \/ Yoast SEO Premium plugin. -->","yoast_head_json":{"title":"Fahrmans, Oppbevaringsboks 3 pakk, Karusell og Elefant - Babylove Norska","robots":{"index":"noindex","follow":"follow","max-snippet":"max-snippet:-1","max-image-preview":"max-image-preview:large","max-video-preview":"max-video-preview:-1"},"og_locale":"nb_NO","og_type":"article","og_title":"Fahrmans, Oppbevaringsboks 3 pakk, Karusell og Elefant","og_description":"Hvordan oppbevarer man barnets ting og samtidig ikke gj\u00f8r avkall p\u00e5 barnerommets innredning? Jo, med disse vidunderlige oppbevaringsboksene i tre forskjellige st\u00f8rrelser, alle i form av en sylinder. Et vakkert motiv av elefanter og karuseller gj\u00f8r oppbevaringsboksene lekne og morsomme \u00e5 se p\u00e5. St\u00f8rrelsen p\u00e5 oppbevaringsboksene er 20, 25 og 30 cm, og de er [&hellip;]","og_url":"https:\/\/babylove.se\/no\/produkt\/fahrmans-oppbevaringsboks-3-pakke-karusell-og-elefant\/","og_site_name":"Babylove Norska","article_modified_time":"2026-04-08T07:23:17+00:00","og_image":[{"width":600,"height":407,"url":"https:\/\/babylove.se\/no\/wp-content\/uploads\/sites\/3\/2025\/07\/5a9913ec5cfa8.jpeg","type":"image\/jpeg"}],"twitter_card":"summary_large_image","twitter_misc":{"Price":"499,00&nbsp;&#107;&#114;","Availability":"Out of stock"},"schema":{"@context":"https:\/\/schema.org","@graph":[{"@type":"WebPage","@id":"https:\/\/babylove.se\/no\/produkt\/fahrmans-oppbevaringsboks-3-pakke-karusell-og-elefant\/","url":"https:\/\/babylove.se\/no\/produkt\/fahrmans-oppbevaringsboks-3-pakke-karusell-og-elefant\/","name":"Fahrmans, Oppbevaringsboks 3 pakk, Karusell og Elefant - Babylove Norska","isPartOf":{"@id":"https:\/\/babylove.se\/no\/#website"},"primaryImageOfPage":{"@id":"https:\/\/babylove.se\/no\/produkt\/fahrmans-oppbevaringsboks-3-pakke-karusell-og-elefant\/#primaryimage"},"image":{"@id":"https:\/\/babylove.se\/no\/produkt\/fahrmans-oppbevaringsboks-3-pakke-karusell-og-elefant\/#primaryimage"},"thumbnailUrl":"https:\/\/babylove.se\/no\/wp-content\/uploads\/sites\/3\/2025\/07\/5a9913ec5cfa8.jpeg","datePublished":"2025-07-18T19:32:49+00:00","dateModified":"2026-04-08T07:23:17+00:00","breadcrumb":{"@id":"https:\/\/babylove.se\/no\/produkt\/fahrmans-oppbevaringsboks-3-pakke-karusell-og-elefant\/#breadcrumb"},"inLanguage":"nb-NO","potentialAction":[{"@type":"ReadAction","target":["https:\/\/babylove.se\/no\/produkt\/fahrmans-oppbevaringsboks-3-pakke-karusell-og-elefant\/"]}]},{"@type":"ImageObject","inLanguage":"nb-NO","@id":"https:\/\/babylove.se\/no\/produkt\/fahrmans-oppbevaringsboks-3-pakke-karusell-og-elefant\/#primaryimage","url":"https:\/\/babylove.se\/no\/wp-content\/uploads\/sites\/3\/2025\/07\/5a9913ec5cfa8.jpeg","contentUrl":"https:\/\/babylove.se\/no\/wp-content\/uploads\/sites\/3\/2025\/07\/5a9913ec5cfa8.jpeg","width":600,"height":407},{"@type":"BreadcrumbList","@id":"https:\/\/babylove.se\/no\/produkt\/fahrmans-oppbevaringsboks-3-pakke-karusell-og-elefant\/#breadcrumb","itemListElement":[{"@type":"ListItem","position":1,"name":"Hem","item":"https:\/\/babylove.se\/no\/"},{"@type":"ListItem","position":2,"name":"Butik","item":"https:\/\/babylove.se\/no\/butik\/"},{"@type":"ListItem","position":3,"name":"Fahrmans, Oppbevaringsboks 3 pakk, Karusell og Elefant"}]},{"@type":"WebSite","@id":"https:\/\/babylove.se\/no\/#website","url":"https:\/\/babylove.se\/no\/","name":"Babylove Norska","description":"","potentialAction":[{"@type":"SearchAction","target":{"@type":"EntryPoint","urlTemplate":"https:\/\/babylove.se\/no\/?s={search_term_string}"},"query-input":{"@type":"PropertyValueSpecification","valueRequired":true,"valueName":"search_term_string"}}],"inLanguage":"nb-NO"}]},"product_brand":"Fahrmans","product_price_amount":"499.00","product_price_currency":"SEK","og_availability":"out of stock","product_availability":"out of stock","product_retailer_item_id":"1797","product_condition":"new"},"_links":{"self":[{"href":"https:\/\/babylove.se\/no\/wp-json\/wp\/v2\/product\/5931","targetHints":{"allow":["GET"]}}],"collection":[{"href":"https:\/\/babylove.se\/no\/wp-json\/wp\/v2\/product"}],"about":[{"href":"https:\/\/babylove.se\/no\/wp-json\/wp\/v2\/types\/product"}],"replies":[{"embeddable":true,"href":"https:\/\/babylove.se\/no\/wp-json\/wp\/v2\/comments?post=5931"}],"wp:featuredmedia":[{"embeddable":true,"href":"https:\/\/babylove.se\/no\/wp-json\/wp\/v2\/media\/5933"}],"wp:attachment":[{"href":"https:\/\/babylove.se\/no\/wp-json\/wp\/v2\/media?parent=5931"}],"wp:term":[{"taxonomy":"product_brand","embeddable":true,"href":"https:\/\/babylove.se\/no\/wp-json\/wp\/v2\/product_brand?post=5931"},{"taxonomy":"product_cat","embeddable":true,"href":"https:\/\/babylove.se\/no\/wp-json\/wp\/v2\/product_cat?post=5931"},{"taxonomy":"product_tag","embeddable":true,"href":"https:\/\/babylove.se\/no\/wp-json\/wp\/v2\/product_tag?post=5931"}],"curies":[{"name":"wp","href":"https:\/\/api.w.org\/{rel}","templated":true}]}}