{"id":59324,"date":"2025-07-19T15:24:01","date_gmt":"2025-07-19T14:24:01","guid":{"rendered":"https:\/\/babylove.se\/produkt\/vaggdekoration-igelkott\/"},"modified":"2026-04-08T14:14:01","modified_gmt":"2026-04-08T13:14:01","slug":"veggdekorasjon-pinnsvin","status":"publish","type":"product","link":"https:\/\/babylove.se\/no\/produkt\/veggdekorasjon-pinnsvin\/","title":{"rendered":"Veggdekorasjon Pinnsvin"},"content":{"rendered":"<p>Gjenskap skogens magiske atmosf\u00e6re med denne vidunderlige veggdekorasjonen i form av et pinnsvin! <\/p>\n<p>Til tross for sin st\u00f8rrelse er dette pinnsvinet b\u00e5de minimalistisk og smelter inn i milj\u00f8et. <\/p>\n<p>Heng det over skrivebordet eller hvor du vil for \u00e5 skape en koselig dr\u00f8mmeverden i barnets rom. <\/p>\n<p>Du kan enkelt flytte veggdekorasjonen om du vil bytte plass, ingenting bores eller festes permanent. Siden veggdekorasjonen legges sammen som et puslespill blir det dessuten en morsom aktivitet! Sm\u00e5 s\u00f8te treblader f\u00f8lger med som en ekstra bonus. <\/p>\n<p>Dekorasjonen er dobbeltsidig og dekoreres etter egen smak med farge eller glitter. <\/p>\n<p><strong>M\u00e5l<\/strong>: Finnes i tre st\u00f8rrelser: <\/p>\n<ul>\n<li>S: H\u00f8yde 39 cm. Bredde 40 cm.<\/li>\n<li>M: H\u00f8yde 45 cm. Bredde 46 cm.<\/li>\n<li>XL: H\u00f8yde 57 cm. Bredde 56 cm.<\/li>\n<\/ul>\n<p><strong>Materiale<\/strong>: Tre<\/p>\n","protected":false},"excerpt":{"rendered":"<p>Gjenskap skogens magiske atmosf\u00e6re med denne vidunderlige veggdekorasjonen i form av et pinnsvin! Til tross for sin st\u00f8rrelse er dette pinnsvinet b\u00e5de minimalistisk og smelter inn i milj\u00f8et. Heng det over skrivebordet eller hvor du vil for \u00e5 skape en koselig dr\u00f8mmeverden i barnets rom. Du kan enkelt flytte veggdekorasjonen om du vil bytte plass, [&hellip;]<\/p>\n","protected":false},"featured_media":59326,"comment_status":"open","ping_status":"closed","template":"","meta":{"_acf_changed":false},"product_brand":[78],"product_cat":[81,90,29],"product_tag":[1709],"class_list":{"0":"post-59324","1":"product","2":"type-product","3":"status-publish","4":"has-post-thumbnail","6":"product_brand-bambooko","7":"product_cat-bambooko","8":"product_cat-dyr","9":"product_cat-veggdekorasjoner","10":"product_tag-utforsalg","11":"pa_storlek-m","12":"pa_storlek-s","13":"pa_storlek-xl","15":"first","16":"instock","17":"taxable","18":"shipping-taxable","19":"purchasable","20":"product-type-variable"},"acf":[],"yoast_head":"<!-- This site is optimized with the Yoast SEO Premium plugin v25.8 (Yoast SEO v27.2) - https:\/\/yoast.com\/product\/yoast-seo-premium-wordpress\/ -->\n<title>Veggdekorasjon Pinnsvin - Babylove Norska<\/title>\n<meta name=\"robots\" content=\"noindex, follow, max-snippet:-1, max-image-preview:large, max-video-preview:-1\" \/>\n<meta property=\"og:locale\" content=\"nb_NO\" \/>\n<meta property=\"og:type\" content=\"article\" \/>\n<meta property=\"og:title\" content=\"Veggdekorasjon Pinnsvin\" \/>\n<meta property=\"og:description\" content=\"Gjenskap skogens magiske atmosf\u00e6re med denne vidunderlige veggdekorasjonen i form av et pinnsvin! Til tross for sin st\u00f8rrelse er dette pinnsvinet b\u00e5de minimalistisk og smelter inn i milj\u00f8et. Heng det over skrivebordet eller hvor du vil for \u00e5 skape en koselig dr\u00f8mmeverden i barnets rom. Du kan enkelt flytte veggdekorasjonen om du vil bytte plass, [&hellip;]\" \/>\n<meta property=\"og:url\" content=\"https:\/\/babylove.se\/no\/produkt\/veggdekorasjon-pinnsvin\/\" \/>\n<meta property=\"og:site_name\" content=\"Babylove Norska\" \/>\n<meta property=\"article:modified_time\" content=\"2026-04-08T13:14:01+00:00\" \/>\n<meta property=\"og:image\" content=\"https:\/\/babylove.se\/no\/wp-content\/uploads\/sites\/3\/2025\/07\/65e8169698e20.jpeg\" \/>\n\t<meta property=\"og:image:width\" content=\"596\" \/>\n\t<meta property=\"og:image:height\" content=\"896\" \/>\n\t<meta property=\"og:image:type\" content=\"image\/jpeg\" \/>\n<meta name=\"twitter:card\" content=\"summary_large_image\" \/>\n<meta name=\"twitter:label1\" content=\"Availability\" \/>\n\t<meta name=\"twitter:data1\" content=\"In stock\" \/>\n<script type=\"application\/ld+json\" class=\"yoast-schema-graph\">{\"@context\":\"https:\/\/schema.org\",\"@graph\":[{\"@type\":\"WebPage\",\"@id\":\"https:\/\/babylove.se\/no\/produkt\/veggdekorasjon-pinnsvin\/\",\"url\":\"https:\/\/babylove.se\/no\/produkt\/veggdekorasjon-pinnsvin\/\",\"name\":\"Veggdekorasjon Pinnsvin - Babylove Norska\",\"isPartOf\":{\"@id\":\"https:\/\/babylove.se\/no\/#website\"},\"primaryImageOfPage\":{\"@id\":\"https:\/\/babylove.se\/no\/produkt\/veggdekorasjon-pinnsvin\/#primaryimage\"},\"image\":{\"@id\":\"https:\/\/babylove.se\/no\/produkt\/veggdekorasjon-pinnsvin\/#primaryimage\"},\"thumbnailUrl\":\"https:\/\/babylove.se\/no\/wp-content\/uploads\/sites\/3\/2025\/07\/65e8169698e20.jpeg\",\"datePublished\":\"2025-07-19T14:24:01+00:00\",\"dateModified\":\"2026-04-08T13:14:01+00:00\",\"breadcrumb\":{\"@id\":\"https:\/\/babylove.se\/no\/produkt\/veggdekorasjon-pinnsvin\/#breadcrumb\"},\"inLanguage\":\"nb-NO\",\"potentialAction\":[{\"@type\":\"ReadAction\",\"target\":[\"https:\/\/babylove.se\/no\/produkt\/veggdekorasjon-pinnsvin\/\"]}]},{\"@type\":\"ImageObject\",\"inLanguage\":\"nb-NO\",\"@id\":\"https:\/\/babylove.se\/no\/produkt\/veggdekorasjon-pinnsvin\/#primaryimage\",\"url\":\"https:\/\/babylove.se\/no\/wp-content\/uploads\/sites\/3\/2025\/07\/65e8169698e20.jpeg\",\"contentUrl\":\"https:\/\/babylove.se\/no\/wp-content\/uploads\/sites\/3\/2025\/07\/65e8169698e20.jpeg\",\"width\":596,\"height\":896},{\"@type\":\"BreadcrumbList\",\"@id\":\"https:\/\/babylove.se\/no\/produkt\/veggdekorasjon-pinnsvin\/#breadcrumb\",\"itemListElement\":[{\"@type\":\"ListItem\",\"position\":1,\"name\":\"Hem\",\"item\":\"https:\/\/babylove.se\/no\/\"},{\"@type\":\"ListItem\",\"position\":2,\"name\":\"Butik\",\"item\":\"https:\/\/babylove.se\/no\/butik\/\"},{\"@type\":\"ListItem\",\"position\":3,\"name\":\"Veggdekorasjon Pinnsvin\"}]},{\"@type\":\"WebSite\",\"@id\":\"https:\/\/babylove.se\/no\/#website\",\"url\":\"https:\/\/babylove.se\/no\/\",\"name\":\"Babylove Norska\",\"description\":\"\",\"potentialAction\":[{\"@type\":\"SearchAction\",\"target\":{\"@type\":\"EntryPoint\",\"urlTemplate\":\"https:\/\/babylove.se\/no\/?s={search_term_string}\"},\"query-input\":{\"@type\":\"PropertyValueSpecification\",\"valueRequired\":true,\"valueName\":\"search_term_string\"}}],\"inLanguage\":\"nb-NO\"}]}<\/script>\n<meta property=\"product:brand\" content=\"Bambooko\" \/>\n<meta property=\"og:availability\" content=\"instock\" \/>\n<meta property=\"product:availability\" content=\"instock\" \/>\n<meta property=\"product:retailer_item_id\" content=\"VAG000igelkott\" \/>\n<meta property=\"product:condition\" content=\"new\" \/>\n<!-- \/ Yoast SEO Premium plugin. -->","yoast_head_json":{"title":"Veggdekorasjon Pinnsvin - Babylove Norska","robots":{"index":"noindex","follow":"follow","max-snippet":"max-snippet:-1","max-image-preview":"max-image-preview:large","max-video-preview":"max-video-preview:-1"},"og_locale":"nb_NO","og_type":"article","og_title":"Veggdekorasjon Pinnsvin","og_description":"Gjenskap skogens magiske atmosf\u00e6re med denne vidunderlige veggdekorasjonen i form av et pinnsvin! Til tross for sin st\u00f8rrelse er dette pinnsvinet b\u00e5de minimalistisk og smelter inn i milj\u00f8et. Heng det over skrivebordet eller hvor du vil for \u00e5 skape en koselig dr\u00f8mmeverden i barnets rom. Du kan enkelt flytte veggdekorasjonen om du vil bytte plass, [&hellip;]","og_url":"https:\/\/babylove.se\/no\/produkt\/veggdekorasjon-pinnsvin\/","og_site_name":"Babylove Norska","article_modified_time":"2026-04-08T13:14:01+00:00","og_image":[{"width":596,"height":896,"url":"https:\/\/babylove.se\/no\/wp-content\/uploads\/sites\/3\/2025\/07\/65e8169698e20.jpeg","type":"image\/jpeg"}],"twitter_card":"summary_large_image","twitter_misc":{"Availability":"In stock"},"schema":{"@context":"https:\/\/schema.org","@graph":[{"@type":"WebPage","@id":"https:\/\/babylove.se\/no\/produkt\/veggdekorasjon-pinnsvin\/","url":"https:\/\/babylove.se\/no\/produkt\/veggdekorasjon-pinnsvin\/","name":"Veggdekorasjon Pinnsvin - Babylove Norska","isPartOf":{"@id":"https:\/\/babylove.se\/no\/#website"},"primaryImageOfPage":{"@id":"https:\/\/babylove.se\/no\/produkt\/veggdekorasjon-pinnsvin\/#primaryimage"},"image":{"@id":"https:\/\/babylove.se\/no\/produkt\/veggdekorasjon-pinnsvin\/#primaryimage"},"thumbnailUrl":"https:\/\/babylove.se\/no\/wp-content\/uploads\/sites\/3\/2025\/07\/65e8169698e20.jpeg","datePublished":"2025-07-19T14:24:01+00:00","dateModified":"2026-04-08T13:14:01+00:00","breadcrumb":{"@id":"https:\/\/babylove.se\/no\/produkt\/veggdekorasjon-pinnsvin\/#breadcrumb"},"inLanguage":"nb-NO","potentialAction":[{"@type":"ReadAction","target":["https:\/\/babylove.se\/no\/produkt\/veggdekorasjon-pinnsvin\/"]}]},{"@type":"ImageObject","inLanguage":"nb-NO","@id":"https:\/\/babylove.se\/no\/produkt\/veggdekorasjon-pinnsvin\/#primaryimage","url":"https:\/\/babylove.se\/no\/wp-content\/uploads\/sites\/3\/2025\/07\/65e8169698e20.jpeg","contentUrl":"https:\/\/babylove.se\/no\/wp-content\/uploads\/sites\/3\/2025\/07\/65e8169698e20.jpeg","width":596,"height":896},{"@type":"BreadcrumbList","@id":"https:\/\/babylove.se\/no\/produkt\/veggdekorasjon-pinnsvin\/#breadcrumb","itemListElement":[{"@type":"ListItem","position":1,"name":"Hem","item":"https:\/\/babylove.se\/no\/"},{"@type":"ListItem","position":2,"name":"Butik","item":"https:\/\/babylove.se\/no\/butik\/"},{"@type":"ListItem","position":3,"name":"Veggdekorasjon Pinnsvin"}]},{"@type":"WebSite","@id":"https:\/\/babylove.se\/no\/#website","url":"https:\/\/babylove.se\/no\/","name":"Babylove Norska","description":"","potentialAction":[{"@type":"SearchAction","target":{"@type":"EntryPoint","urlTemplate":"https:\/\/babylove.se\/no\/?s={search_term_string}"},"query-input":{"@type":"PropertyValueSpecification","valueRequired":true,"valueName":"search_term_string"}}],"inLanguage":"nb-NO"}]},"product_brand":"Bambooko","og_availability":"instock","product_availability":"instock","product_retailer_item_id":"VAG000igelkott","product_condition":"new"},"_links":{"self":[{"href":"https:\/\/babylove.se\/no\/wp-json\/wp\/v2\/product\/59324","targetHints":{"allow":["GET"]}}],"collection":[{"href":"https:\/\/babylove.se\/no\/wp-json\/wp\/v2\/product"}],"about":[{"href":"https:\/\/babylove.se\/no\/wp-json\/wp\/v2\/types\/product"}],"replies":[{"embeddable":true,"href":"https:\/\/babylove.se\/no\/wp-json\/wp\/v2\/comments?post=59324"}],"wp:featuredmedia":[{"embeddable":true,"href":"https:\/\/babylove.se\/no\/wp-json\/wp\/v2\/media\/59326"}],"wp:attachment":[{"href":"https:\/\/babylove.se\/no\/wp-json\/wp\/v2\/media?parent=59324"}],"wp:term":[{"taxonomy":"product_brand","embeddable":true,"href":"https:\/\/babylove.se\/no\/wp-json\/wp\/v2\/product_brand?post=59324"},{"taxonomy":"product_cat","embeddable":true,"href":"https:\/\/babylove.se\/no\/wp-json\/wp\/v2\/product_cat?post=59324"},{"taxonomy":"product_tag","embeddable":true,"href":"https:\/\/babylove.se\/no\/wp-json\/wp\/v2\/product_tag?post=59324"}],"curies":[{"name":"wp","href":"https:\/\/api.w.org\/{rel}","templated":true}]}}