{"id":59332,"date":"2025-07-19T15:24:17","date_gmt":"2025-07-19T14:24:17","guid":{"rendered":"https:\/\/babylove.se\/produkt\/vaggdekoration-radjur\/"},"modified":"2026-04-08T14:14:04","modified_gmt":"2026-04-08T13:14:04","slug":"veggdekorasjon-radyr","status":"publish","type":"product","link":"https:\/\/babylove.se\/no\/produkt\/veggdekorasjon-radyr\/","title":{"rendered":"Veggdekorasjon R\u00e5dyr"},"content":{"rendered":"<p>Gjenskap skogens magiske atmosf\u00e6re med denne fantastiske veggdekorasjonen i form av et r\u00e5dyr! <\/p>\n<p>Tross sin st\u00f8rrelse er dette r\u00e5dyret b\u00e5de minimalistisk og smelter inn i milj\u00f8et. <\/p>\n<p>Heng den over skrivebordet eller hvor du vil for \u00e5 skape en koselig dr\u00f8mmeverden i barnets rom. <\/p>\n<p>Du kan enkelt flytte veggdekorasjonen om du vil bytte plass, ingenting bores eller festes permanent. Since veggdekorasjonen legges sammen som et puslespill blir det dessuten en morsom aktivitet! Sm\u00e5 s\u00f8te treblad f\u00f8lger med som en ekstra bonus. <\/p>\n<p>Dekorasjonen er dobbelsidig og dekoreres etter egen smak med farge eller glitter. <\/p>\n<p><strong>M\u00e5l<\/strong>: Finnes i tre st\u00f8rrelser: <\/p>\n<ul>\n<li>S: H\u00f8yde 120 cm. Bredde 67 cm.<\/li>\n<li>M: H\u00f8yde 140 cm. Bredde 78 cm.<\/li>\n<li>XL: H\u00f8yde 160 cm. Bredde 89 cm.<\/li>\n<\/ul>\n<p><strong>Materiale<\/strong>: Tre<\/p>\n","protected":false},"excerpt":{"rendered":"<p>Gjenskap skogens magiske atmosf\u00e6re med denne fantastiske veggdekorasjonen i form av et r\u00e5dyr! Tross sin st\u00f8rrelse er dette r\u00e5dyret b\u00e5de minimalistisk og smelter inn i milj\u00f8et. Heng den over skrivebordet eller hvor du vil for \u00e5 skape en koselig dr\u00f8mmeverden i barnets rom. Du kan enkelt flytte veggdekorasjonen om du vil bytte plass, ingenting bores [&hellip;]<\/p>\n","protected":false},"featured_media":59334,"comment_status":"open","ping_status":"closed","template":"","meta":{"_acf_changed":false},"product_brand":[78],"product_cat":[81,90,29],"product_tag":[1709],"class_list":{"0":"post-59332","1":"product","2":"type-product","3":"status-publish","4":"has-post-thumbnail","6":"product_brand-bambooko","7":"product_cat-bambooko","8":"product_cat-dyr","9":"product_cat-veggdekorasjoner","10":"product_tag-utforsalg","11":"pa_storlek-m","12":"pa_storlek-s","13":"pa_storlek-xl","15":"first","16":"instock","17":"taxable","18":"shipping-taxable","19":"purchasable","20":"product-type-variable"},"acf":[],"yoast_head":"<!-- This site is optimized with the Yoast SEO Premium plugin v25.8 (Yoast SEO v27.2) - https:\/\/yoast.com\/product\/yoast-seo-premium-wordpress\/ -->\n<title>Veggdekorasjon R\u00e5dyr - Babylove Norska<\/title>\n<meta name=\"robots\" content=\"noindex, follow, max-snippet:-1, max-image-preview:large, max-video-preview:-1\" \/>\n<meta property=\"og:locale\" content=\"nb_NO\" \/>\n<meta property=\"og:type\" content=\"article\" \/>\n<meta property=\"og:title\" content=\"Veggdekorasjon R\u00e5dyr\" \/>\n<meta property=\"og:description\" content=\"Gjenskap skogens magiske atmosf\u00e6re med denne fantastiske veggdekorasjonen i form av et r\u00e5dyr! Tross sin st\u00f8rrelse er dette r\u00e5dyret b\u00e5de minimalistisk og smelter inn i milj\u00f8et. Heng den over skrivebordet eller hvor du vil for \u00e5 skape en koselig dr\u00f8mmeverden i barnets rom. Du kan enkelt flytte veggdekorasjonen om du vil bytte plass, ingenting bores [&hellip;]\" \/>\n<meta property=\"og:url\" content=\"https:\/\/babylove.se\/no\/produkt\/veggdekorasjon-radyr\/\" \/>\n<meta property=\"og:site_name\" content=\"Babylove Norska\" \/>\n<meta property=\"article:modified_time\" content=\"2026-04-08T13:14:04+00:00\" \/>\n<meta property=\"og:image\" content=\"https:\/\/babylove.se\/no\/wp-content\/uploads\/sites\/3\/2025\/07\/65e81bd52d185.jpeg\" \/>\n\t<meta property=\"og:image:width\" content=\"576\" \/>\n\t<meta property=\"og:image:height\" content=\"864\" \/>\n\t<meta property=\"og:image:type\" content=\"image\/jpeg\" \/>\n<meta name=\"twitter:card\" content=\"summary_large_image\" \/>\n<meta name=\"twitter:label1\" content=\"Availability\" \/>\n\t<meta name=\"twitter:data1\" content=\"In stock\" \/>\n<script type=\"application\/ld+json\" class=\"yoast-schema-graph\">{\"@context\":\"https:\/\/schema.org\",\"@graph\":[{\"@type\":\"WebPage\",\"@id\":\"https:\/\/babylove.se\/no\/produkt\/veggdekorasjon-radyr\/\",\"url\":\"https:\/\/babylove.se\/no\/produkt\/veggdekorasjon-radyr\/\",\"name\":\"Veggdekorasjon R\u00e5dyr - Babylove Norska\",\"isPartOf\":{\"@id\":\"https:\/\/babylove.se\/no\/#website\"},\"primaryImageOfPage\":{\"@id\":\"https:\/\/babylove.se\/no\/produkt\/veggdekorasjon-radyr\/#primaryimage\"},\"image\":{\"@id\":\"https:\/\/babylove.se\/no\/produkt\/veggdekorasjon-radyr\/#primaryimage\"},\"thumbnailUrl\":\"https:\/\/babylove.se\/no\/wp-content\/uploads\/sites\/3\/2025\/07\/65e81bd52d185.jpeg\",\"datePublished\":\"2025-07-19T14:24:17+00:00\",\"dateModified\":\"2026-04-08T13:14:04+00:00\",\"breadcrumb\":{\"@id\":\"https:\/\/babylove.se\/no\/produkt\/veggdekorasjon-radyr\/#breadcrumb\"},\"inLanguage\":\"nb-NO\",\"potentialAction\":[{\"@type\":\"ReadAction\",\"target\":[\"https:\/\/babylove.se\/no\/produkt\/veggdekorasjon-radyr\/\"]}]},{\"@type\":\"ImageObject\",\"inLanguage\":\"nb-NO\",\"@id\":\"https:\/\/babylove.se\/no\/produkt\/veggdekorasjon-radyr\/#primaryimage\",\"url\":\"https:\/\/babylove.se\/no\/wp-content\/uploads\/sites\/3\/2025\/07\/65e81bd52d185.jpeg\",\"contentUrl\":\"https:\/\/babylove.se\/no\/wp-content\/uploads\/sites\/3\/2025\/07\/65e81bd52d185.jpeg\",\"width\":576,\"height\":864},{\"@type\":\"BreadcrumbList\",\"@id\":\"https:\/\/babylove.se\/no\/produkt\/veggdekorasjon-radyr\/#breadcrumb\",\"itemListElement\":[{\"@type\":\"ListItem\",\"position\":1,\"name\":\"Hem\",\"item\":\"https:\/\/babylove.se\/no\/\"},{\"@type\":\"ListItem\",\"position\":2,\"name\":\"Butik\",\"item\":\"https:\/\/babylove.se\/no\/butik\/\"},{\"@type\":\"ListItem\",\"position\":3,\"name\":\"Veggdekorasjon R\u00e5dyr\"}]},{\"@type\":\"WebSite\",\"@id\":\"https:\/\/babylove.se\/no\/#website\",\"url\":\"https:\/\/babylove.se\/no\/\",\"name\":\"Babylove Norska\",\"description\":\"\",\"potentialAction\":[{\"@type\":\"SearchAction\",\"target\":{\"@type\":\"EntryPoint\",\"urlTemplate\":\"https:\/\/babylove.se\/no\/?s={search_term_string}\"},\"query-input\":{\"@type\":\"PropertyValueSpecification\",\"valueRequired\":true,\"valueName\":\"search_term_string\"}}],\"inLanguage\":\"nb-NO\"}]}<\/script>\n<meta property=\"product:brand\" content=\"Bambooko\" \/>\n<meta property=\"og:availability\" content=\"instock\" \/>\n<meta property=\"product:availability\" content=\"instock\" \/>\n<meta property=\"product:retailer_item_id\" content=\"VAG000r\u00e5djur\" \/>\n<meta property=\"product:condition\" content=\"new\" \/>\n<!-- \/ Yoast SEO Premium plugin. -->","yoast_head_json":{"title":"Veggdekorasjon R\u00e5dyr - Babylove Norska","robots":{"index":"noindex","follow":"follow","max-snippet":"max-snippet:-1","max-image-preview":"max-image-preview:large","max-video-preview":"max-video-preview:-1"},"og_locale":"nb_NO","og_type":"article","og_title":"Veggdekorasjon R\u00e5dyr","og_description":"Gjenskap skogens magiske atmosf\u00e6re med denne fantastiske veggdekorasjonen i form av et r\u00e5dyr! Tross sin st\u00f8rrelse er dette r\u00e5dyret b\u00e5de minimalistisk og smelter inn i milj\u00f8et. Heng den over skrivebordet eller hvor du vil for \u00e5 skape en koselig dr\u00f8mmeverden i barnets rom. Du kan enkelt flytte veggdekorasjonen om du vil bytte plass, ingenting bores [&hellip;]","og_url":"https:\/\/babylove.se\/no\/produkt\/veggdekorasjon-radyr\/","og_site_name":"Babylove Norska","article_modified_time":"2026-04-08T13:14:04+00:00","og_image":[{"width":576,"height":864,"url":"https:\/\/babylove.se\/no\/wp-content\/uploads\/sites\/3\/2025\/07\/65e81bd52d185.jpeg","type":"image\/jpeg"}],"twitter_card":"summary_large_image","twitter_misc":{"Availability":"In stock"},"schema":{"@context":"https:\/\/schema.org","@graph":[{"@type":"WebPage","@id":"https:\/\/babylove.se\/no\/produkt\/veggdekorasjon-radyr\/","url":"https:\/\/babylove.se\/no\/produkt\/veggdekorasjon-radyr\/","name":"Veggdekorasjon R\u00e5dyr - Babylove Norska","isPartOf":{"@id":"https:\/\/babylove.se\/no\/#website"},"primaryImageOfPage":{"@id":"https:\/\/babylove.se\/no\/produkt\/veggdekorasjon-radyr\/#primaryimage"},"image":{"@id":"https:\/\/babylove.se\/no\/produkt\/veggdekorasjon-radyr\/#primaryimage"},"thumbnailUrl":"https:\/\/babylove.se\/no\/wp-content\/uploads\/sites\/3\/2025\/07\/65e81bd52d185.jpeg","datePublished":"2025-07-19T14:24:17+00:00","dateModified":"2026-04-08T13:14:04+00:00","breadcrumb":{"@id":"https:\/\/babylove.se\/no\/produkt\/veggdekorasjon-radyr\/#breadcrumb"},"inLanguage":"nb-NO","potentialAction":[{"@type":"ReadAction","target":["https:\/\/babylove.se\/no\/produkt\/veggdekorasjon-radyr\/"]}]},{"@type":"ImageObject","inLanguage":"nb-NO","@id":"https:\/\/babylove.se\/no\/produkt\/veggdekorasjon-radyr\/#primaryimage","url":"https:\/\/babylove.se\/no\/wp-content\/uploads\/sites\/3\/2025\/07\/65e81bd52d185.jpeg","contentUrl":"https:\/\/babylove.se\/no\/wp-content\/uploads\/sites\/3\/2025\/07\/65e81bd52d185.jpeg","width":576,"height":864},{"@type":"BreadcrumbList","@id":"https:\/\/babylove.se\/no\/produkt\/veggdekorasjon-radyr\/#breadcrumb","itemListElement":[{"@type":"ListItem","position":1,"name":"Hem","item":"https:\/\/babylove.se\/no\/"},{"@type":"ListItem","position":2,"name":"Butik","item":"https:\/\/babylove.se\/no\/butik\/"},{"@type":"ListItem","position":3,"name":"Veggdekorasjon R\u00e5dyr"}]},{"@type":"WebSite","@id":"https:\/\/babylove.se\/no\/#website","url":"https:\/\/babylove.se\/no\/","name":"Babylove Norska","description":"","potentialAction":[{"@type":"SearchAction","target":{"@type":"EntryPoint","urlTemplate":"https:\/\/babylove.se\/no\/?s={search_term_string}"},"query-input":{"@type":"PropertyValueSpecification","valueRequired":true,"valueName":"search_term_string"}}],"inLanguage":"nb-NO"}]},"product_brand":"Bambooko","og_availability":"instock","product_availability":"instock","product_retailer_item_id":"VAG000r\u00e5djur","product_condition":"new"},"_links":{"self":[{"href":"https:\/\/babylove.se\/no\/wp-json\/wp\/v2\/product\/59332","targetHints":{"allow":["GET"]}}],"collection":[{"href":"https:\/\/babylove.se\/no\/wp-json\/wp\/v2\/product"}],"about":[{"href":"https:\/\/babylove.se\/no\/wp-json\/wp\/v2\/types\/product"}],"replies":[{"embeddable":true,"href":"https:\/\/babylove.se\/no\/wp-json\/wp\/v2\/comments?post=59332"}],"wp:featuredmedia":[{"embeddable":true,"href":"https:\/\/babylove.se\/no\/wp-json\/wp\/v2\/media\/59334"}],"wp:attachment":[{"href":"https:\/\/babylove.se\/no\/wp-json\/wp\/v2\/media?parent=59332"}],"wp:term":[{"taxonomy":"product_brand","embeddable":true,"href":"https:\/\/babylove.se\/no\/wp-json\/wp\/v2\/product_brand?post=59332"},{"taxonomy":"product_cat","embeddable":true,"href":"https:\/\/babylove.se\/no\/wp-json\/wp\/v2\/product_cat?post=59332"},{"taxonomy":"product_tag","embeddable":true,"href":"https:\/\/babylove.se\/no\/wp-json\/wp\/v2\/product_tag?post=59332"}],"curies":[{"name":"wp","href":"https:\/\/api.w.org\/{rel}","templated":true}]}}