{"id":5937,"date":"2025-07-18T20:32:49","date_gmt":"2025-07-18T19:32:49","guid":{"rendered":"https:\/\/babylove.se\/produkt\/kids-concept-mini-tipitalt-rosa\/"},"modified":"2026-04-08T08:23:23","modified_gmt":"2026-04-08T07:23:23","slug":"kids-concept-mini-tipi-telt-rosa","status":"publish","type":"product","link":"https:\/\/babylove.se\/no\/produkt\/kids-concept-mini-tipi-telt-rosa\/","title":{"rendered":"Kid\u00b4s Concept, Mini Tipi-telt, Rosa"},"content":{"rendered":"<p>Et superfint og vakkert tipi-telt i miniformat. Dette lille tipi-teltet er optimalt for dukkene eller kosedyrene, den perfekte lekeplassen. Miniateltet vil ogs\u00e5 hjelpe deg med \u00e5 innrede barnerommet p\u00e5 en vakker m\u00e5te, da det blir en selvf\u00f8lgelig og vakker dekorasjon der. Du kan selvf\u00f8lgelig bruke det som koie eller kosekrok for ditt barn, vi lover at det bare er kreativiteten som setter grensene. Teltet er laget av bomull og pinnene av fin bambus. Du kan selvf\u00f8lgelig vaske teltstoffet og teltet er enkelt \u00e5 b\u00e5de ta ned og sette opp. <\/p>\n<p>M\u00e5l: 53 cm x 53 cm x 75 cm<\/p>\n","protected":false},"excerpt":{"rendered":"<p>Et superfint og vakkert tipi-telt i miniformat. Dette lille tipi-teltet er optimalt for dukkene eller kosedyrene, den perfekte lekeplassen. Miniateltet vil ogs\u00e5 hjelpe deg med \u00e5 innrede barnerommet p\u00e5 en vakker m\u00e5te, da det blir en selvf\u00f8lgelig og vakker dekorasjon der. Du kan selvf\u00f8lgelig bruke det som koie eller kosekrok for ditt barn, vi lover [&hellip;]<\/p>\n","protected":false},"featured_media":5939,"comment_status":"closed","ping_status":"open","template":"","meta":{"_acf_changed":false},"product_brand":[320],"product_cat":[321,275,48,276],"product_tag":[],"class_list":{"0":"post-5937","1":"product","2":"type-product","3":"status-publish","4":"has-post-thumbnail","6":"product_brand-kids-concept","7":"product_cat-kids-concept","8":"product_cat-tipitalt-lektalt","9":"product_cat-startside","10":"product_cat-tipi-telt-barnerom","12":"first","13":"outofstock","14":"taxable","15":"shipping-taxable","16":"purchasable","17":"product-type-simple"},"acf":[],"yoast_head":"<!-- This site is optimized with the Yoast SEO Premium plugin v25.8 (Yoast SEO v27.2) - https:\/\/yoast.com\/product\/yoast-seo-premium-wordpress\/ -->\n<title>Kid\u00b4s Concept, Mini Tipi-telt, Rosa - Babylove Norska<\/title>\n<meta name=\"robots\" content=\"noindex, follow, max-snippet:-1, max-image-preview:large, max-video-preview:-1\" \/>\n<meta property=\"og:locale\" content=\"nb_NO\" \/>\n<meta property=\"og:type\" content=\"article\" \/>\n<meta property=\"og:title\" content=\"Kid\u00b4s Concept, Mini Tipi-telt, Rosa\" \/>\n<meta property=\"og:description\" content=\"Et superfint og vakkert tipi-telt i miniformat. Dette lille tipi-teltet er optimalt for dukkene eller kosedyrene, den perfekte lekeplassen. Miniateltet vil ogs\u00e5 hjelpe deg med \u00e5 innrede barnerommet p\u00e5 en vakker m\u00e5te, da det blir en selvf\u00f8lgelig og vakker dekorasjon der. Du kan selvf\u00f8lgelig bruke det som koie eller kosekrok for ditt barn, vi lover [&hellip;]\" \/>\n<meta property=\"og:url\" content=\"https:\/\/babylove.se\/no\/produkt\/kids-concept-mini-tipi-telt-rosa\/\" \/>\n<meta property=\"og:site_name\" content=\"Babylove Norska\" \/>\n<meta property=\"article:modified_time\" content=\"2026-04-08T07:23:23+00:00\" \/>\n<meta property=\"og:image\" content=\"https:\/\/babylove.se\/no\/wp-content\/uploads\/sites\/3\/2025\/07\/5a9946c7df13d.jpeg\" \/>\n\t<meta property=\"og:image:width\" content=\"487\" \/>\n\t<meta property=\"og:image:height\" content=\"487\" \/>\n\t<meta property=\"og:image:type\" content=\"image\/jpeg\" \/>\n<meta name=\"twitter:card\" content=\"summary_large_image\" \/>\n<meta name=\"twitter:label1\" content=\"Price\" \/>\n\t<meta name=\"twitter:data1\" content=\"449,00&nbsp;&#107;&#114;\" \/>\n\t<meta name=\"twitter:label2\" content=\"Availability\" \/>\n\t<meta name=\"twitter:data2\" content=\"Out of stock\" \/>\n<script type=\"application\/ld+json\" class=\"yoast-schema-graph\">{\"@context\":\"https:\/\/schema.org\",\"@graph\":[{\"@type\":\"WebPage\",\"@id\":\"https:\/\/babylove.se\/no\/produkt\/kids-concept-mini-tipi-telt-rosa\/\",\"url\":\"https:\/\/babylove.se\/no\/produkt\/kids-concept-mini-tipi-telt-rosa\/\",\"name\":\"Kid\u00b4s Concept, Mini Tipi-telt, Rosa - Babylove Norska\",\"isPartOf\":{\"@id\":\"https:\/\/babylove.se\/no\/#website\"},\"primaryImageOfPage\":{\"@id\":\"https:\/\/babylove.se\/no\/produkt\/kids-concept-mini-tipi-telt-rosa\/#primaryimage\"},\"image\":{\"@id\":\"https:\/\/babylove.se\/no\/produkt\/kids-concept-mini-tipi-telt-rosa\/#primaryimage\"},\"thumbnailUrl\":\"https:\/\/babylove.se\/no\/wp-content\/uploads\/sites\/3\/2025\/07\/5a9946c7df13d.jpeg\",\"datePublished\":\"2025-07-18T19:32:49+00:00\",\"dateModified\":\"2026-04-08T07:23:23+00:00\",\"breadcrumb\":{\"@id\":\"https:\/\/babylove.se\/no\/produkt\/kids-concept-mini-tipi-telt-rosa\/#breadcrumb\"},\"inLanguage\":\"nb-NO\",\"potentialAction\":[{\"@type\":\"ReadAction\",\"target\":[\"https:\/\/babylove.se\/no\/produkt\/kids-concept-mini-tipi-telt-rosa\/\"]}]},{\"@type\":\"ImageObject\",\"inLanguage\":\"nb-NO\",\"@id\":\"https:\/\/babylove.se\/no\/produkt\/kids-concept-mini-tipi-telt-rosa\/#primaryimage\",\"url\":\"https:\/\/babylove.se\/no\/wp-content\/uploads\/sites\/3\/2025\/07\/5a9946c7df13d.jpeg\",\"contentUrl\":\"https:\/\/babylove.se\/no\/wp-content\/uploads\/sites\/3\/2025\/07\/5a9946c7df13d.jpeg\",\"width\":487,\"height\":487},{\"@type\":\"BreadcrumbList\",\"@id\":\"https:\/\/babylove.se\/no\/produkt\/kids-concept-mini-tipi-telt-rosa\/#breadcrumb\",\"itemListElement\":[{\"@type\":\"ListItem\",\"position\":1,\"name\":\"Hem\",\"item\":\"https:\/\/babylove.se\/no\/\"},{\"@type\":\"ListItem\",\"position\":2,\"name\":\"Butik\",\"item\":\"https:\/\/babylove.se\/no\/butik\/\"},{\"@type\":\"ListItem\",\"position\":3,\"name\":\"Kid\u00b4s Concept, Mini Tipi-telt, Rosa\"}]},{\"@type\":\"WebSite\",\"@id\":\"https:\/\/babylove.se\/no\/#website\",\"url\":\"https:\/\/babylove.se\/no\/\",\"name\":\"Babylove Norska\",\"description\":\"\",\"potentialAction\":[{\"@type\":\"SearchAction\",\"target\":{\"@type\":\"EntryPoint\",\"urlTemplate\":\"https:\/\/babylove.se\/no\/?s={search_term_string}\"},\"query-input\":{\"@type\":\"PropertyValueSpecification\",\"valueRequired\":true,\"valueName\":\"search_term_string\"}}],\"inLanguage\":\"nb-NO\"}]}<\/script>\n<meta property=\"product:brand\" content=\"Kids Concept\" \/>\n<meta property=\"product:price:amount\" content=\"449.00\" \/>\n<meta property=\"product:price:currency\" content=\"SEK\" \/>\n<meta property=\"og:availability\" content=\"out of stock\" \/>\n<meta property=\"product:availability\" content=\"out of stock\" \/>\n<meta property=\"product:retailer_item_id\" content=\"1804\" \/>\n<meta property=\"product:condition\" content=\"new\" \/>\n<!-- \/ Yoast SEO Premium plugin. -->","yoast_head_json":{"title":"Kid\u00b4s Concept, Mini Tipi-telt, Rosa - Babylove Norska","robots":{"index":"noindex","follow":"follow","max-snippet":"max-snippet:-1","max-image-preview":"max-image-preview:large","max-video-preview":"max-video-preview:-1"},"og_locale":"nb_NO","og_type":"article","og_title":"Kid\u00b4s Concept, Mini Tipi-telt, Rosa","og_description":"Et superfint og vakkert tipi-telt i miniformat. Dette lille tipi-teltet er optimalt for dukkene eller kosedyrene, den perfekte lekeplassen. Miniateltet vil ogs\u00e5 hjelpe deg med \u00e5 innrede barnerommet p\u00e5 en vakker m\u00e5te, da det blir en selvf\u00f8lgelig og vakker dekorasjon der. Du kan selvf\u00f8lgelig bruke det som koie eller kosekrok for ditt barn, vi lover [&hellip;]","og_url":"https:\/\/babylove.se\/no\/produkt\/kids-concept-mini-tipi-telt-rosa\/","og_site_name":"Babylove Norska","article_modified_time":"2026-04-08T07:23:23+00:00","og_image":[{"width":487,"height":487,"url":"https:\/\/babylove.se\/no\/wp-content\/uploads\/sites\/3\/2025\/07\/5a9946c7df13d.jpeg","type":"image\/jpeg"}],"twitter_card":"summary_large_image","twitter_misc":{"Price":"449,00&nbsp;&#107;&#114;","Availability":"Out of stock"},"schema":{"@context":"https:\/\/schema.org","@graph":[{"@type":"WebPage","@id":"https:\/\/babylove.se\/no\/produkt\/kids-concept-mini-tipi-telt-rosa\/","url":"https:\/\/babylove.se\/no\/produkt\/kids-concept-mini-tipi-telt-rosa\/","name":"Kid\u00b4s Concept, Mini Tipi-telt, Rosa - Babylove Norska","isPartOf":{"@id":"https:\/\/babylove.se\/no\/#website"},"primaryImageOfPage":{"@id":"https:\/\/babylove.se\/no\/produkt\/kids-concept-mini-tipi-telt-rosa\/#primaryimage"},"image":{"@id":"https:\/\/babylove.se\/no\/produkt\/kids-concept-mini-tipi-telt-rosa\/#primaryimage"},"thumbnailUrl":"https:\/\/babylove.se\/no\/wp-content\/uploads\/sites\/3\/2025\/07\/5a9946c7df13d.jpeg","datePublished":"2025-07-18T19:32:49+00:00","dateModified":"2026-04-08T07:23:23+00:00","breadcrumb":{"@id":"https:\/\/babylove.se\/no\/produkt\/kids-concept-mini-tipi-telt-rosa\/#breadcrumb"},"inLanguage":"nb-NO","potentialAction":[{"@type":"ReadAction","target":["https:\/\/babylove.se\/no\/produkt\/kids-concept-mini-tipi-telt-rosa\/"]}]},{"@type":"ImageObject","inLanguage":"nb-NO","@id":"https:\/\/babylove.se\/no\/produkt\/kids-concept-mini-tipi-telt-rosa\/#primaryimage","url":"https:\/\/babylove.se\/no\/wp-content\/uploads\/sites\/3\/2025\/07\/5a9946c7df13d.jpeg","contentUrl":"https:\/\/babylove.se\/no\/wp-content\/uploads\/sites\/3\/2025\/07\/5a9946c7df13d.jpeg","width":487,"height":487},{"@type":"BreadcrumbList","@id":"https:\/\/babylove.se\/no\/produkt\/kids-concept-mini-tipi-telt-rosa\/#breadcrumb","itemListElement":[{"@type":"ListItem","position":1,"name":"Hem","item":"https:\/\/babylove.se\/no\/"},{"@type":"ListItem","position":2,"name":"Butik","item":"https:\/\/babylove.se\/no\/butik\/"},{"@type":"ListItem","position":3,"name":"Kid\u00b4s Concept, Mini Tipi-telt, Rosa"}]},{"@type":"WebSite","@id":"https:\/\/babylove.se\/no\/#website","url":"https:\/\/babylove.se\/no\/","name":"Babylove Norska","description":"","potentialAction":[{"@type":"SearchAction","target":{"@type":"EntryPoint","urlTemplate":"https:\/\/babylove.se\/no\/?s={search_term_string}"},"query-input":{"@type":"PropertyValueSpecification","valueRequired":true,"valueName":"search_term_string"}}],"inLanguage":"nb-NO"}]},"product_brand":"Kids Concept","product_price_amount":"449.00","product_price_currency":"SEK","og_availability":"out of stock","product_availability":"out of stock","product_retailer_item_id":"1804","product_condition":"new"},"_links":{"self":[{"href":"https:\/\/babylove.se\/no\/wp-json\/wp\/v2\/product\/5937","targetHints":{"allow":["GET"]}}],"collection":[{"href":"https:\/\/babylove.se\/no\/wp-json\/wp\/v2\/product"}],"about":[{"href":"https:\/\/babylove.se\/no\/wp-json\/wp\/v2\/types\/product"}],"replies":[{"embeddable":true,"href":"https:\/\/babylove.se\/no\/wp-json\/wp\/v2\/comments?post=5937"}],"wp:featuredmedia":[{"embeddable":true,"href":"https:\/\/babylove.se\/no\/wp-json\/wp\/v2\/media\/5939"}],"wp:attachment":[{"href":"https:\/\/babylove.se\/no\/wp-json\/wp\/v2\/media?parent=5937"}],"wp:term":[{"taxonomy":"product_brand","embeddable":true,"href":"https:\/\/babylove.se\/no\/wp-json\/wp\/v2\/product_brand?post=5937"},{"taxonomy":"product_cat","embeddable":true,"href":"https:\/\/babylove.se\/no\/wp-json\/wp\/v2\/product_cat?post=5937"},{"taxonomy":"product_tag","embeddable":true,"href":"https:\/\/babylove.se\/no\/wp-json\/wp\/v2\/product_tag?post=5937"}],"curies":[{"name":"wp","href":"https:\/\/api.w.org\/{rel}","templated":true}]}}