{"id":5951,"date":"2025-07-18T20:32:49","date_gmt":"2025-07-18T19:32:49","guid":{"rendered":"https:\/\/babylove.se\/produkt\/kids-concept-matta-neo-svartvit-140-x-175\/"},"modified":"2026-04-08T08:23:28","modified_gmt":"2026-04-08T07:23:28","slug":"kids-concept-matte-neo-svartvit-140-x-175","status":"publish","type":"product","link":"https:\/\/babylove.se\/no\/produkt\/kids-concept-matte-neo-svartvit-140-x-175\/","title":{"rendered":"Kids Concept teppe Neo svart\/hvit 140 x 175"},"content":{"rendered":"<p>Et fint teppe til barnerommet fra Kids Concept med et unikt trykk. Teppet er stort og deilig og barnet ditt kommer til \u00e5 elske \u00e5 leke p\u00e5 det. Et spennende poteavtrykk i forskjellige st\u00f8rrelser kommer til \u00e5 skape rom for fantasien til \u00e5 flyte og for dere \u00e5 f\u00f8lge sporene p\u00e5 kanskje en tigerjakt? Det smarte med dette teppet er at det passer b\u00e5de mindre og st\u00f8rre barn s\u00e5 det kan f\u00f8lge med barnet ditt gjennom de f\u00f8rste \u00e5rene. Lekematta holder en h\u00f8y kvalitet og er selvf\u00f8lgelig laget av 100 % bomull.<\/p>\n<p>M\u00e5l: 140 x 175 cm<\/p>\n","protected":false},"excerpt":{"rendered":"<p>Et fint teppe til barnerommet fra Kids Concept med et unikt trykk. Teppet er stort og deilig og barnet ditt kommer til \u00e5 elske \u00e5 leke p\u00e5 det. Et spennende poteavtrykk i forskjellige st\u00f8rrelser kommer til \u00e5 skape rom for fantasien til \u00e5 flyte og for dere \u00e5 f\u00f8lge sporene p\u00e5 kanskje en tigerjakt? Det [&hellip;]<\/p>\n","protected":false},"featured_media":5953,"comment_status":"closed","ping_status":"open","template":"","meta":{"_acf_changed":false},"product_brand":[320],"product_cat":[28,90,321,48,135],"product_tag":[],"class_list":{"0":"post-5951","1":"product","2":"type-product","3":"status-publish","4":"has-post-thumbnail","6":"product_brand-kids-concept","7":"product_cat-sorthvit","8":"product_cat-dyr","9":"product_cat-kids-concept","10":"product_cat-startside","11":"product_cat-tepper","13":"first","14":"outofstock","15":"taxable","16":"shipping-taxable","17":"purchasable","18":"product-type-simple"},"acf":[],"yoast_head":"<!-- This site is optimized with the Yoast SEO Premium plugin v25.8 (Yoast SEO v27.2) - https:\/\/yoast.com\/product\/yoast-seo-premium-wordpress\/ -->\n<title>Kids Concept teppe Neo svart\/hvit 140 x 175 - Babylove Norska<\/title>\n<meta name=\"robots\" content=\"noindex, follow, max-snippet:-1, max-image-preview:large, max-video-preview:-1\" \/>\n<meta property=\"og:locale\" content=\"nb_NO\" \/>\n<meta property=\"og:type\" content=\"article\" \/>\n<meta property=\"og:title\" content=\"Kids Concept teppe Neo svart\/hvit 140 x 175\" \/>\n<meta property=\"og:description\" content=\"Et fint teppe til barnerommet fra Kids Concept med et unikt trykk. Teppet er stort og deilig og barnet ditt kommer til \u00e5 elske \u00e5 leke p\u00e5 det. Et spennende poteavtrykk i forskjellige st\u00f8rrelser kommer til \u00e5 skape rom for fantasien til \u00e5 flyte og for dere \u00e5 f\u00f8lge sporene p\u00e5 kanskje en tigerjakt? Det [&hellip;]\" \/>\n<meta property=\"og:url\" content=\"https:\/\/babylove.se\/no\/produkt\/kids-concept-matte-neo-svartvit-140-x-175\/\" \/>\n<meta property=\"og:site_name\" content=\"Babylove Norska\" \/>\n<meta property=\"article:modified_time\" content=\"2026-04-08T07:23:28+00:00\" \/>\n<meta property=\"og:image\" content=\"https:\/\/babylove.se\/no\/wp-content\/uploads\/sites\/3\/2025\/07\/5a9949d6663a1.jpeg\" \/>\n\t<meta property=\"og:image:width\" content=\"498\" \/>\n\t<meta property=\"og:image:height\" content=\"750\" \/>\n\t<meta property=\"og:image:type\" content=\"image\/jpeg\" \/>\n<meta name=\"twitter:card\" content=\"summary_large_image\" \/>\n<meta name=\"twitter:label1\" content=\"Price\" \/>\n\t<meta name=\"twitter:data1\" content=\"699,00&nbsp;&#107;&#114;\" \/>\n\t<meta name=\"twitter:label2\" content=\"Availability\" \/>\n\t<meta name=\"twitter:data2\" content=\"Out of stock\" \/>\n<script type=\"application\/ld+json\" class=\"yoast-schema-graph\">{\"@context\":\"https:\/\/schema.org\",\"@graph\":[{\"@type\":\"WebPage\",\"@id\":\"https:\/\/babylove.se\/no\/produkt\/kids-concept-matte-neo-svartvit-140-x-175\/\",\"url\":\"https:\/\/babylove.se\/no\/produkt\/kids-concept-matte-neo-svartvit-140-x-175\/\",\"name\":\"Kids Concept teppe Neo svart\/hvit 140 x 175 - Babylove Norska\",\"isPartOf\":{\"@id\":\"https:\/\/babylove.se\/no\/#website\"},\"primaryImageOfPage\":{\"@id\":\"https:\/\/babylove.se\/no\/produkt\/kids-concept-matte-neo-svartvit-140-x-175\/#primaryimage\"},\"image\":{\"@id\":\"https:\/\/babylove.se\/no\/produkt\/kids-concept-matte-neo-svartvit-140-x-175\/#primaryimage\"},\"thumbnailUrl\":\"https:\/\/babylove.se\/no\/wp-content\/uploads\/sites\/3\/2025\/07\/5a9949d6663a1.jpeg\",\"datePublished\":\"2025-07-18T19:32:49+00:00\",\"dateModified\":\"2026-04-08T07:23:28+00:00\",\"breadcrumb\":{\"@id\":\"https:\/\/babylove.se\/no\/produkt\/kids-concept-matte-neo-svartvit-140-x-175\/#breadcrumb\"},\"inLanguage\":\"nb-NO\",\"potentialAction\":[{\"@type\":\"ReadAction\",\"target\":[\"https:\/\/babylove.se\/no\/produkt\/kids-concept-matte-neo-svartvit-140-x-175\/\"]}]},{\"@type\":\"ImageObject\",\"inLanguage\":\"nb-NO\",\"@id\":\"https:\/\/babylove.se\/no\/produkt\/kids-concept-matte-neo-svartvit-140-x-175\/#primaryimage\",\"url\":\"https:\/\/babylove.se\/no\/wp-content\/uploads\/sites\/3\/2025\/07\/5a9949d6663a1.jpeg\",\"contentUrl\":\"https:\/\/babylove.se\/no\/wp-content\/uploads\/sites\/3\/2025\/07\/5a9949d6663a1.jpeg\",\"width\":498,\"height\":750},{\"@type\":\"BreadcrumbList\",\"@id\":\"https:\/\/babylove.se\/no\/produkt\/kids-concept-matte-neo-svartvit-140-x-175\/#breadcrumb\",\"itemListElement\":[{\"@type\":\"ListItem\",\"position\":1,\"name\":\"Hem\",\"item\":\"https:\/\/babylove.se\/no\/\"},{\"@type\":\"ListItem\",\"position\":2,\"name\":\"Butik\",\"item\":\"https:\/\/babylove.se\/no\/butik\/\"},{\"@type\":\"ListItem\",\"position\":3,\"name\":\"Kids Concept teppe Neo svart\/hvit 140 x 175\"}]},{\"@type\":\"WebSite\",\"@id\":\"https:\/\/babylove.se\/no\/#website\",\"url\":\"https:\/\/babylove.se\/no\/\",\"name\":\"Babylove Norska\",\"description\":\"\",\"potentialAction\":[{\"@type\":\"SearchAction\",\"target\":{\"@type\":\"EntryPoint\",\"urlTemplate\":\"https:\/\/babylove.se\/no\/?s={search_term_string}\"},\"query-input\":{\"@type\":\"PropertyValueSpecification\",\"valueRequired\":true,\"valueName\":\"search_term_string\"}}],\"inLanguage\":\"nb-NO\"}]}<\/script>\n<meta property=\"product:brand\" content=\"Kids Concept\" \/>\n<meta property=\"product:price:amount\" content=\"699.00\" \/>\n<meta property=\"product:price:currency\" content=\"SEK\" \/>\n<meta property=\"og:availability\" content=\"out of stock\" \/>\n<meta property=\"product:availability\" content=\"out of stock\" \/>\n<meta property=\"product:retailer_item_id\" content=\"1806\" \/>\n<meta property=\"product:condition\" content=\"new\" \/>\n<!-- \/ Yoast SEO Premium plugin. -->","yoast_head_json":{"title":"Kids Concept teppe Neo svart\/hvit 140 x 175 - Babylove Norska","robots":{"index":"noindex","follow":"follow","max-snippet":"max-snippet:-1","max-image-preview":"max-image-preview:large","max-video-preview":"max-video-preview:-1"},"og_locale":"nb_NO","og_type":"article","og_title":"Kids Concept teppe Neo svart\/hvit 140 x 175","og_description":"Et fint teppe til barnerommet fra Kids Concept med et unikt trykk. Teppet er stort og deilig og barnet ditt kommer til \u00e5 elske \u00e5 leke p\u00e5 det. Et spennende poteavtrykk i forskjellige st\u00f8rrelser kommer til \u00e5 skape rom for fantasien til \u00e5 flyte og for dere \u00e5 f\u00f8lge sporene p\u00e5 kanskje en tigerjakt? Det [&hellip;]","og_url":"https:\/\/babylove.se\/no\/produkt\/kids-concept-matte-neo-svartvit-140-x-175\/","og_site_name":"Babylove Norska","article_modified_time":"2026-04-08T07:23:28+00:00","og_image":[{"width":498,"height":750,"url":"https:\/\/babylove.se\/no\/wp-content\/uploads\/sites\/3\/2025\/07\/5a9949d6663a1.jpeg","type":"image\/jpeg"}],"twitter_card":"summary_large_image","twitter_misc":{"Price":"699,00&nbsp;&#107;&#114;","Availability":"Out of stock"},"schema":{"@context":"https:\/\/schema.org","@graph":[{"@type":"WebPage","@id":"https:\/\/babylove.se\/no\/produkt\/kids-concept-matte-neo-svartvit-140-x-175\/","url":"https:\/\/babylove.se\/no\/produkt\/kids-concept-matte-neo-svartvit-140-x-175\/","name":"Kids Concept teppe Neo svart\/hvit 140 x 175 - Babylove Norska","isPartOf":{"@id":"https:\/\/babylove.se\/no\/#website"},"primaryImageOfPage":{"@id":"https:\/\/babylove.se\/no\/produkt\/kids-concept-matte-neo-svartvit-140-x-175\/#primaryimage"},"image":{"@id":"https:\/\/babylove.se\/no\/produkt\/kids-concept-matte-neo-svartvit-140-x-175\/#primaryimage"},"thumbnailUrl":"https:\/\/babylove.se\/no\/wp-content\/uploads\/sites\/3\/2025\/07\/5a9949d6663a1.jpeg","datePublished":"2025-07-18T19:32:49+00:00","dateModified":"2026-04-08T07:23:28+00:00","breadcrumb":{"@id":"https:\/\/babylove.se\/no\/produkt\/kids-concept-matte-neo-svartvit-140-x-175\/#breadcrumb"},"inLanguage":"nb-NO","potentialAction":[{"@type":"ReadAction","target":["https:\/\/babylove.se\/no\/produkt\/kids-concept-matte-neo-svartvit-140-x-175\/"]}]},{"@type":"ImageObject","inLanguage":"nb-NO","@id":"https:\/\/babylove.se\/no\/produkt\/kids-concept-matte-neo-svartvit-140-x-175\/#primaryimage","url":"https:\/\/babylove.se\/no\/wp-content\/uploads\/sites\/3\/2025\/07\/5a9949d6663a1.jpeg","contentUrl":"https:\/\/babylove.se\/no\/wp-content\/uploads\/sites\/3\/2025\/07\/5a9949d6663a1.jpeg","width":498,"height":750},{"@type":"BreadcrumbList","@id":"https:\/\/babylove.se\/no\/produkt\/kids-concept-matte-neo-svartvit-140-x-175\/#breadcrumb","itemListElement":[{"@type":"ListItem","position":1,"name":"Hem","item":"https:\/\/babylove.se\/no\/"},{"@type":"ListItem","position":2,"name":"Butik","item":"https:\/\/babylove.se\/no\/butik\/"},{"@type":"ListItem","position":3,"name":"Kids Concept teppe Neo svart\/hvit 140 x 175"}]},{"@type":"WebSite","@id":"https:\/\/babylove.se\/no\/#website","url":"https:\/\/babylove.se\/no\/","name":"Babylove Norska","description":"","potentialAction":[{"@type":"SearchAction","target":{"@type":"EntryPoint","urlTemplate":"https:\/\/babylove.se\/no\/?s={search_term_string}"},"query-input":{"@type":"PropertyValueSpecification","valueRequired":true,"valueName":"search_term_string"}}],"inLanguage":"nb-NO"}]},"product_brand":"Kids Concept","product_price_amount":"699.00","product_price_currency":"SEK","og_availability":"out of stock","product_availability":"out of stock","product_retailer_item_id":"1806","product_condition":"new"},"_links":{"self":[{"href":"https:\/\/babylove.se\/no\/wp-json\/wp\/v2\/product\/5951","targetHints":{"allow":["GET"]}}],"collection":[{"href":"https:\/\/babylove.se\/no\/wp-json\/wp\/v2\/product"}],"about":[{"href":"https:\/\/babylove.se\/no\/wp-json\/wp\/v2\/types\/product"}],"replies":[{"embeddable":true,"href":"https:\/\/babylove.se\/no\/wp-json\/wp\/v2\/comments?post=5951"}],"wp:featuredmedia":[{"embeddable":true,"href":"https:\/\/babylove.se\/no\/wp-json\/wp\/v2\/media\/5953"}],"wp:attachment":[{"href":"https:\/\/babylove.se\/no\/wp-json\/wp\/v2\/media?parent=5951"}],"wp:term":[{"taxonomy":"product_brand","embeddable":true,"href":"https:\/\/babylove.se\/no\/wp-json\/wp\/v2\/product_brand?post=5951"},{"taxonomy":"product_cat","embeddable":true,"href":"https:\/\/babylove.se\/no\/wp-json\/wp\/v2\/product_cat?post=5951"},{"taxonomy":"product_tag","embeddable":true,"href":"https:\/\/babylove.se\/no\/wp-json\/wp\/v2\/product_tag?post=5951"}],"curies":[{"name":"wp","href":"https:\/\/api.w.org\/{rel}","templated":true}]}}