{"id":5955,"date":"2025-07-18T20:32:49","date_gmt":"2025-07-18T19:32:49","guid":{"rendered":"https:\/\/babylove.se\/produkt\/kids-koncept-tipitalt-svartvit\/"},"modified":"2026-04-08T08:23:31","modified_gmt":"2026-04-08T07:23:31","slug":"barn-konsept-tipitelt-svarthvit","status":"publish","type":"product","link":"https:\/\/babylove.se\/no\/produkt\/barn-konsept-tipitelt-svarthvit\/","title":{"rendered":"Kids Concept, tipitelt svart\/hvit"},"content":{"rendered":"<p><span style=\"background-color: initial; text-align: initial;\"><strong> <\/strong>Kids Concept sv\u00e6rt verdsatte og popul\u00e6re tipitelt i sorte og hvite striper, kommer til \u00e5 bli ditt barns nye favorittsted. Den optimale lekekroken eller koiet som dessuten kommer til \u00e5 passe perfekt i din \u00f8vrige barneroms innredning. Laget av bomull og teltpinnene av fin furutre.<\/span><\/p>\n<p>Du kan enkelt ta ned teltet og like enkelt kan du siden sette det opp igjen. Teltduken er dessuten enkel \u00e5 holde ren og frisk da den er vaskbar. Sammen med den koselige og passende puten fra Kids Concept kommer leketeltet til \u00e5 bli enda bedre. <\/p>\n<p> M\u00e5l: 167 cm x 120 cm. Innerm\u00e5l: 100 cm x 100 cm. <\/p>\n<p>Designer: <a href=\"https:\/\/babylove.se\/varumarken\/kids-concept\"><u>Kids Concept<\/u><\/a><\/p>\n","protected":false},"excerpt":{"rendered":"<p>Kids Concept sv\u00e6rt verdsatte og popul\u00e6re tipitelt i sorte og hvite striper, kommer til \u00e5 bli ditt barns nye favorittsted. Den optimale lekekroken eller koiet som dessuten kommer til \u00e5 passe perfekt i din \u00f8vrige barneroms innredning. Laget av bomull og teltpinnene av fin furutre. Du kan enkelt ta ned teltet og like enkelt kan [&hellip;]<\/p>\n","protected":false},"featured_media":5957,"comment_status":"closed","ping_status":"open","template":"","meta":{"_acf_changed":false},"product_brand":[320],"product_cat":[28,321,275,48,276],"product_tag":[],"class_list":{"0":"post-5955","1":"product","2":"type-product","3":"status-publish","4":"has-post-thumbnail","6":"product_brand-kids-concept","7":"product_cat-sorthvit","8":"product_cat-kids-concept","9":"product_cat-tipitalt-lektalt","10":"product_cat-startside","11":"product_cat-tipi-telt-barnerom","13":"first","14":"outofstock","15":"taxable","16":"shipping-taxable","17":"purchasable","18":"product-type-simple"},"acf":[],"yoast_head":"<!-- This site is optimized with the Yoast SEO Premium plugin v25.8 (Yoast SEO v27.2) - https:\/\/yoast.com\/product\/yoast-seo-premium-wordpress\/ -->\n<title>Kids Concept, tipitelt svart\/hvit - Babylove Norska<\/title>\n<meta name=\"robots\" content=\"noindex, follow, max-snippet:-1, max-image-preview:large, max-video-preview:-1\" \/>\n<meta property=\"og:locale\" content=\"nb_NO\" \/>\n<meta property=\"og:type\" content=\"article\" \/>\n<meta property=\"og:title\" content=\"Kids Concept, tipitelt svart\/hvit\" \/>\n<meta property=\"og:description\" content=\"Kids Concept sv\u00e6rt verdsatte og popul\u00e6re tipitelt i sorte og hvite striper, kommer til \u00e5 bli ditt barns nye favorittsted. Den optimale lekekroken eller koiet som dessuten kommer til \u00e5 passe perfekt i din \u00f8vrige barneroms innredning. Laget av bomull og teltpinnene av fin furutre. Du kan enkelt ta ned teltet og like enkelt kan [&hellip;]\" \/>\n<meta property=\"og:url\" content=\"https:\/\/babylove.se\/no\/produkt\/barn-konsept-tipitelt-svarthvit\/\" \/>\n<meta property=\"og:site_name\" content=\"Babylove Norska\" \/>\n<meta property=\"article:modified_time\" content=\"2026-04-08T07:23:31+00:00\" \/>\n<meta property=\"og:image\" content=\"https:\/\/babylove.se\/no\/wp-content\/uploads\/sites\/3\/2025\/07\/5a994a6b24334.jpeg\" \/>\n\t<meta property=\"og:image:width\" content=\"691\" \/>\n\t<meta property=\"og:image:height\" content=\"750\" \/>\n\t<meta property=\"og:image:type\" content=\"image\/jpeg\" \/>\n<meta name=\"twitter:card\" content=\"summary_large_image\" \/>\n<meta name=\"twitter:label1\" content=\"Price\" \/>\n\t<meta name=\"twitter:data1\" content=\"1 299,00&nbsp;&#107;&#114;\" \/>\n\t<meta name=\"twitter:label2\" content=\"Availability\" \/>\n\t<meta name=\"twitter:data2\" content=\"Out of stock\" \/>\n<script type=\"application\/ld+json\" class=\"yoast-schema-graph\">{\"@context\":\"https:\/\/schema.org\",\"@graph\":[{\"@type\":\"WebPage\",\"@id\":\"https:\/\/babylove.se\/no\/produkt\/barn-konsept-tipitelt-svarthvit\/\",\"url\":\"https:\/\/babylove.se\/no\/produkt\/barn-konsept-tipitelt-svarthvit\/\",\"name\":\"Kids Concept, tipitelt svart\/hvit - Babylove Norska\",\"isPartOf\":{\"@id\":\"https:\/\/babylove.se\/no\/#website\"},\"primaryImageOfPage\":{\"@id\":\"https:\/\/babylove.se\/no\/produkt\/barn-konsept-tipitelt-svarthvit\/#primaryimage\"},\"image\":{\"@id\":\"https:\/\/babylove.se\/no\/produkt\/barn-konsept-tipitelt-svarthvit\/#primaryimage\"},\"thumbnailUrl\":\"https:\/\/babylove.se\/no\/wp-content\/uploads\/sites\/3\/2025\/07\/5a994a6b24334.jpeg\",\"datePublished\":\"2025-07-18T19:32:49+00:00\",\"dateModified\":\"2026-04-08T07:23:31+00:00\",\"breadcrumb\":{\"@id\":\"https:\/\/babylove.se\/no\/produkt\/barn-konsept-tipitelt-svarthvit\/#breadcrumb\"},\"inLanguage\":\"nb-NO\",\"potentialAction\":[{\"@type\":\"ReadAction\",\"target\":[\"https:\/\/babylove.se\/no\/produkt\/barn-konsept-tipitelt-svarthvit\/\"]}]},{\"@type\":\"ImageObject\",\"inLanguage\":\"nb-NO\",\"@id\":\"https:\/\/babylove.se\/no\/produkt\/barn-konsept-tipitelt-svarthvit\/#primaryimage\",\"url\":\"https:\/\/babylove.se\/no\/wp-content\/uploads\/sites\/3\/2025\/07\/5a994a6b24334.jpeg\",\"contentUrl\":\"https:\/\/babylove.se\/no\/wp-content\/uploads\/sites\/3\/2025\/07\/5a994a6b24334.jpeg\",\"width\":691,\"height\":750},{\"@type\":\"BreadcrumbList\",\"@id\":\"https:\/\/babylove.se\/no\/produkt\/barn-konsept-tipitelt-svarthvit\/#breadcrumb\",\"itemListElement\":[{\"@type\":\"ListItem\",\"position\":1,\"name\":\"Hem\",\"item\":\"https:\/\/babylove.se\/no\/\"},{\"@type\":\"ListItem\",\"position\":2,\"name\":\"Butik\",\"item\":\"https:\/\/babylove.se\/no\/butik\/\"},{\"@type\":\"ListItem\",\"position\":3,\"name\":\"Kids Concept, tipitelt svart\/hvit\"}]},{\"@type\":\"WebSite\",\"@id\":\"https:\/\/babylove.se\/no\/#website\",\"url\":\"https:\/\/babylove.se\/no\/\",\"name\":\"Babylove Norska\",\"description\":\"\",\"potentialAction\":[{\"@type\":\"SearchAction\",\"target\":{\"@type\":\"EntryPoint\",\"urlTemplate\":\"https:\/\/babylove.se\/no\/?s={search_term_string}\"},\"query-input\":{\"@type\":\"PropertyValueSpecification\",\"valueRequired\":true,\"valueName\":\"search_term_string\"}}],\"inLanguage\":\"nb-NO\"}]}<\/script>\n<meta property=\"product:brand\" content=\"Kids Concept\" \/>\n<meta property=\"product:price:amount\" content=\"1299.00\" \/>\n<meta property=\"product:price:currency\" content=\"SEK\" \/>\n<meta property=\"og:availability\" content=\"out of stock\" \/>\n<meta property=\"product:availability\" content=\"out of stock\" \/>\n<meta property=\"product:retailer_item_id\" content=\"1807\" \/>\n<meta property=\"product:condition\" content=\"new\" \/>\n<!-- \/ Yoast SEO Premium plugin. -->","yoast_head_json":{"title":"Kids Concept, tipitelt svart\/hvit - Babylove Norska","robots":{"index":"noindex","follow":"follow","max-snippet":"max-snippet:-1","max-image-preview":"max-image-preview:large","max-video-preview":"max-video-preview:-1"},"og_locale":"nb_NO","og_type":"article","og_title":"Kids Concept, tipitelt svart\/hvit","og_description":"Kids Concept sv\u00e6rt verdsatte og popul\u00e6re tipitelt i sorte og hvite striper, kommer til \u00e5 bli ditt barns nye favorittsted. Den optimale lekekroken eller koiet som dessuten kommer til \u00e5 passe perfekt i din \u00f8vrige barneroms innredning. Laget av bomull og teltpinnene av fin furutre. Du kan enkelt ta ned teltet og like enkelt kan [&hellip;]","og_url":"https:\/\/babylove.se\/no\/produkt\/barn-konsept-tipitelt-svarthvit\/","og_site_name":"Babylove Norska","article_modified_time":"2026-04-08T07:23:31+00:00","og_image":[{"width":691,"height":750,"url":"https:\/\/babylove.se\/no\/wp-content\/uploads\/sites\/3\/2025\/07\/5a994a6b24334.jpeg","type":"image\/jpeg"}],"twitter_card":"summary_large_image","twitter_misc":{"Price":"1 299,00&nbsp;&#107;&#114;","Availability":"Out of stock"},"schema":{"@context":"https:\/\/schema.org","@graph":[{"@type":"WebPage","@id":"https:\/\/babylove.se\/no\/produkt\/barn-konsept-tipitelt-svarthvit\/","url":"https:\/\/babylove.se\/no\/produkt\/barn-konsept-tipitelt-svarthvit\/","name":"Kids Concept, tipitelt svart\/hvit - Babylove Norska","isPartOf":{"@id":"https:\/\/babylove.se\/no\/#website"},"primaryImageOfPage":{"@id":"https:\/\/babylove.se\/no\/produkt\/barn-konsept-tipitelt-svarthvit\/#primaryimage"},"image":{"@id":"https:\/\/babylove.se\/no\/produkt\/barn-konsept-tipitelt-svarthvit\/#primaryimage"},"thumbnailUrl":"https:\/\/babylove.se\/no\/wp-content\/uploads\/sites\/3\/2025\/07\/5a994a6b24334.jpeg","datePublished":"2025-07-18T19:32:49+00:00","dateModified":"2026-04-08T07:23:31+00:00","breadcrumb":{"@id":"https:\/\/babylove.se\/no\/produkt\/barn-konsept-tipitelt-svarthvit\/#breadcrumb"},"inLanguage":"nb-NO","potentialAction":[{"@type":"ReadAction","target":["https:\/\/babylove.se\/no\/produkt\/barn-konsept-tipitelt-svarthvit\/"]}]},{"@type":"ImageObject","inLanguage":"nb-NO","@id":"https:\/\/babylove.se\/no\/produkt\/barn-konsept-tipitelt-svarthvit\/#primaryimage","url":"https:\/\/babylove.se\/no\/wp-content\/uploads\/sites\/3\/2025\/07\/5a994a6b24334.jpeg","contentUrl":"https:\/\/babylove.se\/no\/wp-content\/uploads\/sites\/3\/2025\/07\/5a994a6b24334.jpeg","width":691,"height":750},{"@type":"BreadcrumbList","@id":"https:\/\/babylove.se\/no\/produkt\/barn-konsept-tipitelt-svarthvit\/#breadcrumb","itemListElement":[{"@type":"ListItem","position":1,"name":"Hem","item":"https:\/\/babylove.se\/no\/"},{"@type":"ListItem","position":2,"name":"Butik","item":"https:\/\/babylove.se\/no\/butik\/"},{"@type":"ListItem","position":3,"name":"Kids Concept, tipitelt svart\/hvit"}]},{"@type":"WebSite","@id":"https:\/\/babylove.se\/no\/#website","url":"https:\/\/babylove.se\/no\/","name":"Babylove Norska","description":"","potentialAction":[{"@type":"SearchAction","target":{"@type":"EntryPoint","urlTemplate":"https:\/\/babylove.se\/no\/?s={search_term_string}"},"query-input":{"@type":"PropertyValueSpecification","valueRequired":true,"valueName":"search_term_string"}}],"inLanguage":"nb-NO"}]},"product_brand":"Kids Concept","product_price_amount":"1299.00","product_price_currency":"SEK","og_availability":"out of stock","product_availability":"out of stock","product_retailer_item_id":"1807","product_condition":"new"},"_links":{"self":[{"href":"https:\/\/babylove.se\/no\/wp-json\/wp\/v2\/product\/5955","targetHints":{"allow":["GET"]}}],"collection":[{"href":"https:\/\/babylove.se\/no\/wp-json\/wp\/v2\/product"}],"about":[{"href":"https:\/\/babylove.se\/no\/wp-json\/wp\/v2\/types\/product"}],"replies":[{"embeddable":true,"href":"https:\/\/babylove.se\/no\/wp-json\/wp\/v2\/comments?post=5955"}],"wp:featuredmedia":[{"embeddable":true,"href":"https:\/\/babylove.se\/no\/wp-json\/wp\/v2\/media\/5957"}],"wp:attachment":[{"href":"https:\/\/babylove.se\/no\/wp-json\/wp\/v2\/media?parent=5955"}],"wp:term":[{"taxonomy":"product_brand","embeddable":true,"href":"https:\/\/babylove.se\/no\/wp-json\/wp\/v2\/product_brand?post=5955"},{"taxonomy":"product_cat","embeddable":true,"href":"https:\/\/babylove.se\/no\/wp-json\/wp\/v2\/product_cat?post=5955"},{"taxonomy":"product_tag","embeddable":true,"href":"https:\/\/babylove.se\/no\/wp-json\/wp\/v2\/product_tag?post=5955"}],"curies":[{"name":"wp","href":"https:\/\/api.w.org\/{rel}","templated":true}]}}