{"id":5967,"date":"2025-07-18T20:32:49","date_gmt":"2025-07-18T19:32:49","guid":{"rendered":"https:\/\/babylove.se\/produkt\/kids-concept-ullmatta-neo-svartvit\/"},"modified":"2026-04-08T08:23:37","modified_gmt":"2026-04-08T07:23:37","slug":"kids-concept-ullmatte-neo-svartvit","status":"publish","type":"product","link":"https:\/\/babylove.se\/no\/produkt\/kids-concept-ullmatte-neo-svartvit\/","title":{"rendered":"Kids Concept, ullteppe NEO svart\/hvit"},"content":{"rendered":"<p>Et vakkert og koselig teppe i serien NEO fra popul\u00e6re Kids Concept som b\u00e5de du og ditt barn kommer til \u00e5 elske. Det beste av alt er at teppet er helt laget av ull og derfor meget deilig for barnet \u00e5 leke eller hvile p\u00e5. Dette er en fin pusselbit n\u00e5r du vil innrede barnerommet, men teppet passer like godt i hjemmets alle rom, takket v\u00e6re sitt stilrene design og h\u00f8ye kvalitet.<\/p>\n<p><strong><br \/>M\u00e5l<\/strong>: \u00d8120 cm.<\/p>\n<p>Designer:<span> <\/span><a href=\"https:\/\/babylove.se\/varumarken\/kids-concept\">Kid&#8217;s Concept<\/a><\/p>\n","protected":false},"excerpt":{"rendered":"<p>Et vakkert og koselig teppe i serien NEO fra popul\u00e6re Kids Concept som b\u00e5de du og ditt barn kommer til \u00e5 elske. Det beste av alt er at teppet er helt laget av ull og derfor meget deilig for barnet \u00e5 leke eller hvile p\u00e5. Dette er en fin pusselbit n\u00e5r du vil innrede barnerommet, [&hellip;]<\/p>\n","protected":false},"featured_media":5969,"comment_status":"closed","ping_status":"open","template":"","meta":{"_acf_changed":false},"product_brand":[320],"product_cat":[28,90,321,48,135],"product_tag":[],"class_list":{"0":"post-5967","1":"product","2":"type-product","3":"status-publish","4":"has-post-thumbnail","6":"product_brand-kids-concept","7":"product_cat-sorthvit","8":"product_cat-dyr","9":"product_cat-kids-concept","10":"product_cat-startside","11":"product_cat-tepper","13":"first","14":"outofstock","15":"taxable","16":"shipping-taxable","17":"purchasable","18":"product-type-simple"},"acf":[],"yoast_head":"<!-- This site is optimized with the Yoast SEO Premium plugin v25.8 (Yoast SEO v27.2) - https:\/\/yoast.com\/product\/yoast-seo-premium-wordpress\/ -->\n<title>Kids Concept, ullteppe NEO svart\/hvit - Babylove Norska<\/title>\n<meta name=\"robots\" content=\"noindex, follow, max-snippet:-1, max-image-preview:large, max-video-preview:-1\" \/>\n<meta property=\"og:locale\" content=\"nb_NO\" \/>\n<meta property=\"og:type\" content=\"article\" \/>\n<meta property=\"og:title\" content=\"Kids Concept, ullteppe NEO svart\/hvit\" \/>\n<meta property=\"og:description\" content=\"Et vakkert og koselig teppe i serien NEO fra popul\u00e6re Kids Concept som b\u00e5de du og ditt barn kommer til \u00e5 elske. Det beste av alt er at teppet er helt laget av ull og derfor meget deilig for barnet \u00e5 leke eller hvile p\u00e5. Dette er en fin pusselbit n\u00e5r du vil innrede barnerommet, [&hellip;]\" \/>\n<meta property=\"og:url\" content=\"https:\/\/babylove.se\/no\/produkt\/kids-concept-ullmatte-neo-svartvit\/\" \/>\n<meta property=\"og:site_name\" content=\"Babylove Norska\" \/>\n<meta property=\"article:modified_time\" content=\"2026-04-08T07:23:37+00:00\" \/>\n<meta property=\"og:image\" content=\"https:\/\/babylove.se\/no\/wp-content\/uploads\/sites\/3\/2025\/07\/5a994cded34ec.png\" \/>\n\t<meta property=\"og:image:width\" content=\"416\" \/>\n\t<meta property=\"og:image:height\" content=\"477\" \/>\n\t<meta property=\"og:image:type\" content=\"image\/png\" \/>\n<meta name=\"twitter:card\" content=\"summary_large_image\" \/>\n<meta name=\"twitter:label1\" content=\"Price\" \/>\n\t<meta name=\"twitter:data1\" content=\"1 759,00&nbsp;&#107;&#114;\" \/>\n\t<meta name=\"twitter:label2\" content=\"Availability\" \/>\n\t<meta name=\"twitter:data2\" content=\"Out of stock\" \/>\n<script type=\"application\/ld+json\" class=\"yoast-schema-graph\">{\"@context\":\"https:\/\/schema.org\",\"@graph\":[{\"@type\":\"WebPage\",\"@id\":\"https:\/\/babylove.se\/no\/produkt\/kids-concept-ullmatte-neo-svartvit\/\",\"url\":\"https:\/\/babylove.se\/no\/produkt\/kids-concept-ullmatte-neo-svartvit\/\",\"name\":\"Kids Concept, ullteppe NEO svart\/hvit - Babylove Norska\",\"isPartOf\":{\"@id\":\"https:\/\/babylove.se\/no\/#website\"},\"primaryImageOfPage\":{\"@id\":\"https:\/\/babylove.se\/no\/produkt\/kids-concept-ullmatte-neo-svartvit\/#primaryimage\"},\"image\":{\"@id\":\"https:\/\/babylove.se\/no\/produkt\/kids-concept-ullmatte-neo-svartvit\/#primaryimage\"},\"thumbnailUrl\":\"https:\/\/babylove.se\/no\/wp-content\/uploads\/sites\/3\/2025\/07\/5a994cded34ec.png\",\"datePublished\":\"2025-07-18T19:32:49+00:00\",\"dateModified\":\"2026-04-08T07:23:37+00:00\",\"breadcrumb\":{\"@id\":\"https:\/\/babylove.se\/no\/produkt\/kids-concept-ullmatte-neo-svartvit\/#breadcrumb\"},\"inLanguage\":\"nb-NO\",\"potentialAction\":[{\"@type\":\"ReadAction\",\"target\":[\"https:\/\/babylove.se\/no\/produkt\/kids-concept-ullmatte-neo-svartvit\/\"]}]},{\"@type\":\"ImageObject\",\"inLanguage\":\"nb-NO\",\"@id\":\"https:\/\/babylove.se\/no\/produkt\/kids-concept-ullmatte-neo-svartvit\/#primaryimage\",\"url\":\"https:\/\/babylove.se\/no\/wp-content\/uploads\/sites\/3\/2025\/07\/5a994cded34ec.png\",\"contentUrl\":\"https:\/\/babylove.se\/no\/wp-content\/uploads\/sites\/3\/2025\/07\/5a994cded34ec.png\",\"width\":416,\"height\":477},{\"@type\":\"BreadcrumbList\",\"@id\":\"https:\/\/babylove.se\/no\/produkt\/kids-concept-ullmatte-neo-svartvit\/#breadcrumb\",\"itemListElement\":[{\"@type\":\"ListItem\",\"position\":1,\"name\":\"Hem\",\"item\":\"https:\/\/babylove.se\/no\/\"},{\"@type\":\"ListItem\",\"position\":2,\"name\":\"Butik\",\"item\":\"https:\/\/babylove.se\/no\/butik\/\"},{\"@type\":\"ListItem\",\"position\":3,\"name\":\"Kids Concept, ullteppe NEO svart\/hvit\"}]},{\"@type\":\"WebSite\",\"@id\":\"https:\/\/babylove.se\/no\/#website\",\"url\":\"https:\/\/babylove.se\/no\/\",\"name\":\"Babylove Norska\",\"description\":\"\",\"potentialAction\":[{\"@type\":\"SearchAction\",\"target\":{\"@type\":\"EntryPoint\",\"urlTemplate\":\"https:\/\/babylove.se\/no\/?s={search_term_string}\"},\"query-input\":{\"@type\":\"PropertyValueSpecification\",\"valueRequired\":true,\"valueName\":\"search_term_string\"}}],\"inLanguage\":\"nb-NO\"}]}<\/script>\n<meta property=\"product:brand\" content=\"Kids Concept\" \/>\n<meta property=\"product:price:amount\" content=\"1759.00\" \/>\n<meta property=\"product:price:currency\" content=\"SEK\" \/>\n<meta property=\"og:availability\" content=\"out of stock\" \/>\n<meta property=\"product:availability\" content=\"out of stock\" \/>\n<meta property=\"product:retailer_item_id\" content=\"1809\" \/>\n<meta property=\"product:condition\" content=\"new\" \/>\n<!-- \/ Yoast SEO Premium plugin. -->","yoast_head_json":{"title":"Kids Concept, ullteppe NEO svart\/hvit - Babylove Norska","robots":{"index":"noindex","follow":"follow","max-snippet":"max-snippet:-1","max-image-preview":"max-image-preview:large","max-video-preview":"max-video-preview:-1"},"og_locale":"nb_NO","og_type":"article","og_title":"Kids Concept, ullteppe NEO svart\/hvit","og_description":"Et vakkert og koselig teppe i serien NEO fra popul\u00e6re Kids Concept som b\u00e5de du og ditt barn kommer til \u00e5 elske. Det beste av alt er at teppet er helt laget av ull og derfor meget deilig for barnet \u00e5 leke eller hvile p\u00e5. Dette er en fin pusselbit n\u00e5r du vil innrede barnerommet, [&hellip;]","og_url":"https:\/\/babylove.se\/no\/produkt\/kids-concept-ullmatte-neo-svartvit\/","og_site_name":"Babylove Norska","article_modified_time":"2026-04-08T07:23:37+00:00","og_image":[{"width":416,"height":477,"url":"https:\/\/babylove.se\/no\/wp-content\/uploads\/sites\/3\/2025\/07\/5a994cded34ec.png","type":"image\/png"}],"twitter_card":"summary_large_image","twitter_misc":{"Price":"1 759,00&nbsp;&#107;&#114;","Availability":"Out of stock"},"schema":{"@context":"https:\/\/schema.org","@graph":[{"@type":"WebPage","@id":"https:\/\/babylove.se\/no\/produkt\/kids-concept-ullmatte-neo-svartvit\/","url":"https:\/\/babylove.se\/no\/produkt\/kids-concept-ullmatte-neo-svartvit\/","name":"Kids Concept, ullteppe NEO svart\/hvit - Babylove Norska","isPartOf":{"@id":"https:\/\/babylove.se\/no\/#website"},"primaryImageOfPage":{"@id":"https:\/\/babylove.se\/no\/produkt\/kids-concept-ullmatte-neo-svartvit\/#primaryimage"},"image":{"@id":"https:\/\/babylove.se\/no\/produkt\/kids-concept-ullmatte-neo-svartvit\/#primaryimage"},"thumbnailUrl":"https:\/\/babylove.se\/no\/wp-content\/uploads\/sites\/3\/2025\/07\/5a994cded34ec.png","datePublished":"2025-07-18T19:32:49+00:00","dateModified":"2026-04-08T07:23:37+00:00","breadcrumb":{"@id":"https:\/\/babylove.se\/no\/produkt\/kids-concept-ullmatte-neo-svartvit\/#breadcrumb"},"inLanguage":"nb-NO","potentialAction":[{"@type":"ReadAction","target":["https:\/\/babylove.se\/no\/produkt\/kids-concept-ullmatte-neo-svartvit\/"]}]},{"@type":"ImageObject","inLanguage":"nb-NO","@id":"https:\/\/babylove.se\/no\/produkt\/kids-concept-ullmatte-neo-svartvit\/#primaryimage","url":"https:\/\/babylove.se\/no\/wp-content\/uploads\/sites\/3\/2025\/07\/5a994cded34ec.png","contentUrl":"https:\/\/babylove.se\/no\/wp-content\/uploads\/sites\/3\/2025\/07\/5a994cded34ec.png","width":416,"height":477},{"@type":"BreadcrumbList","@id":"https:\/\/babylove.se\/no\/produkt\/kids-concept-ullmatte-neo-svartvit\/#breadcrumb","itemListElement":[{"@type":"ListItem","position":1,"name":"Hem","item":"https:\/\/babylove.se\/no\/"},{"@type":"ListItem","position":2,"name":"Butik","item":"https:\/\/babylove.se\/no\/butik\/"},{"@type":"ListItem","position":3,"name":"Kids Concept, ullteppe NEO svart\/hvit"}]},{"@type":"WebSite","@id":"https:\/\/babylove.se\/no\/#website","url":"https:\/\/babylove.se\/no\/","name":"Babylove Norska","description":"","potentialAction":[{"@type":"SearchAction","target":{"@type":"EntryPoint","urlTemplate":"https:\/\/babylove.se\/no\/?s={search_term_string}"},"query-input":{"@type":"PropertyValueSpecification","valueRequired":true,"valueName":"search_term_string"}}],"inLanguage":"nb-NO"}]},"product_brand":"Kids Concept","product_price_amount":"1759.00","product_price_currency":"SEK","og_availability":"out of stock","product_availability":"out of stock","product_retailer_item_id":"1809","product_condition":"new"},"_links":{"self":[{"href":"https:\/\/babylove.se\/no\/wp-json\/wp\/v2\/product\/5967","targetHints":{"allow":["GET"]}}],"collection":[{"href":"https:\/\/babylove.se\/no\/wp-json\/wp\/v2\/product"}],"about":[{"href":"https:\/\/babylove.se\/no\/wp-json\/wp\/v2\/types\/product"}],"replies":[{"embeddable":true,"href":"https:\/\/babylove.se\/no\/wp-json\/wp\/v2\/comments?post=5967"}],"wp:featuredmedia":[{"embeddable":true,"href":"https:\/\/babylove.se\/no\/wp-json\/wp\/v2\/media\/5969"}],"wp:attachment":[{"href":"https:\/\/babylove.se\/no\/wp-json\/wp\/v2\/media?parent=5967"}],"wp:term":[{"taxonomy":"product_brand","embeddable":true,"href":"https:\/\/babylove.se\/no\/wp-json\/wp\/v2\/product_brand?post=5967"},{"taxonomy":"product_cat","embeddable":true,"href":"https:\/\/babylove.se\/no\/wp-json\/wp\/v2\/product_cat?post=5967"},{"taxonomy":"product_tag","embeddable":true,"href":"https:\/\/babylove.se\/no\/wp-json\/wp\/v2\/product_tag?post=5967"}],"curies":[{"name":"wp","href":"https:\/\/api.w.org\/{rel}","templated":true}]}}