{"id":59675,"date":"2025-07-19T15:28:53","date_gmt":"2025-07-19T14:28:53","guid":{"rendered":"https:\/\/babylove.se\/produkt\/konges-slojd-badring-grande-multi-cherry-transparent\/"},"modified":"2026-04-08T14:16:26","modified_gmt":"2026-04-08T13:16:26","slug":"konges-slojd-badring-grande-multi-cherry-transparent","status":"publish","type":"product","link":"https:\/\/babylove.se\/no\/produkt\/konges-slojd-badring-grande-multi-cherry-transparent\/","title":{"rendered":"Konges Sl\u00f8jd, Badering grande, Multi Cherry Transparent"},"content":{"rendered":"<p>Gj\u00f8r sommeren morsommere med en stilig badering fra det velkjente danske merket Konges Sl\u00f8jd! \\n \\nIblant trengs det bare noe enkelt for \u00e5 gj\u00f8re forskjell, og en badering verdsettes av barn i alle aldre. Denne bringer tankene tilbake til 60-tallet og dets farger og form, hvorfor ikke bade med stil n\u00e5r man uansett dypper seg i det bl\u00e5? \\n \\nAnbefalt alder: 3+ \u00e5r. \\n \\n<strong>Materiale<\/strong>: 100% slitesterk PVC, CE-merket.. \\n \\n<strong>M\u00e5l<\/strong>: Diameter 100 cm \\n \\nDesigner: <a href=\"https:\/\/babylove.se\/varumarken\/konges-slojd\">Konges Sl\u00f8jd<\/a> \\n \\n<em>OBS! La aldri barnet ditt v\u00e6re uten tilsyn i vannet! M\u00e5 kun b<em>rukes i vann hvor barnet n\u00e5r bunnen!<\/em><\/em><\/p>\n","protected":false},"excerpt":{"rendered":"<p>Gj\u00f8r sommeren morsommere med en stilig badering fra det velkjente danske merket Konges Sl\u00f8jd! \\n \\nIblant trengs det bare noe enkelt for \u00e5 gj\u00f8re forskjell, og en badering verdsettes av barn i alle aldre. Denne bringer tankene tilbake til 60-tallet og dets farger og form, hvorfor ikke bade med stil n\u00e5r man uansett dypper seg [&hellip;]<\/p>\n","protected":false},"featured_media":59677,"comment_status":"closed","ping_status":"closed","template":"","meta":{"_acf_changed":false},"product_brand":[1544],"product_cat":[754,1545,60,1775,753],"product_tag":[1709],"class_list":{"0":"post-59675","1":"product","2":"type-product","3":"status-publish","4":"has-post-thumbnail","6":"product_brand-konges-slojd","7":"product_cat-badringar","8":"product_cat-konges-slojd","9":"product_cat-sommer","10":"product_cat-uteleker","11":"product_cat-vannleker","12":"product_tag-utforsalg","14":"first","15":"instock","16":"taxable","17":"shipping-taxable","18":"purchasable","19":"product-type-simple"},"acf":[],"yoast_head":"<!-- This site is optimized with the Yoast SEO Premium plugin v25.8 (Yoast SEO v27.2) - https:\/\/yoast.com\/product\/yoast-seo-premium-wordpress\/ -->\n<title>Konges Sl\u00f8jd, Badering grande, Multi Cherry Transparent - Babylove Norska<\/title>\n<meta name=\"robots\" content=\"noindex, follow, max-snippet:-1, max-image-preview:large, max-video-preview:-1\" \/>\n<meta property=\"og:locale\" content=\"nb_NO\" \/>\n<meta property=\"og:type\" content=\"article\" \/>\n<meta property=\"og:title\" content=\"Konges Sl\u00f8jd, Badering grande, Multi Cherry Transparent\" \/>\n<meta property=\"og:description\" content=\"Gj\u00f8r sommeren morsommere med en stilig badering fra det velkjente danske merket Konges Sl\u00f8jd! n nIblant trengs det bare noe enkelt for \u00e5 gj\u00f8re forskjell, og en badering verdsettes av barn i alle aldre. Denne bringer tankene tilbake til 60-tallet og dets farger og form, hvorfor ikke bade med stil n\u00e5r man uansett dypper seg [&hellip;]\" \/>\n<meta property=\"og:url\" content=\"https:\/\/babylove.se\/no\/produkt\/konges-slojd-badring-grande-multi-cherry-transparent\/\" \/>\n<meta property=\"og:site_name\" content=\"Babylove Norska\" \/>\n<meta property=\"article:modified_time\" content=\"2026-04-08T13:16:26+00:00\" \/>\n<meta property=\"og:image\" content=\"https:\/\/babylove.se\/no\/wp-content\/uploads\/sites\/3\/2025\/07\/6603d5d585cfe.jpeg\" \/>\n\t<meta property=\"og:image:width\" content=\"427\" \/>\n\t<meta property=\"og:image:height\" content=\"640\" \/>\n\t<meta property=\"og:image:type\" content=\"image\/jpeg\" \/>\n<meta name=\"twitter:card\" content=\"summary_large_image\" \/>\n<meta name=\"twitter:label1\" content=\"Price\" \/>\n\t<meta name=\"twitter:data1\" content=\"459,00&nbsp;&#107;&#114;\" \/>\n\t<meta name=\"twitter:label2\" content=\"Availability\" \/>\n\t<meta name=\"twitter:data2\" content=\"In stock\" \/>\n<script type=\"application\/ld+json\" class=\"yoast-schema-graph\">{\"@context\":\"https:\/\/schema.org\",\"@graph\":[{\"@type\":\"WebPage\",\"@id\":\"https:\/\/babylove.se\/no\/produkt\/konges-slojd-badring-grande-multi-cherry-transparent\/\",\"url\":\"https:\/\/babylove.se\/no\/produkt\/konges-slojd-badring-grande-multi-cherry-transparent\/\",\"name\":\"Konges Sl\u00f8jd, Badering grande, Multi Cherry Transparent - Babylove Norska\",\"isPartOf\":{\"@id\":\"https:\/\/babylove.se\/no\/#website\"},\"primaryImageOfPage\":{\"@id\":\"https:\/\/babylove.se\/no\/produkt\/konges-slojd-badring-grande-multi-cherry-transparent\/#primaryimage\"},\"image\":{\"@id\":\"https:\/\/babylove.se\/no\/produkt\/konges-slojd-badring-grande-multi-cherry-transparent\/#primaryimage\"},\"thumbnailUrl\":\"https:\/\/babylove.se\/no\/wp-content\/uploads\/sites\/3\/2025\/07\/6603d5d585cfe.jpeg\",\"datePublished\":\"2025-07-19T14:28:53+00:00\",\"dateModified\":\"2026-04-08T13:16:26+00:00\",\"breadcrumb\":{\"@id\":\"https:\/\/babylove.se\/no\/produkt\/konges-slojd-badring-grande-multi-cherry-transparent\/#breadcrumb\"},\"inLanguage\":\"nb-NO\",\"potentialAction\":[{\"@type\":\"ReadAction\",\"target\":[\"https:\/\/babylove.se\/no\/produkt\/konges-slojd-badring-grande-multi-cherry-transparent\/\"]}]},{\"@type\":\"ImageObject\",\"inLanguage\":\"nb-NO\",\"@id\":\"https:\/\/babylove.se\/no\/produkt\/konges-slojd-badring-grande-multi-cherry-transparent\/#primaryimage\",\"url\":\"https:\/\/babylove.se\/no\/wp-content\/uploads\/sites\/3\/2025\/07\/6603d5d585cfe.jpeg\",\"contentUrl\":\"https:\/\/babylove.se\/no\/wp-content\/uploads\/sites\/3\/2025\/07\/6603d5d585cfe.jpeg\",\"width\":427,\"height\":640},{\"@type\":\"BreadcrumbList\",\"@id\":\"https:\/\/babylove.se\/no\/produkt\/konges-slojd-badring-grande-multi-cherry-transparent\/#breadcrumb\",\"itemListElement\":[{\"@type\":\"ListItem\",\"position\":1,\"name\":\"Hem\",\"item\":\"https:\/\/babylove.se\/no\/\"},{\"@type\":\"ListItem\",\"position\":2,\"name\":\"Butik\",\"item\":\"https:\/\/babylove.se\/no\/butik\/\"},{\"@type\":\"ListItem\",\"position\":3,\"name\":\"Konges Sl\u00f8jd, Badering grande, Multi Cherry Transparent\"}]},{\"@type\":\"WebSite\",\"@id\":\"https:\/\/babylove.se\/no\/#website\",\"url\":\"https:\/\/babylove.se\/no\/\",\"name\":\"Babylove Norska\",\"description\":\"\",\"potentialAction\":[{\"@type\":\"SearchAction\",\"target\":{\"@type\":\"EntryPoint\",\"urlTemplate\":\"https:\/\/babylove.se\/no\/?s={search_term_string}\"},\"query-input\":{\"@type\":\"PropertyValueSpecification\",\"valueRequired\":true,\"valueName\":\"search_term_string\"}}],\"inLanguage\":\"nb-NO\"}]}<\/script>\n<meta property=\"product:brand\" content=\"Konges Sl\u00f8jd\" \/>\n<meta property=\"product:price:amount\" content=\"459.00\" \/>\n<meta property=\"product:price:currency\" content=\"SEK\" \/>\n<meta property=\"og:availability\" content=\"instock\" \/>\n<meta property=\"product:availability\" content=\"instock\" \/>\n<meta property=\"product:retailer_item_id\" content=\"KS100267multicherrytransparent\" \/>\n<meta property=\"product:condition\" content=\"new\" \/>\n<!-- \/ Yoast SEO Premium plugin. -->","yoast_head_json":{"title":"Konges Sl\u00f8jd, Badering grande, Multi Cherry Transparent - Babylove Norska","robots":{"index":"noindex","follow":"follow","max-snippet":"max-snippet:-1","max-image-preview":"max-image-preview:large","max-video-preview":"max-video-preview:-1"},"og_locale":"nb_NO","og_type":"article","og_title":"Konges Sl\u00f8jd, Badering grande, Multi Cherry Transparent","og_description":"Gj\u00f8r sommeren morsommere med en stilig badering fra det velkjente danske merket Konges Sl\u00f8jd! n nIblant trengs det bare noe enkelt for \u00e5 gj\u00f8re forskjell, og en badering verdsettes av barn i alle aldre. Denne bringer tankene tilbake til 60-tallet og dets farger og form, hvorfor ikke bade med stil n\u00e5r man uansett dypper seg [&hellip;]","og_url":"https:\/\/babylove.se\/no\/produkt\/konges-slojd-badring-grande-multi-cherry-transparent\/","og_site_name":"Babylove Norska","article_modified_time":"2026-04-08T13:16:26+00:00","og_image":[{"width":427,"height":640,"url":"https:\/\/babylove.se\/no\/wp-content\/uploads\/sites\/3\/2025\/07\/6603d5d585cfe.jpeg","type":"image\/jpeg"}],"twitter_card":"summary_large_image","twitter_misc":{"Price":"459,00&nbsp;&#107;&#114;","Availability":"In stock"},"schema":{"@context":"https:\/\/schema.org","@graph":[{"@type":"WebPage","@id":"https:\/\/babylove.se\/no\/produkt\/konges-slojd-badring-grande-multi-cherry-transparent\/","url":"https:\/\/babylove.se\/no\/produkt\/konges-slojd-badring-grande-multi-cherry-transparent\/","name":"Konges Sl\u00f8jd, Badering grande, Multi Cherry Transparent - Babylove Norska","isPartOf":{"@id":"https:\/\/babylove.se\/no\/#website"},"primaryImageOfPage":{"@id":"https:\/\/babylove.se\/no\/produkt\/konges-slojd-badring-grande-multi-cherry-transparent\/#primaryimage"},"image":{"@id":"https:\/\/babylove.se\/no\/produkt\/konges-slojd-badring-grande-multi-cherry-transparent\/#primaryimage"},"thumbnailUrl":"https:\/\/babylove.se\/no\/wp-content\/uploads\/sites\/3\/2025\/07\/6603d5d585cfe.jpeg","datePublished":"2025-07-19T14:28:53+00:00","dateModified":"2026-04-08T13:16:26+00:00","breadcrumb":{"@id":"https:\/\/babylove.se\/no\/produkt\/konges-slojd-badring-grande-multi-cherry-transparent\/#breadcrumb"},"inLanguage":"nb-NO","potentialAction":[{"@type":"ReadAction","target":["https:\/\/babylove.se\/no\/produkt\/konges-slojd-badring-grande-multi-cherry-transparent\/"]}]},{"@type":"ImageObject","inLanguage":"nb-NO","@id":"https:\/\/babylove.se\/no\/produkt\/konges-slojd-badring-grande-multi-cherry-transparent\/#primaryimage","url":"https:\/\/babylove.se\/no\/wp-content\/uploads\/sites\/3\/2025\/07\/6603d5d585cfe.jpeg","contentUrl":"https:\/\/babylove.se\/no\/wp-content\/uploads\/sites\/3\/2025\/07\/6603d5d585cfe.jpeg","width":427,"height":640},{"@type":"BreadcrumbList","@id":"https:\/\/babylove.se\/no\/produkt\/konges-slojd-badring-grande-multi-cherry-transparent\/#breadcrumb","itemListElement":[{"@type":"ListItem","position":1,"name":"Hem","item":"https:\/\/babylove.se\/no\/"},{"@type":"ListItem","position":2,"name":"Butik","item":"https:\/\/babylove.se\/no\/butik\/"},{"@type":"ListItem","position":3,"name":"Konges Sl\u00f8jd, Badering grande, Multi Cherry Transparent"}]},{"@type":"WebSite","@id":"https:\/\/babylove.se\/no\/#website","url":"https:\/\/babylove.se\/no\/","name":"Babylove Norska","description":"","potentialAction":[{"@type":"SearchAction","target":{"@type":"EntryPoint","urlTemplate":"https:\/\/babylove.se\/no\/?s={search_term_string}"},"query-input":{"@type":"PropertyValueSpecification","valueRequired":true,"valueName":"search_term_string"}}],"inLanguage":"nb-NO"}]},"product_brand":"Konges Sl\u00f8jd","product_price_amount":"459.00","product_price_currency":"SEK","og_availability":"instock","product_availability":"instock","product_retailer_item_id":"KS100267multicherrytransparent","product_condition":"new"},"_links":{"self":[{"href":"https:\/\/babylove.se\/no\/wp-json\/wp\/v2\/product\/59675","targetHints":{"allow":["GET"]}}],"collection":[{"href":"https:\/\/babylove.se\/no\/wp-json\/wp\/v2\/product"}],"about":[{"href":"https:\/\/babylove.se\/no\/wp-json\/wp\/v2\/types\/product"}],"replies":[{"embeddable":true,"href":"https:\/\/babylove.se\/no\/wp-json\/wp\/v2\/comments?post=59675"}],"wp:featuredmedia":[{"embeddable":true,"href":"https:\/\/babylove.se\/no\/wp-json\/wp\/v2\/media\/59677"}],"wp:attachment":[{"href":"https:\/\/babylove.se\/no\/wp-json\/wp\/v2\/media?parent=59675"}],"wp:term":[{"taxonomy":"product_brand","embeddable":true,"href":"https:\/\/babylove.se\/no\/wp-json\/wp\/v2\/product_brand?post=59675"},{"taxonomy":"product_cat","embeddable":true,"href":"https:\/\/babylove.se\/no\/wp-json\/wp\/v2\/product_cat?post=59675"},{"taxonomy":"product_tag","embeddable":true,"href":"https:\/\/babylove.se\/no\/wp-json\/wp\/v2\/product_tag?post=59675"}],"curies":[{"name":"wp","href":"https:\/\/api.w.org\/{rel}","templated":true}]}}