{"id":59709,"date":"2025-07-19T15:29:31","date_gmt":"2025-07-19T14:29:31","guid":{"rendered":"https:\/\/babylove.se\/produkt\/konges-slojd-uppblasbara-armringar-shell-cherry-blush\/"},"modified":"2026-04-08T14:16:50","modified_gmt":"2026-04-08T13:16:50","slug":"konges-slojd-oppblasbare-armringer-shell-cherry-blush","status":"publish","type":"product","link":"https:\/\/babylove.se\/no\/produkt\/konges-slojd-oppblasbare-armringer-shell-cherry-blush\/","title":{"rendered":"Konges Sl\u00f8jd, oppbl\u00e5sbare armringer, shell, cherry blush"},"content":{"rendered":"<p>Gj\u00f8r sommeren morsommere med disse fine oppbl\u00e5sbare armringene fra det velkjente danske merket Konges Sl\u00f8jd! <span style=\"background-color: initial; text-align: initial;\">Perfekte n\u00e5r barnet skal ta det f\u00f8rste stupet i bassenget.&nbsp;<\/span><\/p>\n<p>Laget av n\u00f8ye utvalgte materialer og med h\u00f8yeste omhu. <span style=\"background-color: initial; text-align: initial;\">Trykt med giftfrie farger.&nbsp;<\/span><\/p>\n<p>Egnet for barn mellom 19-30 kg (3-6 \u00e5r). &nbsp;<\/p>\n<p><strong>Materiale<\/strong>: 100% PVC&nbsp;<\/p>\n<p>M\u00e5l: 14 cm x B: 23 cm x L21 cm<\/p>\n<p>Ikke glem \u00e5 skylle av etter bruk! La aldri barnet ditt v\u00e6re uten oppsyn i vannet!&nbsp;<\/p>\n<p>Designer: <a href=\"https:\/\/babylove.se\/varumarken\/konges-slojd\">Konges Sl\u00f8jd<\/a>&nbsp;<\/p>\n","protected":false},"excerpt":{"rendered":"<p>Gj\u00f8r sommeren morsommere med disse fine oppbl\u00e5sbare armringene fra det velkjente danske merket Konges Sl\u00f8jd! Perfekte n\u00e5r barnet skal ta det f\u00f8rste stupet i bassenget.&nbsp; Laget av n\u00f8ye utvalgte materialer og med h\u00f8yeste omhu. Trykt med giftfrie farger.&nbsp; Egnet for barn mellom 19-30 kg (3-6 \u00e5r). &nbsp; Materiale: 100% PVC&nbsp; M\u00e5l: 14 cm x B: [&hellip;]<\/p>\n","protected":false},"featured_media":59711,"comment_status":"closed","ping_status":"open","template":"","meta":{"_acf_changed":false},"product_brand":[1544],"product_cat":[1580,1545,60,1775,753],"product_tag":[],"class_list":{"0":"post-59709","1":"product","2":"type-product","3":"status-publish","4":"has-post-thumbnail","6":"product_brand-konges-slojd","7":"product_cat-armpuffar","8":"product_cat-konges-slojd","9":"product_cat-sommer","10":"product_cat-uteleker","11":"product_cat-vannleker","13":"first","14":"outofstock","15":"taxable","16":"shipping-taxable","17":"purchasable","18":"product-type-simple"},"acf":[],"yoast_head":"<!-- This site is optimized with the Yoast SEO Premium plugin v25.8 (Yoast SEO v27.2) - https:\/\/yoast.com\/product\/yoast-seo-premium-wordpress\/ -->\n<title>Konges Sl\u00f8jd, oppbl\u00e5sbare armringer, shell, cherry blush - Babylove Norska<\/title>\n<meta name=\"robots\" content=\"noindex, follow, max-snippet:-1, max-image-preview:large, max-video-preview:-1\" \/>\n<meta property=\"og:locale\" content=\"nb_NO\" \/>\n<meta property=\"og:type\" content=\"article\" \/>\n<meta property=\"og:title\" content=\"Konges Sl\u00f8jd, oppbl\u00e5sbare armringer, shell, cherry blush\" \/>\n<meta property=\"og:description\" content=\"Gj\u00f8r sommeren morsommere med disse fine oppbl\u00e5sbare armringene fra det velkjente danske merket Konges Sl\u00f8jd! Perfekte n\u00e5r barnet skal ta det f\u00f8rste stupet i bassenget.&nbsp; Laget av n\u00f8ye utvalgte materialer og med h\u00f8yeste omhu. Trykt med giftfrie farger.&nbsp; Egnet for barn mellom 19-30 kg (3-6 \u00e5r). &nbsp; Materiale: 100% PVC&nbsp; M\u00e5l: 14 cm x B: [&hellip;]\" \/>\n<meta property=\"og:url\" content=\"https:\/\/babylove.se\/no\/produkt\/konges-slojd-oppblasbare-armringer-shell-cherry-blush\/\" \/>\n<meta property=\"og:site_name\" content=\"Babylove Norska\" \/>\n<meta property=\"article:modified_time\" content=\"2026-04-08T13:16:50+00:00\" \/>\n<meta property=\"og:image\" content=\"https:\/\/babylove.se\/no\/wp-content\/uploads\/sites\/3\/2025\/07\/660be5a1e56a3.jpeg\" \/>\n\t<meta property=\"og:image:width\" content=\"1280\" \/>\n\t<meta property=\"og:image:height\" content=\"1280\" \/>\n\t<meta property=\"og:image:type\" content=\"image\/jpeg\" \/>\n<meta name=\"twitter:card\" content=\"summary_large_image\" \/>\n<meta name=\"twitter:label1\" content=\"Price\" \/>\n\t<meta name=\"twitter:data1\" content=\"299,00&nbsp;&#107;&#114;\" \/>\n\t<meta name=\"twitter:label2\" content=\"Availability\" \/>\n\t<meta name=\"twitter:data2\" content=\"Out of stock\" \/>\n<script type=\"application\/ld+json\" class=\"yoast-schema-graph\">{\"@context\":\"https:\/\/schema.org\",\"@graph\":[{\"@type\":\"WebPage\",\"@id\":\"https:\/\/babylove.se\/no\/produkt\/konges-slojd-oppblasbare-armringer-shell-cherry-blush\/\",\"url\":\"https:\/\/babylove.se\/no\/produkt\/konges-slojd-oppblasbare-armringer-shell-cherry-blush\/\",\"name\":\"Konges Sl\u00f8jd, oppbl\u00e5sbare armringer, shell, cherry blush - Babylove Norska\",\"isPartOf\":{\"@id\":\"https:\/\/babylove.se\/no\/#website\"},\"primaryImageOfPage\":{\"@id\":\"https:\/\/babylove.se\/no\/produkt\/konges-slojd-oppblasbare-armringer-shell-cherry-blush\/#primaryimage\"},\"image\":{\"@id\":\"https:\/\/babylove.se\/no\/produkt\/konges-slojd-oppblasbare-armringer-shell-cherry-blush\/#primaryimage\"},\"thumbnailUrl\":\"https:\/\/babylove.se\/no\/wp-content\/uploads\/sites\/3\/2025\/07\/660be5a1e56a3.jpeg\",\"datePublished\":\"2025-07-19T14:29:31+00:00\",\"dateModified\":\"2026-04-08T13:16:50+00:00\",\"breadcrumb\":{\"@id\":\"https:\/\/babylove.se\/no\/produkt\/konges-slojd-oppblasbare-armringer-shell-cherry-blush\/#breadcrumb\"},\"inLanguage\":\"nb-NO\",\"potentialAction\":[{\"@type\":\"ReadAction\",\"target\":[\"https:\/\/babylove.se\/no\/produkt\/konges-slojd-oppblasbare-armringer-shell-cherry-blush\/\"]}]},{\"@type\":\"ImageObject\",\"inLanguage\":\"nb-NO\",\"@id\":\"https:\/\/babylove.se\/no\/produkt\/konges-slojd-oppblasbare-armringer-shell-cherry-blush\/#primaryimage\",\"url\":\"https:\/\/babylove.se\/no\/wp-content\/uploads\/sites\/3\/2025\/07\/660be5a1e56a3.jpeg\",\"contentUrl\":\"https:\/\/babylove.se\/no\/wp-content\/uploads\/sites\/3\/2025\/07\/660be5a1e56a3.jpeg\",\"width\":1280,\"height\":1280},{\"@type\":\"BreadcrumbList\",\"@id\":\"https:\/\/babylove.se\/no\/produkt\/konges-slojd-oppblasbare-armringer-shell-cherry-blush\/#breadcrumb\",\"itemListElement\":[{\"@type\":\"ListItem\",\"position\":1,\"name\":\"Hem\",\"item\":\"https:\/\/babylove.se\/no\/\"},{\"@type\":\"ListItem\",\"position\":2,\"name\":\"Butik\",\"item\":\"https:\/\/babylove.se\/no\/butik\/\"},{\"@type\":\"ListItem\",\"position\":3,\"name\":\"Konges Sl\u00f8jd, oppbl\u00e5sbare armringer, shell, cherry blush\"}]},{\"@type\":\"WebSite\",\"@id\":\"https:\/\/babylove.se\/no\/#website\",\"url\":\"https:\/\/babylove.se\/no\/\",\"name\":\"Babylove Norska\",\"description\":\"\",\"potentialAction\":[{\"@type\":\"SearchAction\",\"target\":{\"@type\":\"EntryPoint\",\"urlTemplate\":\"https:\/\/babylove.se\/no\/?s={search_term_string}\"},\"query-input\":{\"@type\":\"PropertyValueSpecification\",\"valueRequired\":true,\"valueName\":\"search_term_string\"}}],\"inLanguage\":\"nb-NO\"}]}<\/script>\n<meta property=\"product:brand\" content=\"Konges Sl\u00f8jd\" \/>\n<meta property=\"product:price:amount\" content=\"299.00\" \/>\n<meta property=\"product:price:currency\" content=\"SEK\" \/>\n<meta property=\"og:availability\" content=\"out of stock\" \/>\n<meta property=\"product:availability\" content=\"out of stock\" \/>\n<meta property=\"product:retailer_item_id\" content=\"KS4885cherryblush\" \/>\n<meta property=\"product:condition\" content=\"new\" \/>\n<!-- \/ Yoast SEO Premium plugin. -->","yoast_head_json":{"title":"Konges Sl\u00f8jd, oppbl\u00e5sbare armringer, shell, cherry blush - Babylove Norska","robots":{"index":"noindex","follow":"follow","max-snippet":"max-snippet:-1","max-image-preview":"max-image-preview:large","max-video-preview":"max-video-preview:-1"},"og_locale":"nb_NO","og_type":"article","og_title":"Konges Sl\u00f8jd, oppbl\u00e5sbare armringer, shell, cherry blush","og_description":"Gj\u00f8r sommeren morsommere med disse fine oppbl\u00e5sbare armringene fra det velkjente danske merket Konges Sl\u00f8jd! Perfekte n\u00e5r barnet skal ta det f\u00f8rste stupet i bassenget.&nbsp; Laget av n\u00f8ye utvalgte materialer og med h\u00f8yeste omhu. Trykt med giftfrie farger.&nbsp; Egnet for barn mellom 19-30 kg (3-6 \u00e5r). &nbsp; Materiale: 100% PVC&nbsp; M\u00e5l: 14 cm x B: [&hellip;]","og_url":"https:\/\/babylove.se\/no\/produkt\/konges-slojd-oppblasbare-armringer-shell-cherry-blush\/","og_site_name":"Babylove Norska","article_modified_time":"2026-04-08T13:16:50+00:00","og_image":[{"width":1280,"height":1280,"url":"https:\/\/babylove.se\/no\/wp-content\/uploads\/sites\/3\/2025\/07\/660be5a1e56a3.jpeg","type":"image\/jpeg"}],"twitter_card":"summary_large_image","twitter_misc":{"Price":"299,00&nbsp;&#107;&#114;","Availability":"Out of stock"},"schema":{"@context":"https:\/\/schema.org","@graph":[{"@type":"WebPage","@id":"https:\/\/babylove.se\/no\/produkt\/konges-slojd-oppblasbare-armringer-shell-cherry-blush\/","url":"https:\/\/babylove.se\/no\/produkt\/konges-slojd-oppblasbare-armringer-shell-cherry-blush\/","name":"Konges Sl\u00f8jd, oppbl\u00e5sbare armringer, shell, cherry blush - Babylove Norska","isPartOf":{"@id":"https:\/\/babylove.se\/no\/#website"},"primaryImageOfPage":{"@id":"https:\/\/babylove.se\/no\/produkt\/konges-slojd-oppblasbare-armringer-shell-cherry-blush\/#primaryimage"},"image":{"@id":"https:\/\/babylove.se\/no\/produkt\/konges-slojd-oppblasbare-armringer-shell-cherry-blush\/#primaryimage"},"thumbnailUrl":"https:\/\/babylove.se\/no\/wp-content\/uploads\/sites\/3\/2025\/07\/660be5a1e56a3.jpeg","datePublished":"2025-07-19T14:29:31+00:00","dateModified":"2026-04-08T13:16:50+00:00","breadcrumb":{"@id":"https:\/\/babylove.se\/no\/produkt\/konges-slojd-oppblasbare-armringer-shell-cherry-blush\/#breadcrumb"},"inLanguage":"nb-NO","potentialAction":[{"@type":"ReadAction","target":["https:\/\/babylove.se\/no\/produkt\/konges-slojd-oppblasbare-armringer-shell-cherry-blush\/"]}]},{"@type":"ImageObject","inLanguage":"nb-NO","@id":"https:\/\/babylove.se\/no\/produkt\/konges-slojd-oppblasbare-armringer-shell-cherry-blush\/#primaryimage","url":"https:\/\/babylove.se\/no\/wp-content\/uploads\/sites\/3\/2025\/07\/660be5a1e56a3.jpeg","contentUrl":"https:\/\/babylove.se\/no\/wp-content\/uploads\/sites\/3\/2025\/07\/660be5a1e56a3.jpeg","width":1280,"height":1280},{"@type":"BreadcrumbList","@id":"https:\/\/babylove.se\/no\/produkt\/konges-slojd-oppblasbare-armringer-shell-cherry-blush\/#breadcrumb","itemListElement":[{"@type":"ListItem","position":1,"name":"Hem","item":"https:\/\/babylove.se\/no\/"},{"@type":"ListItem","position":2,"name":"Butik","item":"https:\/\/babylove.se\/no\/butik\/"},{"@type":"ListItem","position":3,"name":"Konges Sl\u00f8jd, oppbl\u00e5sbare armringer, shell, cherry blush"}]},{"@type":"WebSite","@id":"https:\/\/babylove.se\/no\/#website","url":"https:\/\/babylove.se\/no\/","name":"Babylove Norska","description":"","potentialAction":[{"@type":"SearchAction","target":{"@type":"EntryPoint","urlTemplate":"https:\/\/babylove.se\/no\/?s={search_term_string}"},"query-input":{"@type":"PropertyValueSpecification","valueRequired":true,"valueName":"search_term_string"}}],"inLanguage":"nb-NO"}]},"product_brand":"Konges Sl\u00f8jd","product_price_amount":"299.00","product_price_currency":"SEK","og_availability":"out of stock","product_availability":"out of stock","product_retailer_item_id":"KS4885cherryblush","product_condition":"new"},"_links":{"self":[{"href":"https:\/\/babylove.se\/no\/wp-json\/wp\/v2\/product\/59709","targetHints":{"allow":["GET"]}}],"collection":[{"href":"https:\/\/babylove.se\/no\/wp-json\/wp\/v2\/product"}],"about":[{"href":"https:\/\/babylove.se\/no\/wp-json\/wp\/v2\/types\/product"}],"replies":[{"embeddable":true,"href":"https:\/\/babylove.se\/no\/wp-json\/wp\/v2\/comments?post=59709"}],"wp:featuredmedia":[{"embeddable":true,"href":"https:\/\/babylove.se\/no\/wp-json\/wp\/v2\/media\/59711"}],"wp:attachment":[{"href":"https:\/\/babylove.se\/no\/wp-json\/wp\/v2\/media?parent=59709"}],"wp:term":[{"taxonomy":"product_brand","embeddable":true,"href":"https:\/\/babylove.se\/no\/wp-json\/wp\/v2\/product_brand?post=59709"},{"taxonomy":"product_cat","embeddable":true,"href":"https:\/\/babylove.se\/no\/wp-json\/wp\/v2\/product_cat?post=59709"},{"taxonomy":"product_tag","embeddable":true,"href":"https:\/\/babylove.se\/no\/wp-json\/wp\/v2\/product_tag?post=59709"}],"curies":[{"name":"wp","href":"https:\/\/api.w.org\/{rel}","templated":true}]}}