{"id":59713,"date":"2025-07-19T15:29:31","date_gmt":"2025-07-19T14:29:31","guid":{"rendered":"https:\/\/babylove.se\/produkt\/konges-slojd-badring-baby-peonia\/"},"modified":"2026-04-08T14:16:53","modified_gmt":"2026-04-08T13:16:53","slug":"konges-slojd-badring-baby-peonia","status":"publish","type":"product","link":"https:\/\/babylove.se\/no\/produkt\/konges-slojd-badring-baby-peonia\/","title":{"rendered":"Konges Sl\u00f8jd, Badering baby, Peonia"},"content":{"rendered":"<p>Gj\u00f8r sommeren morsommere med en deilig badering fra det velkjente danske merket Konges Sl\u00f8jd !&nbsp;<\/p>\n<p>Babybaderingen er oppbl\u00e5sbar og har et integrert sete med ryggst\u00f8tte. Perfekt for de aller minste som ikke har l\u00e6rt \u00e5 sv\u00f8mme enn\u00e5.&nbsp;<\/p>\n<p>Anbefalt alder: 1-2 \u00e5r (11 kg?15 kg)<\/p>\n<p><strong>Materiale<\/strong>: 100% slitesterk PVC, CE-merket..&nbsp;<\/p>\n<p><strong>M\u00e5l<\/strong>:&nbsp;<\/p>\n<p>Innerdiameter: ? 22 cm<\/p>\n<p>Ytterdiameter: &nbsp; ? 65 cm<\/p>\n<p>Designer:<span>&nbsp;<\/span><a href=\"https:\/\/babylove.se\/varumarken\/konges-slojd\">Konges Sl\u00f8jd<\/a><\/p>\n<p><em>Obs! Brukes kun under konstant oppsyn! La aldri barnet v\u00e6re alene i baderingen!<\/em><\/p>\n","protected":false},"excerpt":{"rendered":"<p>Gj\u00f8r sommeren morsommere med en deilig badering fra det velkjente danske merket Konges Sl\u00f8jd !&nbsp; Babybaderingen er oppbl\u00e5sbar og har et integrert sete med ryggst\u00f8tte. Perfekt for de aller minste som ikke har l\u00e6rt \u00e5 sv\u00f8mme enn\u00e5.&nbsp; Anbefalt alder: 1-2 \u00e5r (11 kg?15 kg) Materiale: 100% slitesterk PVC, CE-merket..&nbsp; M\u00e5l:&nbsp; Innerdiameter: ? 22 cm Ytterdiameter: [&hellip;]<\/p>\n","protected":false},"featured_media":59715,"comment_status":"closed","ping_status":"open","template":"","meta":{"_acf_changed":false},"product_brand":[1544],"product_cat":[754,1545,60,1775,753],"product_tag":[],"class_list":{"0":"post-59713","1":"product","2":"type-product","3":"status-publish","4":"has-post-thumbnail","6":"product_brand-konges-slojd","7":"product_cat-badringar","8":"product_cat-konges-slojd","9":"product_cat-sommer","10":"product_cat-uteleker","11":"product_cat-vannleker","13":"first","14":"instock","15":"taxable","16":"shipping-taxable","17":"purchasable","18":"product-type-simple"},"acf":[],"yoast_head":"<!-- This site is optimized with the Yoast SEO Premium plugin v25.8 (Yoast SEO v27.2) - https:\/\/yoast.com\/product\/yoast-seo-premium-wordpress\/ -->\n<title>Konges Sl\u00f8jd, Badering baby, Peonia - Babylove Norska<\/title>\n<meta name=\"robots\" content=\"noindex, follow, max-snippet:-1, max-image-preview:large, max-video-preview:-1\" \/>\n<meta property=\"og:locale\" content=\"nb_NO\" \/>\n<meta property=\"og:type\" content=\"article\" \/>\n<meta property=\"og:title\" content=\"Konges Sl\u00f8jd, Badering baby, Peonia\" \/>\n<meta property=\"og:description\" content=\"Gj\u00f8r sommeren morsommere med en deilig badering fra det velkjente danske merket Konges Sl\u00f8jd !&nbsp; Babybaderingen er oppbl\u00e5sbar og har et integrert sete med ryggst\u00f8tte. Perfekt for de aller minste som ikke har l\u00e6rt \u00e5 sv\u00f8mme enn\u00e5.&nbsp; Anbefalt alder: 1-2 \u00e5r (11 kg?15 kg) Materiale: 100% slitesterk PVC, CE-merket..&nbsp; M\u00e5l:&nbsp; Innerdiameter: ? 22 cm Ytterdiameter: [&hellip;]\" \/>\n<meta property=\"og:url\" content=\"https:\/\/babylove.se\/no\/produkt\/konges-slojd-badring-baby-peonia\/\" \/>\n<meta property=\"og:site_name\" content=\"Babylove Norska\" \/>\n<meta property=\"article:modified_time\" content=\"2026-04-08T13:16:53+00:00\" \/>\n<meta property=\"og:image\" content=\"https:\/\/babylove.se\/no\/wp-content\/uploads\/sites\/3\/2025\/07\/664de20f27db1.png\" \/>\n\t<meta property=\"og:image:width\" content=\"1316\" \/>\n\t<meta property=\"og:image:height\" content=\"1256\" \/>\n\t<meta property=\"og:image:type\" content=\"image\/png\" \/>\n<meta name=\"twitter:card\" content=\"summary_large_image\" \/>\n<meta name=\"twitter:label1\" content=\"Price\" \/>\n\t<meta name=\"twitter:data1\" content=\"589,00&nbsp;&#107;&#114;\" \/>\n\t<meta name=\"twitter:label2\" content=\"Availability\" \/>\n\t<meta name=\"twitter:data2\" content=\"In stock\" \/>\n<script type=\"application\/ld+json\" class=\"yoast-schema-graph\">{\"@context\":\"https:\/\/schema.org\",\"@graph\":[{\"@type\":\"WebPage\",\"@id\":\"https:\/\/babylove.se\/no\/produkt\/konges-slojd-badring-baby-peonia\/\",\"url\":\"https:\/\/babylove.se\/no\/produkt\/konges-slojd-badring-baby-peonia\/\",\"name\":\"Konges Sl\u00f8jd, Badering baby, Peonia - Babylove Norska\",\"isPartOf\":{\"@id\":\"https:\/\/babylove.se\/no\/#website\"},\"primaryImageOfPage\":{\"@id\":\"https:\/\/babylove.se\/no\/produkt\/konges-slojd-badring-baby-peonia\/#primaryimage\"},\"image\":{\"@id\":\"https:\/\/babylove.se\/no\/produkt\/konges-slojd-badring-baby-peonia\/#primaryimage\"},\"thumbnailUrl\":\"https:\/\/babylove.se\/no\/wp-content\/uploads\/sites\/3\/2025\/07\/664de20f27db1.png\",\"datePublished\":\"2025-07-19T14:29:31+00:00\",\"dateModified\":\"2026-04-08T13:16:53+00:00\",\"breadcrumb\":{\"@id\":\"https:\/\/babylove.se\/no\/produkt\/konges-slojd-badring-baby-peonia\/#breadcrumb\"},\"inLanguage\":\"nb-NO\",\"potentialAction\":[{\"@type\":\"ReadAction\",\"target\":[\"https:\/\/babylove.se\/no\/produkt\/konges-slojd-badring-baby-peonia\/\"]}]},{\"@type\":\"ImageObject\",\"inLanguage\":\"nb-NO\",\"@id\":\"https:\/\/babylove.se\/no\/produkt\/konges-slojd-badring-baby-peonia\/#primaryimage\",\"url\":\"https:\/\/babylove.se\/no\/wp-content\/uploads\/sites\/3\/2025\/07\/664de20f27db1.png\",\"contentUrl\":\"https:\/\/babylove.se\/no\/wp-content\/uploads\/sites\/3\/2025\/07\/664de20f27db1.png\",\"width\":1316,\"height\":1256},{\"@type\":\"BreadcrumbList\",\"@id\":\"https:\/\/babylove.se\/no\/produkt\/konges-slojd-badring-baby-peonia\/#breadcrumb\",\"itemListElement\":[{\"@type\":\"ListItem\",\"position\":1,\"name\":\"Hem\",\"item\":\"https:\/\/babylove.se\/no\/\"},{\"@type\":\"ListItem\",\"position\":2,\"name\":\"Butik\",\"item\":\"https:\/\/babylove.se\/no\/butik\/\"},{\"@type\":\"ListItem\",\"position\":3,\"name\":\"Konges Sl\u00f8jd, Badering baby, Peonia\"}]},{\"@type\":\"WebSite\",\"@id\":\"https:\/\/babylove.se\/no\/#website\",\"url\":\"https:\/\/babylove.se\/no\/\",\"name\":\"Babylove Norska\",\"description\":\"\",\"potentialAction\":[{\"@type\":\"SearchAction\",\"target\":{\"@type\":\"EntryPoint\",\"urlTemplate\":\"https:\/\/babylove.se\/no\/?s={search_term_string}\"},\"query-input\":{\"@type\":\"PropertyValueSpecification\",\"valueRequired\":true,\"valueName\":\"search_term_string\"}}],\"inLanguage\":\"nb-NO\"}]}<\/script>\n<meta property=\"product:brand\" content=\"Konges Sl\u00f8jd\" \/>\n<meta property=\"product:price:amount\" content=\"589.00\" \/>\n<meta property=\"product:price:currency\" content=\"SEK\" \/>\n<meta property=\"og:availability\" content=\"instock\" \/>\n<meta property=\"product:availability\" content=\"instock\" \/>\n<meta property=\"product:retailer_item_id\" content=\"KS4863peonia\" \/>\n<meta property=\"product:condition\" content=\"new\" \/>\n<!-- \/ Yoast SEO Premium plugin. -->","yoast_head_json":{"title":"Konges Sl\u00f8jd, Badering baby, Peonia - Babylove Norska","robots":{"index":"noindex","follow":"follow","max-snippet":"max-snippet:-1","max-image-preview":"max-image-preview:large","max-video-preview":"max-video-preview:-1"},"og_locale":"nb_NO","og_type":"article","og_title":"Konges Sl\u00f8jd, Badering baby, Peonia","og_description":"Gj\u00f8r sommeren morsommere med en deilig badering fra det velkjente danske merket Konges Sl\u00f8jd !&nbsp; Babybaderingen er oppbl\u00e5sbar og har et integrert sete med ryggst\u00f8tte. Perfekt for de aller minste som ikke har l\u00e6rt \u00e5 sv\u00f8mme enn\u00e5.&nbsp; Anbefalt alder: 1-2 \u00e5r (11 kg?15 kg) Materiale: 100% slitesterk PVC, CE-merket..&nbsp; M\u00e5l:&nbsp; Innerdiameter: ? 22 cm Ytterdiameter: [&hellip;]","og_url":"https:\/\/babylove.se\/no\/produkt\/konges-slojd-badring-baby-peonia\/","og_site_name":"Babylove Norska","article_modified_time":"2026-04-08T13:16:53+00:00","og_image":[{"width":1316,"height":1256,"url":"https:\/\/babylove.se\/no\/wp-content\/uploads\/sites\/3\/2025\/07\/664de20f27db1.png","type":"image\/png"}],"twitter_card":"summary_large_image","twitter_misc":{"Price":"589,00&nbsp;&#107;&#114;","Availability":"In stock"},"schema":{"@context":"https:\/\/schema.org","@graph":[{"@type":"WebPage","@id":"https:\/\/babylove.se\/no\/produkt\/konges-slojd-badring-baby-peonia\/","url":"https:\/\/babylove.se\/no\/produkt\/konges-slojd-badring-baby-peonia\/","name":"Konges Sl\u00f8jd, Badering baby, Peonia - Babylove Norska","isPartOf":{"@id":"https:\/\/babylove.se\/no\/#website"},"primaryImageOfPage":{"@id":"https:\/\/babylove.se\/no\/produkt\/konges-slojd-badring-baby-peonia\/#primaryimage"},"image":{"@id":"https:\/\/babylove.se\/no\/produkt\/konges-slojd-badring-baby-peonia\/#primaryimage"},"thumbnailUrl":"https:\/\/babylove.se\/no\/wp-content\/uploads\/sites\/3\/2025\/07\/664de20f27db1.png","datePublished":"2025-07-19T14:29:31+00:00","dateModified":"2026-04-08T13:16:53+00:00","breadcrumb":{"@id":"https:\/\/babylove.se\/no\/produkt\/konges-slojd-badring-baby-peonia\/#breadcrumb"},"inLanguage":"nb-NO","potentialAction":[{"@type":"ReadAction","target":["https:\/\/babylove.se\/no\/produkt\/konges-slojd-badring-baby-peonia\/"]}]},{"@type":"ImageObject","inLanguage":"nb-NO","@id":"https:\/\/babylove.se\/no\/produkt\/konges-slojd-badring-baby-peonia\/#primaryimage","url":"https:\/\/babylove.se\/no\/wp-content\/uploads\/sites\/3\/2025\/07\/664de20f27db1.png","contentUrl":"https:\/\/babylove.se\/no\/wp-content\/uploads\/sites\/3\/2025\/07\/664de20f27db1.png","width":1316,"height":1256},{"@type":"BreadcrumbList","@id":"https:\/\/babylove.se\/no\/produkt\/konges-slojd-badring-baby-peonia\/#breadcrumb","itemListElement":[{"@type":"ListItem","position":1,"name":"Hem","item":"https:\/\/babylove.se\/no\/"},{"@type":"ListItem","position":2,"name":"Butik","item":"https:\/\/babylove.se\/no\/butik\/"},{"@type":"ListItem","position":3,"name":"Konges Sl\u00f8jd, Badering baby, Peonia"}]},{"@type":"WebSite","@id":"https:\/\/babylove.se\/no\/#website","url":"https:\/\/babylove.se\/no\/","name":"Babylove Norska","description":"","potentialAction":[{"@type":"SearchAction","target":{"@type":"EntryPoint","urlTemplate":"https:\/\/babylove.se\/no\/?s={search_term_string}"},"query-input":{"@type":"PropertyValueSpecification","valueRequired":true,"valueName":"search_term_string"}}],"inLanguage":"nb-NO"}]},"product_brand":"Konges Sl\u00f8jd","product_price_amount":"589.00","product_price_currency":"SEK","og_availability":"instock","product_availability":"instock","product_retailer_item_id":"KS4863peonia","product_condition":"new"},"_links":{"self":[{"href":"https:\/\/babylove.se\/no\/wp-json\/wp\/v2\/product\/59713","targetHints":{"allow":["GET"]}}],"collection":[{"href":"https:\/\/babylove.se\/no\/wp-json\/wp\/v2\/product"}],"about":[{"href":"https:\/\/babylove.se\/no\/wp-json\/wp\/v2\/types\/product"}],"replies":[{"embeddable":true,"href":"https:\/\/babylove.se\/no\/wp-json\/wp\/v2\/comments?post=59713"}],"wp:featuredmedia":[{"embeddable":true,"href":"https:\/\/babylove.se\/no\/wp-json\/wp\/v2\/media\/59715"}],"wp:attachment":[{"href":"https:\/\/babylove.se\/no\/wp-json\/wp\/v2\/media?parent=59713"}],"wp:term":[{"taxonomy":"product_brand","embeddable":true,"href":"https:\/\/babylove.se\/no\/wp-json\/wp\/v2\/product_brand?post=59713"},{"taxonomy":"product_cat","embeddable":true,"href":"https:\/\/babylove.se\/no\/wp-json\/wp\/v2\/product_cat?post=59713"},{"taxonomy":"product_tag","embeddable":true,"href":"https:\/\/babylove.se\/no\/wp-json\/wp\/v2\/product_tag?post=59713"}],"curies":[{"name":"wp","href":"https:\/\/api.w.org\/{rel}","templated":true}]}}