{"id":59730,"date":"2025-07-19T15:29:47","date_gmt":"2025-07-19T14:29:47","guid":{"rendered":"https:\/\/babylove.se\/produkt\/natur-vaningssang-med-tre-sangar-betty-90x200-cm\/"},"modified":"2026-04-08T14:17:01","modified_gmt":"2026-04-08T13:17:01","slug":"natur-koyeseng-med-tre-senger-betty-90x200-cm","status":"publish","type":"product","link":"https:\/\/babylove.se\/no\/produkt\/natur-koyeseng-med-tre-senger-betty-90x200-cm\/","title":{"rendered":"Natur k\u00f8yeseng med tre senger, Betty 90&#215;200 cm"},"content":{"rendered":"<p>\u00c5 finne en k\u00f8yeseng med 3 senger som b\u00e5de er praktisk og pen er ikke enkelt, men her er svaret p\u00e5 det! <\/p>\n<p>En stabil barneseng i stilsikker design, for mange \u00e5r med s\u00f8te dr\u00f8mmer! Denne sengen kan enkelt gj\u00f8res om til to separate senger om man \u00f8nsker det, noe som skaper mange ulike muligheter. Laget av massiv furu som gj\u00f8r den stabil og solid. Ideell b\u00e5de \u00e5 leke og sove i. <\/p>\n<p>P\u00e5 v\u00e5r fine s\u00f8skenseng Betty har man tenkt grundig for \u00e5 optimalisere gulvplassen i barnerommet. Vi lover at sengen vil bli dine barns favoritt, og ikke bare for \u00e5 sove i da den med enkle midler kan bli en riktig bra kosekrok. Mange dekorerer med sengehimler, vimpler eller lyskjeder, bare din kreativitet setter stopp. <\/p>\n<p><strong>Info:<\/strong> <\/p>\n<ul>\n<li>Farge: natur<\/li>\n<li>100% FSC-sertifisert furutre som sikrer at virket kommer fra ansvarlig skogbruk.<\/li>\n<li>Oppbevaringsskuffer inkludert.<\/li>\n<li>St\u00f8ttebordet p\u00e5 den \u00f8verste sengen og stigen kan monteres p\u00e5 valgfri side.<\/li>\n<li>St\u00f8ttebordet p\u00e5 den nedre sengen er avtagbart.<\/li>\n<li>Maks vekt: 100 kg per seng.<\/li>\n<\/ul>\n<p><strong>M\u00e5l<\/strong>: <\/p>\n<ul>\n<li>Sengem\u00e5l: 90&#215;200 cm<\/li>\n<li>Sengem\u00e5l ekstra seng: 90&#215;190 cm<\/li>\n<li>Totalbredde: 97 cm<\/li>\n<li>Totallengde: 208 cm<\/li>\n<li>Totalh\u00f8yde: ca 164 cm.<\/li>\n<li>H\u00f8yde fra gulv til \u00f8vre seng: 112 cm.<\/li>\n<li>Oppbevaringsskuff h\u00f8yde: 11,5 cm.<\/li>\n<li>St\u00f8ttebordets h\u00f8yde p\u00e5 den \u00f8verste sengen: 25 cm. Avstand mellom spiler 6,5 cm.<\/li>\n<\/ul>\n<p>Matrasser er ikke inkludert, men finnes \u00e5 kj\u00f8pe i v\u00e5rt store utvalg! Vi anbefaler en skummadrass med en tykkelse p\u00e5 <em>10-12 cm<\/em> for den \u00f8verste sengene og <em>maks 8 cm<\/em> for ekstrasengen. Hvis madrassen til ekstrasengen er tykkere enn 8 cm vil ikke ekstrasengen kunne trekkes ut. <\/p>\n<p>Sengene produseres i henhold til standarden EN-747-1: 2012 + A1: 2015 i v\u00e5r fabrikk i Europa som har de h\u00f8yeste sikkerhetsstandardene for produksjon av barnesenger. og kontrollerer hvert trinn fra t\u00f8mmeret kommer inn i fabrikken til et ferdig produkt forlater. Sengene lakkes tre ganger med \u00f8kologisk, milj\u00f8vennlig og vannbasert maling som f\u00f8lger normen EN 71-3:2019. <\/p>\n<p><em>Obs! Dette er en seng laget og tilpasset for barn. <em><em><em><em><em>Sengen leveres umontert og b\u00f8r settes sammen i rommet den skal brukes i.<\/em><\/em><\/em><\/em><\/em><\/em><\/p>\n","protected":false},"excerpt":{"rendered":"<p>\u00c5 finne en k\u00f8yeseng med 3 senger som b\u00e5de er praktisk og pen er ikke enkelt, men her er svaret p\u00e5 det! En stabil barneseng i stilsikker design, for mange \u00e5r med s\u00f8te dr\u00f8mmer! Denne sengen kan enkelt gj\u00f8res om til to separate senger om man \u00f8nsker det, noe som skaper mange ulike muligheter. Laget [&hellip;]<\/p>\n","protected":false},"featured_media":59732,"comment_status":"closed","ping_status":"closed","template":"","meta":{"_acf_changed":false},"product_brand":[1319],"product_cat":[432,385,1320,1568,280,40],"product_tag":[1689],"class_list":{"0":"post-59730","1":"product","2":"type-product","3":"status-publish","4":"has-post-thumbnail","6":"product_brand-lano","7":"product_cat-tresengsanger","8":"product_cat-koyesenger-loftsenger","9":"product_cat-lano","10":"product_cat-lano-hurtigleveranse","11":"product_cat-senger-med-rask-levering","12":"product_cat-soverom-barn","13":"product_tag-bestillingsvaror","15":"first","16":"instock","17":"taxable","18":"shipping-taxable","19":"purchasable","20":"product-type-simple"},"acf":[],"yoast_head":"<!-- This site is optimized with the Yoast SEO Premium plugin v25.8 (Yoast SEO v27.2) - https:\/\/yoast.com\/product\/yoast-seo-premium-wordpress\/ -->\n<title>Natur k\u00f8yeseng med tre senger, Betty 90x200 cm - Babylove Norska<\/title>\n<meta name=\"robots\" content=\"noindex, follow, max-snippet:-1, max-image-preview:large, max-video-preview:-1\" \/>\n<meta property=\"og:locale\" content=\"nb_NO\" \/>\n<meta property=\"og:type\" content=\"article\" \/>\n<meta property=\"og:title\" content=\"Natur k\u00f8yeseng med tre senger, Betty 90x200 cm\" \/>\n<meta property=\"og:description\" content=\"\u00c5 finne en k\u00f8yeseng med 3 senger som b\u00e5de er praktisk og pen er ikke enkelt, men her er svaret p\u00e5 det! En stabil barneseng i stilsikker design, for mange \u00e5r med s\u00f8te dr\u00f8mmer! Denne sengen kan enkelt gj\u00f8res om til to separate senger om man \u00f8nsker det, noe som skaper mange ulike muligheter. Laget [&hellip;]\" \/>\n<meta property=\"og:url\" content=\"https:\/\/babylove.se\/no\/produkt\/natur-koyeseng-med-tre-senger-betty-90x200-cm\/\" \/>\n<meta property=\"og:site_name\" content=\"Babylove Norska\" \/>\n<meta property=\"article:modified_time\" content=\"2026-04-08T13:17:01+00:00\" \/>\n<meta property=\"og:image\" content=\"https:\/\/babylove.se\/no\/wp-content\/uploads\/sites\/3\/2025\/07\/660d15f1a5147.jpeg\" \/>\n\t<meta property=\"og:image:width\" content=\"819\" \/>\n\t<meta property=\"og:image:height\" content=\"522\" \/>\n\t<meta property=\"og:image:type\" content=\"image\/jpeg\" \/>\n<meta name=\"twitter:card\" content=\"summary_large_image\" \/>\n<meta name=\"twitter:label1\" content=\"Price\" \/>\n\t<meta name=\"twitter:data1\" content=\"6 799,00&nbsp;&#107;&#114;\" \/>\n\t<meta name=\"twitter:label2\" content=\"Availability\" \/>\n\t<meta name=\"twitter:data2\" content=\"In stock\" \/>\n<script type=\"application\/ld+json\" class=\"yoast-schema-graph\">{\"@context\":\"https:\/\/schema.org\",\"@graph\":[{\"@type\":\"WebPage\",\"@id\":\"https:\/\/babylove.se\/no\/produkt\/natur-koyeseng-med-tre-senger-betty-90x200-cm\/\",\"url\":\"https:\/\/babylove.se\/no\/produkt\/natur-koyeseng-med-tre-senger-betty-90x200-cm\/\",\"name\":\"Natur k\u00f8yeseng med tre senger, Betty 90x200 cm - Babylove Norska\",\"isPartOf\":{\"@id\":\"https:\/\/babylove.se\/no\/#website\"},\"primaryImageOfPage\":{\"@id\":\"https:\/\/babylove.se\/no\/produkt\/natur-koyeseng-med-tre-senger-betty-90x200-cm\/#primaryimage\"},\"image\":{\"@id\":\"https:\/\/babylove.se\/no\/produkt\/natur-koyeseng-med-tre-senger-betty-90x200-cm\/#primaryimage\"},\"thumbnailUrl\":\"https:\/\/babylove.se\/no\/wp-content\/uploads\/sites\/3\/2025\/07\/660d15f1a5147.jpeg\",\"datePublished\":\"2025-07-19T14:29:47+00:00\",\"dateModified\":\"2026-04-08T13:17:01+00:00\",\"breadcrumb\":{\"@id\":\"https:\/\/babylove.se\/no\/produkt\/natur-koyeseng-med-tre-senger-betty-90x200-cm\/#breadcrumb\"},\"inLanguage\":\"nb-NO\",\"potentialAction\":[{\"@type\":\"ReadAction\",\"target\":[\"https:\/\/babylove.se\/no\/produkt\/natur-koyeseng-med-tre-senger-betty-90x200-cm\/\"]}]},{\"@type\":\"ImageObject\",\"inLanguage\":\"nb-NO\",\"@id\":\"https:\/\/babylove.se\/no\/produkt\/natur-koyeseng-med-tre-senger-betty-90x200-cm\/#primaryimage\",\"url\":\"https:\/\/babylove.se\/no\/wp-content\/uploads\/sites\/3\/2025\/07\/660d15f1a5147.jpeg\",\"contentUrl\":\"https:\/\/babylove.se\/no\/wp-content\/uploads\/sites\/3\/2025\/07\/660d15f1a5147.jpeg\",\"width\":819,\"height\":522},{\"@type\":\"BreadcrumbList\",\"@id\":\"https:\/\/babylove.se\/no\/produkt\/natur-koyeseng-med-tre-senger-betty-90x200-cm\/#breadcrumb\",\"itemListElement\":[{\"@type\":\"ListItem\",\"position\":1,\"name\":\"Hem\",\"item\":\"https:\/\/babylove.se\/no\/\"},{\"@type\":\"ListItem\",\"position\":2,\"name\":\"Butik\",\"item\":\"https:\/\/babylove.se\/no\/butik\/\"},{\"@type\":\"ListItem\",\"position\":3,\"name\":\"Natur k\u00f8yeseng med tre senger, Betty 90&#215;200 cm\"}]},{\"@type\":\"WebSite\",\"@id\":\"https:\/\/babylove.se\/no\/#website\",\"url\":\"https:\/\/babylove.se\/no\/\",\"name\":\"Babylove Norska\",\"description\":\"\",\"potentialAction\":[{\"@type\":\"SearchAction\",\"target\":{\"@type\":\"EntryPoint\",\"urlTemplate\":\"https:\/\/babylove.se\/no\/?s={search_term_string}\"},\"query-input\":{\"@type\":\"PropertyValueSpecification\",\"valueRequired\":true,\"valueName\":\"search_term_string\"}}],\"inLanguage\":\"nb-NO\"}]}<\/script>\n<meta property=\"product:brand\" content=\"LANO\" \/>\n<meta property=\"product:price:amount\" content=\"6799.00\" \/>\n<meta property=\"product:price:currency\" content=\"SEK\" \/>\n<meta property=\"og:availability\" content=\"instock\" \/>\n<meta property=\"product:availability\" content=\"instock\" \/>\n<meta property=\"product:retailer_item_id\" content=\"BLAN006-90x200-cm-Natur-Med-FAST\" \/>\n<meta property=\"product:condition\" content=\"new\" \/>\n<!-- \/ Yoast SEO Premium plugin. -->","yoast_head_json":{"title":"Natur k\u00f8yeseng med tre senger, Betty 90x200 cm - Babylove Norska","robots":{"index":"noindex","follow":"follow","max-snippet":"max-snippet:-1","max-image-preview":"max-image-preview:large","max-video-preview":"max-video-preview:-1"},"og_locale":"nb_NO","og_type":"article","og_title":"Natur k\u00f8yeseng med tre senger, Betty 90x200 cm","og_description":"\u00c5 finne en k\u00f8yeseng med 3 senger som b\u00e5de er praktisk og pen er ikke enkelt, men her er svaret p\u00e5 det! En stabil barneseng i stilsikker design, for mange \u00e5r med s\u00f8te dr\u00f8mmer! Denne sengen kan enkelt gj\u00f8res om til to separate senger om man \u00f8nsker det, noe som skaper mange ulike muligheter. Laget [&hellip;]","og_url":"https:\/\/babylove.se\/no\/produkt\/natur-koyeseng-med-tre-senger-betty-90x200-cm\/","og_site_name":"Babylove Norska","article_modified_time":"2026-04-08T13:17:01+00:00","og_image":[{"width":819,"height":522,"url":"https:\/\/babylove.se\/no\/wp-content\/uploads\/sites\/3\/2025\/07\/660d15f1a5147.jpeg","type":"image\/jpeg"}],"twitter_card":"summary_large_image","twitter_misc":{"Price":"6 799,00&nbsp;&#107;&#114;","Availability":"In stock"},"schema":{"@context":"https:\/\/schema.org","@graph":[{"@type":"WebPage","@id":"https:\/\/babylove.se\/no\/produkt\/natur-koyeseng-med-tre-senger-betty-90x200-cm\/","url":"https:\/\/babylove.se\/no\/produkt\/natur-koyeseng-med-tre-senger-betty-90x200-cm\/","name":"Natur k\u00f8yeseng med tre senger, Betty 90x200 cm - Babylove Norska","isPartOf":{"@id":"https:\/\/babylove.se\/no\/#website"},"primaryImageOfPage":{"@id":"https:\/\/babylove.se\/no\/produkt\/natur-koyeseng-med-tre-senger-betty-90x200-cm\/#primaryimage"},"image":{"@id":"https:\/\/babylove.se\/no\/produkt\/natur-koyeseng-med-tre-senger-betty-90x200-cm\/#primaryimage"},"thumbnailUrl":"https:\/\/babylove.se\/no\/wp-content\/uploads\/sites\/3\/2025\/07\/660d15f1a5147.jpeg","datePublished":"2025-07-19T14:29:47+00:00","dateModified":"2026-04-08T13:17:01+00:00","breadcrumb":{"@id":"https:\/\/babylove.se\/no\/produkt\/natur-koyeseng-med-tre-senger-betty-90x200-cm\/#breadcrumb"},"inLanguage":"nb-NO","potentialAction":[{"@type":"ReadAction","target":["https:\/\/babylove.se\/no\/produkt\/natur-koyeseng-med-tre-senger-betty-90x200-cm\/"]}]},{"@type":"ImageObject","inLanguage":"nb-NO","@id":"https:\/\/babylove.se\/no\/produkt\/natur-koyeseng-med-tre-senger-betty-90x200-cm\/#primaryimage","url":"https:\/\/babylove.se\/no\/wp-content\/uploads\/sites\/3\/2025\/07\/660d15f1a5147.jpeg","contentUrl":"https:\/\/babylove.se\/no\/wp-content\/uploads\/sites\/3\/2025\/07\/660d15f1a5147.jpeg","width":819,"height":522},{"@type":"BreadcrumbList","@id":"https:\/\/babylove.se\/no\/produkt\/natur-koyeseng-med-tre-senger-betty-90x200-cm\/#breadcrumb","itemListElement":[{"@type":"ListItem","position":1,"name":"Hem","item":"https:\/\/babylove.se\/no\/"},{"@type":"ListItem","position":2,"name":"Butik","item":"https:\/\/babylove.se\/no\/butik\/"},{"@type":"ListItem","position":3,"name":"Natur k\u00f8yeseng med tre senger, Betty 90&#215;200 cm"}]},{"@type":"WebSite","@id":"https:\/\/babylove.se\/no\/#website","url":"https:\/\/babylove.se\/no\/","name":"Babylove Norska","description":"","potentialAction":[{"@type":"SearchAction","target":{"@type":"EntryPoint","urlTemplate":"https:\/\/babylove.se\/no\/?s={search_term_string}"},"query-input":{"@type":"PropertyValueSpecification","valueRequired":true,"valueName":"search_term_string"}}],"inLanguage":"nb-NO"}]},"product_brand":"LANO","product_price_amount":"6799.00","product_price_currency":"SEK","og_availability":"instock","product_availability":"instock","product_retailer_item_id":"BLAN006-90x200-cm-Natur-Med-FAST","product_condition":"new"},"_links":{"self":[{"href":"https:\/\/babylove.se\/no\/wp-json\/wp\/v2\/product\/59730","targetHints":{"allow":["GET"]}}],"collection":[{"href":"https:\/\/babylove.se\/no\/wp-json\/wp\/v2\/product"}],"about":[{"href":"https:\/\/babylove.se\/no\/wp-json\/wp\/v2\/types\/product"}],"replies":[{"embeddable":true,"href":"https:\/\/babylove.se\/no\/wp-json\/wp\/v2\/comments?post=59730"}],"wp:featuredmedia":[{"embeddable":true,"href":"https:\/\/babylove.se\/no\/wp-json\/wp\/v2\/media\/59732"}],"wp:attachment":[{"href":"https:\/\/babylove.se\/no\/wp-json\/wp\/v2\/media?parent=59730"}],"wp:term":[{"taxonomy":"product_brand","embeddable":true,"href":"https:\/\/babylove.se\/no\/wp-json\/wp\/v2\/product_brand?post=59730"},{"taxonomy":"product_cat","embeddable":true,"href":"https:\/\/babylove.se\/no\/wp-json\/wp\/v2\/product_cat?post=59730"},{"taxonomy":"product_tag","embeddable":true,"href":"https:\/\/babylove.se\/no\/wp-json\/wp\/v2\/product_tag?post=59730"}],"curies":[{"name":"wp","href":"https:\/\/api.w.org\/{rel}","templated":true}]}}