{"id":59745,"date":"2025-07-19T15:29:47","date_gmt":"2025-07-19T14:29:47","guid":{"rendered":"https:\/\/babylove.se\/produkt\/vit-barnsang-med-stodbrada-fred-90x200\/"},"modified":"2026-04-08T14:17:04","modified_gmt":"2026-04-08T13:17:04","slug":"hvit-barneseng-med-stottebrett-fred-90x200","status":"publish","type":"product","link":"https:\/\/babylove.se\/no\/produkt\/hvit-barneseng-med-stottebrett-fred-90x200\/","title":{"rendered":"Hvit barneseng med st\u00f8ttebrett, Fred 90&#215;200"},"content":{"rendered":"<p>Her er den ultimate juniorsengen!&nbsp;<\/p>\n<p>En stabil og solid barneseng i tidl\u00f8s design, som ikke bare er et koselig sovested, men ogs\u00e5 et utmerket innredningsdetalj p\u00e5 barnerommet! Sengen er laget av massiv furu som gj\u00f8r den stabil og solid. Ideell \u00e5 b\u00e5de leke og sove i.&nbsp;<\/p>\n<p>Den store fordelen med denne modellen er det h\u00f8ye og lange rekkverket som gj\u00f8r at den passer utmerket til de mindre barna!<\/p>\n<p>En seng i skandinavisk stilren stil som passer overalt og i alle typer rom. Du kan enkelt dekorere den med fine vimpler eller lysslynger for \u00e5 f\u00e5 mer effekt.&nbsp;<\/p>\n<p><strong>Info:<\/strong><\/p>\n<ul>\n<li>Farge: hvit<\/li>\n<li>100% FSC-sertifisert furutre som sikrer at virket kommer fra ansvarlig skogbruk.<\/li>\n<li>Maks vekt: 100 kg.<\/li>\n<\/ul>\n<p><strong>M\u00e5l:&nbsp;<\/strong><\/p>\n<ul>\n<li>Sengm\u00e5l: 90&#215;200 cm<\/li>\n<li>Totalm\u00e5l: 97&#215;208 cm<\/li>\n<li>Sengens totale h\u00f8yde: 62 cm.&nbsp;<\/li>\n<li>St\u00f8ttebrett h\u00f8yde n\u00e5r den er montert: 47,5 cm. Avstand mellom spiler 6,5 cm.<\/li>\n<\/ul>\n<p>Madrass f\u00f8lger ikke med, men ta gjerne en titt p\u00e5 v\u00e5rt store madrassutvalg. Vi anbefaler en skummadrass med tykkelse p\u00e5 ca 10-12 cm.<\/p>\n<p>Sengene produseres i henhold til standarden EN-747-1: 2012 + A1: 2015 i v\u00e5r fabrikk i Europa som har de h\u00f8yeste sikkerhetsstandardene for produksjon av barnesenger. og kontrollerer hvert steg fra det at t\u00f8mmeret kommer inn i fabrikken til at et ferdig produkt forlater den. Sengene lakkeres tre ganger med \u00f8kologisk, milj\u00f8vennlig og vannbasert maling som f\u00f8lger normen EN 71-3:2019.&nbsp;<\/p>\n<p><em><em>Dette er en seng produsert og tilpasset for barn. <em><em><em><em><em>Sengen leveres umontert og b\u00f8r settes sammen i rommet den skal brukes i.<\/em><\/em><\/em><\/em><\/em><\/em><\/em><\/p>\n","protected":false},"excerpt":{"rendered":"<p>Her er den ultimate juniorsengen!&nbsp; En stabil og solid barneseng i tidl\u00f8s design, som ikke bare er et koselig sovested, men ogs\u00e5 et utmerket innredningsdetalj p\u00e5 barnerommet! Sengen er laget av massiv furu som gj\u00f8r den stabil og solid. Ideell \u00e5 b\u00e5de leke og sove i.&nbsp; Den store fordelen med denne modellen er det h\u00f8ye [&hellip;]<\/p>\n","protected":false},"featured_media":59747,"comment_status":"closed","ping_status":"open","template":"","meta":{"_acf_changed":false},"product_brand":[1319],"product_cat":[269,1320,280,40],"product_tag":[1689],"class_list":{"0":"post-59745","1":"product","2":"type-product","3":"status-publish","4":"has-post-thumbnail","6":"product_brand-lano","7":"product_cat-juniorsenger","8":"product_cat-lano","9":"product_cat-senger-med-rask-levering","10":"product_cat-soverom-barn","11":"product_tag-bestillingsvaror","13":"first","14":"instock","15":"taxable","16":"shipping-taxable","17":"purchasable","18":"product-type-simple"},"acf":[],"yoast_head":"<!-- This site is optimized with the Yoast SEO Premium plugin v25.8 (Yoast SEO v27.2) - https:\/\/yoast.com\/product\/yoast-seo-premium-wordpress\/ -->\n<title>Hvit barneseng med st\u00f8ttebrett, Fred 90x200 - Babylove Norska<\/title>\n<meta name=\"robots\" content=\"noindex, follow, max-snippet:-1, max-image-preview:large, max-video-preview:-1\" \/>\n<meta property=\"og:locale\" content=\"nb_NO\" \/>\n<meta property=\"og:type\" content=\"article\" \/>\n<meta property=\"og:title\" content=\"Hvit barneseng med st\u00f8ttebrett, Fred 90x200\" \/>\n<meta property=\"og:description\" content=\"Her er den ultimate juniorsengen!&nbsp; En stabil og solid barneseng i tidl\u00f8s design, som ikke bare er et koselig sovested, men ogs\u00e5 et utmerket innredningsdetalj p\u00e5 barnerommet! Sengen er laget av massiv furu som gj\u00f8r den stabil og solid. Ideell \u00e5 b\u00e5de leke og sove i.&nbsp; Den store fordelen med denne modellen er det h\u00f8ye [&hellip;]\" \/>\n<meta property=\"og:url\" content=\"https:\/\/babylove.se\/no\/produkt\/hvit-barneseng-med-stottebrett-fred-90x200\/\" \/>\n<meta property=\"og:site_name\" content=\"Babylove Norska\" \/>\n<meta property=\"article:modified_time\" content=\"2026-04-08T13:17:04+00:00\" \/>\n<meta property=\"og:image\" content=\"https:\/\/babylove.se\/no\/wp-content\/uploads\/sites\/3\/2025\/07\/171213505964b62dc56130a.jpeg\" \/>\n\t<meta property=\"og:image:width\" content=\"779\" \/>\n\t<meta property=\"og:image:height\" content=\"570\" \/>\n\t<meta property=\"og:image:type\" content=\"image\/jpeg\" \/>\n<meta name=\"twitter:card\" content=\"summary_large_image\" \/>\n<meta name=\"twitter:label1\" content=\"Price\" \/>\n\t<meta name=\"twitter:data1\" content=\"4 999,00&nbsp;&#107;&#114;\" \/>\n\t<meta name=\"twitter:label2\" content=\"Availability\" \/>\n\t<meta name=\"twitter:data2\" content=\"In stock\" \/>\n<script type=\"application\/ld+json\" class=\"yoast-schema-graph\">{\"@context\":\"https:\/\/schema.org\",\"@graph\":[{\"@type\":\"WebPage\",\"@id\":\"https:\/\/babylove.se\/no\/produkt\/hvit-barneseng-med-stottebrett-fred-90x200\/\",\"url\":\"https:\/\/babylove.se\/no\/produkt\/hvit-barneseng-med-stottebrett-fred-90x200\/\",\"name\":\"Hvit barneseng med st\u00f8ttebrett, Fred 90x200 - Babylove Norska\",\"isPartOf\":{\"@id\":\"https:\/\/babylove.se\/no\/#website\"},\"primaryImageOfPage\":{\"@id\":\"https:\/\/babylove.se\/no\/produkt\/hvit-barneseng-med-stottebrett-fred-90x200\/#primaryimage\"},\"image\":{\"@id\":\"https:\/\/babylove.se\/no\/produkt\/hvit-barneseng-med-stottebrett-fred-90x200\/#primaryimage\"},\"thumbnailUrl\":\"https:\/\/babylove.se\/no\/wp-content\/uploads\/sites\/3\/2025\/07\/171213505964b62dc56130a.jpeg\",\"datePublished\":\"2025-07-19T14:29:47+00:00\",\"dateModified\":\"2026-04-08T13:17:04+00:00\",\"breadcrumb\":{\"@id\":\"https:\/\/babylove.se\/no\/produkt\/hvit-barneseng-med-stottebrett-fred-90x200\/#breadcrumb\"},\"inLanguage\":\"nb-NO\",\"potentialAction\":[{\"@type\":\"ReadAction\",\"target\":[\"https:\/\/babylove.se\/no\/produkt\/hvit-barneseng-med-stottebrett-fred-90x200\/\"]}]},{\"@type\":\"ImageObject\",\"inLanguage\":\"nb-NO\",\"@id\":\"https:\/\/babylove.se\/no\/produkt\/hvit-barneseng-med-stottebrett-fred-90x200\/#primaryimage\",\"url\":\"https:\/\/babylove.se\/no\/wp-content\/uploads\/sites\/3\/2025\/07\/171213505964b62dc56130a.jpeg\",\"contentUrl\":\"https:\/\/babylove.se\/no\/wp-content\/uploads\/sites\/3\/2025\/07\/171213505964b62dc56130a.jpeg\",\"width\":779,\"height\":570},{\"@type\":\"BreadcrumbList\",\"@id\":\"https:\/\/babylove.se\/no\/produkt\/hvit-barneseng-med-stottebrett-fred-90x200\/#breadcrumb\",\"itemListElement\":[{\"@type\":\"ListItem\",\"position\":1,\"name\":\"Hem\",\"item\":\"https:\/\/babylove.se\/no\/\"},{\"@type\":\"ListItem\",\"position\":2,\"name\":\"Butik\",\"item\":\"https:\/\/babylove.se\/no\/butik\/\"},{\"@type\":\"ListItem\",\"position\":3,\"name\":\"Hvit barneseng med st\u00f8ttebrett, Fred 90&#215;200\"}]},{\"@type\":\"WebSite\",\"@id\":\"https:\/\/babylove.se\/no\/#website\",\"url\":\"https:\/\/babylove.se\/no\/\",\"name\":\"Babylove Norska\",\"description\":\"\",\"potentialAction\":[{\"@type\":\"SearchAction\",\"target\":{\"@type\":\"EntryPoint\",\"urlTemplate\":\"https:\/\/babylove.se\/no\/?s={search_term_string}\"},\"query-input\":{\"@type\":\"PropertyValueSpecification\",\"valueRequired\":true,\"valueName\":\"search_term_string\"}}],\"inLanguage\":\"nb-NO\"}]}<\/script>\n<meta property=\"product:brand\" content=\"LANO\" \/>\n<meta property=\"product:price:amount\" content=\"4999.00\" \/>\n<meta property=\"product:price:currency\" content=\"SEK\" \/>\n<meta property=\"og:availability\" content=\"instock\" \/>\n<meta property=\"product:availability\" content=\"instock\" \/>\n<meta property=\"product:retailer_item_id\" content=\"FER006-90x200-cm-Vit-Utan-fastshipping\" \/>\n<meta property=\"product:condition\" content=\"new\" \/>\n<!-- \/ Yoast SEO Premium plugin. -->","yoast_head_json":{"title":"Hvit barneseng med st\u00f8ttebrett, Fred 90x200 - Babylove Norska","robots":{"index":"noindex","follow":"follow","max-snippet":"max-snippet:-1","max-image-preview":"max-image-preview:large","max-video-preview":"max-video-preview:-1"},"og_locale":"nb_NO","og_type":"article","og_title":"Hvit barneseng med st\u00f8ttebrett, Fred 90x200","og_description":"Her er den ultimate juniorsengen!&nbsp; En stabil og solid barneseng i tidl\u00f8s design, som ikke bare er et koselig sovested, men ogs\u00e5 et utmerket innredningsdetalj p\u00e5 barnerommet! Sengen er laget av massiv furu som gj\u00f8r den stabil og solid. Ideell \u00e5 b\u00e5de leke og sove i.&nbsp; Den store fordelen med denne modellen er det h\u00f8ye [&hellip;]","og_url":"https:\/\/babylove.se\/no\/produkt\/hvit-barneseng-med-stottebrett-fred-90x200\/","og_site_name":"Babylove Norska","article_modified_time":"2026-04-08T13:17:04+00:00","og_image":[{"width":779,"height":570,"url":"https:\/\/babylove.se\/no\/wp-content\/uploads\/sites\/3\/2025\/07\/171213505964b62dc56130a.jpeg","type":"image\/jpeg"}],"twitter_card":"summary_large_image","twitter_misc":{"Price":"4 999,00&nbsp;&#107;&#114;","Availability":"In stock"},"schema":{"@context":"https:\/\/schema.org","@graph":[{"@type":"WebPage","@id":"https:\/\/babylove.se\/no\/produkt\/hvit-barneseng-med-stottebrett-fred-90x200\/","url":"https:\/\/babylove.se\/no\/produkt\/hvit-barneseng-med-stottebrett-fred-90x200\/","name":"Hvit barneseng med st\u00f8ttebrett, Fred 90x200 - Babylove Norska","isPartOf":{"@id":"https:\/\/babylove.se\/no\/#website"},"primaryImageOfPage":{"@id":"https:\/\/babylove.se\/no\/produkt\/hvit-barneseng-med-stottebrett-fred-90x200\/#primaryimage"},"image":{"@id":"https:\/\/babylove.se\/no\/produkt\/hvit-barneseng-med-stottebrett-fred-90x200\/#primaryimage"},"thumbnailUrl":"https:\/\/babylove.se\/no\/wp-content\/uploads\/sites\/3\/2025\/07\/171213505964b62dc56130a.jpeg","datePublished":"2025-07-19T14:29:47+00:00","dateModified":"2026-04-08T13:17:04+00:00","breadcrumb":{"@id":"https:\/\/babylove.se\/no\/produkt\/hvit-barneseng-med-stottebrett-fred-90x200\/#breadcrumb"},"inLanguage":"nb-NO","potentialAction":[{"@type":"ReadAction","target":["https:\/\/babylove.se\/no\/produkt\/hvit-barneseng-med-stottebrett-fred-90x200\/"]}]},{"@type":"ImageObject","inLanguage":"nb-NO","@id":"https:\/\/babylove.se\/no\/produkt\/hvit-barneseng-med-stottebrett-fred-90x200\/#primaryimage","url":"https:\/\/babylove.se\/no\/wp-content\/uploads\/sites\/3\/2025\/07\/171213505964b62dc56130a.jpeg","contentUrl":"https:\/\/babylove.se\/no\/wp-content\/uploads\/sites\/3\/2025\/07\/171213505964b62dc56130a.jpeg","width":779,"height":570},{"@type":"BreadcrumbList","@id":"https:\/\/babylove.se\/no\/produkt\/hvit-barneseng-med-stottebrett-fred-90x200\/#breadcrumb","itemListElement":[{"@type":"ListItem","position":1,"name":"Hem","item":"https:\/\/babylove.se\/no\/"},{"@type":"ListItem","position":2,"name":"Butik","item":"https:\/\/babylove.se\/no\/butik\/"},{"@type":"ListItem","position":3,"name":"Hvit barneseng med st\u00f8ttebrett, Fred 90&#215;200"}]},{"@type":"WebSite","@id":"https:\/\/babylove.se\/no\/#website","url":"https:\/\/babylove.se\/no\/","name":"Babylove Norska","description":"","potentialAction":[{"@type":"SearchAction","target":{"@type":"EntryPoint","urlTemplate":"https:\/\/babylove.se\/no\/?s={search_term_string}"},"query-input":{"@type":"PropertyValueSpecification","valueRequired":true,"valueName":"search_term_string"}}],"inLanguage":"nb-NO"}]},"product_brand":"LANO","product_price_amount":"4999.00","product_price_currency":"SEK","og_availability":"instock","product_availability":"instock","product_retailer_item_id":"FER006-90x200-cm-Vit-Utan-fastshipping","product_condition":"new"},"_links":{"self":[{"href":"https:\/\/babylove.se\/no\/wp-json\/wp\/v2\/product\/59745","targetHints":{"allow":["GET"]}}],"collection":[{"href":"https:\/\/babylove.se\/no\/wp-json\/wp\/v2\/product"}],"about":[{"href":"https:\/\/babylove.se\/no\/wp-json\/wp\/v2\/types\/product"}],"replies":[{"embeddable":true,"href":"https:\/\/babylove.se\/no\/wp-json\/wp\/v2\/comments?post=59745"}],"wp:featuredmedia":[{"embeddable":true,"href":"https:\/\/babylove.se\/no\/wp-json\/wp\/v2\/media\/59747"}],"wp:attachment":[{"href":"https:\/\/babylove.se\/no\/wp-json\/wp\/v2\/media?parent=59745"}],"wp:term":[{"taxonomy":"product_brand","embeddable":true,"href":"https:\/\/babylove.se\/no\/wp-json\/wp\/v2\/product_brand?post=59745"},{"taxonomy":"product_cat","embeddable":true,"href":"https:\/\/babylove.se\/no\/wp-json\/wp\/v2\/product_cat?post=59745"},{"taxonomy":"product_tag","embeddable":true,"href":"https:\/\/babylove.se\/no\/wp-json\/wp\/v2\/product_tag?post=59745"}],"curies":[{"name":"wp","href":"https:\/\/api.w.org\/{rel}","templated":true}]}}