{"id":5983,"date":"2025-07-18T20:33:12","date_gmt":"2025-07-18T19:33:12","guid":{"rendered":"https:\/\/babylove.se\/produkt\/kids-concept-krok-star-gra\/"},"modified":"2026-04-08T08:23:47","modified_gmt":"2026-04-08T07:23:47","slug":"kids-concept-krok-star-gra","status":"publish","type":"product","link":"https:\/\/babylove.se\/no\/produkt\/kids-concept-krok-star-gra\/","title":{"rendered":"Kid&#8217;s Concept, Krok stjerne gr\u00e5"},"content":{"rendered":"<p>En vakker stjernformet enkelkrok fra &#8220;star&#8221;-serien som er utviklet av Kids Concept. <\/p>\n<p>Kroken fungerer ogs\u00e5 som kleshenger og blir en fin detalj i barneroms-innredningen din. Du kan selvf\u00f8lgelig bruke den ogs\u00e5 p\u00e5 badet eller hvorfor ikke som en egen krok i gangen for ditt barn. Du kan enkelt bestemme h\u00f8yden selv, slik at den passer st\u00f8rrelsen p\u00e5 ditt barn og det selv kan henge opp eller ta ned ting fra kroken uten problemer. Helt laget i tre med en fin farge som b\u00e5de du og ditt barn kommer til \u00e5 elske.<\/p>\n<p>Match gjerne med andre m\u00f8bler fra samme serie!<\/p>\n<p><strong>M\u00e5l<\/strong>: 14 x 14 cm<\/p>\n<p>Designer:<span> <\/span><a href=\"https:\/\/babylove.se\/varumarken\/kids-concept\">Kid&#8217;s Concept<\/a><\/p>\n","protected":false},"excerpt":{"rendered":"<p>En vakker stjernformet enkelkrok fra &#8220;star&#8221;-serien som er utviklet av Kids Concept. Kroken fungerer ogs\u00e5 som kleshenger og blir en fin detalj i barneroms-innredningen din. Du kan selvf\u00f8lgelig bruke den ogs\u00e5 p\u00e5 badet eller hvorfor ikke som en egen krok i gangen for ditt barn. Du kan enkelt bestemme h\u00f8yden selv, slik at den passer [&hellip;]<\/p>\n","protected":false},"featured_media":5985,"comment_status":"closed","ping_status":"open","template":"","meta":{"_acf_changed":false},"product_brand":[320],"product_cat":[321,48,94],"product_tag":[1709],"class_list":{"0":"post-5983","1":"product","2":"type-product","3":"status-publish","4":"has-post-thumbnail","6":"product_brand-kids-concept","7":"product_cat-kids-concept","8":"product_cat-startside","9":"product_cat-vegghengeere","10":"product_tag-utforsalg","12":"first","13":"instock","14":"taxable","15":"shipping-taxable","16":"purchasable","17":"product-type-simple"},"acf":[],"yoast_head":"<!-- This site is optimized with the Yoast SEO Premium plugin v25.8 (Yoast SEO v27.2) - https:\/\/yoast.com\/product\/yoast-seo-premium-wordpress\/ -->\n<title>Kid&#039;s Concept, Krok stjerne gr\u00e5 - Babylove Norska<\/title>\n<meta name=\"robots\" content=\"noindex, follow, max-snippet:-1, max-image-preview:large, max-video-preview:-1\" \/>\n<meta property=\"og:locale\" content=\"nb_NO\" \/>\n<meta property=\"og:type\" content=\"article\" \/>\n<meta property=\"og:title\" content=\"Kid&#039;s Concept, Krok stjerne gr\u00e5\" \/>\n<meta property=\"og:description\" content=\"En vakker stjernformet enkelkrok fra &#8220;star&#8221;-serien som er utviklet av Kids Concept. Kroken fungerer ogs\u00e5 som kleshenger og blir en fin detalj i barneroms-innredningen din. Du kan selvf\u00f8lgelig bruke den ogs\u00e5 p\u00e5 badet eller hvorfor ikke som en egen krok i gangen for ditt barn. Du kan enkelt bestemme h\u00f8yden selv, slik at den passer [&hellip;]\" \/>\n<meta property=\"og:url\" content=\"https:\/\/babylove.se\/no\/produkt\/kids-concept-krok-star-gra\/\" \/>\n<meta property=\"og:site_name\" content=\"Babylove Norska\" \/>\n<meta property=\"article:modified_time\" content=\"2026-04-08T07:23:47+00:00\" \/>\n<meta property=\"og:image\" content=\"https:\/\/babylove.se\/no\/wp-content\/uploads\/sites\/3\/2025\/07\/5a995176e2436.jpeg\" \/>\n\t<meta property=\"og:image:width\" content=\"750\" \/>\n\t<meta property=\"og:image:height\" content=\"686\" \/>\n\t<meta property=\"og:image:type\" content=\"image\/jpeg\" \/>\n<meta name=\"twitter:card\" content=\"summary_large_image\" \/>\n<meta name=\"twitter:label1\" content=\"Price\" \/>\n\t<meta name=\"twitter:data1\" content=\"69,00&nbsp;&#107;&#114;\" \/>\n\t<meta name=\"twitter:label2\" content=\"Availability\" \/>\n\t<meta name=\"twitter:data2\" content=\"In stock\" \/>\n<script type=\"application\/ld+json\" class=\"yoast-schema-graph\">{\"@context\":\"https:\/\/schema.org\",\"@graph\":[{\"@type\":\"WebPage\",\"@id\":\"https:\/\/babylove.se\/no\/produkt\/kids-concept-krok-star-gra\/\",\"url\":\"https:\/\/babylove.se\/no\/produkt\/kids-concept-krok-star-gra\/\",\"name\":\"Kid's Concept, Krok stjerne gr\u00e5 - Babylove Norska\",\"isPartOf\":{\"@id\":\"https:\/\/babylove.se\/no\/#website\"},\"primaryImageOfPage\":{\"@id\":\"https:\/\/babylove.se\/no\/produkt\/kids-concept-krok-star-gra\/#primaryimage\"},\"image\":{\"@id\":\"https:\/\/babylove.se\/no\/produkt\/kids-concept-krok-star-gra\/#primaryimage\"},\"thumbnailUrl\":\"https:\/\/babylove.se\/no\/wp-content\/uploads\/sites\/3\/2025\/07\/5a995176e2436.jpeg\",\"datePublished\":\"2025-07-18T19:33:12+00:00\",\"dateModified\":\"2026-04-08T07:23:47+00:00\",\"breadcrumb\":{\"@id\":\"https:\/\/babylove.se\/no\/produkt\/kids-concept-krok-star-gra\/#breadcrumb\"},\"inLanguage\":\"nb-NO\",\"potentialAction\":[{\"@type\":\"ReadAction\",\"target\":[\"https:\/\/babylove.se\/no\/produkt\/kids-concept-krok-star-gra\/\"]}]},{\"@type\":\"ImageObject\",\"inLanguage\":\"nb-NO\",\"@id\":\"https:\/\/babylove.se\/no\/produkt\/kids-concept-krok-star-gra\/#primaryimage\",\"url\":\"https:\/\/babylove.se\/no\/wp-content\/uploads\/sites\/3\/2025\/07\/5a995176e2436.jpeg\",\"contentUrl\":\"https:\/\/babylove.se\/no\/wp-content\/uploads\/sites\/3\/2025\/07\/5a995176e2436.jpeg\",\"width\":750,\"height\":686},{\"@type\":\"BreadcrumbList\",\"@id\":\"https:\/\/babylove.se\/no\/produkt\/kids-concept-krok-star-gra\/#breadcrumb\",\"itemListElement\":[{\"@type\":\"ListItem\",\"position\":1,\"name\":\"Hem\",\"item\":\"https:\/\/babylove.se\/no\/\"},{\"@type\":\"ListItem\",\"position\":2,\"name\":\"Butik\",\"item\":\"https:\/\/babylove.se\/no\/butik\/\"},{\"@type\":\"ListItem\",\"position\":3,\"name\":\"Kid&#8217;s Concept, Krok stjerne gr\u00e5\"}]},{\"@type\":\"WebSite\",\"@id\":\"https:\/\/babylove.se\/no\/#website\",\"url\":\"https:\/\/babylove.se\/no\/\",\"name\":\"Babylove Norska\",\"description\":\"\",\"potentialAction\":[{\"@type\":\"SearchAction\",\"target\":{\"@type\":\"EntryPoint\",\"urlTemplate\":\"https:\/\/babylove.se\/no\/?s={search_term_string}\"},\"query-input\":{\"@type\":\"PropertyValueSpecification\",\"valueRequired\":true,\"valueName\":\"search_term_string\"}}],\"inLanguage\":\"nb-NO\"}]}<\/script>\n<meta property=\"product:brand\" content=\"Kids Concept\" \/>\n<meta property=\"product:price:amount\" content=\"69.00\" \/>\n<meta property=\"product:price:currency\" content=\"SEK\" \/>\n<meta property=\"og:availability\" content=\"instock\" \/>\n<meta property=\"product:availability\" content=\"instock\" \/>\n<meta property=\"product:retailer_item_id\" content=\"120515\" \/>\n<meta property=\"product:condition\" content=\"new\" \/>\n<!-- \/ Yoast SEO Premium plugin. -->","yoast_head_json":{"title":"Kid's Concept, Krok stjerne gr\u00e5 - Babylove Norska","robots":{"index":"noindex","follow":"follow","max-snippet":"max-snippet:-1","max-image-preview":"max-image-preview:large","max-video-preview":"max-video-preview:-1"},"og_locale":"nb_NO","og_type":"article","og_title":"Kid's Concept, Krok stjerne gr\u00e5","og_description":"En vakker stjernformet enkelkrok fra &#8220;star&#8221;-serien som er utviklet av Kids Concept. Kroken fungerer ogs\u00e5 som kleshenger og blir en fin detalj i barneroms-innredningen din. Du kan selvf\u00f8lgelig bruke den ogs\u00e5 p\u00e5 badet eller hvorfor ikke som en egen krok i gangen for ditt barn. Du kan enkelt bestemme h\u00f8yden selv, slik at den passer [&hellip;]","og_url":"https:\/\/babylove.se\/no\/produkt\/kids-concept-krok-star-gra\/","og_site_name":"Babylove Norska","article_modified_time":"2026-04-08T07:23:47+00:00","og_image":[{"width":750,"height":686,"url":"https:\/\/babylove.se\/no\/wp-content\/uploads\/sites\/3\/2025\/07\/5a995176e2436.jpeg","type":"image\/jpeg"}],"twitter_card":"summary_large_image","twitter_misc":{"Price":"69,00&nbsp;&#107;&#114;","Availability":"In stock"},"schema":{"@context":"https:\/\/schema.org","@graph":[{"@type":"WebPage","@id":"https:\/\/babylove.se\/no\/produkt\/kids-concept-krok-star-gra\/","url":"https:\/\/babylove.se\/no\/produkt\/kids-concept-krok-star-gra\/","name":"Kid's Concept, Krok stjerne gr\u00e5 - Babylove Norska","isPartOf":{"@id":"https:\/\/babylove.se\/no\/#website"},"primaryImageOfPage":{"@id":"https:\/\/babylove.se\/no\/produkt\/kids-concept-krok-star-gra\/#primaryimage"},"image":{"@id":"https:\/\/babylove.se\/no\/produkt\/kids-concept-krok-star-gra\/#primaryimage"},"thumbnailUrl":"https:\/\/babylove.se\/no\/wp-content\/uploads\/sites\/3\/2025\/07\/5a995176e2436.jpeg","datePublished":"2025-07-18T19:33:12+00:00","dateModified":"2026-04-08T07:23:47+00:00","breadcrumb":{"@id":"https:\/\/babylove.se\/no\/produkt\/kids-concept-krok-star-gra\/#breadcrumb"},"inLanguage":"nb-NO","potentialAction":[{"@type":"ReadAction","target":["https:\/\/babylove.se\/no\/produkt\/kids-concept-krok-star-gra\/"]}]},{"@type":"ImageObject","inLanguage":"nb-NO","@id":"https:\/\/babylove.se\/no\/produkt\/kids-concept-krok-star-gra\/#primaryimage","url":"https:\/\/babylove.se\/no\/wp-content\/uploads\/sites\/3\/2025\/07\/5a995176e2436.jpeg","contentUrl":"https:\/\/babylove.se\/no\/wp-content\/uploads\/sites\/3\/2025\/07\/5a995176e2436.jpeg","width":750,"height":686},{"@type":"BreadcrumbList","@id":"https:\/\/babylove.se\/no\/produkt\/kids-concept-krok-star-gra\/#breadcrumb","itemListElement":[{"@type":"ListItem","position":1,"name":"Hem","item":"https:\/\/babylove.se\/no\/"},{"@type":"ListItem","position":2,"name":"Butik","item":"https:\/\/babylove.se\/no\/butik\/"},{"@type":"ListItem","position":3,"name":"Kid&#8217;s Concept, Krok stjerne gr\u00e5"}]},{"@type":"WebSite","@id":"https:\/\/babylove.se\/no\/#website","url":"https:\/\/babylove.se\/no\/","name":"Babylove Norska","description":"","potentialAction":[{"@type":"SearchAction","target":{"@type":"EntryPoint","urlTemplate":"https:\/\/babylove.se\/no\/?s={search_term_string}"},"query-input":{"@type":"PropertyValueSpecification","valueRequired":true,"valueName":"search_term_string"}}],"inLanguage":"nb-NO"}]},"product_brand":"Kids Concept","product_price_amount":"69.00","product_price_currency":"SEK","og_availability":"instock","product_availability":"instock","product_retailer_item_id":"120515","product_condition":"new"},"_links":{"self":[{"href":"https:\/\/babylove.se\/no\/wp-json\/wp\/v2\/product\/5983","targetHints":{"allow":["GET"]}}],"collection":[{"href":"https:\/\/babylove.se\/no\/wp-json\/wp\/v2\/product"}],"about":[{"href":"https:\/\/babylove.se\/no\/wp-json\/wp\/v2\/types\/product"}],"replies":[{"embeddable":true,"href":"https:\/\/babylove.se\/no\/wp-json\/wp\/v2\/comments?post=5983"}],"wp:featuredmedia":[{"embeddable":true,"href":"https:\/\/babylove.se\/no\/wp-json\/wp\/v2\/media\/5985"}],"wp:attachment":[{"href":"https:\/\/babylove.se\/no\/wp-json\/wp\/v2\/media?parent=5983"}],"wp:term":[{"taxonomy":"product_brand","embeddable":true,"href":"https:\/\/babylove.se\/no\/wp-json\/wp\/v2\/product_brand?post=5983"},{"taxonomy":"product_cat","embeddable":true,"href":"https:\/\/babylove.se\/no\/wp-json\/wp\/v2\/product_cat?post=5983"},{"taxonomy":"product_tag","embeddable":true,"href":"https:\/\/babylove.se\/no\/wp-json\/wp\/v2\/product_tag?post=5983"}],"curies":[{"name":"wp","href":"https:\/\/api.w.org\/{rel}","templated":true}]}}