{"id":59835,"date":"2025-07-19T15:31:47","date_gmt":"2025-07-19T14:31:47","guid":{"rendered":"https:\/\/babylove.se\/produkt\/vit-barnsang-asta-90x190-cm-med-utdragbar-sang\/"},"modified":"2026-04-08T14:17:35","modified_gmt":"2026-04-08T13:17:35","slug":"hvit-barneseng-asta-90x190-cm-med-uttrekkbar-seng","status":"publish","type":"product","link":"https:\/\/babylove.se\/no\/produkt\/hvit-barneseng-asta-90x190-cm-med-uttrekkbar-seng\/","title":{"rendered":"Hvit barneseng Asta 90&#215;190 cm med uttrekkbar seng"},"content":{"rendered":"<p>Denne fantastiske juniorsengen er helt h\u00e5ndlaget med stor lidenskap<em>,&nbsp;<\/em>av h\u00f8ykvalitativ limtre.<br \/>Limtre har fordelen, sammenlignet med massivt tre, at de ikke sprekker og at det ikke finnes noen kvister som p\u00e5virker utseendet.&nbsp;<\/p>\n<p>En underbart fin og praktisk seng med en uttrekkbar ekstraseng. Denne sengen gir en herlig f\u00f8lelse til hele barnerommet, da barnet ditt kan leke i den eller skape et helt eget favorittmysekrok, gjerne med hjelp av noen fine dekorasjoner. Perfekt for s\u00f8sken i et lite rom, eller for barnets dine venner n\u00e5r de skal overnatte.<\/p>\n<p><strong>Info<\/strong>:<\/p>\n<ul>\n<li>Hvit&nbsp;<\/li>\n<li>Benh\u00f8yde &#8211; 19 cm<\/li>\n<li>H\u00f8yde p\u00e5 rekkverket er 33 cm. 5cm mellom spilene.<\/li>\n<li>Sengem\u00e5l 90&#215;190 cm. Sengem\u00e5l i skuffen: 90&#215;180 cm&nbsp;<\/li>\n<li>Totalm\u00e5l p\u00e5 sengen 99&#215;199 cm. H\u00f8yde 63 cm&nbsp;<\/li>\n<li>Avtakbar st\u00f8ttebrett, 2\/3 av sengens lengde, ca 125 cm&nbsp;<\/li>\n<li>St\u00f8ttebrett monteres p\u00e5 valgfri side<\/li>\n<li>Maksvekt. 100kg i \u00f8vre seng og 80 kg i skuffen&nbsp;<\/li>\n<\/ul>\n<p>Madrass er ikke inkludert, men ta gjerne en titt i v\u00e5rt store madrassutvalg. Vi anbefaler en skummadrass med tykkelse p\u00e5 ca 10-12 cm og 9 cm i ekstrasengen.&nbsp;<\/p>\n<p><em><em><em><em><em>Obs! Sengen leveres umontert og b\u00f8r settes sammen i rommet den skal brukes i.<\/em><\/em><\/em><\/em><\/em><\/p>\n","protected":false},"excerpt":{"rendered":"<p>Denne fantastiske juniorsengen er helt h\u00e5ndlaget med stor lidenskap,&nbsp;av h\u00f8ykvalitativ limtre.Limtre har fordelen, sammenlignet med massivt tre, at de ikke sprekker og at det ikke finnes noen kvister som p\u00e5virker utseendet.&nbsp; En underbart fin og praktisk seng med en uttrekkbar ekstraseng. Denne sengen gir en herlig f\u00f8lelse til hele barnerommet, da barnet ditt kan leke [&hellip;]<\/p>\n","protected":false},"featured_media":59837,"comment_status":"closed","ping_status":"open","template":"","meta":{"_acf_changed":false},"product_brand":[600],"product_cat":[602,372,269,601,40],"product_tag":[1689],"class_list":{"0":"post-59835","1":"product","2":"type-product","3":"status-publish","4":"has-post-thumbnail","6":"product_brand-luletto","7":"product_cat-babylove-lul","8":"product_cat-barnesenger","9":"product_cat-juniorsenger","10":"product_cat-baby","11":"product_cat-soverom-barn","12":"product_tag-bestillingsvaror","14":"first","15":"instock","16":"taxable","17":"shipping-taxable","18":"purchasable","19":"product-type-simple"},"acf":[],"yoast_head":"<!-- This site is optimized with the Yoast SEO Premium plugin v25.8 (Yoast SEO v27.2) - https:\/\/yoast.com\/product\/yoast-seo-premium-wordpress\/ -->\n<title>Hvit barneseng Asta 90x190 cm med uttrekkbar seng - Babylove Norska<\/title>\n<meta name=\"robots\" content=\"noindex, follow, max-snippet:-1, max-image-preview:large, max-video-preview:-1\" \/>\n<meta property=\"og:locale\" content=\"nb_NO\" \/>\n<meta property=\"og:type\" content=\"article\" \/>\n<meta property=\"og:title\" content=\"Hvit barneseng Asta 90x190 cm med uttrekkbar seng\" \/>\n<meta property=\"og:description\" content=\"Denne fantastiske juniorsengen er helt h\u00e5ndlaget med stor lidenskap,&nbsp;av h\u00f8ykvalitativ limtre.Limtre har fordelen, sammenlignet med massivt tre, at de ikke sprekker og at det ikke finnes noen kvister som p\u00e5virker utseendet.&nbsp; En underbart fin og praktisk seng med en uttrekkbar ekstraseng. Denne sengen gir en herlig f\u00f8lelse til hele barnerommet, da barnet ditt kan leke [&hellip;]\" \/>\n<meta property=\"og:url\" content=\"https:\/\/babylove.se\/no\/produkt\/hvit-barneseng-asta-90x190-cm-med-uttrekkbar-seng\/\" \/>\n<meta property=\"og:site_name\" content=\"Babylove Norska\" \/>\n<meta property=\"article:modified_time\" content=\"2026-04-08T13:17:35+00:00\" \/>\n<meta property=\"og:image\" content=\"https:\/\/babylove.se\/no\/wp-content\/uploads\/sites\/3\/2025\/07\/6615374c9af42.png\" \/>\n\t<meta property=\"og:image:width\" content=\"1080\" \/>\n\t<meta property=\"og:image:height\" content=\"1080\" \/>\n\t<meta property=\"og:image:type\" content=\"image\/png\" \/>\n<meta name=\"twitter:card\" content=\"summary_large_image\" \/>\n<meta name=\"twitter:label1\" content=\"Price\" \/>\n\t<meta name=\"twitter:data1\" content=\"11 799,00&nbsp;&#107;&#114;\" \/>\n\t<meta name=\"twitter:label2\" content=\"Availability\" \/>\n\t<meta name=\"twitter:data2\" content=\"In stock\" \/>\n<script type=\"application\/ld+json\" class=\"yoast-schema-graph\">{\"@context\":\"https:\/\/schema.org\",\"@graph\":[{\"@type\":\"WebPage\",\"@id\":\"https:\/\/babylove.se\/no\/produkt\/hvit-barneseng-asta-90x190-cm-med-uttrekkbar-seng\/\",\"url\":\"https:\/\/babylove.se\/no\/produkt\/hvit-barneseng-asta-90x190-cm-med-uttrekkbar-seng\/\",\"name\":\"Hvit barneseng Asta 90x190 cm med uttrekkbar seng - Babylove Norska\",\"isPartOf\":{\"@id\":\"https:\/\/babylove.se\/no\/#website\"},\"primaryImageOfPage\":{\"@id\":\"https:\/\/babylove.se\/no\/produkt\/hvit-barneseng-asta-90x190-cm-med-uttrekkbar-seng\/#primaryimage\"},\"image\":{\"@id\":\"https:\/\/babylove.se\/no\/produkt\/hvit-barneseng-asta-90x190-cm-med-uttrekkbar-seng\/#primaryimage\"},\"thumbnailUrl\":\"https:\/\/babylove.se\/no\/wp-content\/uploads\/sites\/3\/2025\/07\/6615374c9af42.png\",\"datePublished\":\"2025-07-19T14:31:47+00:00\",\"dateModified\":\"2026-04-08T13:17:35+00:00\",\"breadcrumb\":{\"@id\":\"https:\/\/babylove.se\/no\/produkt\/hvit-barneseng-asta-90x190-cm-med-uttrekkbar-seng\/#breadcrumb\"},\"inLanguage\":\"nb-NO\",\"potentialAction\":[{\"@type\":\"ReadAction\",\"target\":[\"https:\/\/babylove.se\/no\/produkt\/hvit-barneseng-asta-90x190-cm-med-uttrekkbar-seng\/\"]}]},{\"@type\":\"ImageObject\",\"inLanguage\":\"nb-NO\",\"@id\":\"https:\/\/babylove.se\/no\/produkt\/hvit-barneseng-asta-90x190-cm-med-uttrekkbar-seng\/#primaryimage\",\"url\":\"https:\/\/babylove.se\/no\/wp-content\/uploads\/sites\/3\/2025\/07\/6615374c9af42.png\",\"contentUrl\":\"https:\/\/babylove.se\/no\/wp-content\/uploads\/sites\/3\/2025\/07\/6615374c9af42.png\",\"width\":1080,\"height\":1080},{\"@type\":\"BreadcrumbList\",\"@id\":\"https:\/\/babylove.se\/no\/produkt\/hvit-barneseng-asta-90x190-cm-med-uttrekkbar-seng\/#breadcrumb\",\"itemListElement\":[{\"@type\":\"ListItem\",\"position\":1,\"name\":\"Hem\",\"item\":\"https:\/\/babylove.se\/no\/\"},{\"@type\":\"ListItem\",\"position\":2,\"name\":\"Butik\",\"item\":\"https:\/\/babylove.se\/no\/butik\/\"},{\"@type\":\"ListItem\",\"position\":3,\"name\":\"Hvit barneseng Asta 90&#215;190 cm med uttrekkbar seng\"}]},{\"@type\":\"WebSite\",\"@id\":\"https:\/\/babylove.se\/no\/#website\",\"url\":\"https:\/\/babylove.se\/no\/\",\"name\":\"Babylove Norska\",\"description\":\"\",\"potentialAction\":[{\"@type\":\"SearchAction\",\"target\":{\"@type\":\"EntryPoint\",\"urlTemplate\":\"https:\/\/babylove.se\/no\/?s={search_term_string}\"},\"query-input\":{\"@type\":\"PropertyValueSpecification\",\"valueRequired\":true,\"valueName\":\"search_term_string\"}}],\"inLanguage\":\"nb-NO\"}]}<\/script>\n<meta property=\"product:brand\" content=\"Luletto\" \/>\n<meta property=\"product:price:amount\" content=\"11799.00\" \/>\n<meta property=\"product:price:currency\" content=\"SEK\" \/>\n<meta property=\"og:availability\" content=\"instock\" \/>\n<meta property=\"product:availability\" content=\"instock\" \/>\n<meta property=\"product:retailer_item_id\" content=\"B9EA-54912\" \/>\n<meta property=\"product:condition\" content=\"new\" \/>\n<!-- \/ Yoast SEO Premium plugin. -->","yoast_head_json":{"title":"Hvit barneseng Asta 90x190 cm med uttrekkbar seng - Babylove Norska","robots":{"index":"noindex","follow":"follow","max-snippet":"max-snippet:-1","max-image-preview":"max-image-preview:large","max-video-preview":"max-video-preview:-1"},"og_locale":"nb_NO","og_type":"article","og_title":"Hvit barneseng Asta 90x190 cm med uttrekkbar seng","og_description":"Denne fantastiske juniorsengen er helt h\u00e5ndlaget med stor lidenskap,&nbsp;av h\u00f8ykvalitativ limtre.Limtre har fordelen, sammenlignet med massivt tre, at de ikke sprekker og at det ikke finnes noen kvister som p\u00e5virker utseendet.&nbsp; En underbart fin og praktisk seng med en uttrekkbar ekstraseng. Denne sengen gir en herlig f\u00f8lelse til hele barnerommet, da barnet ditt kan leke [&hellip;]","og_url":"https:\/\/babylove.se\/no\/produkt\/hvit-barneseng-asta-90x190-cm-med-uttrekkbar-seng\/","og_site_name":"Babylove Norska","article_modified_time":"2026-04-08T13:17:35+00:00","og_image":[{"width":1080,"height":1080,"url":"https:\/\/babylove.se\/no\/wp-content\/uploads\/sites\/3\/2025\/07\/6615374c9af42.png","type":"image\/png"}],"twitter_card":"summary_large_image","twitter_misc":{"Price":"11 799,00&nbsp;&#107;&#114;","Availability":"In stock"},"schema":{"@context":"https:\/\/schema.org","@graph":[{"@type":"WebPage","@id":"https:\/\/babylove.se\/no\/produkt\/hvit-barneseng-asta-90x190-cm-med-uttrekkbar-seng\/","url":"https:\/\/babylove.se\/no\/produkt\/hvit-barneseng-asta-90x190-cm-med-uttrekkbar-seng\/","name":"Hvit barneseng Asta 90x190 cm med uttrekkbar seng - Babylove Norska","isPartOf":{"@id":"https:\/\/babylove.se\/no\/#website"},"primaryImageOfPage":{"@id":"https:\/\/babylove.se\/no\/produkt\/hvit-barneseng-asta-90x190-cm-med-uttrekkbar-seng\/#primaryimage"},"image":{"@id":"https:\/\/babylove.se\/no\/produkt\/hvit-barneseng-asta-90x190-cm-med-uttrekkbar-seng\/#primaryimage"},"thumbnailUrl":"https:\/\/babylove.se\/no\/wp-content\/uploads\/sites\/3\/2025\/07\/6615374c9af42.png","datePublished":"2025-07-19T14:31:47+00:00","dateModified":"2026-04-08T13:17:35+00:00","breadcrumb":{"@id":"https:\/\/babylove.se\/no\/produkt\/hvit-barneseng-asta-90x190-cm-med-uttrekkbar-seng\/#breadcrumb"},"inLanguage":"nb-NO","potentialAction":[{"@type":"ReadAction","target":["https:\/\/babylove.se\/no\/produkt\/hvit-barneseng-asta-90x190-cm-med-uttrekkbar-seng\/"]}]},{"@type":"ImageObject","inLanguage":"nb-NO","@id":"https:\/\/babylove.se\/no\/produkt\/hvit-barneseng-asta-90x190-cm-med-uttrekkbar-seng\/#primaryimage","url":"https:\/\/babylove.se\/no\/wp-content\/uploads\/sites\/3\/2025\/07\/6615374c9af42.png","contentUrl":"https:\/\/babylove.se\/no\/wp-content\/uploads\/sites\/3\/2025\/07\/6615374c9af42.png","width":1080,"height":1080},{"@type":"BreadcrumbList","@id":"https:\/\/babylove.se\/no\/produkt\/hvit-barneseng-asta-90x190-cm-med-uttrekkbar-seng\/#breadcrumb","itemListElement":[{"@type":"ListItem","position":1,"name":"Hem","item":"https:\/\/babylove.se\/no\/"},{"@type":"ListItem","position":2,"name":"Butik","item":"https:\/\/babylove.se\/no\/butik\/"},{"@type":"ListItem","position":3,"name":"Hvit barneseng Asta 90&#215;190 cm med uttrekkbar seng"}]},{"@type":"WebSite","@id":"https:\/\/babylove.se\/no\/#website","url":"https:\/\/babylove.se\/no\/","name":"Babylove Norska","description":"","potentialAction":[{"@type":"SearchAction","target":{"@type":"EntryPoint","urlTemplate":"https:\/\/babylove.se\/no\/?s={search_term_string}"},"query-input":{"@type":"PropertyValueSpecification","valueRequired":true,"valueName":"search_term_string"}}],"inLanguage":"nb-NO"}]},"product_brand":"Luletto","product_price_amount":"11799.00","product_price_currency":"SEK","og_availability":"instock","product_availability":"instock","product_retailer_item_id":"B9EA-54912","product_condition":"new"},"_links":{"self":[{"href":"https:\/\/babylove.se\/no\/wp-json\/wp\/v2\/product\/59835","targetHints":{"allow":["GET"]}}],"collection":[{"href":"https:\/\/babylove.se\/no\/wp-json\/wp\/v2\/product"}],"about":[{"href":"https:\/\/babylove.se\/no\/wp-json\/wp\/v2\/types\/product"}],"replies":[{"embeddable":true,"href":"https:\/\/babylove.se\/no\/wp-json\/wp\/v2\/comments?post=59835"}],"wp:featuredmedia":[{"embeddable":true,"href":"https:\/\/babylove.se\/no\/wp-json\/wp\/v2\/media\/59837"}],"wp:attachment":[{"href":"https:\/\/babylove.se\/no\/wp-json\/wp\/v2\/media?parent=59835"}],"wp:term":[{"taxonomy":"product_brand","embeddable":true,"href":"https:\/\/babylove.se\/no\/wp-json\/wp\/v2\/product_brand?post=59835"},{"taxonomy":"product_cat","embeddable":true,"href":"https:\/\/babylove.se\/no\/wp-json\/wp\/v2\/product_cat?post=59835"},{"taxonomy":"product_tag","embeddable":true,"href":"https:\/\/babylove.se\/no\/wp-json\/wp\/v2\/product_tag?post=59835"}],"curies":[{"name":"wp","href":"https:\/\/api.w.org\/{rel}","templated":true}]}}