{"id":59859,"date":"2025-07-19T15:32:07","date_gmt":"2025-07-19T14:32:07","guid":{"rendered":"https:\/\/babylove.se\/produkt\/cam-cam-luca-spjalsang-vit\/"},"modified":"2026-04-08T14:17:46","modified_gmt":"2026-04-08T13:17:46","slug":"cam-cam-luca-sprinkelseng-hvit","status":"publish","type":"product","link":"https:\/\/babylove.se\/no\/produkt\/cam-cam-luca-sprinkelseng-hvit\/","title":{"rendered":"Cam Cam, Luca barneseng, hvit"},"content":{"rendered":"<p>En elegant og stilren sprinkelseng i Luca-design fra det danske Cam Cam Copenhagen. <\/p>\n<p>Sengen har en klassisk design med vakre sidebeskyttelser som kan monteres ned n\u00e5r du legger barnet ditt eller n\u00e5r barnet har blitt st\u00f8rre. Sidepanelet tas enkelt bort takket v\u00e6re Cam Cams patenterte l\u00e5semekanisme. <span style=\"background-color: initial; color: var(--text-color); text-align: initial;\">Madrassh\u00f8yden er justerbar i 3 forskjellige h\u00f8yder. <\/span> <\/p>\n<p>Dette er barnerominnredning p\u00e5 aller h\u00f8yeste niv\u00e5. Den passer utmerket sammen med andre m\u00f8bler fra samme serie. <\/p>\n<p><strong>M\u00e5l: <\/strong> <\/p>\n<ul>\n<li>Sengem\u00e5l 60 x 120 cm<\/li>\n<li>Lengde 126 cm. Bredde 67,5 cm. H\u00f8yde 101,5 cm.<\/li>\n<\/ul>\n<p><strong>Materiale<\/strong>: Massiv bj\u00f8rk og MDF. 100% FSC-sertifisert tre. <\/p>\n<p>Fargen er giftfri i henhold til direktiv for lekesikkerhet EN 71\/3 2013. <\/p>\n<p>Rengj\u00f8res forsiktig med en lett fuktet klut. <\/p>\n<p>Designer: <a href=\"https:\/\/babylove.se\/varumarken\/cam-cam-copenhagen\">Cam Cam Copenhagen<\/a> <\/p>\n<p><em><em><em><em><em>Obs! Sengen leveres umontert og b\u00f8r settes sammen i rommet den skal brukes i.<\/em><\/em><\/em><\/em><\/em><\/p>\n","protected":false},"excerpt":{"rendered":"<p>En elegant og stilren sprinkelseng i Luca-design fra det danske Cam Cam Copenhagen. Sengen har en klassisk design med vakre sidebeskyttelser som kan monteres ned n\u00e5r du legger barnet ditt eller n\u00e5r barnet har blitt st\u00f8rre. Sidepanelet tas enkelt bort takket v\u00e6re Cam Cams patenterte l\u00e5semekanisme. Madrassh\u00f8yden er justerbar i 3 forskjellige h\u00f8yder. Dette er [&hellip;]<\/p>\n","protected":false},"featured_media":59861,"comment_status":"closed","ping_status":"closed","template":"","meta":{"_acf_changed":false},"product_brand":[1024],"product_cat":[279,1025],"product_tag":[1689],"class_list":{"0":"post-59859","1":"product","2":"type-product","3":"status-publish","4":"has-post-thumbnail","6":"product_brand-cam-cam-copenhagen","7":"product_cat-spjlsngar","8":"product_cat-cam-cam-copenhagen","9":"product_tag-bestillingsvaror","11":"first","12":"outofstock","13":"taxable","14":"shipping-taxable","15":"purchasable","16":"product-type-simple"},"acf":[],"yoast_head":"<!-- This site is optimized with the Yoast SEO Premium plugin v25.8 (Yoast SEO v27.2) - https:\/\/yoast.com\/product\/yoast-seo-premium-wordpress\/ -->\n<title>Cam Cam, Luca barneseng, hvit - Babylove Norska<\/title>\n<meta name=\"robots\" content=\"noindex, follow, max-snippet:-1, max-image-preview:large, max-video-preview:-1\" \/>\n<meta property=\"og:locale\" content=\"nb_NO\" \/>\n<meta property=\"og:type\" content=\"article\" \/>\n<meta property=\"og:title\" content=\"Cam Cam, Luca barneseng, hvit\" \/>\n<meta property=\"og:description\" content=\"En elegant og stilren sprinkelseng i Luca-design fra det danske Cam Cam Copenhagen. Sengen har en klassisk design med vakre sidebeskyttelser som kan monteres ned n\u00e5r du legger barnet ditt eller n\u00e5r barnet har blitt st\u00f8rre. Sidepanelet tas enkelt bort takket v\u00e6re Cam Cams patenterte l\u00e5semekanisme. Madrassh\u00f8yden er justerbar i 3 forskjellige h\u00f8yder. Dette er [&hellip;]\" \/>\n<meta property=\"og:url\" content=\"https:\/\/babylove.se\/no\/produkt\/cam-cam-luca-sprinkelseng-hvit\/\" \/>\n<meta property=\"og:site_name\" content=\"Babylove Norska\" \/>\n<meta property=\"article:modified_time\" content=\"2026-04-08T13:17:46+00:00\" \/>\n<meta property=\"og:image\" content=\"https:\/\/babylove.se\/no\/wp-content\/uploads\/sites\/3\/2025\/07\/661649f48c5c1.jpeg\" \/>\n\t<meta property=\"og:image:width\" content=\"1024\" \/>\n\t<meta property=\"og:image:height\" content=\"1024\" \/>\n\t<meta property=\"og:image:type\" content=\"image\/jpeg\" \/>\n<meta name=\"twitter:card\" content=\"summary_large_image\" \/>\n<meta name=\"twitter:label1\" content=\"Price\" \/>\n\t<meta name=\"twitter:data1\" content=\"10 999,00&nbsp;&#107;&#114;\" \/>\n\t<meta name=\"twitter:label2\" content=\"Availability\" \/>\n\t<meta name=\"twitter:data2\" content=\"Out of stock\" \/>\n<script type=\"application\/ld+json\" class=\"yoast-schema-graph\">{\"@context\":\"https:\/\/schema.org\",\"@graph\":[{\"@type\":\"WebPage\",\"@id\":\"https:\/\/babylove.se\/no\/produkt\/cam-cam-luca-sprinkelseng-hvit\/\",\"url\":\"https:\/\/babylove.se\/no\/produkt\/cam-cam-luca-sprinkelseng-hvit\/\",\"name\":\"Cam Cam, Luca barneseng, hvit - Babylove Norska\",\"isPartOf\":{\"@id\":\"https:\/\/babylove.se\/no\/#website\"},\"primaryImageOfPage\":{\"@id\":\"https:\/\/babylove.se\/no\/produkt\/cam-cam-luca-sprinkelseng-hvit\/#primaryimage\"},\"image\":{\"@id\":\"https:\/\/babylove.se\/no\/produkt\/cam-cam-luca-sprinkelseng-hvit\/#primaryimage\"},\"thumbnailUrl\":\"https:\/\/babylove.se\/no\/wp-content\/uploads\/sites\/3\/2025\/07\/661649f48c5c1.jpeg\",\"datePublished\":\"2025-07-19T14:32:07+00:00\",\"dateModified\":\"2026-04-08T13:17:46+00:00\",\"breadcrumb\":{\"@id\":\"https:\/\/babylove.se\/no\/produkt\/cam-cam-luca-sprinkelseng-hvit\/#breadcrumb\"},\"inLanguage\":\"nb-NO\",\"potentialAction\":[{\"@type\":\"ReadAction\",\"target\":[\"https:\/\/babylove.se\/no\/produkt\/cam-cam-luca-sprinkelseng-hvit\/\"]}]},{\"@type\":\"ImageObject\",\"inLanguage\":\"nb-NO\",\"@id\":\"https:\/\/babylove.se\/no\/produkt\/cam-cam-luca-sprinkelseng-hvit\/#primaryimage\",\"url\":\"https:\/\/babylove.se\/no\/wp-content\/uploads\/sites\/3\/2025\/07\/661649f48c5c1.jpeg\",\"contentUrl\":\"https:\/\/babylove.se\/no\/wp-content\/uploads\/sites\/3\/2025\/07\/661649f48c5c1.jpeg\",\"width\":1024,\"height\":1024},{\"@type\":\"BreadcrumbList\",\"@id\":\"https:\/\/babylove.se\/no\/produkt\/cam-cam-luca-sprinkelseng-hvit\/#breadcrumb\",\"itemListElement\":[{\"@type\":\"ListItem\",\"position\":1,\"name\":\"Hem\",\"item\":\"https:\/\/babylove.se\/no\/\"},{\"@type\":\"ListItem\",\"position\":2,\"name\":\"Butik\",\"item\":\"https:\/\/babylove.se\/no\/butik\/\"},{\"@type\":\"ListItem\",\"position\":3,\"name\":\"Cam Cam, Luca barneseng, hvit\"}]},{\"@type\":\"WebSite\",\"@id\":\"https:\/\/babylove.se\/no\/#website\",\"url\":\"https:\/\/babylove.se\/no\/\",\"name\":\"Babylove Norska\",\"description\":\"\",\"potentialAction\":[{\"@type\":\"SearchAction\",\"target\":{\"@type\":\"EntryPoint\",\"urlTemplate\":\"https:\/\/babylove.se\/no\/?s={search_term_string}\"},\"query-input\":{\"@type\":\"PropertyValueSpecification\",\"valueRequired\":true,\"valueName\":\"search_term_string\"}}],\"inLanguage\":\"nb-NO\"}]}<\/script>\n<meta property=\"product:brand\" content=\"Cam Cam Copenhagen\" \/>\n<meta property=\"product:price:amount\" content=\"10999.00\" \/>\n<meta property=\"product:price:currency\" content=\"SEK\" \/>\n<meta property=\"og:availability\" content=\"out of stock\" \/>\n<meta property=\"product:availability\" content=\"out of stock\" \/>\n<meta property=\"product:retailer_item_id\" content=\"2039-23-000-EU\" \/>\n<meta property=\"product:condition\" content=\"new\" \/>\n<!-- \/ Yoast SEO Premium plugin. -->","yoast_head_json":{"title":"Cam Cam, Luca barneseng, hvit - Babylove Norska","robots":{"index":"noindex","follow":"follow","max-snippet":"max-snippet:-1","max-image-preview":"max-image-preview:large","max-video-preview":"max-video-preview:-1"},"og_locale":"nb_NO","og_type":"article","og_title":"Cam Cam, Luca barneseng, hvit","og_description":"En elegant og stilren sprinkelseng i Luca-design fra det danske Cam Cam Copenhagen. Sengen har en klassisk design med vakre sidebeskyttelser som kan monteres ned n\u00e5r du legger barnet ditt eller n\u00e5r barnet har blitt st\u00f8rre. Sidepanelet tas enkelt bort takket v\u00e6re Cam Cams patenterte l\u00e5semekanisme. Madrassh\u00f8yden er justerbar i 3 forskjellige h\u00f8yder. Dette er [&hellip;]","og_url":"https:\/\/babylove.se\/no\/produkt\/cam-cam-luca-sprinkelseng-hvit\/","og_site_name":"Babylove Norska","article_modified_time":"2026-04-08T13:17:46+00:00","og_image":[{"width":1024,"height":1024,"url":"https:\/\/babylove.se\/no\/wp-content\/uploads\/sites\/3\/2025\/07\/661649f48c5c1.jpeg","type":"image\/jpeg"}],"twitter_card":"summary_large_image","twitter_misc":{"Price":"10 999,00&nbsp;&#107;&#114;","Availability":"Out of stock"},"schema":{"@context":"https:\/\/schema.org","@graph":[{"@type":"WebPage","@id":"https:\/\/babylove.se\/no\/produkt\/cam-cam-luca-sprinkelseng-hvit\/","url":"https:\/\/babylove.se\/no\/produkt\/cam-cam-luca-sprinkelseng-hvit\/","name":"Cam Cam, Luca barneseng, hvit - Babylove Norska","isPartOf":{"@id":"https:\/\/babylove.se\/no\/#website"},"primaryImageOfPage":{"@id":"https:\/\/babylove.se\/no\/produkt\/cam-cam-luca-sprinkelseng-hvit\/#primaryimage"},"image":{"@id":"https:\/\/babylove.se\/no\/produkt\/cam-cam-luca-sprinkelseng-hvit\/#primaryimage"},"thumbnailUrl":"https:\/\/babylove.se\/no\/wp-content\/uploads\/sites\/3\/2025\/07\/661649f48c5c1.jpeg","datePublished":"2025-07-19T14:32:07+00:00","dateModified":"2026-04-08T13:17:46+00:00","breadcrumb":{"@id":"https:\/\/babylove.se\/no\/produkt\/cam-cam-luca-sprinkelseng-hvit\/#breadcrumb"},"inLanguage":"nb-NO","potentialAction":[{"@type":"ReadAction","target":["https:\/\/babylove.se\/no\/produkt\/cam-cam-luca-sprinkelseng-hvit\/"]}]},{"@type":"ImageObject","inLanguage":"nb-NO","@id":"https:\/\/babylove.se\/no\/produkt\/cam-cam-luca-sprinkelseng-hvit\/#primaryimage","url":"https:\/\/babylove.se\/no\/wp-content\/uploads\/sites\/3\/2025\/07\/661649f48c5c1.jpeg","contentUrl":"https:\/\/babylove.se\/no\/wp-content\/uploads\/sites\/3\/2025\/07\/661649f48c5c1.jpeg","width":1024,"height":1024},{"@type":"BreadcrumbList","@id":"https:\/\/babylove.se\/no\/produkt\/cam-cam-luca-sprinkelseng-hvit\/#breadcrumb","itemListElement":[{"@type":"ListItem","position":1,"name":"Hem","item":"https:\/\/babylove.se\/no\/"},{"@type":"ListItem","position":2,"name":"Butik","item":"https:\/\/babylove.se\/no\/butik\/"},{"@type":"ListItem","position":3,"name":"Cam Cam, Luca barneseng, hvit"}]},{"@type":"WebSite","@id":"https:\/\/babylove.se\/no\/#website","url":"https:\/\/babylove.se\/no\/","name":"Babylove Norska","description":"","potentialAction":[{"@type":"SearchAction","target":{"@type":"EntryPoint","urlTemplate":"https:\/\/babylove.se\/no\/?s={search_term_string}"},"query-input":{"@type":"PropertyValueSpecification","valueRequired":true,"valueName":"search_term_string"}}],"inLanguage":"nb-NO"}]},"product_brand":"Cam Cam Copenhagen","product_price_amount":"10999.00","product_price_currency":"SEK","og_availability":"out of stock","product_availability":"out of stock","product_retailer_item_id":"2039-23-000-EU","product_condition":"new"},"_links":{"self":[{"href":"https:\/\/babylove.se\/no\/wp-json\/wp\/v2\/product\/59859","targetHints":{"allow":["GET"]}}],"collection":[{"href":"https:\/\/babylove.se\/no\/wp-json\/wp\/v2\/product"}],"about":[{"href":"https:\/\/babylove.se\/no\/wp-json\/wp\/v2\/types\/product"}],"replies":[{"embeddable":true,"href":"https:\/\/babylove.se\/no\/wp-json\/wp\/v2\/comments?post=59859"}],"wp:featuredmedia":[{"embeddable":true,"href":"https:\/\/babylove.se\/no\/wp-json\/wp\/v2\/media\/59861"}],"wp:attachment":[{"href":"https:\/\/babylove.se\/no\/wp-json\/wp\/v2\/media?parent=59859"}],"wp:term":[{"taxonomy":"product_brand","embeddable":true,"href":"https:\/\/babylove.se\/no\/wp-json\/wp\/v2\/product_brand?post=59859"},{"taxonomy":"product_cat","embeddable":true,"href":"https:\/\/babylove.se\/no\/wp-json\/wp\/v2\/product_cat?post=59859"},{"taxonomy":"product_tag","embeddable":true,"href":"https:\/\/babylove.se\/no\/wp-json\/wp\/v2\/product_tag?post=59859"}],"curies":[{"name":"wp","href":"https:\/\/api.w.org\/{rel}","templated":true}]}}