{"id":5989,"date":"2025-07-18T20:33:12","date_gmt":"2025-07-18T19:33:12","guid":{"rendered":"https:\/\/babylove.se\/produkt\/kids-concept-lara-ga-vagn-neo-natur\/"},"modified":"2026-04-08T08:23:53","modified_gmt":"2026-04-08T07:23:53","slug":"kids-concept-lara-gavogn-neo-natur","status":"publish","type":"product","link":"https:\/\/babylove.se\/no\/produkt\/kids-concept-lara-gavogn-neo-natur\/","title":{"rendered":"Kid&#8217;s Concept, L\u00e6re \u00e5 g\u00e5 vogn, neo natur"},"content":{"rendered":"<p>Kanskje den ultimate leken? En g\u00e5vogn vil hjelpe barnet ditt \u00e5 utvikle motorikken og balansen, samtidig som det elsker \u00e5 kj\u00f8re rundt favorittlekene sine i lasteseksjonen. Denne bestselgeren fra Kid&#8217;s Concept hjelper barnets g\u00e5teknikk og \u00e5 finne riktig balanse. Den har stor plass til alle leker og kosedyr, og smartest av alt er at b\u00e5de h\u00e5ndtak og brems er justerbare. Laget av tre og metall. Smarte gummikanter rundt hjulene gj\u00f8r at den g\u00e5r lydl\u00f8st samtidig som den beskytter gulvene. Trygg og passer barn fra 12 m\u00e5neder og oppover aller best. <\/p>\n<p>M\u00e5l: 45 x 28 x 45 cm.<\/p>\n<p>Sikkerhetstestet i henhold til EN71 og CE-merket.<\/p>\n<p>Designer:<span> <\/span><a href=\"https:\/\/babylove.se\/varumarken\/kids-concept\">Kid&#8217;s Concept<\/a><\/p>\n","protected":false},"excerpt":{"rendered":"<p>Kanskje den ultimate leken? En g\u00e5vogn vil hjelpe barnet ditt \u00e5 utvikle motorikken og balansen, samtidig som det elsker \u00e5 kj\u00f8re rundt favorittlekene sine i lasteseksjonen. Denne bestselgeren fra Kid&#8217;s Concept hjelper barnets g\u00e5teknikk og \u00e5 finne riktig balanse. Den har stor plass til alle leker og kosedyr, og smartest av alt er at b\u00e5de [&hellip;]<\/p>\n","protected":false},"featured_media":5991,"comment_status":"closed","ping_status":"open","template":"","meta":{"_acf_changed":false},"product_brand":[320],"product_cat":[70,321,68,204,48,112],"product_tag":[],"class_list":{"0":"post-5989","1":"product","2":"type-product","3":"status-publish","4":"has-post-thumbnail","6":"product_brand-kids-concept","7":"product_cat-gaver","8":"product_cat-kids-concept","9":"product_cat-leker","10":"product_cat-motoriske-barnmobler","11":"product_cat-startside","12":"product_cat-treleker","14":"first","15":"outofstock","16":"taxable","17":"shipping-taxable","18":"purchasable","19":"product-type-simple"},"acf":[],"yoast_head":"<!-- This site is optimized with the Yoast SEO Premium plugin v25.8 (Yoast SEO v27.2) - https:\/\/yoast.com\/product\/yoast-seo-premium-wordpress\/ -->\n<title>Kid&#039;s Concept, L\u00e6re \u00e5 g\u00e5 vogn, neo natur - Babylove Norska<\/title>\n<meta name=\"robots\" content=\"noindex, follow, max-snippet:-1, max-image-preview:large, max-video-preview:-1\" \/>\n<meta property=\"og:locale\" content=\"nb_NO\" \/>\n<meta property=\"og:type\" content=\"article\" \/>\n<meta property=\"og:title\" content=\"Kid&#039;s Concept, L\u00e6re \u00e5 g\u00e5 vogn, neo natur\" \/>\n<meta property=\"og:description\" content=\"Kanskje den ultimate leken? En g\u00e5vogn vil hjelpe barnet ditt \u00e5 utvikle motorikken og balansen, samtidig som det elsker \u00e5 kj\u00f8re rundt favorittlekene sine i lasteseksjonen. Denne bestselgeren fra Kid&#8217;s Concept hjelper barnets g\u00e5teknikk og \u00e5 finne riktig balanse. Den har stor plass til alle leker og kosedyr, og smartest av alt er at b\u00e5de [&hellip;]\" \/>\n<meta property=\"og:url\" content=\"https:\/\/babylove.se\/no\/produkt\/kids-concept-lara-gavogn-neo-natur\/\" \/>\n<meta property=\"og:site_name\" content=\"Babylove Norska\" \/>\n<meta property=\"article:modified_time\" content=\"2026-04-08T07:23:53+00:00\" \/>\n<meta property=\"og:image\" content=\"https:\/\/babylove.se\/no\/wp-content\/uploads\/sites\/3\/2025\/07\/5a99524ee705b.jpeg\" \/>\n\t<meta property=\"og:image:width\" content=\"750\" \/>\n\t<meta property=\"og:image:height\" content=\"666\" \/>\n\t<meta property=\"og:image:type\" content=\"image\/jpeg\" \/>\n<meta name=\"twitter:card\" content=\"summary_large_image\" \/>\n<meta name=\"twitter:label1\" content=\"Price\" \/>\n\t<meta name=\"twitter:data1\" content=\"599,00&nbsp;&#107;&#114;\" \/>\n\t<meta name=\"twitter:label2\" content=\"Availability\" \/>\n\t<meta name=\"twitter:data2\" content=\"Out of stock\" \/>\n<script type=\"application\/ld+json\" class=\"yoast-schema-graph\">{\"@context\":\"https:\/\/schema.org\",\"@graph\":[{\"@type\":\"WebPage\",\"@id\":\"https:\/\/babylove.se\/no\/produkt\/kids-concept-lara-gavogn-neo-natur\/\",\"url\":\"https:\/\/babylove.se\/no\/produkt\/kids-concept-lara-gavogn-neo-natur\/\",\"name\":\"Kid's Concept, L\u00e6re \u00e5 g\u00e5 vogn, neo natur - Babylove Norska\",\"isPartOf\":{\"@id\":\"https:\/\/babylove.se\/no\/#website\"},\"primaryImageOfPage\":{\"@id\":\"https:\/\/babylove.se\/no\/produkt\/kids-concept-lara-gavogn-neo-natur\/#primaryimage\"},\"image\":{\"@id\":\"https:\/\/babylove.se\/no\/produkt\/kids-concept-lara-gavogn-neo-natur\/#primaryimage\"},\"thumbnailUrl\":\"https:\/\/babylove.se\/no\/wp-content\/uploads\/sites\/3\/2025\/07\/5a99524ee705b.jpeg\",\"datePublished\":\"2025-07-18T19:33:12+00:00\",\"dateModified\":\"2026-04-08T07:23:53+00:00\",\"breadcrumb\":{\"@id\":\"https:\/\/babylove.se\/no\/produkt\/kids-concept-lara-gavogn-neo-natur\/#breadcrumb\"},\"inLanguage\":\"nb-NO\",\"potentialAction\":[{\"@type\":\"ReadAction\",\"target\":[\"https:\/\/babylove.se\/no\/produkt\/kids-concept-lara-gavogn-neo-natur\/\"]}]},{\"@type\":\"ImageObject\",\"inLanguage\":\"nb-NO\",\"@id\":\"https:\/\/babylove.se\/no\/produkt\/kids-concept-lara-gavogn-neo-natur\/#primaryimage\",\"url\":\"https:\/\/babylove.se\/no\/wp-content\/uploads\/sites\/3\/2025\/07\/5a99524ee705b.jpeg\",\"contentUrl\":\"https:\/\/babylove.se\/no\/wp-content\/uploads\/sites\/3\/2025\/07\/5a99524ee705b.jpeg\",\"width\":750,\"height\":666},{\"@type\":\"BreadcrumbList\",\"@id\":\"https:\/\/babylove.se\/no\/produkt\/kids-concept-lara-gavogn-neo-natur\/#breadcrumb\",\"itemListElement\":[{\"@type\":\"ListItem\",\"position\":1,\"name\":\"Hem\",\"item\":\"https:\/\/babylove.se\/no\/\"},{\"@type\":\"ListItem\",\"position\":2,\"name\":\"Butik\",\"item\":\"https:\/\/babylove.se\/no\/butik\/\"},{\"@type\":\"ListItem\",\"position\":3,\"name\":\"Kid&#8217;s Concept, L\u00e6re \u00e5 g\u00e5 vogn, neo natur\"}]},{\"@type\":\"WebSite\",\"@id\":\"https:\/\/babylove.se\/no\/#website\",\"url\":\"https:\/\/babylove.se\/no\/\",\"name\":\"Babylove Norska\",\"description\":\"\",\"potentialAction\":[{\"@type\":\"SearchAction\",\"target\":{\"@type\":\"EntryPoint\",\"urlTemplate\":\"https:\/\/babylove.se\/no\/?s={search_term_string}\"},\"query-input\":{\"@type\":\"PropertyValueSpecification\",\"valueRequired\":true,\"valueName\":\"search_term_string\"}}],\"inLanguage\":\"nb-NO\"}]}<\/script>\n<meta property=\"product:brand\" content=\"Kids Concept\" \/>\n<meta property=\"product:price:amount\" content=\"599.00\" \/>\n<meta property=\"product:price:currency\" content=\"SEK\" \/>\n<meta property=\"og:availability\" content=\"out of stock\" \/>\n<meta property=\"product:availability\" content=\"out of stock\" \/>\n<meta property=\"product:retailer_item_id\" content=\"412648\" \/>\n<meta property=\"product:condition\" content=\"new\" \/>\n<!-- \/ Yoast SEO Premium plugin. -->","yoast_head_json":{"title":"Kid's Concept, L\u00e6re \u00e5 g\u00e5 vogn, neo natur - Babylove Norska","robots":{"index":"noindex","follow":"follow","max-snippet":"max-snippet:-1","max-image-preview":"max-image-preview:large","max-video-preview":"max-video-preview:-1"},"og_locale":"nb_NO","og_type":"article","og_title":"Kid's Concept, L\u00e6re \u00e5 g\u00e5 vogn, neo natur","og_description":"Kanskje den ultimate leken? En g\u00e5vogn vil hjelpe barnet ditt \u00e5 utvikle motorikken og balansen, samtidig som det elsker \u00e5 kj\u00f8re rundt favorittlekene sine i lasteseksjonen. Denne bestselgeren fra Kid&#8217;s Concept hjelper barnets g\u00e5teknikk og \u00e5 finne riktig balanse. Den har stor plass til alle leker og kosedyr, og smartest av alt er at b\u00e5de [&hellip;]","og_url":"https:\/\/babylove.se\/no\/produkt\/kids-concept-lara-gavogn-neo-natur\/","og_site_name":"Babylove Norska","article_modified_time":"2026-04-08T07:23:53+00:00","og_image":[{"width":750,"height":666,"url":"https:\/\/babylove.se\/no\/wp-content\/uploads\/sites\/3\/2025\/07\/5a99524ee705b.jpeg","type":"image\/jpeg"}],"twitter_card":"summary_large_image","twitter_misc":{"Price":"599,00&nbsp;&#107;&#114;","Availability":"Out of stock"},"schema":{"@context":"https:\/\/schema.org","@graph":[{"@type":"WebPage","@id":"https:\/\/babylove.se\/no\/produkt\/kids-concept-lara-gavogn-neo-natur\/","url":"https:\/\/babylove.se\/no\/produkt\/kids-concept-lara-gavogn-neo-natur\/","name":"Kid's Concept, L\u00e6re \u00e5 g\u00e5 vogn, neo natur - Babylove Norska","isPartOf":{"@id":"https:\/\/babylove.se\/no\/#website"},"primaryImageOfPage":{"@id":"https:\/\/babylove.se\/no\/produkt\/kids-concept-lara-gavogn-neo-natur\/#primaryimage"},"image":{"@id":"https:\/\/babylove.se\/no\/produkt\/kids-concept-lara-gavogn-neo-natur\/#primaryimage"},"thumbnailUrl":"https:\/\/babylove.se\/no\/wp-content\/uploads\/sites\/3\/2025\/07\/5a99524ee705b.jpeg","datePublished":"2025-07-18T19:33:12+00:00","dateModified":"2026-04-08T07:23:53+00:00","breadcrumb":{"@id":"https:\/\/babylove.se\/no\/produkt\/kids-concept-lara-gavogn-neo-natur\/#breadcrumb"},"inLanguage":"nb-NO","potentialAction":[{"@type":"ReadAction","target":["https:\/\/babylove.se\/no\/produkt\/kids-concept-lara-gavogn-neo-natur\/"]}]},{"@type":"ImageObject","inLanguage":"nb-NO","@id":"https:\/\/babylove.se\/no\/produkt\/kids-concept-lara-gavogn-neo-natur\/#primaryimage","url":"https:\/\/babylove.se\/no\/wp-content\/uploads\/sites\/3\/2025\/07\/5a99524ee705b.jpeg","contentUrl":"https:\/\/babylove.se\/no\/wp-content\/uploads\/sites\/3\/2025\/07\/5a99524ee705b.jpeg","width":750,"height":666},{"@type":"BreadcrumbList","@id":"https:\/\/babylove.se\/no\/produkt\/kids-concept-lara-gavogn-neo-natur\/#breadcrumb","itemListElement":[{"@type":"ListItem","position":1,"name":"Hem","item":"https:\/\/babylove.se\/no\/"},{"@type":"ListItem","position":2,"name":"Butik","item":"https:\/\/babylove.se\/no\/butik\/"},{"@type":"ListItem","position":3,"name":"Kid&#8217;s Concept, L\u00e6re \u00e5 g\u00e5 vogn, neo natur"}]},{"@type":"WebSite","@id":"https:\/\/babylove.se\/no\/#website","url":"https:\/\/babylove.se\/no\/","name":"Babylove Norska","description":"","potentialAction":[{"@type":"SearchAction","target":{"@type":"EntryPoint","urlTemplate":"https:\/\/babylove.se\/no\/?s={search_term_string}"},"query-input":{"@type":"PropertyValueSpecification","valueRequired":true,"valueName":"search_term_string"}}],"inLanguage":"nb-NO"}]},"product_brand":"Kids Concept","product_price_amount":"599.00","product_price_currency":"SEK","og_availability":"out of stock","product_availability":"out of stock","product_retailer_item_id":"412648","product_condition":"new"},"_links":{"self":[{"href":"https:\/\/babylove.se\/no\/wp-json\/wp\/v2\/product\/5989","targetHints":{"allow":["GET"]}}],"collection":[{"href":"https:\/\/babylove.se\/no\/wp-json\/wp\/v2\/product"}],"about":[{"href":"https:\/\/babylove.se\/no\/wp-json\/wp\/v2\/types\/product"}],"replies":[{"embeddable":true,"href":"https:\/\/babylove.se\/no\/wp-json\/wp\/v2\/comments?post=5989"}],"wp:featuredmedia":[{"embeddable":true,"href":"https:\/\/babylove.se\/no\/wp-json\/wp\/v2\/media\/5991"}],"wp:attachment":[{"href":"https:\/\/babylove.se\/no\/wp-json\/wp\/v2\/media?parent=5989"}],"wp:term":[{"taxonomy":"product_brand","embeddable":true,"href":"https:\/\/babylove.se\/no\/wp-json\/wp\/v2\/product_brand?post=5989"},{"taxonomy":"product_cat","embeddable":true,"href":"https:\/\/babylove.se\/no\/wp-json\/wp\/v2\/product_cat?post=5989"},{"taxonomy":"product_tag","embeddable":true,"href":"https:\/\/babylove.se\/no\/wp-json\/wp\/v2\/product_tag?post=5989"}],"curies":[{"name":"wp","href":"https:\/\/api.w.org\/{rel}","templated":true}]}}