{"id":59915,"date":"2025-07-19T15:33:02","date_gmt":"2025-07-19T14:33:02","guid":{"rendered":"https:\/\/babylove.se\/produkt\/vit-hussang-90x200-med-en-utdragbar-extra-sang\/"},"modified":"2026-04-08T14:18:13","modified_gmt":"2026-04-08T13:18:13","slug":"hvit-husseng-90x200-med-en-uttrekkbar-ekstra-seng","status":"publish","type":"product","link":"https:\/\/babylove.se\/no\/produkt\/hvit-husseng-90x200-med-en-uttrekkbar-ekstra-seng\/","title":{"rendered":"Hvit hushyeng 90&#215;200 med en uttrekkbar ekstra seng"},"content":{"rendered":"<p>En underbart fin og praktisk husseng med en uttrekkbar ekstraseng. Denne sengen gir en herlig f\u00f8lelse til hele barnerommet, da barnet ditt kan leke i den eller skape sitt helt eget favorittmyshj\u00f8rne, gjerne med hjelp av noen fine dekorasjoner. Perfekt for s\u00f8sken i et lite rom, eller for barnets venner n\u00e5r de skal sove over. <\/p>\n<p>M\u00e5l: <\/p>\n<ul>\n<li>sengm\u00e5l: 90&#215;200 cm x 2<\/li>\n<li>benh\u00f8yde: 14 cm<\/li>\n<li>h\u00f8yde: 142 cm<\/li>\n<li>ribbbunn inkludert (2 stk)<\/li>\n<\/ul>\n<p>Materiale: MDF <\/p>\n<p><em>Obs!<\/em><br \/>\n<em>Sengen leveres umontert og b\u00f8r settes sammen i rommet den skal brukes i.<\/em><\/p>\n","protected":false},"excerpt":{"rendered":"<p>En underbart fin og praktisk husseng med en uttrekkbar ekstraseng. Denne sengen gir en herlig f\u00f8lelse til hele barnerommet, da barnet ditt kan leke i den eller skape sitt helt eget favorittmyshj\u00f8rne, gjerne med hjelp av noen fine dekorasjoner. Perfekt for s\u00f8sken i et lite rom, eller for barnets venner n\u00e5r de skal sove over. [&hellip;]<\/p>\n","protected":false},"featured_media":59917,"comment_status":"open","ping_status":"closed","template":"","meta":{"_acf_changed":false},"product_brand":[671],"product_cat":[672,217,280,40,1712],"product_tag":[1689],"class_list":{"0":"post-59915","1":"product","2":"type-product","3":"status-publish","4":"has-post-thumbnail","6":"product_brand-homestyle4u","7":"product_cat-hm","8":"product_cat-sengesanger","9":"product_cat-senger-med-rask-levering","10":"product_cat-soverom-barn","11":"product_cat-uttrekkbare-senger","12":"product_tag-bestillingsvaror","13":"pa_med-madrasser-ja","14":"pa_med-madrasser-nej","16":"first","17":"instock","18":"taxable","19":"shipping-taxable","20":"purchasable","21":"product-type-variable"},"acf":[],"yoast_head":"<!-- This site is optimized with the Yoast SEO Premium plugin v25.8 (Yoast SEO v27.2) - https:\/\/yoast.com\/product\/yoast-seo-premium-wordpress\/ -->\n<title>Hvit hushyeng 90x200 med en uttrekkbar ekstra seng - Babylove Norska<\/title>\n<meta name=\"robots\" content=\"noindex, follow, max-snippet:-1, max-image-preview:large, max-video-preview:-1\" \/>\n<meta property=\"og:locale\" content=\"nb_NO\" \/>\n<meta property=\"og:type\" content=\"article\" \/>\n<meta property=\"og:title\" content=\"Hvit hushyeng 90x200 med en uttrekkbar ekstra seng\" \/>\n<meta property=\"og:description\" content=\"En underbart fin og praktisk husseng med en uttrekkbar ekstraseng. Denne sengen gir en herlig f\u00f8lelse til hele barnerommet, da barnet ditt kan leke i den eller skape sitt helt eget favorittmyshj\u00f8rne, gjerne med hjelp av noen fine dekorasjoner. Perfekt for s\u00f8sken i et lite rom, eller for barnets venner n\u00e5r de skal sove over. [&hellip;]\" \/>\n<meta property=\"og:url\" content=\"https:\/\/babylove.se\/no\/produkt\/hvit-husseng-90x200-med-en-uttrekkbar-ekstra-seng\/\" \/>\n<meta property=\"og:site_name\" content=\"Babylove Norska\" \/>\n<meta property=\"article:modified_time\" content=\"2026-04-08T13:18:13+00:00\" \/>\n<meta property=\"og:image\" content=\"https:\/\/babylove.se\/no\/wp-content\/uploads\/sites\/3\/2025\/07\/661f810c414b2-736x1024.png\" \/>\n\t<meta property=\"og:image:width\" content=\"736\" \/>\n\t<meta property=\"og:image:height\" content=\"1024\" \/>\n\t<meta property=\"og:image:type\" content=\"image\/png\" \/>\n<meta name=\"twitter:card\" content=\"summary_large_image\" \/>\n<meta name=\"twitter:label1\" content=\"Availability\" \/>\n\t<meta name=\"twitter:data1\" content=\"In stock\" \/>\n<script type=\"application\/ld+json\" class=\"yoast-schema-graph\">{\"@context\":\"https:\/\/schema.org\",\"@graph\":[{\"@type\":\"WebPage\",\"@id\":\"https:\/\/babylove.se\/no\/produkt\/hvit-husseng-90x200-med-en-uttrekkbar-ekstra-seng\/\",\"url\":\"https:\/\/babylove.se\/no\/produkt\/hvit-husseng-90x200-med-en-uttrekkbar-ekstra-seng\/\",\"name\":\"Hvit hushyeng 90x200 med en uttrekkbar ekstra seng - Babylove Norska\",\"isPartOf\":{\"@id\":\"https:\/\/babylove.se\/no\/#website\"},\"primaryImageOfPage\":{\"@id\":\"https:\/\/babylove.se\/no\/produkt\/hvit-husseng-90x200-med-en-uttrekkbar-ekstra-seng\/#primaryimage\"},\"image\":{\"@id\":\"https:\/\/babylove.se\/no\/produkt\/hvit-husseng-90x200-med-en-uttrekkbar-ekstra-seng\/#primaryimage\"},\"thumbnailUrl\":\"https:\/\/babylove.se\/no\/wp-content\/uploads\/sites\/3\/2025\/07\/661f810c414b2.png\",\"datePublished\":\"2025-07-19T14:33:02+00:00\",\"dateModified\":\"2026-04-08T13:18:13+00:00\",\"breadcrumb\":{\"@id\":\"https:\/\/babylove.se\/no\/produkt\/hvit-husseng-90x200-med-en-uttrekkbar-ekstra-seng\/#breadcrumb\"},\"inLanguage\":\"nb-NO\",\"potentialAction\":[{\"@type\":\"ReadAction\",\"target\":[\"https:\/\/babylove.se\/no\/produkt\/hvit-husseng-90x200-med-en-uttrekkbar-ekstra-seng\/\"]}]},{\"@type\":\"ImageObject\",\"inLanguage\":\"nb-NO\",\"@id\":\"https:\/\/babylove.se\/no\/produkt\/hvit-husseng-90x200-med-en-uttrekkbar-ekstra-seng\/#primaryimage\",\"url\":\"https:\/\/babylove.se\/no\/wp-content\/uploads\/sites\/3\/2025\/07\/661f810c414b2.png\",\"contentUrl\":\"https:\/\/babylove.se\/no\/wp-content\/uploads\/sites\/3\/2025\/07\/661f810c414b2.png\",\"width\":1286,\"height\":1790},{\"@type\":\"BreadcrumbList\",\"@id\":\"https:\/\/babylove.se\/no\/produkt\/hvit-husseng-90x200-med-en-uttrekkbar-ekstra-seng\/#breadcrumb\",\"itemListElement\":[{\"@type\":\"ListItem\",\"position\":1,\"name\":\"Hem\",\"item\":\"https:\/\/babylove.se\/no\/\"},{\"@type\":\"ListItem\",\"position\":2,\"name\":\"Butik\",\"item\":\"https:\/\/babylove.se\/no\/butik\/\"},{\"@type\":\"ListItem\",\"position\":3,\"name\":\"Hvit hushyeng 90&#215;200 med en uttrekkbar ekstra seng\"}]},{\"@type\":\"WebSite\",\"@id\":\"https:\/\/babylove.se\/no\/#website\",\"url\":\"https:\/\/babylove.se\/no\/\",\"name\":\"Babylove Norska\",\"description\":\"\",\"potentialAction\":[{\"@type\":\"SearchAction\",\"target\":{\"@type\":\"EntryPoint\",\"urlTemplate\":\"https:\/\/babylove.se\/no\/?s={search_term_string}\"},\"query-input\":{\"@type\":\"PropertyValueSpecification\",\"valueRequired\":true,\"valueName\":\"search_term_string\"}}],\"inLanguage\":\"nb-NO\"}]}<\/script>\n<meta property=\"product:brand\" content=\"Homestyle4u\" \/>\n<meta property=\"og:availability\" content=\"instock\" \/>\n<meta property=\"product:availability\" content=\"instock\" \/>\n<meta property=\"product:retailer_item_id\" content=\"2591\" \/>\n<meta property=\"product:condition\" content=\"new\" \/>\n<!-- \/ Yoast SEO Premium plugin. -->","yoast_head_json":{"title":"Hvit hushyeng 90x200 med en uttrekkbar ekstra seng - Babylove Norska","robots":{"index":"noindex","follow":"follow","max-snippet":"max-snippet:-1","max-image-preview":"max-image-preview:large","max-video-preview":"max-video-preview:-1"},"og_locale":"nb_NO","og_type":"article","og_title":"Hvit hushyeng 90x200 med en uttrekkbar ekstra seng","og_description":"En underbart fin og praktisk husseng med en uttrekkbar ekstraseng. Denne sengen gir en herlig f\u00f8lelse til hele barnerommet, da barnet ditt kan leke i den eller skape sitt helt eget favorittmyshj\u00f8rne, gjerne med hjelp av noen fine dekorasjoner. Perfekt for s\u00f8sken i et lite rom, eller for barnets venner n\u00e5r de skal sove over. [&hellip;]","og_url":"https:\/\/babylove.se\/no\/produkt\/hvit-husseng-90x200-med-en-uttrekkbar-ekstra-seng\/","og_site_name":"Babylove Norska","article_modified_time":"2026-04-08T13:18:13+00:00","og_image":[{"width":736,"height":1024,"url":"https:\/\/babylove.se\/no\/wp-content\/uploads\/sites\/3\/2025\/07\/661f810c414b2-736x1024.png","type":"image\/png"}],"twitter_card":"summary_large_image","twitter_misc":{"Availability":"In stock"},"schema":{"@context":"https:\/\/schema.org","@graph":[{"@type":"WebPage","@id":"https:\/\/babylove.se\/no\/produkt\/hvit-husseng-90x200-med-en-uttrekkbar-ekstra-seng\/","url":"https:\/\/babylove.se\/no\/produkt\/hvit-husseng-90x200-med-en-uttrekkbar-ekstra-seng\/","name":"Hvit hushyeng 90x200 med en uttrekkbar ekstra seng - Babylove Norska","isPartOf":{"@id":"https:\/\/babylove.se\/no\/#website"},"primaryImageOfPage":{"@id":"https:\/\/babylove.se\/no\/produkt\/hvit-husseng-90x200-med-en-uttrekkbar-ekstra-seng\/#primaryimage"},"image":{"@id":"https:\/\/babylove.se\/no\/produkt\/hvit-husseng-90x200-med-en-uttrekkbar-ekstra-seng\/#primaryimage"},"thumbnailUrl":"https:\/\/babylove.se\/no\/wp-content\/uploads\/sites\/3\/2025\/07\/661f810c414b2.png","datePublished":"2025-07-19T14:33:02+00:00","dateModified":"2026-04-08T13:18:13+00:00","breadcrumb":{"@id":"https:\/\/babylove.se\/no\/produkt\/hvit-husseng-90x200-med-en-uttrekkbar-ekstra-seng\/#breadcrumb"},"inLanguage":"nb-NO","potentialAction":[{"@type":"ReadAction","target":["https:\/\/babylove.se\/no\/produkt\/hvit-husseng-90x200-med-en-uttrekkbar-ekstra-seng\/"]}]},{"@type":"ImageObject","inLanguage":"nb-NO","@id":"https:\/\/babylove.se\/no\/produkt\/hvit-husseng-90x200-med-en-uttrekkbar-ekstra-seng\/#primaryimage","url":"https:\/\/babylove.se\/no\/wp-content\/uploads\/sites\/3\/2025\/07\/661f810c414b2.png","contentUrl":"https:\/\/babylove.se\/no\/wp-content\/uploads\/sites\/3\/2025\/07\/661f810c414b2.png","width":1286,"height":1790},{"@type":"BreadcrumbList","@id":"https:\/\/babylove.se\/no\/produkt\/hvit-husseng-90x200-med-en-uttrekkbar-ekstra-seng\/#breadcrumb","itemListElement":[{"@type":"ListItem","position":1,"name":"Hem","item":"https:\/\/babylove.se\/no\/"},{"@type":"ListItem","position":2,"name":"Butik","item":"https:\/\/babylove.se\/no\/butik\/"},{"@type":"ListItem","position":3,"name":"Hvit hushyeng 90&#215;200 med en uttrekkbar ekstra seng"}]},{"@type":"WebSite","@id":"https:\/\/babylove.se\/no\/#website","url":"https:\/\/babylove.se\/no\/","name":"Babylove Norska","description":"","potentialAction":[{"@type":"SearchAction","target":{"@type":"EntryPoint","urlTemplate":"https:\/\/babylove.se\/no\/?s={search_term_string}"},"query-input":{"@type":"PropertyValueSpecification","valueRequired":true,"valueName":"search_term_string"}}],"inLanguage":"nb-NO"}]},"product_brand":"Homestyle4u","og_availability":"instock","product_availability":"instock","product_retailer_item_id":"2591","product_condition":"new"},"_links":{"self":[{"href":"https:\/\/babylove.se\/no\/wp-json\/wp\/v2\/product\/59915","targetHints":{"allow":["GET"]}}],"collection":[{"href":"https:\/\/babylove.se\/no\/wp-json\/wp\/v2\/product"}],"about":[{"href":"https:\/\/babylove.se\/no\/wp-json\/wp\/v2\/types\/product"}],"replies":[{"embeddable":true,"href":"https:\/\/babylove.se\/no\/wp-json\/wp\/v2\/comments?post=59915"}],"wp:featuredmedia":[{"embeddable":true,"href":"https:\/\/babylove.se\/no\/wp-json\/wp\/v2\/media\/59917"}],"wp:attachment":[{"href":"https:\/\/babylove.se\/no\/wp-json\/wp\/v2\/media?parent=59915"}],"wp:term":[{"taxonomy":"product_brand","embeddable":true,"href":"https:\/\/babylove.se\/no\/wp-json\/wp\/v2\/product_brand?post=59915"},{"taxonomy":"product_cat","embeddable":true,"href":"https:\/\/babylove.se\/no\/wp-json\/wp\/v2\/product_cat?post=59915"},{"taxonomy":"product_tag","embeddable":true,"href":"https:\/\/babylove.se\/no\/wp-json\/wp\/v2\/product_tag?post=59915"}],"curies":[{"name":"wp","href":"https:\/\/api.w.org\/{rel}","templated":true}]}}