{"id":5996,"date":"2025-07-18T20:33:12","date_gmt":"2025-07-18T19:33:12","guid":{"rendered":"https:\/\/babylove.se\/produkt\/kids-concept-dockvagn-med-baddset-vit\/"},"modified":"2026-04-08T08:23:59","modified_gmt":"2026-04-08T07:23:59","slug":"kids-concept-dukkevogn-med-badesett-hvit","status":"publish","type":"product","link":"https:\/\/babylove.se\/no\/produkt\/kids-concept-dukkevogn-med-badesett-hvit\/","title":{"rendered":"Kid`s Concept, Dukkevogn med sengesett hvit"},"content":{"rendered":"<p>Kid&#8217;s Hub Dukkevogn er en vakker og praktisk dukkevogn fra popul\u00e6re Kid&#8217;s Concept. Selve dukkevognen er hvit og helt laget av tre og hjulene har en smart og praktisk gummikant rundt for \u00e5 beskytte gulvene. Et vakkert sengesett f\u00f8lger ogs\u00e5 med. <\/p>\n<p>Et annet bra bruksomr\u00e5de er at den fungerer som en smart g\u00e5vogn, som vil hjelpe barnet ditt til \u00e5 utvikle motorikken raskere og l\u00e6re seg \u00e5 g\u00e5. <\/p>\n<p><strong>M\u00e5l<\/strong>: 42 x 26 x 43 cm <\/p>\n<p><strong>Material<\/strong>: Tre<\/p>\n","protected":false},"excerpt":{"rendered":"<p>Kid&#8217;s Hub Dukkevogn er en vakker og praktisk dukkevogn fra popul\u00e6re Kid&#8217;s Concept. Selve dukkevognen er hvit og helt laget av tre og hjulene har en smart og praktisk gummikant rundt for \u00e5 beskytte gulvene. Et vakkert sengesett f\u00f8lger ogs\u00e5 med. Et annet bra bruksomr\u00e5de er at den fungerer som en smart g\u00e5vogn, som vil [&hellip;]<\/p>\n","protected":false},"featured_media":5998,"comment_status":"closed","ping_status":"closed","template":"","meta":{"_acf_changed":false},"product_brand":[320],"product_cat":[69,70,72,321,48,112],"product_tag":[],"class_list":{"0":"post-5996","1":"product","2":"type-product","3":"status-publish","4":"has-post-thumbnail","6":"product_brand-kids-concept","7":"product_cat-dukker-tilbehoer","8":"product_cat-gaver","9":"product_cat-julegaver","10":"product_cat-kids-concept","11":"product_cat-startside","12":"product_cat-treleker","14":"first","15":"instock","16":"taxable","17":"shipping-taxable","18":"purchasable","19":"product-type-simple"},"acf":[],"yoast_head":"<!-- This site is optimized with the Yoast SEO Premium plugin v25.8 (Yoast SEO v27.2) - https:\/\/yoast.com\/product\/yoast-seo-premium-wordpress\/ -->\n<title>Kid`s Concept, Dukkevogn med sengesett hvit - Babylove Norska<\/title>\n<meta name=\"robots\" content=\"noindex, follow, max-snippet:-1, max-image-preview:large, max-video-preview:-1\" \/>\n<meta property=\"og:locale\" content=\"nb_NO\" \/>\n<meta property=\"og:type\" content=\"article\" \/>\n<meta property=\"og:title\" content=\"Kid`s Concept, Dukkevogn med sengesett hvit\" \/>\n<meta property=\"og:description\" content=\"Kid&#8217;s Hub Dukkevogn er en vakker og praktisk dukkevogn fra popul\u00e6re Kid&#8217;s Concept. Selve dukkevognen er hvit og helt laget av tre og hjulene har en smart og praktisk gummikant rundt for \u00e5 beskytte gulvene. Et vakkert sengesett f\u00f8lger ogs\u00e5 med. Et annet bra bruksomr\u00e5de er at den fungerer som en smart g\u00e5vogn, som vil [&hellip;]\" \/>\n<meta property=\"og:url\" content=\"https:\/\/babylove.se\/no\/produkt\/kids-concept-dukkevogn-med-badesett-hvit\/\" \/>\n<meta property=\"og:site_name\" content=\"Babylove Norska\" \/>\n<meta property=\"article:modified_time\" content=\"2026-04-08T07:23:59+00:00\" \/>\n<meta property=\"og:image\" content=\"https:\/\/babylove.se\/no\/wp-content\/uploads\/sites\/3\/2025\/07\/6193b7df0d5f1.jpeg\" \/>\n\t<meta property=\"og:image:width\" content=\"1220\" \/>\n\t<meta property=\"og:image:height\" content=\"1220\" \/>\n\t<meta property=\"og:image:type\" content=\"image\/jpeg\" \/>\n<meta name=\"twitter:card\" content=\"summary_large_image\" \/>\n<meta name=\"twitter:label1\" content=\"Price\" \/>\n\t<meta name=\"twitter:data1\" content=\"899,00&nbsp;&#107;&#114;\" \/>\n\t<meta name=\"twitter:label2\" content=\"Availability\" \/>\n\t<meta name=\"twitter:data2\" content=\"In stock\" \/>\n<script type=\"application\/ld+json\" class=\"yoast-schema-graph\">{\"@context\":\"https:\/\/schema.org\",\"@graph\":[{\"@type\":\"WebPage\",\"@id\":\"https:\/\/babylove.se\/no\/produkt\/kids-concept-dukkevogn-med-badesett-hvit\/\",\"url\":\"https:\/\/babylove.se\/no\/produkt\/kids-concept-dukkevogn-med-badesett-hvit\/\",\"name\":\"Kid`s Concept, Dukkevogn med sengesett hvit - Babylove Norska\",\"isPartOf\":{\"@id\":\"https:\/\/babylove.se\/no\/#website\"},\"primaryImageOfPage\":{\"@id\":\"https:\/\/babylove.se\/no\/produkt\/kids-concept-dukkevogn-med-badesett-hvit\/#primaryimage\"},\"image\":{\"@id\":\"https:\/\/babylove.se\/no\/produkt\/kids-concept-dukkevogn-med-badesett-hvit\/#primaryimage\"},\"thumbnailUrl\":\"https:\/\/babylove.se\/no\/wp-content\/uploads\/sites\/3\/2025\/07\/6193b7df0d5f1.jpeg\",\"datePublished\":\"2025-07-18T19:33:12+00:00\",\"dateModified\":\"2026-04-08T07:23:59+00:00\",\"breadcrumb\":{\"@id\":\"https:\/\/babylove.se\/no\/produkt\/kids-concept-dukkevogn-med-badesett-hvit\/#breadcrumb\"},\"inLanguage\":\"nb-NO\",\"potentialAction\":[{\"@type\":\"ReadAction\",\"target\":[\"https:\/\/babylove.se\/no\/produkt\/kids-concept-dukkevogn-med-badesett-hvit\/\"]}]},{\"@type\":\"ImageObject\",\"inLanguage\":\"nb-NO\",\"@id\":\"https:\/\/babylove.se\/no\/produkt\/kids-concept-dukkevogn-med-badesett-hvit\/#primaryimage\",\"url\":\"https:\/\/babylove.se\/no\/wp-content\/uploads\/sites\/3\/2025\/07\/6193b7df0d5f1.jpeg\",\"contentUrl\":\"https:\/\/babylove.se\/no\/wp-content\/uploads\/sites\/3\/2025\/07\/6193b7df0d5f1.jpeg\",\"width\":1220,\"height\":1220},{\"@type\":\"BreadcrumbList\",\"@id\":\"https:\/\/babylove.se\/no\/produkt\/kids-concept-dukkevogn-med-badesett-hvit\/#breadcrumb\",\"itemListElement\":[{\"@type\":\"ListItem\",\"position\":1,\"name\":\"Hem\",\"item\":\"https:\/\/babylove.se\/no\/\"},{\"@type\":\"ListItem\",\"position\":2,\"name\":\"Butik\",\"item\":\"https:\/\/babylove.se\/no\/butik\/\"},{\"@type\":\"ListItem\",\"position\":3,\"name\":\"Kid`s Concept, Dukkevogn med sengesett hvit\"}]},{\"@type\":\"WebSite\",\"@id\":\"https:\/\/babylove.se\/no\/#website\",\"url\":\"https:\/\/babylove.se\/no\/\",\"name\":\"Babylove Norska\",\"description\":\"\",\"potentialAction\":[{\"@type\":\"SearchAction\",\"target\":{\"@type\":\"EntryPoint\",\"urlTemplate\":\"https:\/\/babylove.se\/no\/?s={search_term_string}\"},\"query-input\":{\"@type\":\"PropertyValueSpecification\",\"valueRequired\":true,\"valueName\":\"search_term_string\"}}],\"inLanguage\":\"nb-NO\"}]}<\/script>\n<meta property=\"product:brand\" content=\"Kids Concept\" \/>\n<meta property=\"product:price:amount\" content=\"899.00\" \/>\n<meta property=\"product:price:currency\" content=\"SEK\" \/>\n<meta property=\"og:availability\" content=\"instock\" \/>\n<meta property=\"product:availability\" content=\"instock\" \/>\n<meta property=\"product:retailer_item_id\" content=\"1000404\" \/>\n<meta property=\"product:condition\" content=\"new\" \/>\n<!-- \/ Yoast SEO Premium plugin. -->","yoast_head_json":{"title":"Kid`s Concept, Dukkevogn med sengesett hvit - Babylove Norska","robots":{"index":"noindex","follow":"follow","max-snippet":"max-snippet:-1","max-image-preview":"max-image-preview:large","max-video-preview":"max-video-preview:-1"},"og_locale":"nb_NO","og_type":"article","og_title":"Kid`s Concept, Dukkevogn med sengesett hvit","og_description":"Kid&#8217;s Hub Dukkevogn er en vakker og praktisk dukkevogn fra popul\u00e6re Kid&#8217;s Concept. Selve dukkevognen er hvit og helt laget av tre og hjulene har en smart og praktisk gummikant rundt for \u00e5 beskytte gulvene. Et vakkert sengesett f\u00f8lger ogs\u00e5 med. Et annet bra bruksomr\u00e5de er at den fungerer som en smart g\u00e5vogn, som vil [&hellip;]","og_url":"https:\/\/babylove.se\/no\/produkt\/kids-concept-dukkevogn-med-badesett-hvit\/","og_site_name":"Babylove Norska","article_modified_time":"2026-04-08T07:23:59+00:00","og_image":[{"width":1220,"height":1220,"url":"https:\/\/babylove.se\/no\/wp-content\/uploads\/sites\/3\/2025\/07\/6193b7df0d5f1.jpeg","type":"image\/jpeg"}],"twitter_card":"summary_large_image","twitter_misc":{"Price":"899,00&nbsp;&#107;&#114;","Availability":"In stock"},"schema":{"@context":"https:\/\/schema.org","@graph":[{"@type":"WebPage","@id":"https:\/\/babylove.se\/no\/produkt\/kids-concept-dukkevogn-med-badesett-hvit\/","url":"https:\/\/babylove.se\/no\/produkt\/kids-concept-dukkevogn-med-badesett-hvit\/","name":"Kid`s Concept, Dukkevogn med sengesett hvit - Babylove Norska","isPartOf":{"@id":"https:\/\/babylove.se\/no\/#website"},"primaryImageOfPage":{"@id":"https:\/\/babylove.se\/no\/produkt\/kids-concept-dukkevogn-med-badesett-hvit\/#primaryimage"},"image":{"@id":"https:\/\/babylove.se\/no\/produkt\/kids-concept-dukkevogn-med-badesett-hvit\/#primaryimage"},"thumbnailUrl":"https:\/\/babylove.se\/no\/wp-content\/uploads\/sites\/3\/2025\/07\/6193b7df0d5f1.jpeg","datePublished":"2025-07-18T19:33:12+00:00","dateModified":"2026-04-08T07:23:59+00:00","breadcrumb":{"@id":"https:\/\/babylove.se\/no\/produkt\/kids-concept-dukkevogn-med-badesett-hvit\/#breadcrumb"},"inLanguage":"nb-NO","potentialAction":[{"@type":"ReadAction","target":["https:\/\/babylove.se\/no\/produkt\/kids-concept-dukkevogn-med-badesett-hvit\/"]}]},{"@type":"ImageObject","inLanguage":"nb-NO","@id":"https:\/\/babylove.se\/no\/produkt\/kids-concept-dukkevogn-med-badesett-hvit\/#primaryimage","url":"https:\/\/babylove.se\/no\/wp-content\/uploads\/sites\/3\/2025\/07\/6193b7df0d5f1.jpeg","contentUrl":"https:\/\/babylove.se\/no\/wp-content\/uploads\/sites\/3\/2025\/07\/6193b7df0d5f1.jpeg","width":1220,"height":1220},{"@type":"BreadcrumbList","@id":"https:\/\/babylove.se\/no\/produkt\/kids-concept-dukkevogn-med-badesett-hvit\/#breadcrumb","itemListElement":[{"@type":"ListItem","position":1,"name":"Hem","item":"https:\/\/babylove.se\/no\/"},{"@type":"ListItem","position":2,"name":"Butik","item":"https:\/\/babylove.se\/no\/butik\/"},{"@type":"ListItem","position":3,"name":"Kid`s Concept, Dukkevogn med sengesett hvit"}]},{"@type":"WebSite","@id":"https:\/\/babylove.se\/no\/#website","url":"https:\/\/babylove.se\/no\/","name":"Babylove Norska","description":"","potentialAction":[{"@type":"SearchAction","target":{"@type":"EntryPoint","urlTemplate":"https:\/\/babylove.se\/no\/?s={search_term_string}"},"query-input":{"@type":"PropertyValueSpecification","valueRequired":true,"valueName":"search_term_string"}}],"inLanguage":"nb-NO"}]},"product_brand":"Kids Concept","product_price_amount":"899.00","product_price_currency":"SEK","og_availability":"instock","product_availability":"instock","product_retailer_item_id":"1000404","product_condition":"new"},"_links":{"self":[{"href":"https:\/\/babylove.se\/no\/wp-json\/wp\/v2\/product\/5996","targetHints":{"allow":["GET"]}}],"collection":[{"href":"https:\/\/babylove.se\/no\/wp-json\/wp\/v2\/product"}],"about":[{"href":"https:\/\/babylove.se\/no\/wp-json\/wp\/v2\/types\/product"}],"replies":[{"embeddable":true,"href":"https:\/\/babylove.se\/no\/wp-json\/wp\/v2\/comments?post=5996"}],"wp:featuredmedia":[{"embeddable":true,"href":"https:\/\/babylove.se\/no\/wp-json\/wp\/v2\/media\/5998"}],"wp:attachment":[{"href":"https:\/\/babylove.se\/no\/wp-json\/wp\/v2\/media?parent=5996"}],"wp:term":[{"taxonomy":"product_brand","embeddable":true,"href":"https:\/\/babylove.se\/no\/wp-json\/wp\/v2\/product_brand?post=5996"},{"taxonomy":"product_cat","embeddable":true,"href":"https:\/\/babylove.se\/no\/wp-json\/wp\/v2\/product_cat?post=5996"},{"taxonomy":"product_tag","embeddable":true,"href":"https:\/\/babylove.se\/no\/wp-json\/wp\/v2\/product_tag?post=5996"}],"curies":[{"name":"wp","href":"https:\/\/api.w.org\/{rel}","templated":true}]}}