{"id":59964,"date":"2025-07-19T15:33:54","date_gmt":"2025-07-19T14:33:54","guid":{"rendered":"https:\/\/babylove.se\/produkt\/barnsang-bailey-100x200-cm\/"},"modified":"2026-04-08T14:18:34","modified_gmt":"2026-04-08T13:18:34","slug":"barneseng-bailey-100x200-cm","status":"publish","type":"product","link":"https:\/\/babylove.se\/no\/produkt\/barneseng-bailey-100x200-cm\/","title":{"rendered":"Barneseng Bailey 100&#215;200 cm"},"content":{"rendered":"<p>Vi \u00f8nsker velkommen en av v\u00e5re nyheter: Bailey BARNESENG!&nbsp;<\/p>\n<p>Denne fantastiske barnesengen er helt h\u00e5ndlaget med stor lidenskap<em>,&nbsp;<\/em>av h\u00f8ykvalitets limtre.<br \/>Limtre har fordelen, sammenlignet med massivt tre, at de ikke sprekker og at det ikke finnes noen kvister som p\u00e5virker utseendet.&nbsp;<\/p>\n<p>\u00c5pningen til sengen gj\u00f8r det lettere for barnet \u00e5 selvstendig ta seg inn og ut n\u00e5r den er \u00e5pen, samtidig som den gir trygg beskyttelse og forhindrer at barnet ruller ut om natten. Du velger selv p\u00e5 hvilken side \u00e5pningen skal sitte og oppgir dette i tekstfeltet p\u00e5 produktkartet<\/p>\n<p>En stabil og vakker seng av h\u00f8y kvalitet!<\/p>\n<p><strong>Info<\/strong>:<\/p>\n<ul>\n<li>Naturfarget (ubehandlet)<\/li>\n<li>Sengem\u00e5l 100&#215;200 cm&nbsp;<\/li>\n<li>Sengens totale m\u00e5l 109 x 209 cm<\/li>\n<li>\u00c5pningen : 53,5 cm&nbsp;<\/li>\n<li>Benh\u00f8yde 1 cm<\/li>\n<li>Rekverkets h\u00f8yde ca 53,5 cm<\/li>\n<li>Avstand mellom spilene 7,5 cm<\/li>\n<li>Du velger selv p\u00e5 hvilken side \u00e5pningen skal sitte og oppgir dette i tekstfeltet p\u00e5 produktkartet.&nbsp;<\/li>\n<li>Maks vekt 100kg&nbsp;<\/li>\n<\/ul>\n<p>Madrass f\u00f8lger ikke med, men ta gjerne en titt i v\u00e5rt store madrassutvalg. Vi anbefaler en skummadrass med tykkelse p\u00e5 ca 10-12 cm.<\/p>\n<p><em>Obs!&nbsp;<\/em><em>Sengen leveres umontert og b\u00f8r settes sammen i rommet den skal brukes i.<\/em><\/p>\n","protected":false},"excerpt":{"rendered":"<p>Vi \u00f8nsker velkommen en av v\u00e5re nyheter: Bailey BARNESENG!&nbsp; Denne fantastiske barnesengen er helt h\u00e5ndlaget med stor lidenskap,&nbsp;av h\u00f8ykvalitets limtre.Limtre har fordelen, sammenlignet med massivt tre, at de ikke sprekker og at det ikke finnes noen kvister som p\u00e5virker utseendet.&nbsp; \u00c5pningen til sengen gj\u00f8r det lettere for barnet \u00e5 selvstendig ta seg inn og ut [&hellip;]<\/p>\n","protected":false},"featured_media":59966,"comment_status":"closed","ping_status":"open","template":"","meta":{"_acf_changed":false},"product_brand":[600],"product_cat":[602,372,269,940,922,280,40],"product_tag":[1689],"class_list":{"0":"post-59964","1":"product","2":"type-product","3":"status-publish","4":"has-post-thumbnail","6":"product_brand-luletto","7":"product_cat-babylove-lul","8":"product_cat-barnesenger","9":"product_cat-juniorsenger","10":"product_cat-luletto-rask-levering","11":"product_cat-nyheter","12":"product_cat-senger-med-rask-levering","13":"product_cat-soverom-barn","14":"product_tag-bestillingsvaror","16":"first","17":"instock","18":"taxable","19":"shipping-taxable","20":"purchasable","21":"product-type-simple"},"acf":[],"yoast_head":"<!-- This site is optimized with the Yoast SEO Premium plugin v25.8 (Yoast SEO v27.2) - https:\/\/yoast.com\/product\/yoast-seo-premium-wordpress\/ -->\n<title>Barneseng Bailey 100x200 cm - Babylove Norska<\/title>\n<meta name=\"robots\" content=\"noindex, follow, max-snippet:-1, max-image-preview:large, max-video-preview:-1\" \/>\n<meta property=\"og:locale\" content=\"nb_NO\" \/>\n<meta property=\"og:type\" content=\"article\" \/>\n<meta property=\"og:title\" content=\"Barneseng Bailey 100x200 cm\" \/>\n<meta property=\"og:description\" content=\"Vi \u00f8nsker velkommen en av v\u00e5re nyheter: Bailey BARNESENG!&nbsp; Denne fantastiske barnesengen er helt h\u00e5ndlaget med stor lidenskap,&nbsp;av h\u00f8ykvalitets limtre.Limtre har fordelen, sammenlignet med massivt tre, at de ikke sprekker og at det ikke finnes noen kvister som p\u00e5virker utseendet.&nbsp; \u00c5pningen til sengen gj\u00f8r det lettere for barnet \u00e5 selvstendig ta seg inn og ut [&hellip;]\" \/>\n<meta property=\"og:url\" content=\"https:\/\/babylove.se\/no\/produkt\/barneseng-bailey-100x200-cm\/\" \/>\n<meta property=\"og:site_name\" content=\"Babylove Norska\" \/>\n<meta property=\"article:modified_time\" content=\"2026-04-08T13:18:34+00:00\" \/>\n<meta property=\"og:image\" content=\"https:\/\/babylove.se\/no\/wp-content\/uploads\/sites\/3\/2025\/07\/66683a188c12f.jpeg\" \/>\n\t<meta property=\"og:image:width\" content=\"1517\" \/>\n\t<meta property=\"og:image:height\" content=\"1517\" \/>\n\t<meta property=\"og:image:type\" content=\"image\/jpeg\" \/>\n<meta name=\"twitter:card\" content=\"summary_large_image\" \/>\n<meta name=\"twitter:label1\" content=\"Price\" \/>\n\t<meta name=\"twitter:data1\" content=\"7 099,00&nbsp;&#107;&#114;\" \/>\n\t<meta name=\"twitter:label2\" content=\"Availability\" \/>\n\t<meta name=\"twitter:data2\" content=\"In stock\" \/>\n<script type=\"application\/ld+json\" class=\"yoast-schema-graph\">{\"@context\":\"https:\/\/schema.org\",\"@graph\":[{\"@type\":\"WebPage\",\"@id\":\"https:\/\/babylove.se\/no\/produkt\/barneseng-bailey-100x200-cm\/\",\"url\":\"https:\/\/babylove.se\/no\/produkt\/barneseng-bailey-100x200-cm\/\",\"name\":\"Barneseng Bailey 100x200 cm - Babylove Norska\",\"isPartOf\":{\"@id\":\"https:\/\/babylove.se\/no\/#website\"},\"primaryImageOfPage\":{\"@id\":\"https:\/\/babylove.se\/no\/produkt\/barneseng-bailey-100x200-cm\/#primaryimage\"},\"image\":{\"@id\":\"https:\/\/babylove.se\/no\/produkt\/barneseng-bailey-100x200-cm\/#primaryimage\"},\"thumbnailUrl\":\"https:\/\/babylove.se\/no\/wp-content\/uploads\/sites\/3\/2025\/07\/66683a188c12f.jpeg\",\"datePublished\":\"2025-07-19T14:33:54+00:00\",\"dateModified\":\"2026-04-08T13:18:34+00:00\",\"breadcrumb\":{\"@id\":\"https:\/\/babylove.se\/no\/produkt\/barneseng-bailey-100x200-cm\/#breadcrumb\"},\"inLanguage\":\"nb-NO\",\"potentialAction\":[{\"@type\":\"ReadAction\",\"target\":[\"https:\/\/babylove.se\/no\/produkt\/barneseng-bailey-100x200-cm\/\"]}]},{\"@type\":\"ImageObject\",\"inLanguage\":\"nb-NO\",\"@id\":\"https:\/\/babylove.se\/no\/produkt\/barneseng-bailey-100x200-cm\/#primaryimage\",\"url\":\"https:\/\/babylove.se\/no\/wp-content\/uploads\/sites\/3\/2025\/07\/66683a188c12f.jpeg\",\"contentUrl\":\"https:\/\/babylove.se\/no\/wp-content\/uploads\/sites\/3\/2025\/07\/66683a188c12f.jpeg\",\"width\":1517,\"height\":1517},{\"@type\":\"BreadcrumbList\",\"@id\":\"https:\/\/babylove.se\/no\/produkt\/barneseng-bailey-100x200-cm\/#breadcrumb\",\"itemListElement\":[{\"@type\":\"ListItem\",\"position\":1,\"name\":\"Hem\",\"item\":\"https:\/\/babylove.se\/no\/\"},{\"@type\":\"ListItem\",\"position\":2,\"name\":\"Butik\",\"item\":\"https:\/\/babylove.se\/no\/butik\/\"},{\"@type\":\"ListItem\",\"position\":3,\"name\":\"Barneseng Bailey 100&#215;200 cm\"}]},{\"@type\":\"WebSite\",\"@id\":\"https:\/\/babylove.se\/no\/#website\",\"url\":\"https:\/\/babylove.se\/no\/\",\"name\":\"Babylove Norska\",\"description\":\"\",\"potentialAction\":[{\"@type\":\"SearchAction\",\"target\":{\"@type\":\"EntryPoint\",\"urlTemplate\":\"https:\/\/babylove.se\/no\/?s={search_term_string}\"},\"query-input\":{\"@type\":\"PropertyValueSpecification\",\"valueRequired\":true,\"valueName\":\"search_term_string\"}}],\"inLanguage\":\"nb-NO\"}]}<\/script>\n<meta property=\"product:brand\" content=\"Luletto\" \/>\n<meta property=\"product:price:amount\" content=\"7099.00\" \/>\n<meta property=\"product:price:currency\" content=\"SEK\" \/>\n<meta property=\"og:availability\" content=\"instock\" \/>\n<meta property=\"product:availability\" content=\"instock\" \/>\n<meta property=\"product:retailer_item_id\" content=\"2ADA-669A8\" \/>\n<meta property=\"product:condition\" content=\"new\" \/>\n<!-- \/ Yoast SEO Premium plugin. -->","yoast_head_json":{"title":"Barneseng Bailey 100x200 cm - Babylove Norska","robots":{"index":"noindex","follow":"follow","max-snippet":"max-snippet:-1","max-image-preview":"max-image-preview:large","max-video-preview":"max-video-preview:-1"},"og_locale":"nb_NO","og_type":"article","og_title":"Barneseng Bailey 100x200 cm","og_description":"Vi \u00f8nsker velkommen en av v\u00e5re nyheter: Bailey BARNESENG!&nbsp; Denne fantastiske barnesengen er helt h\u00e5ndlaget med stor lidenskap,&nbsp;av h\u00f8ykvalitets limtre.Limtre har fordelen, sammenlignet med massivt tre, at de ikke sprekker og at det ikke finnes noen kvister som p\u00e5virker utseendet.&nbsp; \u00c5pningen til sengen gj\u00f8r det lettere for barnet \u00e5 selvstendig ta seg inn og ut [&hellip;]","og_url":"https:\/\/babylove.se\/no\/produkt\/barneseng-bailey-100x200-cm\/","og_site_name":"Babylove Norska","article_modified_time":"2026-04-08T13:18:34+00:00","og_image":[{"width":1517,"height":1517,"url":"https:\/\/babylove.se\/no\/wp-content\/uploads\/sites\/3\/2025\/07\/66683a188c12f.jpeg","type":"image\/jpeg"}],"twitter_card":"summary_large_image","twitter_misc":{"Price":"7 099,00&nbsp;&#107;&#114;","Availability":"In stock"},"schema":{"@context":"https:\/\/schema.org","@graph":[{"@type":"WebPage","@id":"https:\/\/babylove.se\/no\/produkt\/barneseng-bailey-100x200-cm\/","url":"https:\/\/babylove.se\/no\/produkt\/barneseng-bailey-100x200-cm\/","name":"Barneseng Bailey 100x200 cm - Babylove Norska","isPartOf":{"@id":"https:\/\/babylove.se\/no\/#website"},"primaryImageOfPage":{"@id":"https:\/\/babylove.se\/no\/produkt\/barneseng-bailey-100x200-cm\/#primaryimage"},"image":{"@id":"https:\/\/babylove.se\/no\/produkt\/barneseng-bailey-100x200-cm\/#primaryimage"},"thumbnailUrl":"https:\/\/babylove.se\/no\/wp-content\/uploads\/sites\/3\/2025\/07\/66683a188c12f.jpeg","datePublished":"2025-07-19T14:33:54+00:00","dateModified":"2026-04-08T13:18:34+00:00","breadcrumb":{"@id":"https:\/\/babylove.se\/no\/produkt\/barneseng-bailey-100x200-cm\/#breadcrumb"},"inLanguage":"nb-NO","potentialAction":[{"@type":"ReadAction","target":["https:\/\/babylove.se\/no\/produkt\/barneseng-bailey-100x200-cm\/"]}]},{"@type":"ImageObject","inLanguage":"nb-NO","@id":"https:\/\/babylove.se\/no\/produkt\/barneseng-bailey-100x200-cm\/#primaryimage","url":"https:\/\/babylove.se\/no\/wp-content\/uploads\/sites\/3\/2025\/07\/66683a188c12f.jpeg","contentUrl":"https:\/\/babylove.se\/no\/wp-content\/uploads\/sites\/3\/2025\/07\/66683a188c12f.jpeg","width":1517,"height":1517},{"@type":"BreadcrumbList","@id":"https:\/\/babylove.se\/no\/produkt\/barneseng-bailey-100x200-cm\/#breadcrumb","itemListElement":[{"@type":"ListItem","position":1,"name":"Hem","item":"https:\/\/babylove.se\/no\/"},{"@type":"ListItem","position":2,"name":"Butik","item":"https:\/\/babylove.se\/no\/butik\/"},{"@type":"ListItem","position":3,"name":"Barneseng Bailey 100&#215;200 cm"}]},{"@type":"WebSite","@id":"https:\/\/babylove.se\/no\/#website","url":"https:\/\/babylove.se\/no\/","name":"Babylove Norska","description":"","potentialAction":[{"@type":"SearchAction","target":{"@type":"EntryPoint","urlTemplate":"https:\/\/babylove.se\/no\/?s={search_term_string}"},"query-input":{"@type":"PropertyValueSpecification","valueRequired":true,"valueName":"search_term_string"}}],"inLanguage":"nb-NO"}]},"product_brand":"Luletto","product_price_amount":"7099.00","product_price_currency":"SEK","og_availability":"instock","product_availability":"instock","product_retailer_item_id":"2ADA-669A8","product_condition":"new"},"_links":{"self":[{"href":"https:\/\/babylove.se\/no\/wp-json\/wp\/v2\/product\/59964","targetHints":{"allow":["GET"]}}],"collection":[{"href":"https:\/\/babylove.se\/no\/wp-json\/wp\/v2\/product"}],"about":[{"href":"https:\/\/babylove.se\/no\/wp-json\/wp\/v2\/types\/product"}],"replies":[{"embeddable":true,"href":"https:\/\/babylove.se\/no\/wp-json\/wp\/v2\/comments?post=59964"}],"wp:featuredmedia":[{"embeddable":true,"href":"https:\/\/babylove.se\/no\/wp-json\/wp\/v2\/media\/59966"}],"wp:attachment":[{"href":"https:\/\/babylove.se\/no\/wp-json\/wp\/v2\/media?parent=59964"}],"wp:term":[{"taxonomy":"product_brand","embeddable":true,"href":"https:\/\/babylove.se\/no\/wp-json\/wp\/v2\/product_brand?post=59964"},{"taxonomy":"product_cat","embeddable":true,"href":"https:\/\/babylove.se\/no\/wp-json\/wp\/v2\/product_cat?post=59964"},{"taxonomy":"product_tag","embeddable":true,"href":"https:\/\/babylove.se\/no\/wp-json\/wp\/v2\/product_tag?post=59964"}],"curies":[{"name":"wp","href":"https:\/\/api.w.org\/{rel}","templated":true}]}}