{"id":60050,"date":"2025-07-19T15:35:24","date_gmt":"2025-07-19T14:35:24","guid":{"rendered":"https:\/\/babylove.se\/produkt\/rosa-skrivbord-till-barnrummet\/"},"modified":"2026-04-08T14:19:14","modified_gmt":"2026-04-08T13:19:14","slug":"rosa-skrivebord-til-barnerommet","status":"publish","type":"product","link":"https:\/\/babylove.se\/no\/produkt\/rosa-skrivebord-til-barnerommet\/","title":{"rendered":"Rosa skrivebord til barnerommet"},"content":{"rendered":"<p>Et vakkert og subtilt lite skrivebord som er perfekt for notatboken, krittstifter, kj\u00e6rlighetsbrev, b\u00e6rbar datamaskin og selvsagt masse annet.&nbsp;<\/p>\n<p>M\u00f8belet kommer umontert men settes enkelt sammen hjemme.&nbsp;<\/p>\n<p>Gjerne match med en stol fra samme serie!<\/p>\n<p><strong>M\u00e5l:&nbsp;<\/strong> L: 58 x D: 46 x H: 52 cm<\/p>\n<p><strong>Materiale<\/strong>: Tre\/MDF<\/p>\n","protected":false},"excerpt":{"rendered":"<p>Et vakkert og subtilt lite skrivebord som er perfekt for notatboken, krittstifter, kj\u00e6rlighetsbrev, b\u00e6rbar datamaskin og selvsagt masse annet.&nbsp; M\u00f8belet kommer umontert men settes enkelt sammen hjemme.&nbsp; Gjerne match med en stol fra samme serie! M\u00e5l:&nbsp; L: 58 x D: 46 x H: 52 cm Materiale: Tre\/MDF<\/p>\n","protected":false},"featured_media":60052,"comment_status":"closed","ping_status":"open","template":"","meta":{"_acf_changed":false},"product_brand":[972],"product_cat":[973,147,85,359],"product_tag":[],"class_list":{"0":"post-60050","1":"product","2":"type-product","3":"status-publish","4":"has-post-thumbnail","6":"product_brand-atmosphera","7":"product_cat-atmosphera","8":"product_cat-back-to-school","9":"product_cat-bord","10":"product_cat-skrivebord","12":"first","13":"instock","14":"taxable","15":"shipping-taxable","16":"purchasable","17":"product-type-simple"},"acf":[],"yoast_head":"<!-- This site is optimized with the Yoast SEO Premium plugin v25.8 (Yoast SEO v27.2) - https:\/\/yoast.com\/product\/yoast-seo-premium-wordpress\/ -->\n<title>Rosa skrivebord til barnerommet - Babylove Norska<\/title>\n<meta name=\"robots\" content=\"noindex, follow, max-snippet:-1, max-image-preview:large, max-video-preview:-1\" \/>\n<meta property=\"og:locale\" content=\"nb_NO\" \/>\n<meta property=\"og:type\" content=\"article\" \/>\n<meta property=\"og:title\" content=\"Rosa skrivebord til barnerommet\" \/>\n<meta property=\"og:description\" content=\"Et vakkert og subtilt lite skrivebord som er perfekt for notatboken, krittstifter, kj\u00e6rlighetsbrev, b\u00e6rbar datamaskin og selvsagt masse annet.&nbsp; M\u00f8belet kommer umontert men settes enkelt sammen hjemme.&nbsp; Gjerne match med en stol fra samme serie! M\u00e5l:&nbsp; L: 58 x D: 46 x H: 52 cm Materiale: Tre\/MDF\" \/>\n<meta property=\"og:url\" content=\"https:\/\/babylove.se\/no\/produkt\/rosa-skrivebord-til-barnerommet\/\" \/>\n<meta property=\"og:site_name\" content=\"Babylove Norska\" \/>\n<meta property=\"article:modified_time\" content=\"2026-04-08T13:19:14+00:00\" \/>\n<meta property=\"og:image\" content=\"https:\/\/babylove.se\/no\/wp-content\/uploads\/sites\/3\/2025\/07\/668bb8ccda639.jpeg\" \/>\n\t<meta property=\"og:image:width\" content=\"400\" \/>\n\t<meta property=\"og:image:height\" content=\"400\" \/>\n\t<meta property=\"og:image:type\" content=\"image\/jpeg\" \/>\n<meta name=\"twitter:card\" content=\"summary_large_image\" \/>\n<meta name=\"twitter:label1\" content=\"Price\" \/>\n\t<meta name=\"twitter:data1\" content=\"999,00&nbsp;&#107;&#114;\" \/>\n\t<meta name=\"twitter:label2\" content=\"Availability\" \/>\n\t<meta name=\"twitter:data2\" content=\"In stock\" \/>\n<script type=\"application\/ld+json\" class=\"yoast-schema-graph\">{\"@context\":\"https:\/\/schema.org\",\"@graph\":[{\"@type\":\"WebPage\",\"@id\":\"https:\/\/babylove.se\/no\/produkt\/rosa-skrivebord-til-barnerommet\/\",\"url\":\"https:\/\/babylove.se\/no\/produkt\/rosa-skrivebord-til-barnerommet\/\",\"name\":\"Rosa skrivebord til barnerommet - Babylove Norska\",\"isPartOf\":{\"@id\":\"https:\/\/babylove.se\/no\/#website\"},\"primaryImageOfPage\":{\"@id\":\"https:\/\/babylove.se\/no\/produkt\/rosa-skrivebord-til-barnerommet\/#primaryimage\"},\"image\":{\"@id\":\"https:\/\/babylove.se\/no\/produkt\/rosa-skrivebord-til-barnerommet\/#primaryimage\"},\"thumbnailUrl\":\"https:\/\/babylove.se\/no\/wp-content\/uploads\/sites\/3\/2025\/07\/668bb8ccda639.jpeg\",\"datePublished\":\"2025-07-19T14:35:24+00:00\",\"dateModified\":\"2026-04-08T13:19:14+00:00\",\"breadcrumb\":{\"@id\":\"https:\/\/babylove.se\/no\/produkt\/rosa-skrivebord-til-barnerommet\/#breadcrumb\"},\"inLanguage\":\"nb-NO\",\"potentialAction\":[{\"@type\":\"ReadAction\",\"target\":[\"https:\/\/babylove.se\/no\/produkt\/rosa-skrivebord-til-barnerommet\/\"]}]},{\"@type\":\"ImageObject\",\"inLanguage\":\"nb-NO\",\"@id\":\"https:\/\/babylove.se\/no\/produkt\/rosa-skrivebord-til-barnerommet\/#primaryimage\",\"url\":\"https:\/\/babylove.se\/no\/wp-content\/uploads\/sites\/3\/2025\/07\/668bb8ccda639.jpeg\",\"contentUrl\":\"https:\/\/babylove.se\/no\/wp-content\/uploads\/sites\/3\/2025\/07\/668bb8ccda639.jpeg\",\"width\":400,\"height\":400},{\"@type\":\"BreadcrumbList\",\"@id\":\"https:\/\/babylove.se\/no\/produkt\/rosa-skrivebord-til-barnerommet\/#breadcrumb\",\"itemListElement\":[{\"@type\":\"ListItem\",\"position\":1,\"name\":\"Hem\",\"item\":\"https:\/\/babylove.se\/no\/\"},{\"@type\":\"ListItem\",\"position\":2,\"name\":\"Butik\",\"item\":\"https:\/\/babylove.se\/no\/butik\/\"},{\"@type\":\"ListItem\",\"position\":3,\"name\":\"Rosa skrivebord til barnerommet\"}]},{\"@type\":\"WebSite\",\"@id\":\"https:\/\/babylove.se\/no\/#website\",\"url\":\"https:\/\/babylove.se\/no\/\",\"name\":\"Babylove Norska\",\"description\":\"\",\"potentialAction\":[{\"@type\":\"SearchAction\",\"target\":{\"@type\":\"EntryPoint\",\"urlTemplate\":\"https:\/\/babylove.se\/no\/?s={search_term_string}\"},\"query-input\":{\"@type\":\"PropertyValueSpecification\",\"valueRequired\":true,\"valueName\":\"search_term_string\"}}],\"inLanguage\":\"nb-NO\"}]}<\/script>\n<meta property=\"product:brand\" content=\"Atmosphera\" \/>\n<meta property=\"product:price:amount\" content=\"999.00\" \/>\n<meta property=\"product:price:currency\" content=\"SEK\" \/>\n<meta property=\"og:availability\" content=\"instock\" \/>\n<meta property=\"product:availability\" content=\"instock\" \/>\n<meta property=\"product:retailer_item_id\" content=\"200473\" \/>\n<meta property=\"product:condition\" content=\"new\" \/>\n<!-- \/ Yoast SEO Premium plugin. -->","yoast_head_json":{"title":"Rosa skrivebord til barnerommet - Babylove Norska","robots":{"index":"noindex","follow":"follow","max-snippet":"max-snippet:-1","max-image-preview":"max-image-preview:large","max-video-preview":"max-video-preview:-1"},"og_locale":"nb_NO","og_type":"article","og_title":"Rosa skrivebord til barnerommet","og_description":"Et vakkert og subtilt lite skrivebord som er perfekt for notatboken, krittstifter, kj\u00e6rlighetsbrev, b\u00e6rbar datamaskin og selvsagt masse annet.&nbsp; M\u00f8belet kommer umontert men settes enkelt sammen hjemme.&nbsp; Gjerne match med en stol fra samme serie! M\u00e5l:&nbsp; L: 58 x D: 46 x H: 52 cm Materiale: Tre\/MDF","og_url":"https:\/\/babylove.se\/no\/produkt\/rosa-skrivebord-til-barnerommet\/","og_site_name":"Babylove Norska","article_modified_time":"2026-04-08T13:19:14+00:00","og_image":[{"width":400,"height":400,"url":"https:\/\/babylove.se\/no\/wp-content\/uploads\/sites\/3\/2025\/07\/668bb8ccda639.jpeg","type":"image\/jpeg"}],"twitter_card":"summary_large_image","twitter_misc":{"Price":"999,00&nbsp;&#107;&#114;","Availability":"In stock"},"schema":{"@context":"https:\/\/schema.org","@graph":[{"@type":"WebPage","@id":"https:\/\/babylove.se\/no\/produkt\/rosa-skrivebord-til-barnerommet\/","url":"https:\/\/babylove.se\/no\/produkt\/rosa-skrivebord-til-barnerommet\/","name":"Rosa skrivebord til barnerommet - Babylove Norska","isPartOf":{"@id":"https:\/\/babylove.se\/no\/#website"},"primaryImageOfPage":{"@id":"https:\/\/babylove.se\/no\/produkt\/rosa-skrivebord-til-barnerommet\/#primaryimage"},"image":{"@id":"https:\/\/babylove.se\/no\/produkt\/rosa-skrivebord-til-barnerommet\/#primaryimage"},"thumbnailUrl":"https:\/\/babylove.se\/no\/wp-content\/uploads\/sites\/3\/2025\/07\/668bb8ccda639.jpeg","datePublished":"2025-07-19T14:35:24+00:00","dateModified":"2026-04-08T13:19:14+00:00","breadcrumb":{"@id":"https:\/\/babylove.se\/no\/produkt\/rosa-skrivebord-til-barnerommet\/#breadcrumb"},"inLanguage":"nb-NO","potentialAction":[{"@type":"ReadAction","target":["https:\/\/babylove.se\/no\/produkt\/rosa-skrivebord-til-barnerommet\/"]}]},{"@type":"ImageObject","inLanguage":"nb-NO","@id":"https:\/\/babylove.se\/no\/produkt\/rosa-skrivebord-til-barnerommet\/#primaryimage","url":"https:\/\/babylove.se\/no\/wp-content\/uploads\/sites\/3\/2025\/07\/668bb8ccda639.jpeg","contentUrl":"https:\/\/babylove.se\/no\/wp-content\/uploads\/sites\/3\/2025\/07\/668bb8ccda639.jpeg","width":400,"height":400},{"@type":"BreadcrumbList","@id":"https:\/\/babylove.se\/no\/produkt\/rosa-skrivebord-til-barnerommet\/#breadcrumb","itemListElement":[{"@type":"ListItem","position":1,"name":"Hem","item":"https:\/\/babylove.se\/no\/"},{"@type":"ListItem","position":2,"name":"Butik","item":"https:\/\/babylove.se\/no\/butik\/"},{"@type":"ListItem","position":3,"name":"Rosa skrivebord til barnerommet"}]},{"@type":"WebSite","@id":"https:\/\/babylove.se\/no\/#website","url":"https:\/\/babylove.se\/no\/","name":"Babylove Norska","description":"","potentialAction":[{"@type":"SearchAction","target":{"@type":"EntryPoint","urlTemplate":"https:\/\/babylove.se\/no\/?s={search_term_string}"},"query-input":{"@type":"PropertyValueSpecification","valueRequired":true,"valueName":"search_term_string"}}],"inLanguage":"nb-NO"}]},"product_brand":"Atmosphera","product_price_amount":"999.00","product_price_currency":"SEK","og_availability":"instock","product_availability":"instock","product_retailer_item_id":"200473","product_condition":"new"},"_links":{"self":[{"href":"https:\/\/babylove.se\/no\/wp-json\/wp\/v2\/product\/60050","targetHints":{"allow":["GET"]}}],"collection":[{"href":"https:\/\/babylove.se\/no\/wp-json\/wp\/v2\/product"}],"about":[{"href":"https:\/\/babylove.se\/no\/wp-json\/wp\/v2\/types\/product"}],"replies":[{"embeddable":true,"href":"https:\/\/babylove.se\/no\/wp-json\/wp\/v2\/comments?post=60050"}],"wp:featuredmedia":[{"embeddable":true,"href":"https:\/\/babylove.se\/no\/wp-json\/wp\/v2\/media\/60052"}],"wp:attachment":[{"href":"https:\/\/babylove.se\/no\/wp-json\/wp\/v2\/media?parent=60050"}],"wp:term":[{"taxonomy":"product_brand","embeddable":true,"href":"https:\/\/babylove.se\/no\/wp-json\/wp\/v2\/product_brand?post=60050"},{"taxonomy":"product_cat","embeddable":true,"href":"https:\/\/babylove.se\/no\/wp-json\/wp\/v2\/product_cat?post=60050"},{"taxonomy":"product_tag","embeddable":true,"href":"https:\/\/babylove.se\/no\/wp-json\/wp\/v2\/product_tag?post=60050"}],"curies":[{"name":"wp","href":"https:\/\/api.w.org\/{rel}","templated":true}]}}