{"id":60132,"date":"2025-07-19T15:36:40","date_gmt":"2025-07-19T14:36:40","guid":{"rendered":"https:\/\/babylove.se\/produkt\/spjalsangside-crib-vit\/"},"modified":"2026-04-08T14:20:02","modified_gmt":"2026-04-08T13:20:02","slug":"sengeskjerm-barneseng-hvit","status":"publish","type":"product","link":"https:\/\/babylove.se\/no\/produkt\/sengeskjerm-barneseng-hvit\/","title":{"rendered":"Sprinkelseng\/Side crib , hvit"},"content":{"rendered":"<p>Fantastisk hvit barneseng\/sidekrybbe i retrostil som er perfekt som babyens f\u00f8rste seng!<\/p>\n<p>Barnesengen kan ogs\u00e5 brukes som en bedside crib, som ogs\u00e5 kalles for sideseng, og kan plasseres b\u00e5de til h\u00f8yre eller venstre om foreldrenes seng. Perfekt for mindre rom takket v\u00e6re sin fine st\u00f8rrelse.<\/p>\n<p>Utviklet i henhold til de europeiske sikkerhetsnormer og standard EN1130 for barnesenger og vugger.&nbsp;<\/p>\n<p><strong>M\u00e5l<\/strong>:<\/p>\n<ul>\n<li>Madrassm\u00e5l 90 x 40 cm. Madrass kj\u00f8pes separat.<\/li>\n<li>H\u00f8yde 70 cm<\/li>\n<li>Bredde 46 cm<\/li>\n<li>Lengde 95 cm<\/li>\n<\/ul>\n<p><strong>Materiale<\/strong>: Furu og HDF<\/p>\n<p><em><em><em><em><em>Obs! Sengen leveres umontert og b\u00f8r settes sammen i rommet den skal brukes i.<\/em><\/em><\/em><\/em><\/em><\/p>\n","protected":false},"excerpt":{"rendered":"<p>Fantastisk hvit barneseng\/sidekrybbe i retrostil som er perfekt som babyens f\u00f8rste seng! Barnesengen kan ogs\u00e5 brukes som en bedside crib, som ogs\u00e5 kalles for sideseng, og kan plasseres b\u00e5de til h\u00f8yre eller venstre om foreldrenes seng. Perfekt for mindre rom takket v\u00e6re sin fine st\u00f8rrelse. Utviklet i henhold til de europeiske sikkerhetsnormer og standard EN1130 [&hellip;]<\/p>\n","protected":false},"featured_media":60134,"comment_status":"closed","ping_status":"open","template":"","meta":{"_acf_changed":false},"product_brand":[1590],"product_cat":[279,697,40,1591],"product_tag":[1689],"class_list":{"0":"post-60132","1":"product","2":"type-product","3":"status-publish","4":"has-post-thumbnail","6":"product_brand-woodies","7":"product_cat-spjlsngar","8":"product_cat-bedside-cribs","9":"product_cat-soverom-barn","10":"product_cat-woodies","11":"product_tag-bestillingsvaror","13":"first","14":"instock","15":"taxable","16":"shipping-taxable","17":"purchasable","18":"product-type-simple"},"acf":[],"yoast_head":"<!-- This site is optimized with the Yoast SEO Premium plugin v25.8 (Yoast SEO v27.2) - https:\/\/yoast.com\/product\/yoast-seo-premium-wordpress\/ -->\n<title>Sprinkelseng\/Side crib , hvit - Babylove Norska<\/title>\n<meta name=\"robots\" content=\"noindex, follow, max-snippet:-1, max-image-preview:large, max-video-preview:-1\" \/>\n<meta property=\"og:locale\" content=\"nb_NO\" \/>\n<meta property=\"og:type\" content=\"article\" \/>\n<meta property=\"og:title\" content=\"Sprinkelseng\/Side crib , hvit\" \/>\n<meta property=\"og:description\" content=\"Fantastisk hvit barneseng\/sidekrybbe i retrostil som er perfekt som babyens f\u00f8rste seng! Barnesengen kan ogs\u00e5 brukes som en bedside crib, som ogs\u00e5 kalles for sideseng, og kan plasseres b\u00e5de til h\u00f8yre eller venstre om foreldrenes seng. Perfekt for mindre rom takket v\u00e6re sin fine st\u00f8rrelse. Utviklet i henhold til de europeiske sikkerhetsnormer og standard EN1130 [&hellip;]\" \/>\n<meta property=\"og:url\" content=\"https:\/\/babylove.se\/no\/produkt\/sengeskjerm-barneseng-hvit\/\" \/>\n<meta property=\"og:site_name\" content=\"Babylove Norska\" \/>\n<meta property=\"article:modified_time\" content=\"2026-04-08T13:20:02+00:00\" \/>\n<meta property=\"og:image\" content=\"https:\/\/babylove.se\/no\/wp-content\/uploads\/sites\/3\/2025\/07\/66d597d5ab8fb-1013x1024.png\" \/>\n\t<meta property=\"og:image:width\" content=\"1013\" \/>\n\t<meta property=\"og:image:height\" content=\"1024\" \/>\n\t<meta property=\"og:image:type\" content=\"image\/png\" \/>\n<meta name=\"twitter:card\" content=\"summary_large_image\" \/>\n<meta name=\"twitter:label1\" content=\"Price\" \/>\n\t<meta name=\"twitter:data1\" content=\"2 699,00&nbsp;&#107;&#114;\" \/>\n\t<meta name=\"twitter:label2\" content=\"Availability\" \/>\n\t<meta name=\"twitter:data2\" content=\"In stock\" \/>\n<script type=\"application\/ld+json\" class=\"yoast-schema-graph\">{\"@context\":\"https:\/\/schema.org\",\"@graph\":[{\"@type\":\"WebPage\",\"@id\":\"https:\/\/babylove.se\/no\/produkt\/sengeskjerm-barneseng-hvit\/\",\"url\":\"https:\/\/babylove.se\/no\/produkt\/sengeskjerm-barneseng-hvit\/\",\"name\":\"Sprinkelseng\/Side crib , hvit - Babylove Norska\",\"isPartOf\":{\"@id\":\"https:\/\/babylove.se\/no\/#website\"},\"primaryImageOfPage\":{\"@id\":\"https:\/\/babylove.se\/no\/produkt\/sengeskjerm-barneseng-hvit\/#primaryimage\"},\"image\":{\"@id\":\"https:\/\/babylove.se\/no\/produkt\/sengeskjerm-barneseng-hvit\/#primaryimage\"},\"thumbnailUrl\":\"https:\/\/babylove.se\/no\/wp-content\/uploads\/sites\/3\/2025\/07\/66d597d5ab8fb.png\",\"datePublished\":\"2025-07-19T14:36:40+00:00\",\"dateModified\":\"2026-04-08T13:20:02+00:00\",\"breadcrumb\":{\"@id\":\"https:\/\/babylove.se\/no\/produkt\/sengeskjerm-barneseng-hvit\/#breadcrumb\"},\"inLanguage\":\"nb-NO\",\"potentialAction\":[{\"@type\":\"ReadAction\",\"target\":[\"https:\/\/babylove.se\/no\/produkt\/sengeskjerm-barneseng-hvit\/\"]}]},{\"@type\":\"ImageObject\",\"inLanguage\":\"nb-NO\",\"@id\":\"https:\/\/babylove.se\/no\/produkt\/sengeskjerm-barneseng-hvit\/#primaryimage\",\"url\":\"https:\/\/babylove.se\/no\/wp-content\/uploads\/sites\/3\/2025\/07\/66d597d5ab8fb.png\",\"contentUrl\":\"https:\/\/babylove.se\/no\/wp-content\/uploads\/sites\/3\/2025\/07\/66d597d5ab8fb.png\",\"width\":1262,\"height\":1276},{\"@type\":\"BreadcrumbList\",\"@id\":\"https:\/\/babylove.se\/no\/produkt\/sengeskjerm-barneseng-hvit\/#breadcrumb\",\"itemListElement\":[{\"@type\":\"ListItem\",\"position\":1,\"name\":\"Hem\",\"item\":\"https:\/\/babylove.se\/no\/\"},{\"@type\":\"ListItem\",\"position\":2,\"name\":\"Butik\",\"item\":\"https:\/\/babylove.se\/no\/butik\/\"},{\"@type\":\"ListItem\",\"position\":3,\"name\":\"Sprinkelseng\/Side crib , hvit\"}]},{\"@type\":\"WebSite\",\"@id\":\"https:\/\/babylove.se\/no\/#website\",\"url\":\"https:\/\/babylove.se\/no\/\",\"name\":\"Babylove Norska\",\"description\":\"\",\"potentialAction\":[{\"@type\":\"SearchAction\",\"target\":{\"@type\":\"EntryPoint\",\"urlTemplate\":\"https:\/\/babylove.se\/no\/?s={search_term_string}\"},\"query-input\":{\"@type\":\"PropertyValueSpecification\",\"valueRequired\":true,\"valueName\":\"search_term_string\"}}],\"inLanguage\":\"nb-NO\"}]}<\/script>\n<meta property=\"product:brand\" content=\"Woodies\" \/>\n<meta property=\"product:price:amount\" content=\"2699.00\" \/>\n<meta property=\"product:price:currency\" content=\"SEK\" \/>\n<meta property=\"og:availability\" content=\"instock\" \/>\n<meta property=\"product:availability\" content=\"instock\" \/>\n<meta property=\"product:retailer_item_id\" content=\"W-SID-CR-WH\" \/>\n<meta property=\"product:condition\" content=\"new\" \/>\n<!-- \/ Yoast SEO Premium plugin. -->","yoast_head_json":{"title":"Sprinkelseng\/Side crib , hvit - Babylove Norska","robots":{"index":"noindex","follow":"follow","max-snippet":"max-snippet:-1","max-image-preview":"max-image-preview:large","max-video-preview":"max-video-preview:-1"},"og_locale":"nb_NO","og_type":"article","og_title":"Sprinkelseng\/Side crib , hvit","og_description":"Fantastisk hvit barneseng\/sidekrybbe i retrostil som er perfekt som babyens f\u00f8rste seng! Barnesengen kan ogs\u00e5 brukes som en bedside crib, som ogs\u00e5 kalles for sideseng, og kan plasseres b\u00e5de til h\u00f8yre eller venstre om foreldrenes seng. Perfekt for mindre rom takket v\u00e6re sin fine st\u00f8rrelse. Utviklet i henhold til de europeiske sikkerhetsnormer og standard EN1130 [&hellip;]","og_url":"https:\/\/babylove.se\/no\/produkt\/sengeskjerm-barneseng-hvit\/","og_site_name":"Babylove Norska","article_modified_time":"2026-04-08T13:20:02+00:00","og_image":[{"width":1013,"height":1024,"url":"https:\/\/babylove.se\/no\/wp-content\/uploads\/sites\/3\/2025\/07\/66d597d5ab8fb-1013x1024.png","type":"image\/png"}],"twitter_card":"summary_large_image","twitter_misc":{"Price":"2 699,00&nbsp;&#107;&#114;","Availability":"In stock"},"schema":{"@context":"https:\/\/schema.org","@graph":[{"@type":"WebPage","@id":"https:\/\/babylove.se\/no\/produkt\/sengeskjerm-barneseng-hvit\/","url":"https:\/\/babylove.se\/no\/produkt\/sengeskjerm-barneseng-hvit\/","name":"Sprinkelseng\/Side crib , hvit - Babylove Norska","isPartOf":{"@id":"https:\/\/babylove.se\/no\/#website"},"primaryImageOfPage":{"@id":"https:\/\/babylove.se\/no\/produkt\/sengeskjerm-barneseng-hvit\/#primaryimage"},"image":{"@id":"https:\/\/babylove.se\/no\/produkt\/sengeskjerm-barneseng-hvit\/#primaryimage"},"thumbnailUrl":"https:\/\/babylove.se\/no\/wp-content\/uploads\/sites\/3\/2025\/07\/66d597d5ab8fb.png","datePublished":"2025-07-19T14:36:40+00:00","dateModified":"2026-04-08T13:20:02+00:00","breadcrumb":{"@id":"https:\/\/babylove.se\/no\/produkt\/sengeskjerm-barneseng-hvit\/#breadcrumb"},"inLanguage":"nb-NO","potentialAction":[{"@type":"ReadAction","target":["https:\/\/babylove.se\/no\/produkt\/sengeskjerm-barneseng-hvit\/"]}]},{"@type":"ImageObject","inLanguage":"nb-NO","@id":"https:\/\/babylove.se\/no\/produkt\/sengeskjerm-barneseng-hvit\/#primaryimage","url":"https:\/\/babylove.se\/no\/wp-content\/uploads\/sites\/3\/2025\/07\/66d597d5ab8fb.png","contentUrl":"https:\/\/babylove.se\/no\/wp-content\/uploads\/sites\/3\/2025\/07\/66d597d5ab8fb.png","width":1262,"height":1276},{"@type":"BreadcrumbList","@id":"https:\/\/babylove.se\/no\/produkt\/sengeskjerm-barneseng-hvit\/#breadcrumb","itemListElement":[{"@type":"ListItem","position":1,"name":"Hem","item":"https:\/\/babylove.se\/no\/"},{"@type":"ListItem","position":2,"name":"Butik","item":"https:\/\/babylove.se\/no\/butik\/"},{"@type":"ListItem","position":3,"name":"Sprinkelseng\/Side crib , hvit"}]},{"@type":"WebSite","@id":"https:\/\/babylove.se\/no\/#website","url":"https:\/\/babylove.se\/no\/","name":"Babylove Norska","description":"","potentialAction":[{"@type":"SearchAction","target":{"@type":"EntryPoint","urlTemplate":"https:\/\/babylove.se\/no\/?s={search_term_string}"},"query-input":{"@type":"PropertyValueSpecification","valueRequired":true,"valueName":"search_term_string"}}],"inLanguage":"nb-NO"}]},"product_brand":"Woodies","product_price_amount":"2699.00","product_price_currency":"SEK","og_availability":"instock","product_availability":"instock","product_retailer_item_id":"W-SID-CR-WH","product_condition":"new"},"_links":{"self":[{"href":"https:\/\/babylove.se\/no\/wp-json\/wp\/v2\/product\/60132","targetHints":{"allow":["GET"]}}],"collection":[{"href":"https:\/\/babylove.se\/no\/wp-json\/wp\/v2\/product"}],"about":[{"href":"https:\/\/babylove.se\/no\/wp-json\/wp\/v2\/types\/product"}],"replies":[{"embeddable":true,"href":"https:\/\/babylove.se\/no\/wp-json\/wp\/v2\/comments?post=60132"}],"wp:featuredmedia":[{"embeddable":true,"href":"https:\/\/babylove.se\/no\/wp-json\/wp\/v2\/media\/60134"}],"wp:attachment":[{"href":"https:\/\/babylove.se\/no\/wp-json\/wp\/v2\/media?parent=60132"}],"wp:term":[{"taxonomy":"product_brand","embeddable":true,"href":"https:\/\/babylove.se\/no\/wp-json\/wp\/v2\/product_brand?post=60132"},{"taxonomy":"product_cat","embeddable":true,"href":"https:\/\/babylove.se\/no\/wp-json\/wp\/v2\/product_cat?post=60132"},{"taxonomy":"product_tag","embeddable":true,"href":"https:\/\/babylove.se\/no\/wp-json\/wp\/v2\/product_tag?post=60132"}],"curies":[{"name":"wp","href":"https:\/\/api.w.org\/{rel}","templated":true}]}}