{"id":60174,"date":"2025-07-19T15:37:25","date_gmt":"2025-07-19T14:37:25","guid":{"rendered":"https:\/\/babylove.se\/produkt\/vit-skrivbord-med-forvaring-till-barnrummet\/"},"modified":"2026-04-08T14:20:24","modified_gmt":"2026-04-08T13:20:24","slug":"hvitt-skrivebord-med-oppbevaring-til-barnerommet","status":"publish","type":"product","link":"https:\/\/babylove.se\/no\/produkt\/hvitt-skrivebord-med-oppbevaring-til-barnerommet\/","title":{"rendered":"Hvitt skrivebord med oppbevaring til barnerommet"},"content":{"rendered":"<p>Et vakkert og subtilt lite skrivebord som er perfekt for notatboken, fargestifter, kj\u00e6rlighetsbrev, b\u00e6rbar datamaskin og selvf\u00f8lgelig masse annet.&nbsp;<\/p>\n<p>M\u00f8belet kommer umontert, men settes enkelt sammen hjemme. Tydelige monteringsinstrukser f\u00f8lger selvf\u00f8lgelig med.<\/p>\n<p><strong>M\u00e5l:&nbsp;<\/strong>&nbsp;<\/p>\n<p>Lengde: 100 cm<br \/>Bredde: 50 cm<br \/>H\u00f8yde: 80 cm<\/p>\n<p>H\u00f8yde p\u00e5 dekorativ list p\u00e5 h\u00f8yeste punkt: 8,5 cm<\/p>\n<p>H\u00f8yde fra gulvet til undersiden av skuffen: 69 cm<\/p>\n<p><strong>Skuffem\u00e5l<\/strong><br \/>Innvendige m\u00e5l p\u00e5 skuffene: 80 x 30 x 7,5 cm<\/p>\n<p>H\u00f8yde p\u00e5 skuffefronten: 9 cm<br \/>Bredde p\u00e5 skuffefronten: 86 cm<\/p>\n<p><strong>Materiale<\/strong>: Furu<\/p>\n","protected":false},"excerpt":{"rendered":"<p>Et vakkert og subtilt lite skrivebord som er perfekt for notatboken, fargestifter, kj\u00e6rlighetsbrev, b\u00e6rbar datamaskin og selvf\u00f8lgelig masse annet.&nbsp; M\u00f8belet kommer umontert, men settes enkelt sammen hjemme. Tydelige monteringsinstrukser f\u00f8lger selvf\u00f8lgelig med. M\u00e5l:&nbsp;&nbsp; Lengde: 100 cmBredde: 50 cmH\u00f8yde: 80 cm H\u00f8yde p\u00e5 dekorativ list p\u00e5 h\u00f8yeste punkt: 8,5 cm H\u00f8yde fra gulvet til undersiden av [&hellip;]<\/p>\n","protected":false},"featured_media":60176,"comment_status":"closed","ping_status":"open","template":"","meta":{"_acf_changed":false},"product_brand":[1590],"product_cat":[147,85,922,359,1591],"product_tag":[1689],"class_list":{"0":"post-60174","1":"product","2":"type-product","3":"status-publish","4":"has-post-thumbnail","6":"product_brand-woodies","7":"product_cat-back-to-school","8":"product_cat-bord","9":"product_cat-nyheter","10":"product_cat-skrivebord","11":"product_cat-woodies","12":"product_tag-bestillingsvaror","14":"first","15":"instock","16":"taxable","17":"shipping-taxable","18":"purchasable","19":"product-type-simple"},"acf":[],"yoast_head":"<!-- This site is optimized with the Yoast SEO Premium plugin v25.8 (Yoast SEO v27.2) - https:\/\/yoast.com\/product\/yoast-seo-premium-wordpress\/ -->\n<title>Hvitt skrivebord med oppbevaring til barnerommet - Babylove Norska<\/title>\n<meta name=\"robots\" content=\"noindex, follow, max-snippet:-1, max-image-preview:large, max-video-preview:-1\" \/>\n<meta property=\"og:locale\" content=\"nb_NO\" \/>\n<meta property=\"og:type\" content=\"article\" \/>\n<meta property=\"og:title\" content=\"Hvitt skrivebord med oppbevaring til barnerommet\" \/>\n<meta property=\"og:description\" content=\"Et vakkert og subtilt lite skrivebord som er perfekt for notatboken, fargestifter, kj\u00e6rlighetsbrev, b\u00e6rbar datamaskin og selvf\u00f8lgelig masse annet.&nbsp; M\u00f8belet kommer umontert, men settes enkelt sammen hjemme. Tydelige monteringsinstrukser f\u00f8lger selvf\u00f8lgelig med. M\u00e5l:&nbsp;&nbsp; Lengde: 100 cmBredde: 50 cmH\u00f8yde: 80 cm H\u00f8yde p\u00e5 dekorativ list p\u00e5 h\u00f8yeste punkt: 8,5 cm H\u00f8yde fra gulvet til undersiden av [&hellip;]\" \/>\n<meta property=\"og:url\" content=\"https:\/\/babylove.se\/no\/produkt\/hvitt-skrivebord-med-oppbevaring-til-barnerommet\/\" \/>\n<meta property=\"og:site_name\" content=\"Babylove Norska\" \/>\n<meta property=\"article:modified_time\" content=\"2026-04-08T13:20:24+00:00\" \/>\n<meta property=\"og:image\" content=\"https:\/\/babylove.se\/no\/wp-content\/uploads\/sites\/3\/2025\/07\/66d5ae4f126e5.jpeg\" \/>\n\t<meta property=\"og:image:width\" content=\"1000\" \/>\n\t<meta property=\"og:image:height\" content=\"1000\" \/>\n\t<meta property=\"og:image:type\" content=\"image\/jpeg\" \/>\n<meta name=\"twitter:card\" content=\"summary_large_image\" \/>\n<meta name=\"twitter:label1\" content=\"Price\" \/>\n\t<meta name=\"twitter:data1\" content=\"3 799,00&nbsp;&#107;&#114;\" \/>\n\t<meta name=\"twitter:label2\" content=\"Availability\" \/>\n\t<meta name=\"twitter:data2\" content=\"In stock\" \/>\n<script type=\"application\/ld+json\" class=\"yoast-schema-graph\">{\"@context\":\"https:\/\/schema.org\",\"@graph\":[{\"@type\":\"WebPage\",\"@id\":\"https:\/\/babylove.se\/no\/produkt\/hvitt-skrivebord-med-oppbevaring-til-barnerommet\/\",\"url\":\"https:\/\/babylove.se\/no\/produkt\/hvitt-skrivebord-med-oppbevaring-til-barnerommet\/\",\"name\":\"Hvitt skrivebord med oppbevaring til barnerommet - Babylove Norska\",\"isPartOf\":{\"@id\":\"https:\/\/babylove.se\/no\/#website\"},\"primaryImageOfPage\":{\"@id\":\"https:\/\/babylove.se\/no\/produkt\/hvitt-skrivebord-med-oppbevaring-til-barnerommet\/#primaryimage\"},\"image\":{\"@id\":\"https:\/\/babylove.se\/no\/produkt\/hvitt-skrivebord-med-oppbevaring-til-barnerommet\/#primaryimage\"},\"thumbnailUrl\":\"https:\/\/babylove.se\/no\/wp-content\/uploads\/sites\/3\/2025\/07\/66d5ae4f126e5.jpeg\",\"datePublished\":\"2025-07-19T14:37:25+00:00\",\"dateModified\":\"2026-04-08T13:20:24+00:00\",\"breadcrumb\":{\"@id\":\"https:\/\/babylove.se\/no\/produkt\/hvitt-skrivebord-med-oppbevaring-til-barnerommet\/#breadcrumb\"},\"inLanguage\":\"nb-NO\",\"potentialAction\":[{\"@type\":\"ReadAction\",\"target\":[\"https:\/\/babylove.se\/no\/produkt\/hvitt-skrivebord-med-oppbevaring-til-barnerommet\/\"]}]},{\"@type\":\"ImageObject\",\"inLanguage\":\"nb-NO\",\"@id\":\"https:\/\/babylove.se\/no\/produkt\/hvitt-skrivebord-med-oppbevaring-til-barnerommet\/#primaryimage\",\"url\":\"https:\/\/babylove.se\/no\/wp-content\/uploads\/sites\/3\/2025\/07\/66d5ae4f126e5.jpeg\",\"contentUrl\":\"https:\/\/babylove.se\/no\/wp-content\/uploads\/sites\/3\/2025\/07\/66d5ae4f126e5.jpeg\",\"width\":1000,\"height\":1000},{\"@type\":\"BreadcrumbList\",\"@id\":\"https:\/\/babylove.se\/no\/produkt\/hvitt-skrivebord-med-oppbevaring-til-barnerommet\/#breadcrumb\",\"itemListElement\":[{\"@type\":\"ListItem\",\"position\":1,\"name\":\"Hem\",\"item\":\"https:\/\/babylove.se\/no\/\"},{\"@type\":\"ListItem\",\"position\":2,\"name\":\"Butik\",\"item\":\"https:\/\/babylove.se\/no\/butik\/\"},{\"@type\":\"ListItem\",\"position\":3,\"name\":\"Hvitt skrivebord med oppbevaring til barnerommet\"}]},{\"@type\":\"WebSite\",\"@id\":\"https:\/\/babylove.se\/no\/#website\",\"url\":\"https:\/\/babylove.se\/no\/\",\"name\":\"Babylove Norska\",\"description\":\"\",\"potentialAction\":[{\"@type\":\"SearchAction\",\"target\":{\"@type\":\"EntryPoint\",\"urlTemplate\":\"https:\/\/babylove.se\/no\/?s={search_term_string}\"},\"query-input\":{\"@type\":\"PropertyValueSpecification\",\"valueRequired\":true,\"valueName\":\"search_term_string\"}}],\"inLanguage\":\"nb-NO\"}]}<\/script>\n<meta property=\"product:brand\" content=\"Woodies\" \/>\n<meta property=\"product:price:amount\" content=\"3799.00\" \/>\n<meta property=\"product:price:currency\" content=\"SEK\" \/>\n<meta property=\"og:availability\" content=\"instock\" \/>\n<meta property=\"product:availability\" content=\"instock\" \/>\n<meta property=\"product:retailer_item_id\" content=\"W-BIU-STD-WH\" \/>\n<meta property=\"product:condition\" content=\"new\" \/>\n<!-- \/ Yoast SEO Premium plugin. -->","yoast_head_json":{"title":"Hvitt skrivebord med oppbevaring til barnerommet - Babylove Norska","robots":{"index":"noindex","follow":"follow","max-snippet":"max-snippet:-1","max-image-preview":"max-image-preview:large","max-video-preview":"max-video-preview:-1"},"og_locale":"nb_NO","og_type":"article","og_title":"Hvitt skrivebord med oppbevaring til barnerommet","og_description":"Et vakkert og subtilt lite skrivebord som er perfekt for notatboken, fargestifter, kj\u00e6rlighetsbrev, b\u00e6rbar datamaskin og selvf\u00f8lgelig masse annet.&nbsp; M\u00f8belet kommer umontert, men settes enkelt sammen hjemme. Tydelige monteringsinstrukser f\u00f8lger selvf\u00f8lgelig med. M\u00e5l:&nbsp;&nbsp; Lengde: 100 cmBredde: 50 cmH\u00f8yde: 80 cm H\u00f8yde p\u00e5 dekorativ list p\u00e5 h\u00f8yeste punkt: 8,5 cm H\u00f8yde fra gulvet til undersiden av [&hellip;]","og_url":"https:\/\/babylove.se\/no\/produkt\/hvitt-skrivebord-med-oppbevaring-til-barnerommet\/","og_site_name":"Babylove Norska","article_modified_time":"2026-04-08T13:20:24+00:00","og_image":[{"width":1000,"height":1000,"url":"https:\/\/babylove.se\/no\/wp-content\/uploads\/sites\/3\/2025\/07\/66d5ae4f126e5.jpeg","type":"image\/jpeg"}],"twitter_card":"summary_large_image","twitter_misc":{"Price":"3 799,00&nbsp;&#107;&#114;","Availability":"In stock"},"schema":{"@context":"https:\/\/schema.org","@graph":[{"@type":"WebPage","@id":"https:\/\/babylove.se\/no\/produkt\/hvitt-skrivebord-med-oppbevaring-til-barnerommet\/","url":"https:\/\/babylove.se\/no\/produkt\/hvitt-skrivebord-med-oppbevaring-til-barnerommet\/","name":"Hvitt skrivebord med oppbevaring til barnerommet - Babylove Norska","isPartOf":{"@id":"https:\/\/babylove.se\/no\/#website"},"primaryImageOfPage":{"@id":"https:\/\/babylove.se\/no\/produkt\/hvitt-skrivebord-med-oppbevaring-til-barnerommet\/#primaryimage"},"image":{"@id":"https:\/\/babylove.se\/no\/produkt\/hvitt-skrivebord-med-oppbevaring-til-barnerommet\/#primaryimage"},"thumbnailUrl":"https:\/\/babylove.se\/no\/wp-content\/uploads\/sites\/3\/2025\/07\/66d5ae4f126e5.jpeg","datePublished":"2025-07-19T14:37:25+00:00","dateModified":"2026-04-08T13:20:24+00:00","breadcrumb":{"@id":"https:\/\/babylove.se\/no\/produkt\/hvitt-skrivebord-med-oppbevaring-til-barnerommet\/#breadcrumb"},"inLanguage":"nb-NO","potentialAction":[{"@type":"ReadAction","target":["https:\/\/babylove.se\/no\/produkt\/hvitt-skrivebord-med-oppbevaring-til-barnerommet\/"]}]},{"@type":"ImageObject","inLanguage":"nb-NO","@id":"https:\/\/babylove.se\/no\/produkt\/hvitt-skrivebord-med-oppbevaring-til-barnerommet\/#primaryimage","url":"https:\/\/babylove.se\/no\/wp-content\/uploads\/sites\/3\/2025\/07\/66d5ae4f126e5.jpeg","contentUrl":"https:\/\/babylove.se\/no\/wp-content\/uploads\/sites\/3\/2025\/07\/66d5ae4f126e5.jpeg","width":1000,"height":1000},{"@type":"BreadcrumbList","@id":"https:\/\/babylove.se\/no\/produkt\/hvitt-skrivebord-med-oppbevaring-til-barnerommet\/#breadcrumb","itemListElement":[{"@type":"ListItem","position":1,"name":"Hem","item":"https:\/\/babylove.se\/no\/"},{"@type":"ListItem","position":2,"name":"Butik","item":"https:\/\/babylove.se\/no\/butik\/"},{"@type":"ListItem","position":3,"name":"Hvitt skrivebord med oppbevaring til barnerommet"}]},{"@type":"WebSite","@id":"https:\/\/babylove.se\/no\/#website","url":"https:\/\/babylove.se\/no\/","name":"Babylove Norska","description":"","potentialAction":[{"@type":"SearchAction","target":{"@type":"EntryPoint","urlTemplate":"https:\/\/babylove.se\/no\/?s={search_term_string}"},"query-input":{"@type":"PropertyValueSpecification","valueRequired":true,"valueName":"search_term_string"}}],"inLanguage":"nb-NO"}]},"product_brand":"Woodies","product_price_amount":"3799.00","product_price_currency":"SEK","og_availability":"instock","product_availability":"instock","product_retailer_item_id":"W-BIU-STD-WH","product_condition":"new"},"_links":{"self":[{"href":"https:\/\/babylove.se\/no\/wp-json\/wp\/v2\/product\/60174","targetHints":{"allow":["GET"]}}],"collection":[{"href":"https:\/\/babylove.se\/no\/wp-json\/wp\/v2\/product"}],"about":[{"href":"https:\/\/babylove.se\/no\/wp-json\/wp\/v2\/types\/product"}],"replies":[{"embeddable":true,"href":"https:\/\/babylove.se\/no\/wp-json\/wp\/v2\/comments?post=60174"}],"wp:featuredmedia":[{"embeddable":true,"href":"https:\/\/babylove.se\/no\/wp-json\/wp\/v2\/media\/60176"}],"wp:attachment":[{"href":"https:\/\/babylove.se\/no\/wp-json\/wp\/v2\/media?parent=60174"}],"wp:term":[{"taxonomy":"product_brand","embeddable":true,"href":"https:\/\/babylove.se\/no\/wp-json\/wp\/v2\/product_brand?post=60174"},{"taxonomy":"product_cat","embeddable":true,"href":"https:\/\/babylove.se\/no\/wp-json\/wp\/v2\/product_cat?post=60174"},{"taxonomy":"product_tag","embeddable":true,"href":"https:\/\/babylove.se\/no\/wp-json\/wp\/v2\/product_tag?post=60174"}],"curies":[{"name":"wp","href":"https:\/\/api.w.org\/{rel}","templated":true}]}}